{"id":10354,"date":"2024-04-09T15:17:23","date_gmt":"2024-04-09T13:17:23","guid":{"rendered":"https:\/\/kwapil.at\/?page_id=10354"},"modified":"2025-07-24T11:40:59","modified_gmt":"2025-07-24T09:40:59","slug":"qualitaetspolitik","status":"publish","type":"page","link":"https:\/\/kwapil.at\/cz\/qualitaetspolitik\/","title":{"rendered":"Politika kvality"},"content":{"rendered":"<div data-elementor-type=\"wp-page\" data-elementor-id=\"10354\" class=\"elementor elementor-10354\" data-elementor-post-type=\"page\">\n\t\t\t\t<div class=\"elementor-element elementor-element-53d9829 e-flex e-con-boxed e-con e-parent\" data-id=\"53d9829\" data-element_type=\"container\" data-e-type=\"container\">\n\t\t\t\t\t<div class=\"e-con-inner\">\n\t\t\t\t<div class=\"elementor-element elementor-element-db1601a elementor-widget elementor-widget-text-editor\" data-id=\"db1601a\" data-element_type=\"widget\" data-e-type=\"widget\" data-widget_type=\"text-editor.default\">\n\t\t\t\t\t\t\t\t\t<p>Nach\u00e1z\u00edte se zde: <a href=\"https:\/\/kwapil.at\/cz\/\">Spole\u010dnost<\/a> &gt; Politika kvality<\/p>\t\t\t\t\t\t\t\t<\/div>\n\t\t\t\t<div class=\"elementor-element elementor-element-b75c2fc elementor-hidden-desktop elementor-hidden-tablet elementor-widget elementor-widget-heading\" data-id=\"b75c2fc\" data-element_type=\"widget\" data-e-type=\"widget\" data-widget_type=\"heading.default\">\n\t\t\t\t\t<h2 class=\"elementor-heading-title elementor-size-default\">Politika kvality<\/h2>\t\t\t\t<\/div>\n\t\t\t\t<div class=\"elementor-element elementor-element-be51d19 elementor-hidden-mobile elementor-widget elementor-widget-heading\" data-id=\"be51d19\" data-element_type=\"widget\" data-e-type=\"widget\" data-widget_type=\"heading.default\">\n\t\t\t\t\t<h2 class=\"elementor-heading-title elementor-size-default\">Politika kvality<\/h2>\t\t\t\t<\/div>\n\t\t\t\t\t<\/div>\n\t\t\t\t<\/div>\n\t\t<div class=\"elementor-element elementor-element-780958dd e-flex e-con-boxed e-con e-parent\" data-id=\"780958dd\" data-element_type=\"container\" data-e-type=\"container\">\n\t\t\t\t\t<div class=\"e-con-inner\">\n\t\t\t\t<div class=\"elementor-element elementor-element-609b8fad elementor-widget elementor-widget-text-editor\" data-id=\"609b8fad\" data-element_type=\"widget\" data-e-type=\"widget\" data-widget_type=\"text-editor.default\">\n\t\t\t\t\t\t\t\t\tJsme odhodl\u00e1ni spolupracovat s na\u0161imi z\u00e1kazn\u00edky a st\u00e1l\u00fdmi dodavateli. Kl\u00ed\u010dem k \u00fasp\u011bchu je spokojenost z\u00e1kazn\u00edk\u016f, kter\u00e9 dosahujeme prost\u0159ednictv\u00edm:\n\n<ul><br>\n\n<b>1. vysoce kvalitn\u00ed v\u00fdrobky<\/b><br>\n\nD\u00edky \u00fazk\u00e9 spolupr\u00e1ci s p\u0159edn\u00edmi v\u00fdrobci pohon\u016f jsme schopni nab\u00eddnout produkty, kter\u00e9 jsou nejmodern\u011bj\u0161\u00ed a z\u00e1rove\u0148 prvot\u0159\u00eddn\u00ed kvality.\n<br><br>\n<b>2. spolehlivost dod\u00e1vek<\/b><br>\n\nNa\u0161\u00ed prioritou je p\u0159esn\u00e9 dodr\u017eov\u00e1n\u00ed dohodnut\u00fdch term\u00edn\u016f dod\u00e1n\u00ed.\n<br><br>\n<b>3. p\u0159\u00edtomnost a dostupnost <\/b>\n<br>\nChceme b\u00fdt pro na\u0161e z\u00e1kazn\u00edky dostupn\u00ed a k dispozici. D\u00edky spolehliv\u00e9 a d\u016fv\u011bryhodn\u00e9 spolupr\u00e1ci s na\u0161imi z\u00e1kazn\u00edky, zalo\u017een\u00e9 na otev\u0159en\u00e9 a na v\u00fdkon orientovan\u00e9 komunikaci, jsme schopni rychle vyv\u00edjet \u0159e\u0161en\u00ed na m\u00edru. Na\u0161\u00edm deklarovan\u00fdm c\u00edlem je, aby v\u00fdrobky na\u0161ich z\u00e1kazn\u00edk\u016f, a t\u00edm i na\u0161i z\u00e1kazn\u00edci sami, byli \u00fasp\u011b\u0161n\u011bj\u0161\u00ed.\n<br><br>\n\n<b>4. kvalifikovan\u00ed a vysoce motivovan\u00ed zam\u011bstnanci<\/b>\n\nSpokojenost na\u0161ich zam\u011bstnanc\u016f je pro n\u00e1s velmi d\u016fle\u017eit\u00e1, proto\u017ee jejich schopnosti a nasazen\u00ed jsou na\u0161\u00edm nejd\u016fle\u017eit\u011bj\u0161\u00edm aktivem. Rozvoji a pr\u016fb\u011b\u017en\u00e9mu vzd\u011bl\u00e1v\u00e1n\u00ed na\u0161ich zam\u011bstnanc\u016f p\u0159ikl\u00e1d\u00e1me velk\u00fd v\u00fdznam. D\u016fv\u011bra, otev\u0159enost a vz\u00e1jemn\u00fd respekt vytv\u00e1\u0159ej\u00ed ide\u00e1ln\u00ed pracovn\u00ed atmosf\u00e9ru a posiluj\u00ed t\u00fdmov\u00e9ho ducha.\n\n<br><br>\n<b>5. CIP<\/b><br>\n\nNeust\u00e1l\u00fdm zlep\u0161ov\u00e1n\u00edm a rozvojem na\u0161ich proces\u016f dosahujeme nejen vysok\u00e9 kvality na\u0161ich slu\u017eeb, ale tak\u00e9 posilujeme na\u0161i pozici na trhu.\t\t\t\t\t\t\t\t<\/div>\n\t\t\t\t\t<\/div>\n\t\t\t\t<\/div>\n\t\t<div class=\"elementor-element elementor-element-5b40354 e-flex e-con-boxed e-con e-parent\" data-id=\"5b40354\" data-element_type=\"container\" data-e-type=\"container\">\n\t\t\t\t\t<div class=\"e-con-inner\">\n\t\t\t\t<div class=\"elementor-element elementor-element-854957d elementor-widget elementor-widget-spacer\" data-id=\"854957d\" data-element_type=\"widget\" data-e-type=\"widget\" data-widget_type=\"spacer.default\">\n\t\t\t\t\t\t\t<div class=\"elementor-spacer\">\n\t\t\t<div class=\"elementor-spacer-inner\"><\/div>\n\t\t<\/div>\n\t\t\t\t\t\t<\/div>\n\t\t\t\t\t<\/div>\n\t\t\t\t<\/div>\n\t\t<div class=\"elementor-element elementor-element-50a994b e-flex e-con-boxed e-con e-parent\" data-id=\"50a994b\" data-element_type=\"container\" data-e-type=\"container\">\n\t\t\t\t\t<div class=\"e-con-inner\">\n\t\t\t\t<div class=\"elementor-element elementor-element-64100f9 elementor-widget elementor-widget-spacer\" data-id=\"64100f9\" data-element_type=\"widget\" data-e-type=\"widget\" data-widget_type=\"spacer.default\">\n\t\t\t\t\t\t\t<div class=\"elementor-spacer\">\n\t\t\t<div class=\"elementor-spacer-inner\"><\/div>\n\t\t<\/div>\n\t\t\t\t\t\t<\/div>\n\t\t\t\t\t<\/div>\n\t\t\t\t<\/div>\n\t\t\t\t<\/div>","protected":false},"excerpt":{"rendered":"<p>Sie sind hier: Unternehmen &gt; Qualit\u00e4tspolitik Qualit\u00e4tspolitik Qualit\u00e4tspolitik Wir verpflichten uns zu partnerschaftlicher Zusammenarbeit mit unseren Kunden und unseren Stammlieferanten. Kundenzufriedenheit ist der Schl\u00fcssel zum Erfolg, diese erreichen wir durch: 1.\u00a0Qualitativ hochwertige Produkte Durch unsere enge Zusammenarbeit mit den f\u00fchrenden Herstellern von Antriebsl\u00f6sungen ist es uns m\u00f6glich, Produkte anzubieten, die sowohl dem Stand der Technik [&hellip;]<\/p>\n","protected":false},"author":1,"featured_media":0,"parent":0,"menu_order":0,"comment_status":"closed","ping_status":"closed","template":"","meta":{"footnotes":""},"class_list":["post-10354","page","type-page","status-publish","hentry"],"yoast_head":"<!-- This site is optimized with the Yoast SEO Premium plugin v27.4 (Yoast SEO v27.4) - https:\/\/yoast.com\/product\/yoast-seo-premium-wordpress\/ -->\n<title>Qualitaetspolitik - maxon | Kwapil<\/title>\n<meta name=\"robots\" content=\"index, follow, max-snippet:-1, max-image-preview:large, max-video-preview:-1\" \/>\n<link rel=\"canonical\" href=\"https:\/\/kwapil.at\/cz\/qualitaetspolitik\/\" \/>\n<meta property=\"og:locale\" content=\"cs_CZ\" \/>\n<meta property=\"og:type\" content=\"article\" \/>\n<meta property=\"og:title\" content=\"Qualitaetspolitik\" \/>\n<meta property=\"og:description\" content=\"Sie sind hier: Unternehmen &gt; Qualit\u00e4tspolitik Qualit\u00e4tspolitik Qualit\u00e4tspolitik Wir verpflichten uns zu partnerschaftlicher Zusammenarbeit mit unseren Kunden und unseren Stammlieferanten. Kundenzufriedenheit ist der Schl\u00fcssel zum Erfolg, diese erreichen wir durch: 1.\u00a0Qualitativ hochwertige Produkte Durch unsere enge Zusammenarbeit mit den f\u00fchrenden Herstellern von Antriebsl\u00f6sungen ist es uns m\u00f6glich, Produkte anzubieten, die sowohl dem Stand der Technik [&hellip;]\" \/>\n<meta property=\"og:url\" content=\"https:\/\/kwapil.at\/cz\/qualitaetspolitik\/\" \/>\n<meta property=\"og:site_name\" content=\"maxon | Kwapil\" \/>\n<meta property=\"article:modified_time\" content=\"2025-07-24T09:40:59+00:00\" \/>\n<meta property=\"og:image\" content=\"https:\/\/kwapil.at\/wp-content\/uploads\/2023\/09\/maxon1132_DL-cropped.jpg\" \/>\n\t<meta property=\"og:image:width\" content=\"1024\" \/>\n\t<meta property=\"og:image:height\" content=\"576\" \/>\n\t<meta property=\"og:image:type\" content=\"image\/jpeg\" \/>\n<meta name=\"twitter:card\" content=\"summary_large_image\" \/>\n<meta name=\"twitter:label1\" content=\"Odhadovan\u00e1 doba \u010dten\u00ed\" \/>\n\t<meta name=\"twitter:data1\" content=\"2 minuty\" \/>\n<script type=\"application\/ld+json\" class=\"yoast-schema-graph\">{\"@context\":\"https:\\\/\\\/schema.org\",\"@graph\":[{\"@type\":\"WebPage\",\"@id\":\"https:\\\/\\\/kwapil.at\\\/de\\\/qualitaetspolitik\\\/\",\"url\":\"https:\\\/\\\/kwapil.at\\\/de\\\/qualitaetspolitik\\\/\",\"name\":\"Qualitaetspolitik - maxon | Kwapil\",\"isPartOf\":{\"@id\":\"https:\\\/\\\/kwapil.at\\\/#website\"},\"datePublished\":\"2024-04-09T13:17:23+00:00\",\"dateModified\":\"2025-07-24T09:40:59+00:00\",\"breadcrumb\":{\"@id\":\"https:\\\/\\\/kwapil.at\\\/de\\\/qualitaetspolitik\\\/#breadcrumb\"},\"inLanguage\":\"cs\",\"potentialAction\":[{\"@type\":\"ReadAction\",\"target\":[\"https:\\\/\\\/kwapil.at\\\/de\\\/qualitaetspolitik\\\/\"]}]},{\"@type\":\"BreadcrumbList\",\"@id\":\"https:\\\/\\\/kwapil.at\\\/de\\\/qualitaetspolitik\\\/#breadcrumb\",\"itemListElement\":[{\"@type\":\"ListItem\",\"position\":1,\"name\":\"Unternehmen\",\"item\":\"https:\\\/\\\/kwapil.at\\\/de\\\/\"},{\"@type\":\"ListItem\",\"position\":2,\"name\":\"Qualitaetspolitik\"}]},{\"@type\":\"WebSite\",\"@id\":\"https:\\\/\\\/kwapil.at\\\/#website\",\"url\":\"https:\\\/\\\/kwapil.at\\\/\",\"name\":\"Kwapil.com\",\"description\":\"Antriebstechnik und Elektronik\",\"publisher\":{\"@id\":\"https:\\\/\\\/kwapil.at\\\/#organization\"},\"alternateName\":\"maxongroup.at\",\"potentialAction\":[{\"@type\":\"SearchAction\",\"target\":{\"@type\":\"EntryPoint\",\"urlTemplate\":\"https:\\\/\\\/kwapil.at\\\/?s={search_term_string}\"},\"query-input\":{\"@type\":\"PropertyValueSpecification\",\"valueRequired\":true,\"valueName\":\"search_term_string\"}}],\"inLanguage\":\"cs\"},{\"@type\":\"Organization\",\"@id\":\"https:\\\/\\\/kwapil.at\\\/#organization\",\"name\":\"Kwapil & Co GmbH\",\"alternateName\":\"Maxon | Kwapil\",\"url\":\"https:\\\/\\\/kwapil.at\\\/\",\"logo\":{\"@type\":\"ImageObject\",\"inLanguage\":\"cs\",\"@id\":\"https:\\\/\\\/kwapil.at\\\/#\\\/schema\\\/logo\\\/image\\\/\",\"url\":\"https:\\\/\\\/kwapil.at\\\/wp-content\\\/uploads\\\/2023\\\/09\\\/cropped-kwapil_maxon_logo_standard_rgb.png\",\"contentUrl\":\"https:\\\/\\\/kwapil.at\\\/wp-content\\\/uploads\\\/2023\\\/09\\\/cropped-kwapil_maxon_logo_standard_rgb.png\",\"width\":200,\"height\":28,\"caption\":\"Kwapil & Co GmbH\"},\"image\":{\"@id\":\"https:\\\/\\\/kwapil.at\\\/#\\\/schema\\\/logo\\\/image\\\/\"},\"sameAs\":[\"https:\\\/\\\/www.linkedin.com\\\/company\\\/2505461\\\/\"],\"description\":\"\u00dcber 40 Jahre vertreibt Kwapil & Co Produkte von weltweit f\u00fchrenden Anbietern der Antriebstechnik und Elektronik an. Das Angebot reicht von Motoren \u00fcber Multiachsencontroller bis hin zu kompletten, mechatronischen Antriebssystemen. Seit 2012 ist Kwapil & Co ein Unternehmen der Schweizer maxon Gruppe.\",\"email\":\"verkauf.at@maxongroup.com\",\"telephone\":\"+43 1 278 85 85\",\"legalName\":\"Kwapil & Co GmbH\",\"foundingDate\":\"1975-05-01\",\"numberOfEmployees\":{\"@type\":\"QuantitativeValue\",\"minValue\":\"11\",\"maxValue\":\"50\"},\"ownershipFundingInfo\":\"https:\\\/\\\/kwapil.at\\\/de\\\/impressum\\\/\",\"ethicsPolicy\":\"https:\\\/\\\/kwapil.at\\\/de\\\/verhaltensrichtlinien\\\/\"}]}<\/script>\n<!-- \/ Yoast SEO Premium plugin. -->","yoast_head_json":{"title":"Qualitaetspolitik - maxon | Kwapil","robots":{"index":"index","follow":"follow","max-snippet":"max-snippet:-1","max-image-preview":"max-image-preview:large","max-video-preview":"max-video-preview:-1"},"canonical":"https:\/\/kwapil.at\/cz\/qualitaetspolitik\/","og_locale":"cs_CZ","og_type":"article","og_title":"Qualitaetspolitik","og_description":"Sie sind hier: Unternehmen &gt; Qualit\u00e4tspolitik Qualit\u00e4tspolitik Qualit\u00e4tspolitik Wir verpflichten uns zu partnerschaftlicher Zusammenarbeit mit unseren Kunden und unseren Stammlieferanten. Kundenzufriedenheit ist der Schl\u00fcssel zum Erfolg, diese erreichen wir durch: 1.\u00a0Qualitativ hochwertige Produkte Durch unsere enge Zusammenarbeit mit den f\u00fchrenden Herstellern von Antriebsl\u00f6sungen ist es uns m\u00f6glich, Produkte anzubieten, die sowohl dem Stand der Technik [&hellip;]","og_url":"https:\/\/kwapil.at\/cz\/qualitaetspolitik\/","og_site_name":"maxon | Kwapil","article_modified_time":"2025-07-24T09:40:59+00:00","og_image":[{"width":1024,"height":576,"url":"https:\/\/kwapil.at\/wp-content\/uploads\/2023\/09\/maxon1132_DL-cropped.jpg","type":"image\/jpeg"}],"twitter_card":"summary_large_image","twitter_misc":{"Odhadovan\u00e1 doba \u010dten\u00ed":"2 minuty"},"schema":{"@context":"https:\/\/schema.org","@graph":[{"@type":"WebPage","@id":"https:\/\/kwapil.at\/de\/qualitaetspolitik\/","url":"https:\/\/kwapil.at\/de\/qualitaetspolitik\/","name":"Qualitaetspolitik - maxon | Kwapil","isPartOf":{"@id":"https:\/\/kwapil.at\/#website"},"datePublished":"2024-04-09T13:17:23+00:00","dateModified":"2025-07-24T09:40:59+00:00","breadcrumb":{"@id":"https:\/\/kwapil.at\/de\/qualitaetspolitik\/#breadcrumb"},"inLanguage":"cs","potentialAction":[{"@type":"ReadAction","target":["https:\/\/kwapil.at\/de\/qualitaetspolitik\/"]}]},{"@type":"BreadcrumbList","@id":"https:\/\/kwapil.at\/de\/qualitaetspolitik\/#breadcrumb","itemListElement":[{"@type":"ListItem","position":1,"name":"Unternehmen","item":"https:\/\/kwapil.at\/de\/"},{"@type":"ListItem","position":2,"name":"Qualitaetspolitik"}]},{"@type":"WebSite","@id":"https:\/\/kwapil.at\/#website","url":"https:\/\/kwapil.at\/","name":"Kwapil.com","description":"Pohonn\u00e1 technologie","publisher":{"@id":"https:\/\/kwapil.at\/#organization"},"alternateName":"maxongroup.at","potentialAction":[{"@type":"SearchAction","target":{"@type":"EntryPoint","urlTemplate":"https:\/\/kwapil.at\/?s={search_term_string}"},"query-input":{"@type":"PropertyValueSpecification","valueRequired":true,"valueName":"search_term_string"}}],"inLanguage":"cs"},{"@type":"Organization","@id":"https:\/\/kwapil.at\/#organization","name":"Kwapil &amp; Co GmbH","alternateName":"Maxon | Kwapil","url":"https:\/\/kwapil.at\/","logo":{"@type":"ImageObject","inLanguage":"cs","@id":"https:\/\/kwapil.at\/#\/schema\/logo\/image\/","url":"https:\/\/kwapil.at\/wp-content\/uploads\/2023\/09\/cropped-kwapil_maxon_logo_standard_rgb.png","contentUrl":"https:\/\/kwapil.at\/wp-content\/uploads\/2023\/09\/cropped-kwapil_maxon_logo_standard_rgb.png","width":200,"height":28,"caption":"Kwapil & Co GmbH"},"image":{"@id":"https:\/\/kwapil.at\/#\/schema\/logo\/image\/"},"sameAs":["https:\/\/www.linkedin.com\/company\/2505461\/"],"description":"Spole\u010dnost Kwapil &amp; Co ji\u017e v\u00edce ne\u017e 40 let prod\u00e1v\u00e1 v\u00fdrobky p\u0159edn\u00edch sv\u011btov\u00fdch dodavatel\u016f pohonn\u00e9 techniky a elektroniky. Sortiment v\u00fdrobk\u016f sah\u00e1 od motor\u016f a v\u00edceos\u00fdch regul\u00e1tor\u016f a\u017e po kompletn\u00ed mechatronick\u00e9 pohonn\u00e9 syst\u00e9my. Od roku 2012 je spole\u010dnost Kwapil &amp; Co sou\u010d\u00e1st\u00ed \u0161v\u00fdcarsk\u00e9 skupiny maxon.","email":"verkauf.at@maxongroup.com","telephone":"+43 1 278 85 85","legalName":"Kwapil & Co GmbH","foundingDate":"1975-05-01","numberOfEmployees":{"@type":"QuantitativeValue","minValue":"11","maxValue":"50"},"ownershipFundingInfo":"https:\/\/kwapil.at\/de\/impressum\/","ethicsPolicy":"https:\/\/kwapil.at\/de\/verhaltensrichtlinien\/"}]}},"_links":{"self":[{"href":"https:\/\/kwapil.at\/cz\/wp-json\/wp\/v2\/pages\/10354","targetHints":{"allow":["GET"]}}],"collection":[{"href":"https:\/\/kwapil.at\/cz\/wp-json\/wp\/v2\/pages"}],"about":[{"href":"https:\/\/kwapil.at\/cz\/wp-json\/wp\/v2\/types\/page"}],"author":[{"embeddable":true,"href":"https:\/\/kwapil.at\/cz\/wp-json\/wp\/v2\/users\/1"}],"replies":[{"embeddable":true,"href":"https:\/\/kwapil.at\/cz\/wp-json\/wp\/v2\/comments?post=10354"}],"version-history":[{"count":3,"href":"https:\/\/kwapil.at\/cz\/wp-json\/wp\/v2\/pages\/10354\/revisions"}],"predecessor-version":[{"id":13559,"href":"https:\/\/kwapil.at\/cz\/wp-json\/wp\/v2\/pages\/10354\/revisions\/13559"}],"wp:attachment":[{"href":"https:\/\/kwapil.at\/cz\/wp-json\/wp\/v2\/media?parent=10354"}],"curies":[{"name":"wp","href":"https:\/\/api.w.org\/{rel}","templated":true}]}}