{"id":13301,"date":"2025-06-18T11:27:08","date_gmt":"2025-06-18T09:27:08","guid":{"rendered":"https:\/\/kwapil.at\/?page_id=13301"},"modified":"2026-02-02T14:27:42","modified_gmt":"2026-02-02T13:27:42","slug":"yep-2","status":"publish","type":"page","link":"https:\/\/kwapil.at\/cz\/yep-2\/","title":{"rendered":"YEP"},"content":{"rendered":"<div data-elementor-type=\"wp-page\" data-elementor-id=\"13301\" class=\"elementor elementor-13301\" data-elementor-post-type=\"page\">\n\t\t\t\t<div class=\"elementor-element elementor-element-904551f e-flex e-con-boxed e-con e-parent\" data-id=\"904551f\" data-element_type=\"container\" data-e-type=\"container\">\n\t\t\t\t\t<div class=\"e-con-inner\">\n\t\t<div class=\"elementor-element elementor-element-2eb0777 e-con-full e-flex e-con e-child\" data-id=\"2eb0777\" data-element_type=\"container\" data-e-type=\"container\">\n\t\t\t\t<div class=\"elementor-element elementor-element-2a4eafe elementor-widget elementor-widget-text-editor\" data-id=\"2a4eafe\" data-element_type=\"widget\" data-e-type=\"widget\" data-widget_type=\"text-editor.default\">\n\t\t\t\t\t\t\t\t\t<p>Nach\u00e1z\u00edte se zde: <b>YEP<\/b>.<\/p>\t\t\t\t\t\t\t\t<\/div>\n\t\t\t\t<\/div>\n\t\t<div class=\"elementor-element elementor-element-7463c59 e-con-full e-flex e-con e-child\" data-id=\"7463c59\" data-element_type=\"container\" data-e-type=\"container\">\n\t\t\t\t<div class=\"elementor-element elementor-element-f35b7c9 elementor-widget elementor-widget-heading\" data-id=\"f35b7c9\" data-element_type=\"widget\" data-e-type=\"widget\" data-widget_type=\"heading.default\">\n\t\t\t\t\t<h2 class=\"elementor-heading-title elementor-size-default\">YEP<\/h2>\t\t\t\t<\/div>\n\t\t\t\t<\/div>\n\t\t<div class=\"elementor-element elementor-element-3b5780c e-con-full e-flex e-con e-child\" data-id=\"3b5780c\" data-element_type=\"container\" data-e-type=\"container\">\n\t\t\t\t<div class=\"elementor-element elementor-element-9e9e175 elementor-widget elementor-widget-heading\" data-id=\"9e9e175\" data-element_type=\"widget\" data-e-type=\"widget\" data-widget_type=\"heading.default\">\n\t\t\t\t\t<h2 class=\"elementor-heading-title elementor-size-default\"><p style=\"font-size: 22px;font-weight: 600\">Program maxon pro podporu mlad\u00fdch in\u017een\u00fdr\u016f<\/span><\/p><\/h2>\t\t\t\t<\/div>\n\t\t\t\t<\/div>\n\t\t\t\t\t<\/div>\n\t\t\t\t<\/div>\n\t\t<div class=\"elementor-element elementor-element-fb28e74 e-flex e-con-boxed e-con e-parent\" data-id=\"fb28e74\" data-element_type=\"container\" data-e-type=\"container\">\n\t\t\t\t\t<div class=\"e-con-inner\">\n\t\t<div class=\"elementor-element elementor-element-41cb9dc e-con-full e-flex e-con e-child\" data-id=\"41cb9dc\" data-element_type=\"container\" data-e-type=\"container\">\n\t\t\t\t<div class=\"elementor-element elementor-element-184e448 elementor-widget elementor-widget-image\" data-id=\"184e448\" data-element_type=\"widget\" data-e-type=\"widget\" data-widget_type=\"image.default\">\n\t\t\t\t\t\t\t\t\t\t\t\t\t\t\t<img fetchpriority=\"high\" decoding=\"async\" width=\"800\" height=\"534\" src=\"https:\/\/kwapil.at\/wp-content\/uploads\/2024\/01\/dsc00075_2-3dd34652-1024x683.jpg\" class=\"attachment-large size-large wp-image-8441\" alt=\"\" srcset=\"https:\/\/kwapil.at\/wp-content\/uploads\/2024\/01\/dsc00075_2-3dd34652-1024x683.jpg 1024w, https:\/\/kwapil.at\/wp-content\/uploads\/2024\/01\/dsc00075_2-3dd34652-300x200.jpg 300w, https:\/\/kwapil.at\/wp-content\/uploads\/2024\/01\/dsc00075_2-3dd34652-768x512.jpg 768w, https:\/\/kwapil.at\/wp-content\/uploads\/2024\/01\/dsc00075_2-3dd34652-18x12.jpg 18w, https:\/\/kwapil.at\/wp-content\/uploads\/2024\/01\/dsc00075_2-3dd34652.jpg 1500w\" sizes=\"(max-width: 800px) 100vw, 800px\" \/>\t\t\t\t\t\t\t\t\t\t\t\t\t\t\t<\/div>\n\t\t\t\t<div class=\"elementor-element elementor-element-f86175e elementor-widget elementor-widget-text-editor\" data-id=\"f86175e\" data-element_type=\"widget\" data-e-type=\"widget\" data-widget_type=\"text-editor.default\">\n\t\t\t\t\t\t\t\t\t<p><b>maxon podporuje mlad\u00e9 in\u017een\u00fdry a za\u010d\u00ednaj\u00edc\u00ed podniky.<br><\/b><b style=\"color: var( --e-global-color-text ); font-family: var( --e-global-typography-text-font-family ), Sans-serif; font-size: var( --e-global-typography-text-font-size ); text-align: var(--text-align);\"><br>V\u00fdhody<\/b><\/p>\n<ul>\n<li><b><\/b> Motory, p\u0159evodovky a \u0159\u00eddic\u00ed jednotky za sn\u00ed\u017een\u00e9 ceny, pop\u0159\u00edpad\u011b  zdarma.<\/li>\n<li>Technick\u00e1 podpora od na\u0161ich odborn\u00edk\u016f.<\/li>\n<li>Propagace a komunikace va\u0161eho projektu na kan\u00e1lech spole\u010dnosti maxon (pokud projekt nepodl\u00e9h\u00e1 utajen\u00ed)<br><br><\/li>\n<\/ul>\n<p><b> Jak se m\u016f\u017eete zapojit pro programu YEP<\/b><\/p>\n<p>Vypl\u0148te online formul\u00e1\u0159. N\u00e1\u0161 t\u00fdm odborn\u00edk\u016f va\u0161i \u017e\u00e1dost zkontroluje a sd\u011bl\u00ed v\u00e1m, zda a v jak\u00e9 podob\u011b bude v\u00e1\u0161 projekt financov\u00e1n.<\/p>\n<p><b>Organiz\u00e1tor akce<br><\/b><\/p>\n<p style=\"margin: 0px 0px 20px; padding: 0px 40px 0px 0px; line-height: 1.7;\">Pokud pl\u00e1nujete n\u011bjakou akci, m\u016f\u017eete se na\u0161eho programu z\u00fa\u010dastnit i vy. Sta\u010d\u00ed vyplnit formul\u00e1\u0159 a my v\u00e1s budeme kontaktovat. M\u016f\u017eete t\u011b\u017eit z toho, \u017ee va\u0161e akce bude propagov\u00e1na na na\u0161ich komunika\u010dn\u00edch kan\u00e1lech. Va\u0161e akce m\u016f\u017ee b\u00fdt tak\u00e9 za\u0159azena do na\u0161eho sponzorsk\u00e9ho programu.<\/p>\n<p>P\u0159ihlaste se do programu Young Engineers Program:<br>na&nbsp;<a href=\"https:\/\/drive.tech\/en\/young-engineers-program\/yep-apply\">Online formul\u00e1\u0159 YEP<\/a><\/p>\t\t\t\t\t\t\t\t<\/div>\n\t\t\t\t<\/div>\n\t\t<div class=\"elementor-element elementor-element-cecb2ce e-con-full e-flex e-con e-child\" data-id=\"cecb2ce\" data-element_type=\"container\" data-e-type=\"container\">\n\t\t<div class=\"elementor-element elementor-element-30fb726 e-con-full e-flex e-con e-child\" data-id=\"30fb726\" data-element_type=\"container\" data-e-type=\"container\">\n\t\t\t\t<div class=\"elementor-element elementor-element-68c55d3 elementor-widget elementor-widget-text-editor\" data-id=\"68c55d3\" data-element_type=\"widget\" data-e-type=\"widget\" data-widget_type=\"text-editor.default\">\n\t\t\t\t\t\t\t\t\t<p style=\"color: #000000;\">Novinky v produktech 2025<\/p>\t\t\t\t\t\t\t\t<\/div>\n\t\t\t\t<div class=\"elementor-element elementor-element-33c168d elementor-widget elementor-widget-image\" data-id=\"33c168d\" data-element_type=\"widget\" data-e-type=\"widget\" data-widget_type=\"image.default\">\n\t\t\t\t\t\t\t\t\t\t\t\t\t\t\t\t<a href=\"https:\/\/kwapil.at\/wp-content\/uploads\/2025\/11\/Product-News-Movie.jpg\" data-elementor-open-lightbox=\"yes\" data-e-action-hash=\"#elementor-action%3Aaction%3Dlightbox%26settings%3DeyJpZCI6MTM3NjMsInVybCI6Imh0dHBzOlwvXC9rd2FwaWwuYXRcL3dwLWNvbnRlbnRcL3VwbG9hZHNcLzIwMjVcLzExXC9Qcm9kdWN0LU5ld3MtTW92aWUuanBnIn0%3D\">\n\t\t\t\t\t\t\t<img decoding=\"async\" width=\"600\" height=\"500\" src=\"https:\/\/kwapil.at\/wp-content\/uploads\/2025\/11\/Product-News-Movie.jpg\" class=\"attachment-large size-large wp-image-13763\" alt=\"\" srcset=\"https:\/\/kwapil.at\/wp-content\/uploads\/2025\/11\/Product-News-Movie.jpg 600w, https:\/\/kwapil.at\/wp-content\/uploads\/2025\/11\/Product-News-Movie-300x250.jpg 300w, https:\/\/kwapil.at\/wp-content\/uploads\/2025\/11\/Product-News-Movie-14x12.jpg 14w\" sizes=\"(max-width: 600px) 100vw, 600px\" \/>\t\t\t\t\t\t\t\t<\/a>\n\t\t\t\t\t\t\t\t\t\t\t\t\t\t\t<\/div>\n\t\t\t\t<div class=\"elementor-element elementor-element-08e860a elementor-widget elementor-widget-text-editor\" data-id=\"08e860a\" data-element_type=\"widget\" data-e-type=\"widget\" data-widget_type=\"text-editor.default\">\n\t\t\t\t\t\t\t\t\t<p class=\"Text_text__6vd08 Text_h4__aGFvo RichText_heading3__rbmlB\"><strong>Na veletrhu SPS v listopadu p\u0159edstavila spole\u010dnost maxon celou \u0159adu nov\u00fdch produkt\u016f, jako jsou vysoce integrovan\u00e9 robotick\u00e9 aktu\u00e1tory, v\u00fdkonn\u00e9 servopohony a mnoho dal\u0161\u00edho.<\/strong><\/p><p>Jedn\u00edm z hlavn\u00edch t\u00e9mat byly vysoce \u00fa\u010dinn\u00e9 robotick\u00e9 klouby (HEJ). Tyto kompaktn\u00ed, vysoce integrovan\u00e9 aktu\u00e1tory s kvazip\u0159\u00edm\u00fdm pohonem (QDD) kombinuj\u00ed motor, p\u0159evodovku, senzory a elektroniku v jedin\u00e9m robustn\u00edm pouzd\u0159e. Po \u00fasp\u011b\u0161n\u00e9m uveden\u00ed HEJ 90 (140 Nm) na trh nyn\u00ed n\u00e1sleduje HEJ 70 s to\u010div\u00fdm momentem 62 Nm \u2013 ide\u00e1ln\u00ed pro men\u0161\u00ed roboty. V na\u0161em videu v\u00e1m p\u0159edstavujeme v\u0161echny novinky tohoto roku.<\/p><p><a href=\"https:\/\/global.maxongroup.com\/de-ch\/neue-produkt2025\" target=\"_blank\" rel=\"noopener\"><span style=\"color: #dc0000;\"><span style=\"font-size: 13.3333px;\"><span style=\"font-weight: normal;\">Pod\u00edvejte se na video<\/span><\/span><\/span><\/a><\/p>\t\t\t\t\t\t\t\t<\/div>\n\t\t\t\t<\/div>\n\t\t\t\t<\/div>\n\t\t\t\t\t<\/div>\n\t\t\t\t<\/div>\n\t\t<div class=\"elementor-element elementor-element-aae3c65 e-flex e-con-boxed e-con e-parent\" data-id=\"aae3c65\" data-element_type=\"container\" data-e-type=\"container\">\n\t\t\t\t\t<div class=\"e-con-inner\">\n\t\t\t\t<div class=\"elementor-element elementor-element-ca933ca elementor-widget elementor-widget-spacer\" data-id=\"ca933ca\" data-element_type=\"widget\" data-e-type=\"widget\" data-widget_type=\"spacer.default\">\n\t\t\t\t\t\t\t<div class=\"elementor-spacer\">\n\t\t\t<div class=\"elementor-spacer-inner\"><\/div>\n\t\t<\/div>\n\t\t\t\t\t\t<\/div>\n\t\t\t\t\t<\/div>\n\t\t\t\t<\/div>\n\t\t\t\t<\/div>","protected":false},"excerpt":{"rendered":"<p>Sie sind hier: YEP. YEP Das Young Engineers Program von maxon maxon unterst\u00fctzt junge Ingenieure und Start-ups.Die Vorteile Motoren, Getriebe und Steuerungen zu erm\u00e4\u00dfigten Preisen oder sogar kostenlos. Technische Unterst\u00fctzung durch unsere Experten. Promotion und Kommunikation Ihres Projekts auf maxon Kan\u00e4len (sofern das Projekt nicht vertraulich ist). Wie Sie teilnehmen k\u00f6nnen F\u00fcllen Sie das Online-Formular [&hellip;]<\/p>\n","protected":false},"author":1,"featured_media":0,"parent":0,"menu_order":0,"comment_status":"closed","ping_status":"closed","template":"","meta":{"footnotes":""},"class_list":["post-13301","page","type-page","status-publish","hentry"],"yoast_head":"<!-- This site is optimized with the Yoast SEO Premium plugin v27.4 (Yoast SEO v27.4) - https:\/\/yoast.com\/product\/yoast-seo-premium-wordpress\/ -->\n<title>YEP - maxon | Kwapil<\/title>\n<meta name=\"robots\" content=\"index, follow, max-snippet:-1, max-image-preview:large, max-video-preview:-1\" \/>\n<link rel=\"canonical\" href=\"https:\/\/kwapil.at\/cz\/yep-2\/\" \/>\n<meta property=\"og:locale\" content=\"cs_CZ\" \/>\n<meta property=\"og:type\" content=\"article\" \/>\n<meta property=\"og:title\" content=\"YEP\" \/>\n<meta property=\"og:description\" content=\"Sie sind hier: YEP. YEP Das Young Engineers Program von maxon maxon unterst\u00fctzt junge Ingenieure und Start-ups.Die Vorteile Motoren, Getriebe und Steuerungen zu erm\u00e4\u00dfigten Preisen oder sogar kostenlos. Technische Unterst\u00fctzung durch unsere Experten. Promotion und Kommunikation Ihres Projekts auf maxon Kan\u00e4len (sofern das Projekt nicht vertraulich ist). Wie Sie teilnehmen k\u00f6nnen F\u00fcllen Sie das Online-Formular [&hellip;]\" \/>\n<meta property=\"og:url\" content=\"https:\/\/kwapil.at\/cz\/yep-2\/\" \/>\n<meta property=\"og:site_name\" content=\"maxon | Kwapil\" \/>\n<meta property=\"article:modified_time\" content=\"2026-02-02T13:27:42+00:00\" \/>\n<meta property=\"og:image\" content=\"https:\/\/kwapil.at\/wp-content\/uploads\/2024\/01\/dsc00075_2-3dd34652.jpg\" \/>\n\t<meta property=\"og:image:width\" content=\"1500\" \/>\n\t<meta property=\"og:image:height\" content=\"1000\" \/>\n\t<meta property=\"og:image:type\" content=\"image\/jpeg\" \/>\n<meta name=\"twitter:card\" content=\"summary_large_image\" \/>\n<meta name=\"twitter:label1\" content=\"Odhadovan\u00e1 doba \u010dten\u00ed\" \/>\n\t<meta name=\"twitter:data1\" content=\"2 minuty\" \/>\n<script type=\"application\/ld+json\" class=\"yoast-schema-graph\">{\"@context\":\"https:\\\/\\\/schema.org\",\"@graph\":[{\"@type\":\"WebPage\",\"@id\":\"https:\\\/\\\/kwapil.at\\\/de\\\/yep-2\\\/\",\"url\":\"https:\\\/\\\/kwapil.at\\\/de\\\/yep-2\\\/\",\"name\":\"YEP - maxon | Kwapil\",\"isPartOf\":{\"@id\":\"https:\\\/\\\/kwapil.at\\\/#website\"},\"primaryImageOfPage\":{\"@id\":\"https:\\\/\\\/kwapil.at\\\/de\\\/yep-2\\\/#primaryimage\"},\"image\":{\"@id\":\"https:\\\/\\\/kwapil.at\\\/de\\\/yep-2\\\/#primaryimage\"},\"thumbnailUrl\":\"https:\\\/\\\/kwapil.at\\\/wp-content\\\/uploads\\\/2024\\\/01\\\/dsc00075_2-3dd34652-1024x683.jpg\",\"datePublished\":\"2025-06-18T09:27:08+00:00\",\"dateModified\":\"2026-02-02T13:27:42+00:00\",\"breadcrumb\":{\"@id\":\"https:\\\/\\\/kwapil.at\\\/de\\\/yep-2\\\/#breadcrumb\"},\"inLanguage\":\"cs\",\"potentialAction\":[{\"@type\":\"ReadAction\",\"target\":[\"https:\\\/\\\/kwapil.at\\\/de\\\/yep-2\\\/\"]}]},{\"@type\":\"ImageObject\",\"inLanguage\":\"cs\",\"@id\":\"https:\\\/\\\/kwapil.at\\\/de\\\/yep-2\\\/#primaryimage\",\"url\":\"https:\\\/\\\/kwapil.at\\\/wp-content\\\/uploads\\\/2024\\\/01\\\/dsc00075_2-3dd34652-1024x683.jpg\",\"contentUrl\":\"https:\\\/\\\/kwapil.at\\\/wp-content\\\/uploads\\\/2024\\\/01\\\/dsc00075_2-3dd34652-1024x683.jpg\"},{\"@type\":\"BreadcrumbList\",\"@id\":\"https:\\\/\\\/kwapil.at\\\/de\\\/yep-2\\\/#breadcrumb\",\"itemListElement\":[{\"@type\":\"ListItem\",\"position\":1,\"name\":\"Unternehmen\",\"item\":\"https:\\\/\\\/kwapil.at\\\/de\\\/\"},{\"@type\":\"ListItem\",\"position\":2,\"name\":\"YEP\"}]},{\"@type\":\"WebSite\",\"@id\":\"https:\\\/\\\/kwapil.at\\\/#website\",\"url\":\"https:\\\/\\\/kwapil.at\\\/\",\"name\":\"Kwapil.com\",\"description\":\"Antriebstechnik und Elektronik\",\"publisher\":{\"@id\":\"https:\\\/\\\/kwapil.at\\\/#organization\"},\"alternateName\":\"maxongroup.at\",\"potentialAction\":[{\"@type\":\"SearchAction\",\"target\":{\"@type\":\"EntryPoint\",\"urlTemplate\":\"https:\\\/\\\/kwapil.at\\\/?s={search_term_string}\"},\"query-input\":{\"@type\":\"PropertyValueSpecification\",\"valueRequired\":true,\"valueName\":\"search_term_string\"}}],\"inLanguage\":\"cs\"},{\"@type\":\"Organization\",\"@id\":\"https:\\\/\\\/kwapil.at\\\/#organization\",\"name\":\"Kwapil & Co GmbH\",\"alternateName\":\"Maxon | Kwapil\",\"url\":\"https:\\\/\\\/kwapil.at\\\/\",\"logo\":{\"@type\":\"ImageObject\",\"inLanguage\":\"cs\",\"@id\":\"https:\\\/\\\/kwapil.at\\\/#\\\/schema\\\/logo\\\/image\\\/\",\"url\":\"https:\\\/\\\/kwapil.at\\\/wp-content\\\/uploads\\\/2023\\\/09\\\/cropped-kwapil_maxon_logo_standard_rgb.png\",\"contentUrl\":\"https:\\\/\\\/kwapil.at\\\/wp-content\\\/uploads\\\/2023\\\/09\\\/cropped-kwapil_maxon_logo_standard_rgb.png\",\"width\":200,\"height\":28,\"caption\":\"Kwapil & Co GmbH\"},\"image\":{\"@id\":\"https:\\\/\\\/kwapil.at\\\/#\\\/schema\\\/logo\\\/image\\\/\"},\"sameAs\":[\"https:\\\/\\\/www.linkedin.com\\\/company\\\/2505461\\\/\"],\"description\":\"\u00dcber 40 Jahre vertreibt Kwapil & Co Produkte von weltweit f\u00fchrenden Anbietern der Antriebstechnik und Elektronik an. Das Angebot reicht von Motoren \u00fcber Multiachsencontroller bis hin zu kompletten, mechatronischen Antriebssystemen. Seit 2012 ist Kwapil & Co ein Unternehmen der Schweizer maxon Gruppe.\",\"email\":\"verkauf.at@maxongroup.com\",\"telephone\":\"+43 1 278 85 85\",\"legalName\":\"Kwapil & Co GmbH\",\"foundingDate\":\"1975-05-01\",\"numberOfEmployees\":{\"@type\":\"QuantitativeValue\",\"minValue\":\"11\",\"maxValue\":\"50\"},\"ownershipFundingInfo\":\"https:\\\/\\\/kwapil.at\\\/de\\\/impressum\\\/\",\"ethicsPolicy\":\"https:\\\/\\\/kwapil.at\\\/de\\\/verhaltensrichtlinien\\\/\"}]}<\/script>\n<!-- \/ Yoast SEO Premium plugin. -->","yoast_head_json":{"title":"YEP \u2013 maxon | Kwapil","robots":{"index":"index","follow":"follow","max-snippet":"max-snippet:-1","max-image-preview":"max-image-preview:large","max-video-preview":"max-video-preview:-1"},"canonical":"https:\/\/kwapil.at\/cz\/yep-2\/","og_locale":"cs_CZ","og_type":"article","og_title":"YEP","og_description":"Sie sind hier: YEP. YEP Das Young Engineers Program von maxon maxon unterst\u00fctzt junge Ingenieure und Start-ups.Die Vorteile Motoren, Getriebe und Steuerungen zu erm\u00e4\u00dfigten Preisen oder sogar kostenlos. Technische Unterst\u00fctzung durch unsere Experten. Promotion und Kommunikation Ihres Projekts auf maxon Kan\u00e4len (sofern das Projekt nicht vertraulich ist). Wie Sie teilnehmen k\u00f6nnen F\u00fcllen Sie das Online-Formular [&hellip;]","og_url":"https:\/\/kwapil.at\/cz\/yep-2\/","og_site_name":"maxon | Kwapil","article_modified_time":"2026-02-02T13:27:42+00:00","og_image":[{"width":1500,"height":1000,"url":"https:\/\/kwapil.at\/wp-content\/uploads\/2024\/01\/dsc00075_2-3dd34652.jpg","type":"image\/jpeg"}],"twitter_card":"summary_large_image","twitter_misc":{"Odhadovan\u00e1 doba \u010dten\u00ed":"2 minuty"},"schema":{"@context":"https:\/\/schema.org","@graph":[{"@type":"WebPage","@id":"https:\/\/kwapil.at\/de\/yep-2\/","url":"https:\/\/kwapil.at\/de\/yep-2\/","name":"YEP \u2013 maxon | Kwapil","isPartOf":{"@id":"https:\/\/kwapil.at\/#website"},"primaryImageOfPage":{"@id":"https:\/\/kwapil.at\/de\/yep-2\/#primaryimage"},"image":{"@id":"https:\/\/kwapil.at\/de\/yep-2\/#primaryimage"},"thumbnailUrl":"https:\/\/kwapil.at\/wp-content\/uploads\/2024\/01\/dsc00075_2-3dd34652-1024x683.jpg","datePublished":"2025-06-18T09:27:08+00:00","dateModified":"2026-02-02T13:27:42+00:00","breadcrumb":{"@id":"https:\/\/kwapil.at\/de\/yep-2\/#breadcrumb"},"inLanguage":"cs","potentialAction":[{"@type":"ReadAction","target":["https:\/\/kwapil.at\/de\/yep-2\/"]}]},{"@type":"ImageObject","inLanguage":"cs","@id":"https:\/\/kwapil.at\/de\/yep-2\/#primaryimage","url":"https:\/\/kwapil.at\/wp-content\/uploads\/2024\/01\/dsc00075_2-3dd34652-1024x683.jpg","contentUrl":"https:\/\/kwapil.at\/wp-content\/uploads\/2024\/01\/dsc00075_2-3dd34652-1024x683.jpg"},{"@type":"BreadcrumbList","@id":"https:\/\/kwapil.at\/de\/yep-2\/#breadcrumb","itemListElement":[{"@type":"ListItem","position":1,"name":"Unternehmen","item":"https:\/\/kwapil.at\/de\/"},{"@type":"ListItem","position":2,"name":"YEP"}]},{"@type":"WebSite","@id":"https:\/\/kwapil.at\/#website","url":"https:\/\/kwapil.at\/","name":"Kwapil.com","description":"Pohonn\u00e1 technologie","publisher":{"@id":"https:\/\/kwapil.at\/#organization"},"alternateName":"maxongroup.at","potentialAction":[{"@type":"SearchAction","target":{"@type":"EntryPoint","urlTemplate":"https:\/\/kwapil.at\/?s={search_term_string}"},"query-input":{"@type":"PropertyValueSpecification","valueRequired":true,"valueName":"search_term_string"}}],"inLanguage":"cs"},{"@type":"Organization","@id":"https:\/\/kwapil.at\/#organization","name":"Kwapil &amp; Co GmbH","alternateName":"Maxon | Kwapil","url":"https:\/\/kwapil.at\/","logo":{"@type":"ImageObject","inLanguage":"cs","@id":"https:\/\/kwapil.at\/#\/schema\/logo\/image\/","url":"https:\/\/kwapil.at\/wp-content\/uploads\/2023\/09\/cropped-kwapil_maxon_logo_standard_rgb.png","contentUrl":"https:\/\/kwapil.at\/wp-content\/uploads\/2023\/09\/cropped-kwapil_maxon_logo_standard_rgb.png","width":200,"height":28,"caption":"Kwapil & Co GmbH"},"image":{"@id":"https:\/\/kwapil.at\/#\/schema\/logo\/image\/"},"sameAs":["https:\/\/www.linkedin.com\/company\/2505461\/"],"description":"Spole\u010dnost Kwapil &amp; Co ji\u017e v\u00edce ne\u017e 40 let prod\u00e1v\u00e1 v\u00fdrobky p\u0159edn\u00edch sv\u011btov\u00fdch dodavatel\u016f pohonn\u00e9 techniky a elektroniky. Sortiment v\u00fdrobk\u016f sah\u00e1 od motor\u016f a v\u00edceos\u00fdch regul\u00e1tor\u016f a\u017e po kompletn\u00ed mechatronick\u00e9 pohonn\u00e9 syst\u00e9my. Od roku 2012 je spole\u010dnost Kwapil &amp; Co sou\u010d\u00e1st\u00ed \u0161v\u00fdcarsk\u00e9 skupiny maxon.","email":"verkauf.at@maxongroup.com","telephone":"+43 1 278 85 85","legalName":"Kwapil & Co GmbH","foundingDate":"1975-05-01","numberOfEmployees":{"@type":"QuantitativeValue","minValue":"11","maxValue":"50"},"ownershipFundingInfo":"https:\/\/kwapil.at\/de\/impressum\/","ethicsPolicy":"https:\/\/kwapil.at\/de\/verhaltensrichtlinien\/"}]}},"_links":{"self":[{"href":"https:\/\/kwapil.at\/cz\/wp-json\/wp\/v2\/pages\/13301","targetHints":{"allow":["GET"]}}],"collection":[{"href":"https:\/\/kwapil.at\/cz\/wp-json\/wp\/v2\/pages"}],"about":[{"href":"https:\/\/kwapil.at\/cz\/wp-json\/wp\/v2\/types\/page"}],"author":[{"embeddable":true,"href":"https:\/\/kwapil.at\/cz\/wp-json\/wp\/v2\/users\/1"}],"replies":[{"embeddable":true,"href":"https:\/\/kwapil.at\/cz\/wp-json\/wp\/v2\/comments?post=13301"}],"version-history":[{"count":78,"href":"https:\/\/kwapil.at\/cz\/wp-json\/wp\/v2\/pages\/13301\/revisions"}],"predecessor-version":[{"id":14113,"href":"https:\/\/kwapil.at\/cz\/wp-json\/wp\/v2\/pages\/13301\/revisions\/14113"}],"wp:attachment":[{"href":"https:\/\/kwapil.at\/cz\/wp-json\/wp\/v2\/media?parent=13301"}],"curies":[{"name":"wp","href":"https:\/\/api.w.org\/{rel}","templated":true}]}}