{"id":14075,"date":"2026-01-19T13:43:14","date_gmt":"2026-01-19T12:43:14","guid":{"rendered":"https:\/\/kwapil.at\/?page_id=14075"},"modified":"2026-01-19T14:21:12","modified_gmt":"2026-01-19T13:21:12","slug":"stellenangebote-cz","status":"publish","type":"page","link":"https:\/\/kwapil.at\/cz\/stellenangebote-cz\/","title":{"rendered":"Voln\u00e1 m\u00edsta CZ"},"content":{"rendered":"<div data-elementor-type=\"wp-page\" data-elementor-id=\"14075\" class=\"elementor elementor-14075\" data-elementor-post-type=\"page\">\n\t\t\t\t<div class=\"elementor-element elementor-element-d019c98 e-con-full e-flex e-con e-parent\" data-id=\"d019c98\" data-element_type=\"container\" data-e-type=\"container\">\n\t\t\t\t<div class=\"elementor-element elementor-element-593b699 elementor--h-position-center elementor--v-position-middle elementor-arrows-position-inside elementor-pagination-position-inside elementor-widget elementor-widget-slides\" data-id=\"593b699\" data-element_type=\"widget\" data-e-type=\"widget\" data-settings=\"{&quot;navigation&quot;:&quot;both&quot;,&quot;autoplay&quot;:&quot;yes&quot;,&quot;pause_on_hover&quot;:&quot;yes&quot;,&quot;pause_on_interaction&quot;:&quot;yes&quot;,&quot;autoplay_speed&quot;:5000,&quot;infinite&quot;:&quot;yes&quot;,&quot;transition&quot;:&quot;slide&quot;,&quot;transition_speed&quot;:500}\" data-widget_type=\"slides.default\">\n\t\t\t\t\t\t\t\t\t\t<div class=\"elementor-slides-wrapper elementor-main-swiper swiper\" role=\"region\" aria-roledescription=\"carousel\" aria-label=\"Posuvn\u00edk\" dir=\"ltr\" data-animation=\"fadeInUp\">\n\t\t\t\t<div class=\"swiper-wrapper elementor-slides\">\n\t\t\t\t\t\t\t\t\t\t<div class=\"elementor-repeater-item-7f62e4c swiper-slide\" role=\"group\" aria-roledescription=\"slide\"><div class=\"swiper-slide-bg elementor-ken-burns elementor-ken-burns--in\" role=\"img\" aria-label=\"maxon1132_DL-cropped\"><\/div><div class=\"swiper-slide-inner\" ><div class=\"swiper-slide-contents\"><\/div><\/div><\/div><div class=\"elementor-repeater-item-10bbdd4 swiper-slide\" role=\"group\" aria-roledescription=\"slide\"><div class=\"swiper-slide-bg elementor-ken-burns elementor-ken-burns--in\" role=\"img\" aria-label=\"maxon1049_DL-cropped\"><\/div><div class=\"swiper-slide-inner\" ><div class=\"swiper-slide-contents\"><\/div><\/div><\/div><div class=\"elementor-repeater-item-8b823fc swiper-slide\" role=\"group\" aria-roledescription=\"slide\"><div class=\"swiper-slide-bg elementor-ken-burns elementor-ken-burns--in\" role=\"img\" aria-label=\"Z\u00e1hlav\u00ed_Robotika&amp;E-Mobilita\"><\/div><div class=\"swiper-slide-inner\" ><div class=\"swiper-slide-contents\"><\/div><\/div><\/div><div class=\"elementor-repeater-item-8f3989d swiper-slide\" role=\"group\" aria-roledescription=\"slide\"><div class=\"swiper-slide-bg elementor-ken-burns elementor-ken-burns--in\" role=\"img\" aria-label=\"Z\u00e1hlav\u00ed_Medical-Technology\"><\/div><div class=\"swiper-slide-inner\" ><div class=\"swiper-slide-contents\"><\/div><\/div><\/div><div class=\"elementor-repeater-item-00b48ac swiper-slide\" role=\"group\" aria-roledescription=\"slide\"><div class=\"swiper-slide-bg elementor-ken-burns elementor-ken-burns--in\" role=\"img\" aria-label=\"Header_Industrial-Automation\"><\/div><div class=\"swiper-slide-inner\" ><div class=\"swiper-slide-contents\"><\/div><\/div><\/div><div class=\"elementor-repeater-item-e4f1072 swiper-slide\" role=\"group\" aria-roledescription=\"slide\"><div class=\"swiper-slide-bg elementor-ken-burns elementor-ken-burns--in\" role=\"img\" aria-label=\"Header_Aerospace\"><\/div><div class=\"swiper-slide-inner\" ><div class=\"swiper-slide-contents\"><\/div><\/div><\/div>\t\t\t\t<\/div>\n\t\t\t\t\t\t\t\t\t\t\t\t\t\t\t<div class=\"elementor-swiper-button elementor-swiper-button-prev\" role=\"button\" tabindex=\"0\" aria-label=\"P\u0159edchoz\u00ed sn\u00edmek\">\n\t\t\t\t\t\t\t<svg aria-hidden=\"true\" class=\"e-font-icon-svg e-eicon-chevron-left\" viewbox=\"0 0 1000 1000\" xmlns=\"http:\/\/www.w3.org\/2000\/svg\"><path d=\"M646 125C629 125 613 133 604 142L308 442C296 454 292 471 292 487 292 504 296 521 308 533L604 854C617 867 629 875 646 875 663 875 679 871 692 858 704 846 713 829 713 812 713 796 708 779 692 767L438 487 692 225C700 217 708 204 708 187 708 171 704 154 692 142 675 129 663 125 646 125Z\"><\/path><\/svg>\t\t\t\t\t\t<\/div>\n\t\t\t\t\t\t<div class=\"elementor-swiper-button elementor-swiper-button-next\" role=\"button\" tabindex=\"0\" aria-label=\"Dal\u0161\u00ed sn\u00edmek\">\n\t\t\t\t\t\t\t<svg aria-hidden=\"true\" class=\"e-font-icon-svg e-eicon-chevron-right\" viewbox=\"0 0 1000 1000\" xmlns=\"http:\/\/www.w3.org\/2000\/svg\"><path d=\"M696 533C708 521 713 504 713 487 713 471 708 454 696 446L400 146C388 133 375 125 354 125 338 125 325 129 313 142 300 154 292 171 292 187 292 204 296 221 308 233L563 492 304 771C292 783 288 800 288 817 288 833 296 850 308 863 321 871 338 875 354 875 371 875 388 867 400 854L696 533Z\"><\/path><\/svg>\t\t\t\t\t\t<\/div>\n\t\t\t\t\t\t\t\t\t\t\t\t\t\t\t\t<div class=\"swiper-pagination\"><\/div>\n\t\t\t\t\t\t\t\t\t\t\t\t<\/div>\n\t\t\t\t\t\t\t\t<\/div>\n\t\t\t\t<\/div>\n\t\t<div class=\"elementor-element elementor-element-5711c5f e-flex e-con-boxed e-con e-parent\" data-id=\"5711c5f\" data-element_type=\"container\" data-e-type=\"container\">\n\t\t\t\t\t<div class=\"e-con-inner\">\n\t\t<div class=\"elementor-element elementor-element-269cf96 e-con-full e-flex e-con e-child\" data-id=\"269cf96\" data-element_type=\"container\" data-e-type=\"container\">\n\t\t\t\t<div class=\"elementor-element elementor-element-3778258 elementor-widget elementor-widget-text-editor\" data-id=\"3778258\" data-element_type=\"widget\" data-e-type=\"widget\" data-widget_type=\"text-editor.default\">\n\t\t\t\t\t\t\t\t\t<p>Nach\u00e1z\u00edte se zde: <a href=\"https:\/\/kwapil.at\/cz\/\"><b>Spole\u010dnost <\/b><\/a>&gt; <a href=\"https:\/\/kwapil.at\/cz\/karriere\/\">Kari\u00e9ra<\/a> &gt; Voln\u00e1 m\u00edsta CZ<\/p>\t\t\t\t\t\t\t\t<\/div>\n\t\t\t\t<div class=\"elementor-element elementor-element-31b2b79 elementor-widget elementor-widget-heading\" data-id=\"31b2b79\" data-element_type=\"widget\" data-e-type=\"widget\" data-widget_type=\"heading.default\">\n\t\t\t\t\t<h2 class=\"elementor-heading-title elementor-size-default\">Voln\u00e1 pracovn\u00ed m\u00edsta v \u010cesk\u00e9 republice<\/h2>\t\t\t\t<\/div>\n\t\t\t\t<div class=\"elementor-element elementor-element-34ebf9b elementor-widget elementor-widget-heading\" data-id=\"34ebf9b\" data-element_type=\"widget\" data-e-type=\"widget\" data-widget_type=\"heading.default\">\n\t\t\t\t\t<h1 class=\"elementor-heading-title elementor-size-default\"><p style=\"font-weight: 600\"><span style=\"color: var( --e-global-color-primary );text-align: var(--text-align)\"><span style=\"font-size: 22px\">Sales engineer pro pobo\u010dku v Brn\u011b.<\/span><\/span><br><\/p><\/h1>\t\t\t\t<\/div>\n\t\t\t\t<div class=\"elementor-element elementor-element-c480a60 elementor-widget elementor-widget-text-editor\" data-id=\"c480a60\" data-element_type=\"widget\" data-e-type=\"widget\" data-widget_type=\"text-editor.default\">\n\t\t\t\t\t\t\t\t\t<p class=\"translation-block\">Maxon je glob\u00e1ln\u00ed dodavatel p\u0159esn\u00fdch pohonn\u00fdch syst\u00e9m\u016f prvot\u0159\u00eddn\u00ed kvality. Na\u0161e pohony se dokonale\nhod\u00ed v\u0161ude tam, kde je vy\u017eadov\u00e1na vysok\u00e1 spolehlivost, p\u0159esnost a kvalita. <br>Na Zemi i ve vesm\u00edru.<\/p>\n<p>T\u011bm, kte\u0159\u00ed maj\u00ed kreativn\u00ed my\u0161len\u00ed a chu\u0165 se realizovat nab\u00edz\u00edme d\u016fv\u011bryhodn\u00e9, glob\u00e1ln\u00ed prost\u0159ed\u00ed.<br>Pro\nna\u0161i kancel\u00e1\u0159 v Brn\u011b hodl\u00e1me obsadit pozici<\/p>\t\t\t\t\t\t\t\t<\/div>\n\t\t\t\t<div class=\"elementor-element elementor-element-ab0720e elementor-widget elementor-widget-heading\" data-id=\"ab0720e\" data-element_type=\"widget\" data-e-type=\"widget\" data-widget_type=\"heading.default\">\n\t\t\t\t\t<h2 class=\"elementor-heading-title elementor-size-default\"><span><span style=\"color: red\">Sales engineer<\/span><\/span><\/h2>\t\t\t\t<\/div>\n\t\t\t\t<div class=\"elementor-element elementor-element-6e41d5f elementor-widget elementor-widget-heading\" data-id=\"6e41d5f\" data-element_type=\"widget\" data-e-type=\"widget\" data-widget_type=\"heading.default\">\n\t\t\t\t\t<h2 class=\"elementor-heading-title elementor-size-default\"><span style=\"font-size: 15px\">Popis pozice:<\/span><\/h2>\t\t\t\t<\/div>\n\t\t\t\t<div class=\"elementor-element elementor-element-ba54305 elementor-widget elementor-widget-text-editor\" data-id=\"ba54305\" data-element_type=\"widget\" data-e-type=\"widget\" data-widget_type=\"text-editor.default\">\n\t\t\t\t\t\t\t\t\t<li>Pln\u00e1 odpov\u011bdnost za prodejn\u00ed region v oblasti pohonn\u00e9 techniky<\/li>\n \t<li>Profesion\u00e1ln\u00ed a proaktivn\u00ed p\u00e9\u010de o st\u00e1vaj\u00edc\u00ed z\u00e1kazn\u00edky<\/li>\n \t<li>Technick\u00e9 poradenstv\u00ed pro z\u00e1kazn\u00edky, vypracov\u00e1n\u00ed nab\u00eddek z\u00e1kazn\u00edk\u016fm<\/li>\n \t<li>Zaji\u0161t\u011bn\u00ed zd\u00e1rn\u00e9ho pr\u016fb\u011bhu projekt\u016f, jejich pl\u00e1nov\u00e1n\u00ed a realizace.<\/li>\n \t<li>\u00dazk\u00e1 spolupr\u00e1ce s kolegy a ostatn\u00edmi obchodn\u00edmi jednotkami skupiny maxon<\/li>\n \t<li>Pl\u00e1nov\u00e1n\u00ed, tvorba forecast\u016f, reporty<\/li>\n \t<li>Cestov\u00e1n\u00ed, samostatn\u00e9 pl\u00e1nov\u00e1n\u00ed n\u00e1v\u0161t\u011bv z\u00e1kazn\u00edk\u016f<\/li>\n \t<li>\u00da\u010dast na veletrz\u00edch<\/li>\n \t<li>Aktivn\u00ed sledov\u00e1n\u00ed trhu (l\u00e9ka\u0159sk\u00e1 technika, automatiza\u010dn\u00ed technika, robotika) a konkurence<\/li>\n\t\t\t\t\t\t\t\t<\/div>\n\t\t\t\t<div class=\"elementor-element elementor-element-83c7858 elementor-widget elementor-widget-heading\" data-id=\"83c7858\" data-element_type=\"widget\" data-e-type=\"widget\" data-widget_type=\"heading.default\">\n\t\t\t\t\t<h2 class=\"elementor-heading-title elementor-size-default\"><b>V\u00e1\u0161 profil:<\/b><\/h2>\t\t\t\t<\/div>\n\t\t\t\t<div class=\"elementor-element elementor-element-7063c57 elementor-widget elementor-widget-text-editor\" data-id=\"7063c57\" data-element_type=\"widget\" data-e-type=\"widget\" data-widget_type=\"text-editor.default\">\n\t\t\t\t\t\t\t\t\t\n \t<li>Vysoko\u0161kolsk\u00e9 technick\u00e9 vzd\u011bl\u00e1n\u00ed ide\u00e1ln\u011b v oboru mechatroniky, automatizace,<\/ul>\n<\/li>\n<\/ul>\n<ul style=\"padding-left: 0; margin-left: 0; list-style-position: inside;\">mechaniky nebo elektrotechniky<\/ul>\n<\/li>\n \t<li>Zku\u0161enosti v oblasti prodeje v\u00fdhodou, nen\u00ed podm\u00ednkou<\/li>\n \t<li>Z\u00e1jem o trh s pohonnou technikou, porozum\u011bn\u00ed technick\u00fdm aplikac\u00edm<\/li>\n \t<li>T\u00fdmov\u00fd hr\u00e1\u010d, kter\u00fd se aktivn\u011b pod\u00edl\u00ed na pr\u00e1ci v mezin\u00e1rodn\u00edm prost\u0159ed\u00ed.<\/li>\n \t<li>Komunikativnost, anga\u017eovanost, vyjedn\u00e1vac\u00ed dovednosti<\/li>\n \t<li>Osobn\u00ed odpov\u011bdnost a spolehlivost<\/li>\n \t<li>Velmi dobr\u00e1 znalost angli\u010dtiny (slovem i p\u00edsmem), znalost n\u011bm\u010diny v\u00fdhodou<\/li>\n \t<li>\u0158idi\u010dsk\u00fd pr\u016fkaz skupiny B, ochota cestovat<\/li>\n \t<li>Z\u00e1jem o dal\u0161\u00ed rozvoj<\/li>\n<\/ul>\n<\/li>\n<\/ul>\n&nbsp;<\/li>\n<\/ul>\t\t\t\t\t\t\t\t<\/div>\n\t\t\t\t<div class=\"elementor-element elementor-element-73fa395 elementor-widget elementor-widget-heading\" data-id=\"73fa395\" data-element_type=\"widget\" data-e-type=\"widget\" data-widget_type=\"heading.default\">\n\t\t\t\t\t<h2 class=\"elementor-heading-title elementor-size-default\">Na\u0161e nab\u00eddka:<\/h2>\t\t\t\t<\/div>\n\t\t\t\t<div class=\"elementor-element elementor-element-84a6815 elementor-widget elementor-widget-text-editor\" data-id=\"84a6815\" data-element_type=\"widget\" data-e-type=\"widget\" data-widget_type=\"text-editor.default\">\n\t\t\t\t\t\t\t\t\t<ul style=\"padding-left: 0; margin-left: 0; list-style-position: inside;\"><li>Pr\u00e1ce na pln\u00fd \u00favazek<\/li><li>Rozmanit\u00e1 pr\u00e1ce v rostouc\u00ed spole\u010dnosti maxon. Mezin\u00e1rodn\u00edm prost\u0159ed\u00ed<\/li><li>Rozs\u00e1hl\u00e1 \u0161kolen\u00ed a \u0161irok\u00e1 \u0161k\u00e1la p\u0159\u00edle\u017eitost\u00ed k dal\u0161\u00edmu vzd\u011bl\u00e1v\u00e1n\u00ed a rozvoji<\/li><li>Dlouhodob\u00e9 zam\u011bstn\u00e1n\u00ed ve stabiln\u00ed spole\u010dnosti<\/li><li>Pr\u00e1ce ve stabiln\u00edm t\u00fdmu v brn\u011bnsk\u00e9 kancel\u00e1\u0159i v \u017dabov\u0159esk\u00e1ch v Brn\u011b<\/li><li>Flexibiln\u00ed pracovn\u00ed doba<\/li><li>Slu\u017eebn\u00ed v\u016fz, mo\u017en\u00fd i pro soukrom\u00e9 \u00fa\u010dely<\/li><li>25 dn\u016f dovolen\u00e9<\/li><li>Finan\u010dn\u00ed ohodnocen\u00ed probereme osobn\u011b<\/li><\/ul>\t\t\t\t\t\t\t\t<\/div>\n\t\t\t\t<div class=\"elementor-element elementor-element-e1d7196 elementor-widget elementor-widget-text-editor\" data-id=\"e1d7196\" data-element_type=\"widget\" data-e-type=\"widget\" data-widget_type=\"text-editor.default\">\n\t\t\t\t\t\t\t\t\t<p>Ji\u0159\u00ed R\u00fdznar<br>Vedouc\u00ed prodeje CZ &amp; SK<br>+420 603 275 120<br>jiri.ryznar@maxongroup.com<\/p>\n<p>Kwapil &amp; Co. Gesellschaft m.b.H., <br>organiza\u010dn\u00ed jednotka<\/p>\n<p>Sochorova 3209\/38, \u017dabov\u0159esky, <br>616 00 Brno<br>ICO: 29304351<br>DIC: CZ29304351<\/p>\n<p>19.1.2026<\/p>\t\t\t\t\t\t\t\t<\/div>\n\t\t\t\t<\/div>\n\t\t<div class=\"elementor-element elementor-element-5a0b931 e-con-full e-flex e-con e-child\" data-id=\"5a0b931\" data-element_type=\"container\" data-e-type=\"container\">\n\t\t\t\t<div class=\"elementor-element elementor-element-5646b10 elementor-widget elementor-widget-text-editor\" data-id=\"5646b10\" data-element_type=\"widget\" data-e-type=\"widget\" data-widget_type=\"text-editor.default\">\n\t\t\t\t\t\t\t\t\t<p><a href=\"https:\/\/kwapil.at\/cz\/stellenangebote\/\">Voln\u00e1 pracovn\u00ed m\u00edsta v Rakousku<\/a><b><br \/><\/b><\/p><p><strong>Voln\u00e1 pracovn\u00ed m\u00edsta v \u010cesk\u00e9 republice<\/strong><\/p><p><a href=\"https:\/\/www.maxongroup.ch\/maxon\/view\/content\/offene_stellen\" target=\"_blank\" rel=\"noopener\">Voln\u00e1 pracovn\u00ed m\u00edsta ve \u0160v\u00fdcarsku<\/a><\/p><p><a href=\"https:\/\/www.maxongroup.de\/maxon\/view\/content\/offene_stellen\" target=\"_blank\" rel=\"noopener\">Voln\u00e1 pracovn\u00ed m\u00edsta v N\u011bmecku<\/a><\/p><p><a href=\"https:\/\/www.maxongroup.us\/maxon\/view\/content\/CAREER_PAGE_USA\" target=\"_blank\" rel=\"noopener\">Voln\u00e1 pracovn\u00ed m\u00edsta v USA<br \/><\/a><\/p><p><a href=\"https:\/\/www.maxongroup.nl\/maxon\/view\/content\/jobs\" target=\"_blank\" rel=\"noopener\">Voln\u00e1 pracovn\u00ed m\u00edsta v Nizozemsku<\/a><\/p>\t\t\t\t\t\t\t\t<\/div>\n\t\t\t\t<\/div>\n\t\t\t\t\t<\/div>\n\t\t\t\t<\/div>\n\t\t<div class=\"elementor-element elementor-element-47d9d3c e-flex e-con-boxed e-con e-parent\" data-id=\"47d9d3c\" data-element_type=\"container\" data-e-type=\"container\">\n\t\t\t\t\t<div class=\"e-con-inner\">\n\t\t\t\t<div class=\"elementor-element elementor-element-a1fc79d elementor-widget elementor-widget-spacer\" data-id=\"a1fc79d\" data-element_type=\"widget\" data-e-type=\"widget\" data-widget_type=\"spacer.default\">\n\t\t\t\t\t\t\t<div class=\"elementor-spacer\">\n\t\t\t<div class=\"elementor-spacer-inner\"><\/div>\n\t\t<\/div>\n\t\t\t\t\t\t<\/div>\n\t\t\t\t\t<\/div>\n\t\t\t\t<\/div>\n\t\t\t\t<\/div>","protected":false},"excerpt":{"rendered":"<p>Sie sind hier: Unternehmen &gt; Karriere &gt; Stellenangebote CZ Stellenangebote in der Tschechischen Republik Vertriebsingenieur f\u00fcr das B\u00fcro in Br\u00fcnn. Maxon ist ein globaler Anbieter von pr\u00e4zisen Antriebssystemen in erstklassiger Qualit\u00e4t.Unsere Antriebe eignen sich perfekt f\u00fcr alle Bereiche, in denen hohe Zuverl\u00e4ssigkeit,Pr\u00e4zision und Qualit\u00e4t gefragt sind.Auf der Erde und im Weltraum. Wir bieten kreativen und [&hellip;]<\/p>\n","protected":false},"author":1,"featured_media":0,"parent":0,"menu_order":0,"comment_status":"closed","ping_status":"closed","template":"","meta":{"footnotes":""},"class_list":["post-14075","page","type-page","status-publish","hentry"],"yoast_head":"<!-- This site is optimized with the Yoast SEO Premium plugin v27.4 (Yoast SEO v27.5) - https:\/\/yoast.com\/product\/yoast-seo-premium-wordpress\/ -->\n<title>Stellenangebote CZ - maxon | Kwapil<\/title>\n<meta name=\"robots\" content=\"index, follow, max-snippet:-1, max-image-preview:large, max-video-preview:-1\" \/>\n<link rel=\"canonical\" href=\"https:\/\/kwapil.at\/cz\/stellenangebote-cz\/\" \/>\n<meta property=\"og:locale\" content=\"cs_CZ\" \/>\n<meta property=\"og:type\" content=\"article\" \/>\n<meta property=\"og:title\" content=\"Stellenangebote CZ\" \/>\n<meta property=\"og:description\" content=\"Sie sind hier: Unternehmen &gt; Karriere &gt; Stellenangebote CZ Stellenangebote in der Tschechischen Republik Vertriebsingenieur f\u00fcr das B\u00fcro in Br\u00fcnn. Maxon ist ein globaler Anbieter von pr\u00e4zisen Antriebssystemen in erstklassiger Qualit\u00e4t.Unsere Antriebe eignen sich perfekt f\u00fcr alle Bereiche, in denen hohe Zuverl\u00e4ssigkeit,Pr\u00e4zision und Qualit\u00e4t gefragt sind.Auf der Erde und im Weltraum. Wir bieten kreativen und [&hellip;]\" \/>\n<meta property=\"og:url\" content=\"https:\/\/kwapil.at\/cz\/stellenangebote-cz\/\" \/>\n<meta property=\"og:site_name\" content=\"maxon | Kwapil\" \/>\n<meta property=\"article:modified_time\" content=\"2026-01-19T13:21:12+00:00\" \/>\n<meta property=\"og:image\" content=\"https:\/\/kwapil.at\/wp-content\/uploads\/2023\/09\/maxon1132_DL-cropped.jpg\" \/>\n\t<meta property=\"og:image:width\" content=\"1024\" \/>\n\t<meta property=\"og:image:height\" content=\"576\" \/>\n\t<meta property=\"og:image:type\" content=\"image\/jpeg\" \/>\n<meta name=\"twitter:card\" content=\"summary_large_image\" \/>\n<meta name=\"twitter:label1\" content=\"Odhadovan\u00e1 doba \u010dten\u00ed\" \/>\n\t<meta name=\"twitter:data1\" content=\"2 minuty\" \/>\n<script type=\"application\/ld+json\" class=\"yoast-schema-graph\">{\"@context\":\"https:\\\/\\\/schema.org\",\"@graph\":[{\"@type\":\"WebPage\",\"@id\":\"https:\\\/\\\/kwapil.at\\\/de\\\/stellenangebote-cz\\\/\",\"url\":\"https:\\\/\\\/kwapil.at\\\/de\\\/stellenangebote-cz\\\/\",\"name\":\"Stellenangebote CZ - maxon | Kwapil\",\"isPartOf\":{\"@id\":\"https:\\\/\\\/kwapil.at\\\/#website\"},\"datePublished\":\"2026-01-19T12:43:14+00:00\",\"dateModified\":\"2026-01-19T13:21:12+00:00\",\"breadcrumb\":{\"@id\":\"https:\\\/\\\/kwapil.at\\\/de\\\/stellenangebote-cz\\\/#breadcrumb\"},\"inLanguage\":\"cs\",\"potentialAction\":[{\"@type\":\"ReadAction\",\"target\":[\"https:\\\/\\\/kwapil.at\\\/de\\\/stellenangebote-cz\\\/\"]}]},{\"@type\":\"BreadcrumbList\",\"@id\":\"https:\\\/\\\/kwapil.at\\\/de\\\/stellenangebote-cz\\\/#breadcrumb\",\"itemListElement\":[{\"@type\":\"ListItem\",\"position\":1,\"name\":\"Unternehmen\",\"item\":\"https:\\\/\\\/kwapil.at\\\/de\\\/\"},{\"@type\":\"ListItem\",\"position\":2,\"name\":\"Stellenangebote CZ\"}]},{\"@type\":\"WebSite\",\"@id\":\"https:\\\/\\\/kwapil.at\\\/#website\",\"url\":\"https:\\\/\\\/kwapil.at\\\/\",\"name\":\"Kwapil.com\",\"description\":\"Antriebstechnik und Elektronik\",\"publisher\":{\"@id\":\"https:\\\/\\\/kwapil.at\\\/#organization\"},\"alternateName\":\"maxongroup.at\",\"potentialAction\":[{\"@type\":\"SearchAction\",\"target\":{\"@type\":\"EntryPoint\",\"urlTemplate\":\"https:\\\/\\\/kwapil.at\\\/?s={search_term_string}\"},\"query-input\":{\"@type\":\"PropertyValueSpecification\",\"valueRequired\":true,\"valueName\":\"search_term_string\"}}],\"inLanguage\":\"cs\"},{\"@type\":\"Organization\",\"@id\":\"https:\\\/\\\/kwapil.at\\\/#organization\",\"name\":\"Kwapil & Co GmbH\",\"alternateName\":\"Maxon | Kwapil\",\"url\":\"https:\\\/\\\/kwapil.at\\\/\",\"logo\":{\"@type\":\"ImageObject\",\"inLanguage\":\"cs\",\"@id\":\"https:\\\/\\\/kwapil.at\\\/#\\\/schema\\\/logo\\\/image\\\/\",\"url\":\"https:\\\/\\\/kwapil.at\\\/wp-content\\\/uploads\\\/2023\\\/09\\\/cropped-kwapil_maxon_logo_standard_rgb.png\",\"contentUrl\":\"https:\\\/\\\/kwapil.at\\\/wp-content\\\/uploads\\\/2023\\\/09\\\/cropped-kwapil_maxon_logo_standard_rgb.png\",\"width\":200,\"height\":28,\"caption\":\"Kwapil & Co GmbH\"},\"image\":{\"@id\":\"https:\\\/\\\/kwapil.at\\\/#\\\/schema\\\/logo\\\/image\\\/\"},\"sameAs\":[\"https:\\\/\\\/www.linkedin.com\\\/company\\\/2505461\\\/\"],\"description\":\"\u00dcber 40 Jahre vertreibt Kwapil & Co Produkte von weltweit f\u00fchrenden Anbietern der Antriebstechnik und Elektronik an. Das Angebot reicht von Motoren \u00fcber Multiachsencontroller bis hin zu kompletten, mechatronischen Antriebssystemen. Seit 2012 ist Kwapil & Co ein Unternehmen der Schweizer maxon Gruppe.\",\"email\":\"verkauf.at@maxongroup.com\",\"telephone\":\"+43 1 278 85 85\",\"legalName\":\"Kwapil & Co GmbH\",\"foundingDate\":\"1975-05-01\",\"numberOfEmployees\":{\"@type\":\"QuantitativeValue\",\"minValue\":\"11\",\"maxValue\":\"50\"},\"ownershipFundingInfo\":\"https:\\\/\\\/kwapil.at\\\/de\\\/impressum\\\/\",\"ethicsPolicy\":\"https:\\\/\\\/kwapil.at\\\/de\\\/verhaltensrichtlinien\\\/\"}]}<\/script>\n<!-- \/ Yoast SEO Premium plugin. -->","yoast_head_json":{"title":"Stellenangebote CZ - maxon | Kwapil","robots":{"index":"index","follow":"follow","max-snippet":"max-snippet:-1","max-image-preview":"max-image-preview:large","max-video-preview":"max-video-preview:-1"},"canonical":"https:\/\/kwapil.at\/cz\/stellenangebote-cz\/","og_locale":"cs_CZ","og_type":"article","og_title":"Stellenangebote CZ","og_description":"Sie sind hier: Unternehmen &gt; Karriere &gt; Stellenangebote CZ Stellenangebote in der Tschechischen Republik Vertriebsingenieur f\u00fcr das B\u00fcro in Br\u00fcnn. Maxon ist ein globaler Anbieter von pr\u00e4zisen Antriebssystemen in erstklassiger Qualit\u00e4t.Unsere Antriebe eignen sich perfekt f\u00fcr alle Bereiche, in denen hohe Zuverl\u00e4ssigkeit,Pr\u00e4zision und Qualit\u00e4t gefragt sind.Auf der Erde und im Weltraum. Wir bieten kreativen und [&hellip;]","og_url":"https:\/\/kwapil.at\/cz\/stellenangebote-cz\/","og_site_name":"maxon | Kwapil","article_modified_time":"2026-01-19T13:21:12+00:00","og_image":[{"width":1024,"height":576,"url":"https:\/\/kwapil.at\/wp-content\/uploads\/2023\/09\/maxon1132_DL-cropped.jpg","type":"image\/jpeg"}],"twitter_card":"summary_large_image","twitter_misc":{"Odhadovan\u00e1 doba \u010dten\u00ed":"2 minuty"},"schema":{"@context":"https:\/\/schema.org","@graph":[{"@type":"WebPage","@id":"https:\/\/kwapil.at\/de\/stellenangebote-cz\/","url":"https:\/\/kwapil.at\/de\/stellenangebote-cz\/","name":"Stellenangebote CZ - maxon | Kwapil","isPartOf":{"@id":"https:\/\/kwapil.at\/#website"},"datePublished":"2026-01-19T12:43:14+00:00","dateModified":"2026-01-19T13:21:12+00:00","breadcrumb":{"@id":"https:\/\/kwapil.at\/de\/stellenangebote-cz\/#breadcrumb"},"inLanguage":"cs","potentialAction":[{"@type":"ReadAction","target":["https:\/\/kwapil.at\/de\/stellenangebote-cz\/"]}]},{"@type":"BreadcrumbList","@id":"https:\/\/kwapil.at\/de\/stellenangebote-cz\/#breadcrumb","itemListElement":[{"@type":"ListItem","position":1,"name":"Unternehmen","item":"https:\/\/kwapil.at\/de\/"},{"@type":"ListItem","position":2,"name":"Stellenangebote CZ"}]},{"@type":"WebSite","@id":"https:\/\/kwapil.at\/#website","url":"https:\/\/kwapil.at\/","name":"Kwapil.com","description":"Pohonn\u00e1 technologie","publisher":{"@id":"https:\/\/kwapil.at\/#organization"},"alternateName":"maxongroup.at","potentialAction":[{"@type":"SearchAction","target":{"@type":"EntryPoint","urlTemplate":"https:\/\/kwapil.at\/?s={search_term_string}"},"query-input":{"@type":"PropertyValueSpecification","valueRequired":true,"valueName":"search_term_string"}}],"inLanguage":"cs"},{"@type":"Organization","@id":"https:\/\/kwapil.at\/#organization","name":"Kwapil &amp; Co GmbH","alternateName":"Maxon | Kwapil","url":"https:\/\/kwapil.at\/","logo":{"@type":"ImageObject","inLanguage":"cs","@id":"https:\/\/kwapil.at\/#\/schema\/logo\/image\/","url":"https:\/\/kwapil.at\/wp-content\/uploads\/2023\/09\/cropped-kwapil_maxon_logo_standard_rgb.png","contentUrl":"https:\/\/kwapil.at\/wp-content\/uploads\/2023\/09\/cropped-kwapil_maxon_logo_standard_rgb.png","width":200,"height":28,"caption":"Kwapil & Co GmbH"},"image":{"@id":"https:\/\/kwapil.at\/#\/schema\/logo\/image\/"},"sameAs":["https:\/\/www.linkedin.com\/company\/2505461\/"],"description":"Spole\u010dnost Kwapil &amp; Co ji\u017e v\u00edce ne\u017e 40 let prod\u00e1v\u00e1 v\u00fdrobky p\u0159edn\u00edch sv\u011btov\u00fdch dodavatel\u016f pohonn\u00e9 techniky a elektroniky. Sortiment v\u00fdrobk\u016f sah\u00e1 od motor\u016f a v\u00edceos\u00fdch regul\u00e1tor\u016f a\u017e po kompletn\u00ed mechatronick\u00e9 pohonn\u00e9 syst\u00e9my. Od roku 2012 je spole\u010dnost Kwapil &amp; Co sou\u010d\u00e1st\u00ed \u0161v\u00fdcarsk\u00e9 skupiny maxon.","email":"verkauf.at@maxongroup.com","telephone":"+43 1 278 85 85","legalName":"Kwapil & Co GmbH","foundingDate":"1975-05-01","numberOfEmployees":{"@type":"QuantitativeValue","minValue":"11","maxValue":"50"},"ownershipFundingInfo":"https:\/\/kwapil.at\/de\/impressum\/","ethicsPolicy":"https:\/\/kwapil.at\/de\/verhaltensrichtlinien\/"}]}},"_links":{"self":[{"href":"https:\/\/kwapil.at\/cz\/wp-json\/wp\/v2\/pages\/14075","targetHints":{"allow":["GET"]}}],"collection":[{"href":"https:\/\/kwapil.at\/cz\/wp-json\/wp\/v2\/pages"}],"about":[{"href":"https:\/\/kwapil.at\/cz\/wp-json\/wp\/v2\/types\/page"}],"author":[{"embeddable":true,"href":"https:\/\/kwapil.at\/cz\/wp-json\/wp\/v2\/users\/1"}],"replies":[{"embeddable":true,"href":"https:\/\/kwapil.at\/cz\/wp-json\/wp\/v2\/comments?post=14075"}],"version-history":[{"count":10,"href":"https:\/\/kwapil.at\/cz\/wp-json\/wp\/v2\/pages\/14075\/revisions"}],"predecessor-version":[{"id":14086,"href":"https:\/\/kwapil.at\/cz\/wp-json\/wp\/v2\/pages\/14075\/revisions\/14086"}],"wp:attachment":[{"href":"https:\/\/kwapil.at\/cz\/wp-json\/wp\/v2\/media?parent=14075"}],"curies":[{"name":"wp","href":"https:\/\/api.w.org\/{rel}","templated":true}]}}