{"id":2,"date":"2023-09-15T11:57:07","date_gmt":"2023-09-15T09:57:07","guid":{"rendered":"https:\/\/kwapil.austroplace.at\/?page_id=2"},"modified":"2026-05-06T17:12:28","modified_gmt":"2026-05-06T15:12:28","slug":"unternehmen","status":"publish","type":"page","link":"https:\/\/kwapil.at\/cz\/","title":{"rendered":"Spole\u010dnost"},"content":{"rendered":"<div data-elementor-type=\"wp-page\" data-elementor-id=\"2\" class=\"elementor elementor-2\" data-elementor-post-type=\"page\">\n\t\t\t\t<div class=\"elementor-element elementor-element-d019c98 e-con-full e-flex e-con e-parent\" data-id=\"d019c98\" data-element_type=\"container\" data-e-type=\"container\">\n\t\t\t\t<div class=\"elementor-element elementor-element-593b699 elementor--h-position-center elementor--v-position-middle elementor-arrows-position-inside elementor-pagination-position-inside elementor-widget elementor-widget-slides\" data-id=\"593b699\" data-element_type=\"widget\" data-e-type=\"widget\" data-settings=\"{&quot;navigation&quot;:&quot;both&quot;,&quot;autoplay&quot;:&quot;yes&quot;,&quot;pause_on_hover&quot;:&quot;yes&quot;,&quot;pause_on_interaction&quot;:&quot;yes&quot;,&quot;autoplay_speed&quot;:5000,&quot;infinite&quot;:&quot;yes&quot;,&quot;transition&quot;:&quot;slide&quot;,&quot;transition_speed&quot;:500}\" data-widget_type=\"slides.default\">\n\t\t\t\t\t\t\t\t\t\t<div class=\"elementor-slides-wrapper elementor-main-swiper swiper\" role=\"region\" aria-roledescription=\"carousel\" aria-label=\"Posuvn\u00edk\" dir=\"ltr\" data-animation=\"fadeInUp\">\n\t\t\t\t<div class=\"swiper-wrapper elementor-slides\">\n\t\t\t\t\t\t\t\t\t\t<div class=\"elementor-repeater-item-7f62e4c swiper-slide\" role=\"group\" aria-roledescription=\"slide\"><div class=\"swiper-slide-bg elementor-ken-burns elementor-ken-burns--in\" role=\"img\" aria-label=\"maxon1132_DL-cropped\"><\/div><div class=\"swiper-slide-inner\" ><div class=\"swiper-slide-contents\"><\/div><\/div><\/div><div class=\"elementor-repeater-item-10bbdd4 swiper-slide\" role=\"group\" aria-roledescription=\"slide\"><div class=\"swiper-slide-bg elementor-ken-burns elementor-ken-burns--in\" role=\"img\" aria-label=\"maxon1049_DL-cropped\"><\/div><div class=\"swiper-slide-inner\" ><div class=\"swiper-slide-contents\"><\/div><\/div><\/div><div class=\"elementor-repeater-item-8b823fc swiper-slide\" role=\"group\" aria-roledescription=\"slide\"><div class=\"swiper-slide-bg elementor-ken-burns elementor-ken-burns--in\" role=\"img\" aria-label=\"Z\u00e1hlav\u00ed_Robotika&amp;E-Mobilita\"><\/div><div class=\"swiper-slide-inner\" ><div class=\"swiper-slide-contents\"><\/div><\/div><\/div><div class=\"elementor-repeater-item-8f3989d swiper-slide\" role=\"group\" aria-roledescription=\"slide\"><div class=\"swiper-slide-bg elementor-ken-burns elementor-ken-burns--in\" role=\"img\" aria-label=\"Z\u00e1hlav\u00ed_Medical-Technology\"><\/div><div class=\"swiper-slide-inner\" ><div class=\"swiper-slide-contents\"><\/div><\/div><\/div><div class=\"elementor-repeater-item-00b48ac swiper-slide\" role=\"group\" aria-roledescription=\"slide\"><div class=\"swiper-slide-bg elementor-ken-burns elementor-ken-burns--in\" role=\"img\" aria-label=\"Header_Industrial-Automation\"><\/div><div class=\"swiper-slide-inner\" ><div class=\"swiper-slide-contents\"><\/div><\/div><\/div><div class=\"elementor-repeater-item-e4f1072 swiper-slide\" role=\"group\" aria-roledescription=\"slide\"><div class=\"swiper-slide-bg elementor-ken-burns elementor-ken-burns--in\" role=\"img\" aria-label=\"Header_Aerospace\"><\/div><div class=\"swiper-slide-inner\" ><div class=\"swiper-slide-contents\"><\/div><\/div><\/div>\t\t\t\t<\/div>\n\t\t\t\t\t\t\t\t\t\t\t\t\t\t\t<div class=\"elementor-swiper-button elementor-swiper-button-prev\" role=\"button\" tabindex=\"0\" aria-label=\"Previous slide\" data-no-translation-aria-label=\"\">\n\t\t\t\t\t\t\t<svg aria-hidden=\"true\" class=\"e-font-icon-svg e-eicon-chevron-left\" viewbox=\"0 0 1000 1000\" xmlns=\"http:\/\/www.w3.org\/2000\/svg\"><path d=\"M646 125C629 125 613 133 604 142L308 442C296 454 292 471 292 487 292 504 296 521 308 533L604 854C617 867 629 875 646 875 663 875 679 871 692 858 704 846 713 829 713 812 713 796 708 779 692 767L438 487 692 225C700 217 708 204 708 187 708 171 704 154 692 142 675 129 663 125 646 125Z\"><\/path><\/svg>\t\t\t\t\t\t<\/div>\n\t\t\t\t\t\t<div class=\"elementor-swiper-button elementor-swiper-button-next\" role=\"button\" tabindex=\"0\" aria-label=\"Next slide\" data-no-translation-aria-label=\"\">\n\t\t\t\t\t\t\t<svg aria-hidden=\"true\" class=\"e-font-icon-svg e-eicon-chevron-right\" viewbox=\"0 0 1000 1000\" xmlns=\"http:\/\/www.w3.org\/2000\/svg\"><path d=\"M696 533C708 521 713 504 713 487 713 471 708 454 696 446L400 146C388 133 375 125 354 125 338 125 325 129 313 142 300 154 292 171 292 187 292 204 296 221 308 233L563 492 304 771C292 783 288 800 288 817 288 833 296 850 308 863 321 871 338 875 354 875 371 875 388 867 400 854L696 533Z\"><\/path><\/svg>\t\t\t\t\t\t<\/div>\n\t\t\t\t\t\t\t\t\t\t\t\t\t\t\t\t<div class=\"swiper-pagination\"><\/div>\n\t\t\t\t\t\t\t\t\t\t\t\t<\/div>\n\t\t\t\t\t\t\t\t<\/div>\n\t\t\t\t<\/div>\n\t\t<div class=\"elementor-element elementor-element-2230256 e-con-full e-flex e-con e-parent\" data-id=\"2230256\" data-element_type=\"container\" data-e-type=\"container\">\n\t\t<div class=\"elementor-element elementor-element-471eb2c e-con-full e-flex e-con e-child\" data-id=\"471eb2c\" data-element_type=\"container\" data-e-type=\"container\">\n\t\t\t\t<div class=\"elementor-element elementor-element-6f7fc21 elementor-widget elementor-widget-breadcrumbs\" data-id=\"6f7fc21\" data-element_type=\"widget\" data-e-type=\"widget\" data-widget_type=\"breadcrumbs.default\">\n\t\t\t\t\t<span id=\"breadcrumbs\">\tNach\u00e1z\u00edte se zde:\n<span><span><a href=\"https:\/\/kwapil.at\/cz\/\">Spole\u010dnost<\/a><\/span><\/span><\/span>\t\t\t\t<\/div>\n\t\t\t\t<div class=\"elementor-element elementor-element-f67902b elementor-widget elementor-widget-heading\" data-id=\"f67902b\" data-element_type=\"widget\" data-e-type=\"widget\" data-widget_type=\"heading.default\">\n\t\t\t\t\t<h2 class=\"elementor-heading-title elementor-size-default\">Spole\u010dnost Kwapil &amp; Co<\/h2>\t\t\t\t<\/div>\n\t\t\t\t<div class=\"elementor-element elementor-element-814e363 elementor-widget elementor-widget-heading\" data-id=\"814e363\" data-element_type=\"widget\" data-e-type=\"widget\" data-widget_type=\"heading.default\">\n\t\t\t\t\t<h1 class=\"elementor-heading-title elementor-size-default\"><p style=\"font-size: 22px;font-weight: 600\">Pohonn\u00e1 technologie<\/span><\/p><\/h1>\t\t\t\t<\/div>\n\t\t\t\t<div class=\"elementor-element elementor-element-db29cbc elementor-widget elementor-widget-text-editor\" data-id=\"db29cbc\" data-element_type=\"widget\" data-e-type=\"widget\" data-widget_type=\"text-editor.default\">\n\t\t\t\t\t\t\t\t\t<p><b>L\u00eddr v oblasti pohonn\u00fdch technologi\u00ed od roku 1975<\/b><\/p><p>Spole\u010dnost Kwapil &amp; Co, kterou v roce 1975 zalo\u017eil elektroin\u017een\u00fdr Kurt Kwapil, ji\u017e 50 let nab\u00edz\u00ed v\u00fdrobky p\u0159edn\u00edch sv\u011btov\u00fdch dodavatel\u016f pohonn\u00e9 techniky a elektroniky. Sortiment v\u00fdrobk\u016f sah\u00e1 od motor\u016f a v\u00edceos\u00fdch regul\u00e1tor\u016f a\u017e po kompletn\u00ed mechatronick\u00e9 pohonn\u00e9 syst\u00e9my. Krom\u011b s\u00eddla ve V\u00eddni m\u00e1 spole\u010dnost Kwapil &amp; Co pobo\u010dky v Brn\u011b (\u010cesk\u00e1 republika) a Poznani (Polsko) a zam\u011bstnance v Ma\u010farsku. Oblast prodeje sah\u00e1 od Rakouska, Ma\u010farska, \u010cesk\u00e9 republiky a Slovenska, Polska a Slovinska a\u017e po Bulharsko, Rumunsko, Chorvatsko a Srbsko a dal\u0161\u00ed.<\/p><p>Spole\u010dnost Kwapil &amp; Co je od roku 2012 sou\u010d\u00e1st\u00ed \u0161v\u00fdcarsk\u00e9 skupiny maxon.<\/p><p><b>Pohony pro va\u0161e aplikace<br \/>Nab\u00edz\u00edme \u0159e\u0161en\u00ed \u201ena m\u00edru\u201c<\/b><\/p><p>D\u00edky \u0161irok\u00e9mu sortimentu v\u00fdrob\u016f, kter\u00fd zahrnuje produkty spole\u010dnosti maxon a dal\u0161\u00edch v\u00fdrobc\u016f, jako  jsou Oriental Motor, LinMot, Nidec Motors &amp; Actuators, halstrup-walcher a mnoha dal\u0161ich, jsme schopni nab\u00eddnout komplexn\u00ed \u0159e\u0161en\u00ed. Na\u0161e motory se pou\u017eivaj\u00ed nejen v pr\u016fmyslov\u00fdch aplikac\u00edch, ale tak\u00e9 ve zdravotn\u00edck\u00e9 technice, logistice, potravin\u00e1\u0159sk\u00e9m pr\u016fmyslu, letectv\u00ed a v automobilovem pr\u016fmyslu. Pokud by v\u00e1m standardn\u00ed produkty nedosta\u010dovaly, jsme schopni vytv\u00e1\u0159et speci\u00e1ln\u00ed z\u00e1kaznicka \u0159e\u0161en\u00ed kombinovan\u00edm vysoce kvalitn\u00edch pohonn\u00fdch komponent a mechatronickych system\u016f.<\/p>\t\t\t\t\t\t\t\t<\/div>\n\t\t\t\t<div class=\"elementor-element elementor-element-ea987ec elementor-widget elementor-widget-image\" data-id=\"ea987ec\" data-element_type=\"widget\" data-e-type=\"widget\" data-widget_type=\"image.default\">\n\t\t\t\t\t\t\t\t\t\t\t\t\t\t\t\t<a href=\"https:\/\/kwapil.at\/wp-content\/uploads\/2023\/09\/kwapilgebaeude-1.jpg\" data-elementor-open-lightbox=\"yes\" data-e-action-hash=\"#elementor-action%3Aaction%3Dlightbox%26settings%3DeyJpZCI6MTk2MywidXJsIjoiaHR0cHM6XC9cL2t3YXBpbC5hdFwvd3AtY29udGVudFwvdXBsb2Fkc1wvMjAyM1wvMDlcL2t3YXBpbGdlYmFldWRlLTEuanBnIn0%3D\">\n\t\t\t\t\t\t\t<img fetchpriority=\"high\" decoding=\"async\" width=\"372\" height=\"255\" src=\"https:\/\/kwapil.at\/wp-content\/uploads\/2023\/09\/kwapilgebaeude-1.jpg\" class=\"attachment-large size-large wp-image-1963\" alt=\"\" srcset=\"https:\/\/kwapil.at\/wp-content\/uploads\/2023\/09\/kwapilgebaeude-1.jpg 372w, https:\/\/kwapil.at\/wp-content\/uploads\/2023\/09\/kwapilgebaeude-1-300x206.jpg 300w, https:\/\/kwapil.at\/wp-content\/uploads\/2023\/09\/kwapilgebaeude-1-18x12.jpg 18w\" sizes=\"(max-width: 372px) 100vw, 372px\" \/>\t\t\t\t\t\t\t\t<\/a>\n\t\t\t\t\t\t\t\t\t\t\t\t\t\t\t<\/div>\n\t\t\t\t<div class=\"elementor-element elementor-element-6c58be1 elementor-widget elementor-widget-text-editor\" data-id=\"6c58be1\" data-element_type=\"widget\" data-e-type=\"widget\" data-widget_type=\"text-editor.default\">\n\t\t\t\t\t\t\t\t\t<p><span style=\"font-size: 12px;\">Budova spole\u010dnosti Kwapil &amp; Co v roce 2010<\/span><\/p>\t\t\t\t\t\t\t\t<\/div>\n\t\t\t\t<\/div>\n\t\t<div class=\"elementor-element elementor-element-d6604e6 e-con-full e-flex e-con e-child\" data-id=\"d6604e6\" data-element_type=\"container\" data-e-type=\"container\">\n\t\t\t\t<div class=\"elementor-element elementor-element-3d86289 elementor-widget elementor-widget-text-editor\" data-id=\"3d86289\" data-element_type=\"widget\" data-e-type=\"widget\" data-widget_type=\"text-editor.default\">\n\t\t\t\t\t\t\t\t\t<p>V\u0161e o automatizaci<br \/>Rakousk\u00e1 premi\u00e9ra<\/p>\t\t\t\t\t\t\t\t<\/div>\n\t\t\t\t<div class=\"elementor-element elementor-element-207d09d elementor-widget elementor-widget-image\" data-id=\"207d09d\" data-element_type=\"widget\" data-e-type=\"widget\" data-widget_type=\"image.default\">\n\t\t\t\t\t\t\t\t\t\t\t\t\t\t\t<img decoding=\"async\" width=\"915\" height=\"644\" src=\"https:\/\/kwapil.at\/wp-content\/uploads\/2026\/03\/AAA_Website-Kopie.jpg\" class=\"attachment-full size-full wp-image-14343\" alt=\"\" srcset=\"https:\/\/kwapil.at\/wp-content\/uploads\/2026\/03\/AAA_Website-Kopie.jpg 915w, https:\/\/kwapil.at\/wp-content\/uploads\/2026\/03\/AAA_Website-Kopie-300x211.jpg 300w, https:\/\/kwapil.at\/wp-content\/uploads\/2026\/03\/AAA_Website-Kopie-768x541.jpg 768w, https:\/\/kwapil.at\/wp-content\/uploads\/2026\/03\/AAA_Website-Kopie-18x12.jpg 18w\" sizes=\"(max-width: 915px) 100vw, 915px\" \/>\t\t\t\t\t\t\t\t\t\t\t\t\t\t\t<\/div>\n\t\t<div class=\"elementor-element elementor-element-da87ac5 e-con-full e-flex e-con e-child\" data-id=\"da87ac5\" data-element_type=\"container\" data-e-type=\"container\">\n\t\t\t\t<div class=\"elementor-element elementor-element-5c20468 elementor-widget elementor-widget-text-editor\" data-id=\"5c20468\" data-element_type=\"widget\" data-e-type=\"widget\" data-widget_type=\"text-editor.default\">\n\t\t\t\t\t\t\t\t\t<p><b>maxon | Kwapil &amp; Co je tam.<\/b><\/p><p>Na veletrhu All about Automation se koncov\u00ed u\u017eivatel\u00e9 setkaj\u00ed s dodavateli automatiza\u010dn\u00edch komponent a syst\u00e9m\u016f, robotick\u00fdch \u0159e\u0161en\u00ed, integr\u00e1tory, poskytovateli softwaru a distributory.<\/p><p>Nav\u0161tivte n\u00e1s na na\u0161\u00ed<br \/>V\u00fdstavn\u00ed st\u00e1nek <strong>\u010d. 129<\/strong><\/p><p><a href=\"https:\/\/www.wels.allaboutautomation.de\/en\/exhibitors\/maxon-kwapil-co-gmbh-216332\/\" target=\"_blank\" rel=\"noopener\"><span style=\"color: #dc0000;\"><span style=\"font-size: 13.3333px;\"><span style=\"font-weight: normal;\">Profil vystavovatele<\/span><\/span><\/span><\/a><\/p>\t\t\t\t\t\t\t\t<\/div>\n\t\t\t\t<\/div>\n\t\t<div class=\"elementor-element elementor-element-5a3c25f e-con-full e-flex e-con e-child\" data-id=\"5a3c25f\" data-element_type=\"container\" data-e-type=\"container\">\n\t\t<div class=\"elementor-element elementor-element-5cb4cd2 e-con-full e-flex e-con e-child\" data-id=\"5cb4cd2\" data-element_type=\"container\" data-e-type=\"container\">\n\t\t\t\t<div class=\"elementor-element elementor-element-5f1c175 elementor-widget elementor-widget-text-editor\" data-id=\"5f1c175\" data-element_type=\"widget\" data-e-type=\"widget\" data-widget_type=\"text-editor.default\">\n\t\t\t\t\t\t\t\t\tMezin\u00e1rodn\u00ed konference IEEE o robotice a automatizaci 2026\u00a0\t\t\t\t\t\t\t\t<\/div>\n\t\t\t\t<div class=\"elementor-element elementor-element-53fd115 elementor-widget elementor-widget-image\" data-id=\"53fd115\" data-element_type=\"widget\" data-e-type=\"widget\" data-widget_type=\"image.default\">\n\t\t\t\t\t\t\t\t\t\t\t\t\t\t\t<img decoding=\"async\" width=\"915\" height=\"644\" src=\"https:\/\/kwapil.at\/wp-content\/uploads\/2026\/03\/ICRA_Website_neu.jpg\" class=\"attachment-full size-full wp-image-14341\" alt=\"\" srcset=\"https:\/\/kwapil.at\/wp-content\/uploads\/2026\/03\/ICRA_Website_neu.jpg 915w, https:\/\/kwapil.at\/wp-content\/uploads\/2026\/03\/ICRA_Website_neu-300x211.jpg 300w, https:\/\/kwapil.at\/wp-content\/uploads\/2026\/03\/ICRA_Website_neu-768x541.jpg 768w, https:\/\/kwapil.at\/wp-content\/uploads\/2026\/03\/ICRA_Website_neu-18x12.jpg 18w\" sizes=\"(max-width: 915px) 100vw, 915px\" \/>\t\t\t\t\t\t\t\t\t\t\t\t\t\t\t<\/div>\n\t\t\t\t<div class=\"elementor-element elementor-element-933ffee elementor-widget elementor-widget-text-editor\" data-id=\"933ffee\" data-element_type=\"widget\" data-e-type=\"widget\" data-widget_type=\"text-editor.default\">\n\t\t\t\t\t\t\t\t\tSetkejte se s p\u0159edn\u00edmi sv\u011btov\u00fdmi v\u00fdzkumn\u00edky, vedouc\u00edmi pracovn\u00edky v oboru a nad\u0161enci do robotiky na konferenci <strong>ICRA 2026.<\/strong>\nKrom\u011b v\u00fdstav na\u0161ich firemn\u00edch partner\u016f jsou sou\u010d\u00e1st\u00ed akce tak\u00e9 plen\u00e1rn\u00ed zased\u00e1n\u00ed a keynote, p\u0159edn\u00e1\u0161ky a interaktivn\u00ed akce a tak\u00e9 sout\u011b\u017ee robot\u016f.\n\nNav\u0161tivte n\u00e1s na na\u0161em v\u00fdstavn\u00edm st\u00e1nku<strong> \u010d. 153<\/strong><br><p><p>\n\n<a href=\"https:\/\/2026.ieee-icra.org\/\" target=\"_blank\" rel=\"noopener\"><span style=\"color: #dc0000;\"><span style=\"font-size: 13.3333px;\"><span style=\"font-weight: normal;\">Na webov\u00e9 str\u00e1nky<\/span><\/span><\/span><\/a>\t\t\t\t\t\t\t\t<\/div>\n\t\t\t\t<\/div>\n\t\t\t\t<\/div>\n\t\t\t\t<\/div>\n\t\t\t\t<\/div>\n\t\t\t\t<\/div>","protected":false},"excerpt":{"rendered":"<p>Kwapil &amp; Co Antriebstechnik und Elektronik Seit 1975 f\u00fchrend auf dem Gebiet der Antriebstechnik. Gegr\u00fcndet im Jahr 1975 von Elektroingenieur Kurt Kwapil, bietet Kwapil &amp; Co seit 50 Jahren Produkte von weltweit f\u00fchrenden Anbietern der Antriebstechnik und Elektronik an. Das Angebot reicht von Motoren \u00fcber Multiachsencontroller bis hin zu kompletten, mechatronischen Antriebssystemen. Neben dem Hauptsitz [&hellip;]<\/p>\n","protected":false},"author":1,"featured_media":0,"parent":0,"menu_order":0,"comment_status":"closed","ping_status":"closed","template":"","meta":{"footnotes":""},"class_list":["post-2","page","type-page","status-publish","hentry"],"yoast_head":"<!-- This site is optimized with the Yoast SEO Premium plugin v27.5 (Yoast SEO v27.5) - https:\/\/yoast.com\/product\/yoast-seo-premium-wordpress\/ -->\n<title>Unternehmen - maxon | Kwapil<\/title>\n<meta name=\"robots\" content=\"index, follow, max-snippet:-1, max-image-preview:large, max-video-preview:-1\" \/>\n<link rel=\"canonical\" href=\"https:\/\/kwapil.at\/cz\/\" \/>\n<meta property=\"og:locale\" content=\"cs_CZ\" \/>\n<meta property=\"og:type\" content=\"article\" \/>\n<meta property=\"og:title\" content=\"Unternehmen\" \/>\n<meta property=\"og:description\" content=\"Kwapil &amp; Co Antriebstechnik und Elektronik Seit 1975 f\u00fchrend auf dem Gebiet der Antriebstechnik. Gegr\u00fcndet im Jahr 1975 von Elektroingenieur Kurt Kwapil, bietet Kwapil &amp; Co seit 50 Jahren Produkte von weltweit f\u00fchrenden Anbietern der Antriebstechnik und Elektronik an. Das Angebot reicht von Motoren \u00fcber Multiachsencontroller bis hin zu kompletten, mechatronischen Antriebssystemen. Neben dem Hauptsitz [&hellip;]\" \/>\n<meta property=\"og:url\" content=\"https:\/\/kwapil.at\/cz\/\" \/>\n<meta property=\"og:site_name\" content=\"maxon | Kwapil\" \/>\n<meta property=\"article:modified_time\" content=\"2026-05-06T15:12:28+00:00\" \/>\n<meta property=\"og:image\" content=\"https:\/\/kwapil.at\/wp-content\/uploads\/2023\/09\/kwapilgebaeude-1.jpg\" \/>\n\t<meta property=\"og:image:width\" content=\"372\" \/>\n\t<meta property=\"og:image:height\" content=\"255\" \/>\n\t<meta property=\"og:image:type\" content=\"image\/jpeg\" \/>\n<meta name=\"twitter:card\" content=\"summary_large_image\" \/>\n<meta name=\"twitter:label1\" content=\"Odhadovan\u00e1 doba \u010dten\u00ed\" \/>\n\t<meta name=\"twitter:data1\" content=\"2 minuty\" \/>\n<script type=\"application\/ld+json\" class=\"yoast-schema-graph\">{\"@context\":\"https:\\\/\\\/schema.org\",\"@graph\":[{\"@type\":\"WebPage\",\"@id\":\"https:\\\/\\\/kwapil.at\\\/de\\\/\",\"url\":\"https:\\\/\\\/kwapil.at\\\/de\\\/\",\"name\":\"Unternehmen - maxon | Kwapil\",\"isPartOf\":{\"@id\":\"https:\\\/\\\/kwapil.at\\\/#website\"},\"primaryImageOfPage\":{\"@id\":\"https:\\\/\\\/kwapil.at\\\/de\\\/#primaryimage\"},\"image\":{\"@id\":\"https:\\\/\\\/kwapil.at\\\/de\\\/#primaryimage\"},\"thumbnailUrl\":\"https:\\\/\\\/kwapil.at\\\/wp-content\\\/uploads\\\/2023\\\/09\\\/kwapilgebaeude-1.jpg\",\"datePublished\":\"2023-09-15T09:57:07+00:00\",\"dateModified\":\"2026-05-06T15:12:28+00:00\",\"breadcrumb\":{\"@id\":\"https:\\\/\\\/kwapil.at\\\/de\\\/#breadcrumb\"},\"inLanguage\":\"cs\",\"potentialAction\":[{\"@type\":\"ReadAction\",\"target\":[\"https:\\\/\\\/kwapil.at\\\/de\\\/\"]}]},{\"@type\":\"ImageObject\",\"inLanguage\":\"cs\",\"@id\":\"https:\\\/\\\/kwapil.at\\\/de\\\/#primaryimage\",\"url\":\"https:\\\/\\\/kwapil.at\\\/wp-content\\\/uploads\\\/2023\\\/09\\\/kwapilgebaeude-1.jpg\",\"contentUrl\":\"https:\\\/\\\/kwapil.at\\\/wp-content\\\/uploads\\\/2023\\\/09\\\/kwapilgebaeude-1.jpg\"},{\"@type\":\"BreadcrumbList\",\"@id\":\"https:\\\/\\\/kwapil.at\\\/de\\\/#breadcrumb\",\"itemListElement\":[{\"@type\":\"ListItem\",\"position\":1,\"name\":\"Unternehmen\",\"item\":\"https:\\\/\\\/kwapil.at\\\/de\\\/\"},{\"@type\":\"ListItem\",\"position\":2,\"name\":\"Unternehmen\"}]},{\"@type\":\"WebSite\",\"@id\":\"https:\\\/\\\/kwapil.at\\\/#website\",\"url\":\"https:\\\/\\\/kwapil.at\\\/\",\"name\":\"Kwapil.com\",\"description\":\"Antriebstechnik und Elektronik\",\"publisher\":{\"@id\":\"https:\\\/\\\/kwapil.at\\\/#organization\"},\"alternateName\":\"maxongroup.at\",\"potentialAction\":[{\"@type\":\"SearchAction\",\"target\":{\"@type\":\"EntryPoint\",\"urlTemplate\":\"https:\\\/\\\/kwapil.at\\\/?s={search_term_string}\"},\"query-input\":{\"@type\":\"PropertyValueSpecification\",\"valueRequired\":true,\"valueName\":\"search_term_string\"}}],\"inLanguage\":\"cs\"},{\"@type\":\"Organization\",\"@id\":\"https:\\\/\\\/kwapil.at\\\/#organization\",\"name\":\"Kwapil & Co GmbH\",\"alternateName\":\"Maxon | Kwapil\",\"url\":\"https:\\\/\\\/kwapil.at\\\/\",\"logo\":{\"@type\":\"ImageObject\",\"inLanguage\":\"cs\",\"@id\":\"https:\\\/\\\/kwapil.at\\\/#\\\/schema\\\/logo\\\/image\\\/\",\"url\":\"https:\\\/\\\/kwapil.at\\\/wp-content\\\/uploads\\\/2023\\\/09\\\/cropped-kwapil_maxon_logo_standard_rgb.png\",\"contentUrl\":\"https:\\\/\\\/kwapil.at\\\/wp-content\\\/uploads\\\/2023\\\/09\\\/cropped-kwapil_maxon_logo_standard_rgb.png\",\"width\":200,\"height\":28,\"caption\":\"Kwapil & Co GmbH\"},\"image\":{\"@id\":\"https:\\\/\\\/kwapil.at\\\/#\\\/schema\\\/logo\\\/image\\\/\"},\"sameAs\":[\"https:\\\/\\\/www.linkedin.com\\\/company\\\/2505461\\\/\"],\"description\":\"\u00dcber 40 Jahre vertreibt Kwapil & Co Produkte von weltweit f\u00fchrenden Anbietern der Antriebstechnik und Elektronik an. Das Angebot reicht von Motoren \u00fcber Multiachsencontroller bis hin zu kompletten, mechatronischen Antriebssystemen. Seit 2012 ist Kwapil & Co ein Unternehmen der Schweizer maxon Gruppe.\",\"email\":\"verkauf.at@maxongroup.com\",\"telephone\":\"+43 1 278 85 85\",\"legalName\":\"Kwapil & Co GmbH\",\"foundingDate\":\"1975-05-01\",\"numberOfEmployees\":{\"@type\":\"QuantitativeValue\",\"minValue\":\"11\",\"maxValue\":\"50\"},\"ownershipFundingInfo\":\"https:\\\/\\\/kwapil.at\\\/de\\\/impressum\\\/\",\"ethicsPolicy\":\"https:\\\/\\\/kwapil.at\\\/de\\\/verhaltensrichtlinien\\\/\"}]}<\/script>\n<!-- \/ Yoast SEO Premium plugin. -->","yoast_head_json":{"title":"Spole\u010dnost - maxon | Kwapil","robots":{"index":"index","follow":"follow","max-snippet":"max-snippet:-1","max-image-preview":"max-image-preview:large","max-video-preview":"max-video-preview:-1"},"canonical":"https:\/\/kwapil.at\/cz\/","og_locale":"cs_CZ","og_type":"article","og_title":"Unternehmen","og_description":"Kwapil &amp; Co Antriebstechnik und Elektronik Seit 1975 f\u00fchrend auf dem Gebiet der Antriebstechnik. Gegr\u00fcndet im Jahr 1975 von Elektroingenieur Kurt Kwapil, bietet Kwapil &amp; Co seit 50 Jahren Produkte von weltweit f\u00fchrenden Anbietern der Antriebstechnik und Elektronik an. Das Angebot reicht von Motoren \u00fcber Multiachsencontroller bis hin zu kompletten, mechatronischen Antriebssystemen. Neben dem Hauptsitz [&hellip;]","og_url":"https:\/\/kwapil.at\/cz\/","og_site_name":"maxon | Kwapil","article_modified_time":"2026-05-06T15:12:28+00:00","og_image":[{"width":372,"height":255,"url":"https:\/\/kwapil.at\/wp-content\/uploads\/2023\/09\/kwapilgebaeude-1.jpg","type":"image\/jpeg"}],"twitter_card":"summary_large_image","twitter_misc":{"Odhadovan\u00e1 doba \u010dten\u00ed":"2 minuty"},"schema":{"@context":"https:\/\/schema.org","@graph":[{"@type":"WebPage","@id":"https:\/\/kwapil.at\/de\/","url":"https:\/\/kwapil.at\/de\/","name":"Spole\u010dnost - maxon | Kwapil","isPartOf":{"@id":"https:\/\/kwapil.at\/#website"},"primaryImageOfPage":{"@id":"https:\/\/kwapil.at\/de\/#primaryimage"},"image":{"@id":"https:\/\/kwapil.at\/de\/#primaryimage"},"thumbnailUrl":"https:\/\/kwapil.at\/wp-content\/uploads\/2023\/09\/kwapilgebaeude-1.jpg","datePublished":"2023-09-15T09:57:07+00:00","dateModified":"2026-05-06T15:12:28+00:00","breadcrumb":{"@id":"https:\/\/kwapil.at\/de\/#breadcrumb"},"inLanguage":"cs","potentialAction":[{"@type":"ReadAction","target":["https:\/\/kwapil.at\/de\/"]}]},{"@type":"ImageObject","inLanguage":"cs","@id":"https:\/\/kwapil.at\/de\/#primaryimage","url":"https:\/\/kwapil.at\/wp-content\/uploads\/2023\/09\/kwapilgebaeude-1.jpg","contentUrl":"https:\/\/kwapil.at\/wp-content\/uploads\/2023\/09\/kwapilgebaeude-1.jpg"},{"@type":"BreadcrumbList","@id":"https:\/\/kwapil.at\/de\/#breadcrumb","itemListElement":[{"@type":"ListItem","position":1,"name":"Unternehmen","item":"https:\/\/kwapil.at\/de\/"},{"@type":"ListItem","position":2,"name":"Unternehmen"}]},{"@type":"WebSite","@id":"https:\/\/kwapil.at\/#website","url":"https:\/\/kwapil.at\/","name":"Kwapil.com","description":"Pohonn\u00e1 technologie","publisher":{"@id":"https:\/\/kwapil.at\/#organization"},"alternateName":"maxongroup.at","potentialAction":[{"@type":"SearchAction","target":{"@type":"EntryPoint","urlTemplate":"https:\/\/kwapil.at\/?s={search_term_string}"},"query-input":{"@type":"PropertyValueSpecification","valueRequired":true,"valueName":"search_term_string"}}],"inLanguage":"cs"},{"@type":"Organization","@id":"https:\/\/kwapil.at\/#organization","name":"Kwapil &amp; Co GmbH","alternateName":"Maxon | Kwapil","url":"https:\/\/kwapil.at\/","logo":{"@type":"ImageObject","inLanguage":"cs","@id":"https:\/\/kwapil.at\/#\/schema\/logo\/image\/","url":"https:\/\/kwapil.at\/wp-content\/uploads\/2023\/09\/cropped-kwapil_maxon_logo_standard_rgb.png","contentUrl":"https:\/\/kwapil.at\/wp-content\/uploads\/2023\/09\/cropped-kwapil_maxon_logo_standard_rgb.png","width":200,"height":28,"caption":"Kwapil & Co GmbH"},"image":{"@id":"https:\/\/kwapil.at\/#\/schema\/logo\/image\/"},"sameAs":["https:\/\/www.linkedin.com\/company\/2505461\/"],"description":"Spole\u010dnost Kwapil &amp; Co ji\u017e v\u00edce ne\u017e 40 let prod\u00e1v\u00e1 v\u00fdrobky p\u0159edn\u00edch sv\u011btov\u00fdch dodavatel\u016f pohonn\u00e9 techniky a elektroniky. Sortiment v\u00fdrobk\u016f sah\u00e1 od motor\u016f a v\u00edceos\u00fdch regul\u00e1tor\u016f a\u017e po kompletn\u00ed mechatronick\u00e9 pohonn\u00e9 syst\u00e9my. Od roku 2012 je spole\u010dnost Kwapil &amp; Co sou\u010d\u00e1st\u00ed \u0161v\u00fdcarsk\u00e9 skupiny maxon.","email":"verkauf.at@maxongroup.com","telephone":"+43 1 278 85 85","legalName":"Kwapil & Co GmbH","foundingDate":"1975-05-01","numberOfEmployees":{"@type":"QuantitativeValue","minValue":"11","maxValue":"50"},"ownershipFundingInfo":"https:\/\/kwapil.at\/de\/impressum\/","ethicsPolicy":"https:\/\/kwapil.at\/de\/verhaltensrichtlinien\/"}]}},"_links":{"self":[{"href":"https:\/\/kwapil.at\/cz\/wp-json\/wp\/v2\/pages\/2","targetHints":{"allow":["GET"]}}],"collection":[{"href":"https:\/\/kwapil.at\/cz\/wp-json\/wp\/v2\/pages"}],"about":[{"href":"https:\/\/kwapil.at\/cz\/wp-json\/wp\/v2\/types\/page"}],"author":[{"embeddable":true,"href":"https:\/\/kwapil.at\/cz\/wp-json\/wp\/v2\/users\/1"}],"replies":[{"embeddable":true,"href":"https:\/\/kwapil.at\/cz\/wp-json\/wp\/v2\/comments?post=2"}],"version-history":[{"count":216,"href":"https:\/\/kwapil.at\/cz\/wp-json\/wp\/v2\/pages\/2\/revisions"}],"predecessor-version":[{"id":14397,"href":"https:\/\/kwapil.at\/cz\/wp-json\/wp\/v2\/pages\/2\/revisions\/14397"}],"wp:attachment":[{"href":"https:\/\/kwapil.at\/cz\/wp-json\/wp\/v2\/media?parent=2"}],"curies":[{"name":"wp","href":"https:\/\/api.w.org\/{rel}","templated":true}]}}