{"id":281,"date":"2023-09-18T15:29:04","date_gmt":"2023-09-18T13:29:04","guid":{"rendered":"https:\/\/kwapil.austroplace.at\/?page_id=281"},"modified":"2025-07-24T11:06:39","modified_gmt":"2025-07-24T09:06:39","slug":"verhaltensrichtlinien","status":"publish","type":"page","link":"https:\/\/kwapil.at\/cz\/verhaltensrichtlinien\/","title":{"rendered":"Etick\u00fd kodex"},"content":{"rendered":"<div data-elementor-type=\"wp-page\" data-elementor-id=\"281\" class=\"elementor elementor-281\" data-elementor-post-type=\"page\">\n\t\t\t\t<div class=\"elementor-element elementor-element-53d9829 e-flex e-con-boxed e-con e-parent\" data-id=\"53d9829\" data-element_type=\"container\" data-e-type=\"container\">\n\t\t\t\t\t<div class=\"e-con-inner\">\n\t\t\t\t<div class=\"elementor-element elementor-element-b23c3df elementor-widget elementor-widget-text-editor\" data-id=\"b23c3df\" data-element_type=\"widget\" data-e-type=\"widget\" data-widget_type=\"text-editor.default\">\n\t\t\t\t\t\t\t\t\tNach\u00e1z\u00edte se zde: <b><a href=\"https:\/\/kwapil.at\/cz\/\">Spole\u010dnost<\/a>\u00a0<\/b> &gt; Pokyny pro chov\u00e1n\u00ed\t\t\t\t\t\t\t\t<\/div>\n\t\t\t\t<div class=\"elementor-element elementor-element-5b4aaba elementor-hidden-mobile elementor-widget elementor-widget-heading\" data-id=\"5b4aaba\" data-element_type=\"widget\" data-e-type=\"widget\" data-widget_type=\"heading.default\">\n\t\t\t\t\t<h2 class=\"elementor-heading-title elementor-size-default\">Etick\u00fd kodex spole\u010dnosti maxon<\/h2>\t\t\t\t<\/div>\n\t\t\t\t<div class=\"elementor-element elementor-element-3ed7599 elementor-hidden-desktop elementor-hidden-tablet elementor-widget elementor-widget-heading\" data-id=\"3ed7599\" data-element_type=\"widget\" data-e-type=\"widget\" data-widget_type=\"heading.default\">\n\t\t\t\t\t<h2 class=\"elementor-heading-title elementor-size-default\">Chov\u00e1n\u00ed<br>pokyny <br>ve spole\u010dnosti Maxon<\/h2>\t\t\t\t<\/div>\n\t\t\t\t\t<\/div>\n\t\t\t\t<\/div>\n\t\t<div class=\"elementor-element elementor-element-f79fe1b e-flex e-con-boxed e-con e-parent\" data-id=\"f79fe1b\" data-element_type=\"container\" data-e-type=\"container\">\n\t\t\t\t\t<div class=\"e-con-inner\">\n\t\t\t\t<div class=\"elementor-element elementor-element-170e387 elementor-widget elementor-widget-spacer\" data-id=\"170e387\" data-element_type=\"widget\" data-e-type=\"widget\" data-widget_type=\"spacer.default\">\n\t\t\t\t\t\t\t<div class=\"elementor-spacer\">\n\t\t\t<div class=\"elementor-spacer-inner\"><\/div>\n\t\t<\/div>\n\t\t\t\t\t\t<\/div>\n\t\t\t\t\t<\/div>\n\t\t\t\t<\/div>\n\t\t<div class=\"elementor-element elementor-element-780958dd e-flex e-con-boxed e-con e-parent\" data-id=\"780958dd\" data-element_type=\"container\" data-e-type=\"container\">\n\t\t\t\t\t<div class=\"e-con-inner\">\n\t\t\t\t<div class=\"elementor-element elementor-element-609b8fad elementor-widget elementor-widget-text-editor\" data-id=\"609b8fad\" data-element_type=\"widget\" data-e-type=\"widget\" data-widget_type=\"text-editor.default\">\n\t\t\t\t\t\t\t\t\t<div class=\"sqrallwaysboxed\">\n<div class=\"paragraph\">\n<p>Jedn\u00e1me na z\u00e1klad\u011b spravedlnosti, profesionality a respektu. Proto se v\u0161ichni zam\u011bstnanci spole\u010dnosti maxon zav\u00e1zali dodr\u017eovat nejvy\u0161\u0161\u00ed etick\u00e9 z\u00e1sady p\u0159i jedn\u00e1n\u00ed se z\u00e1kazn\u00edky, obchodn\u00edmi partnery, konkurenty a kolegy.<\/p>\n<p>Skupina maxon Group usiluje o dokonalost sv\u00fdch v\u00fdrobk\u016f. Tot\u00e9\u017e plat\u00ed i pro chov\u00e1n\u00ed v\u0161ech zam\u011bstnanc\u016f, a proto spole\u010dnost dodr\u017euje p\u0159\u00edsn\u00e1 pravidla. Mezi n\u011b pat\u0159\u00ed:<\/p>\n<div class=\"clearfix\">&nbsp;<\/div>\n<\/div>\n<\/div>\n<div class=\"sqrallwaysboxed\">\n<div class=\"paragraph\">\n<ul class=\"list\">\n<li>\n<p><strong>Fair play na trhu. Jsme proti korupci a \u00faplatk\u00e1\u0159stv\u00ed jak\u00e9hokoli druhu.&nbsp;<\/strong>Jsme proti korupci a \u00faplatk\u00e1\u0159stv\u00ed jak\u00e9hokoli druhu.<\/p>\n<\/li>\n<li>\n<p><strong>Respekt.&nbsp;<\/strong>Ke ka\u017ed\u00e9mu zam\u011bstnanci p\u0159istupujeme se stejnou \u00factou. Netolerujeme \u017e\u00e1dnou diskriminaci a obt\u011b\u017eov\u00e1n\u00ed.<\/p>\n<\/li>\n<li>\n<p><strong>Ochrana pracovn\u00edk\u016f.&nbsp;<\/strong>P\u0159i v\u00fdvoji, v\u00fdrob\u011b a dod\u00e1vk\u00e1ch sv\u00fdch v\u00fdrobk\u016f klade spole\u010dnost maxon velk\u00fd d\u016fraz na bezpe\u010dnost a ochranu zdrav\u00ed p\u0159i pr\u00e1ci.<\/p>\n<\/li>\n<li>\n<p><strong>\u0160etrn\u00fd p\u0159\u00edstup k \u017eivotn\u00edmu prost\u0159ed\u00ed.&nbsp;<\/strong>Zav\u00e1zali jsme se pou\u017e\u00edvat udr\u017eiteln\u00e9 materi\u00e1ly a \u0161etrn\u00e9 v\u00fdrobn\u00ed postupy.<\/p>\n<\/li>\n<li>\n<p><strong>Otev\u0159en\u00e1 komunikace.&nbsp;<\/strong>Spole\u010dnost maxon vede dialog se sv\u00fdmi obchodn\u00edmi partnery, zam\u011bstnanci, vl\u00e1dn\u00edmi a regula\u010dn\u00edmi org\u00e1ny a m\u00e9dii na z\u00e1klad\u011b spravedlnosti, profesionality a respektu.<br><br><br><br><\/p>\n<\/li>\n<\/ul>\n<\/div>\n<\/div>\t\t\t\t\t\t\t\t<\/div>\n\t\t\t\t\t<\/div>\n\t\t\t\t<\/div>\n\t\t\t\t<\/div>","protected":false},"excerpt":{"rendered":"<p>Sie sind hier: Unternehmen\u00a0 > Verhaltensrichtlinien Verhaltensrichtlinien bei Maxon Verhaltens-richtlinien bei Maxon Wir handeln auf der Grundlage von Fairness, Professionalit\u00e4t und Respekt. Deshalb verpflichten sich bei maxon alle Mitarbeiter, die h\u00f6chsten ethischen Richtlinien im Umgang mit Kunden, Gesch\u00e4ftspartnern, Konkurrenten und Kollegen einzuhalten. Die maxon Gruppe strebt mit ihren Produkten nach Perfektion. Das Gleiche gilt auch [&hellip;]<\/p>\n","protected":false},"author":1,"featured_media":0,"parent":0,"menu_order":0,"comment_status":"closed","ping_status":"closed","template":"","meta":{"footnotes":""},"class_list":["post-281","page","type-page","status-publish","hentry"],"yoast_head":"<!-- This site is optimized with the Yoast SEO Premium plugin v27.2 (Yoast SEO v27.4) - https:\/\/yoast.com\/product\/yoast-seo-premium-wordpress\/ -->\n<title>Verhaltensrichtlinien - maxon | Kwapil<\/title>\n<meta name=\"robots\" content=\"index, follow, max-snippet:-1, max-image-preview:large, max-video-preview:-1\" \/>\n<link rel=\"canonical\" href=\"https:\/\/kwapil.at\/cz\/verhaltensrichtlinien\/\" \/>\n<meta property=\"og:locale\" content=\"cs_CZ\" \/>\n<meta property=\"og:type\" content=\"article\" \/>\n<meta property=\"og:title\" content=\"Verhaltensrichtlinien\" \/>\n<meta property=\"og:description\" content=\"Sie sind hier: Unternehmen\u00a0 &gt; Verhaltensrichtlinien Verhaltensrichtlinien bei Maxon Verhaltens-richtlinien bei Maxon Wir handeln auf der Grundlage von Fairness, Professionalit\u00e4t und Respekt. Deshalb verpflichten sich bei maxon alle Mitarbeiter, die h\u00f6chsten ethischen Richtlinien im Umgang mit Kunden, Gesch\u00e4ftspartnern, Konkurrenten und Kollegen einzuhalten. Die maxon Gruppe strebt mit ihren Produkten nach Perfektion. Das Gleiche gilt auch [&hellip;]\" \/>\n<meta property=\"og:url\" content=\"https:\/\/kwapil.at\/cz\/verhaltensrichtlinien\/\" \/>\n<meta property=\"og:site_name\" content=\"maxon | Kwapil\" \/>\n<meta property=\"article:modified_time\" content=\"2025-07-24T09:06:39+00:00\" \/>\n<meta property=\"og:image\" content=\"https:\/\/kwapil.at\/wp-content\/uploads\/2023\/09\/maxon1132_DL-cropped.jpg\" \/>\n\t<meta property=\"og:image:width\" content=\"1024\" \/>\n\t<meta property=\"og:image:height\" content=\"576\" \/>\n\t<meta property=\"og:image:type\" content=\"image\/jpeg\" \/>\n<meta name=\"twitter:card\" content=\"summary_large_image\" \/>\n<meta name=\"twitter:label1\" content=\"Odhadovan\u00e1 doba \u010dten\u00ed\" \/>\n\t<meta name=\"twitter:data1\" content=\"1 minuta\" \/>\n<script type=\"application\/ld+json\" class=\"yoast-schema-graph\">{\"@context\":\"https:\\\/\\\/schema.org\",\"@graph\":[{\"@type\":\"WebPage\",\"@id\":\"https:\\\/\\\/kwapil.at\\\/de\\\/verhaltensrichtlinien\\\/\",\"url\":\"https:\\\/\\\/kwapil.at\\\/de\\\/verhaltensrichtlinien\\\/\",\"name\":\"Verhaltensrichtlinien - maxon | Kwapil\",\"isPartOf\":{\"@id\":\"https:\\\/\\\/kwapil.at\\\/#website\"},\"datePublished\":\"2023-09-18T13:29:04+00:00\",\"dateModified\":\"2025-07-24T09:06:39+00:00\",\"breadcrumb\":{\"@id\":\"https:\\\/\\\/kwapil.at\\\/de\\\/verhaltensrichtlinien\\\/#breadcrumb\"},\"inLanguage\":\"cs\",\"potentialAction\":[{\"@type\":\"ReadAction\",\"target\":[\"https:\\\/\\\/kwapil.at\\\/de\\\/verhaltensrichtlinien\\\/\"]}]},{\"@type\":\"BreadcrumbList\",\"@id\":\"https:\\\/\\\/kwapil.at\\\/de\\\/verhaltensrichtlinien\\\/#breadcrumb\",\"itemListElement\":[{\"@type\":\"ListItem\",\"position\":1,\"name\":\"Unternehmen\",\"item\":\"https:\\\/\\\/kwapil.at\\\/de\\\/\"},{\"@type\":\"ListItem\",\"position\":2,\"name\":\"Verhaltensrichtlinien\"}]},{\"@type\":\"WebSite\",\"@id\":\"https:\\\/\\\/kwapil.at\\\/#website\",\"url\":\"https:\\\/\\\/kwapil.at\\\/\",\"name\":\"Kwapil.com\",\"description\":\"Antriebstechnik und Elektronik\",\"publisher\":{\"@id\":\"https:\\\/\\\/kwapil.at\\\/#organization\"},\"alternateName\":\"maxongroup.at\",\"potentialAction\":[{\"@type\":\"SearchAction\",\"target\":{\"@type\":\"EntryPoint\",\"urlTemplate\":\"https:\\\/\\\/kwapil.at\\\/?s={search_term_string}\"},\"query-input\":{\"@type\":\"PropertyValueSpecification\",\"valueRequired\":true,\"valueName\":\"search_term_string\"}}],\"inLanguage\":\"cs\"},{\"@type\":\"Organization\",\"@id\":\"https:\\\/\\\/kwapil.at\\\/#organization\",\"name\":\"Kwapil & Co GmbH\",\"alternateName\":\"Maxon | Kwapil\",\"url\":\"https:\\\/\\\/kwapil.at\\\/\",\"logo\":{\"@type\":\"ImageObject\",\"inLanguage\":\"cs\",\"@id\":\"https:\\\/\\\/kwapil.at\\\/#\\\/schema\\\/logo\\\/image\\\/\",\"url\":\"https:\\\/\\\/kwapil.at\\\/wp-content\\\/uploads\\\/2023\\\/09\\\/cropped-kwapil_maxon_logo_standard_rgb.png\",\"contentUrl\":\"https:\\\/\\\/kwapil.at\\\/wp-content\\\/uploads\\\/2023\\\/09\\\/cropped-kwapil_maxon_logo_standard_rgb.png\",\"width\":200,\"height\":28,\"caption\":\"Kwapil & Co GmbH\"},\"image\":{\"@id\":\"https:\\\/\\\/kwapil.at\\\/#\\\/schema\\\/logo\\\/image\\\/\"},\"sameAs\":[\"https:\\\/\\\/www.linkedin.com\\\/company\\\/2505461\\\/\"],\"description\":\"\u00dcber 40 Jahre vertreibt Kwapil & Co Produkte von weltweit f\u00fchrenden Anbietern der Antriebstechnik und Elektronik an. Das Angebot reicht von Motoren \u00fcber Multiachsencontroller bis hin zu kompletten, mechatronischen Antriebssystemen. Seit 2012 ist Kwapil & Co ein Unternehmen der Schweizer maxon Gruppe.\",\"email\":\"verkauf.at@maxongroup.com\",\"telephone\":\"+43 1 278 85 85\",\"legalName\":\"Kwapil & Co GmbH\",\"foundingDate\":\"1975-05-01\",\"numberOfEmployees\":{\"@type\":\"QuantitativeValue\",\"minValue\":\"11\",\"maxValue\":\"50\"},\"ownershipFundingInfo\":\"https:\\\/\\\/kwapil.at\\\/de\\\/impressum\\\/\",\"ethicsPolicy\":\"https:\\\/\\\/kwapil.at\\\/de\\\/verhaltensrichtlinien\\\/\"}]}<\/script>\n<!-- \/ Yoast SEO Premium plugin. -->","yoast_head_json":{"title":"Pokyny pro chov\u00e1n\u00ed - maxon | Kwapil","robots":{"index":"index","follow":"follow","max-snippet":"max-snippet:-1","max-image-preview":"max-image-preview:large","max-video-preview":"max-video-preview:-1"},"canonical":"https:\/\/kwapil.at\/cz\/verhaltensrichtlinien\/","og_locale":"cs_CZ","og_type":"article","og_title":"Verhaltensrichtlinien","og_description":"Sie sind hier: Unternehmen\u00a0 > Verhaltensrichtlinien Verhaltensrichtlinien bei Maxon Verhaltens-richtlinien bei Maxon Wir handeln auf der Grundlage von Fairness, Professionalit\u00e4t und Respekt. Deshalb verpflichten sich bei maxon alle Mitarbeiter, die h\u00f6chsten ethischen Richtlinien im Umgang mit Kunden, Gesch\u00e4ftspartnern, Konkurrenten und Kollegen einzuhalten. Die maxon Gruppe strebt mit ihren Produkten nach Perfektion. Das Gleiche gilt auch [&hellip;]","og_url":"https:\/\/kwapil.at\/cz\/verhaltensrichtlinien\/","og_site_name":"maxon | Kwapil","article_modified_time":"2025-07-24T09:06:39+00:00","og_image":[{"width":1024,"height":576,"url":"https:\/\/kwapil.at\/wp-content\/uploads\/2023\/09\/maxon1132_DL-cropped.jpg","type":"image\/jpeg"}],"twitter_card":"summary_large_image","twitter_misc":{"Odhadovan\u00e1 doba \u010dten\u00ed":"1 minuta"},"schema":{"@context":"https:\/\/schema.org","@graph":[{"@type":"WebPage","@id":"https:\/\/kwapil.at\/de\/verhaltensrichtlinien\/","url":"https:\/\/kwapil.at\/de\/verhaltensrichtlinien\/","name":"Pokyny pro chov\u00e1n\u00ed - maxon | Kwapil","isPartOf":{"@id":"https:\/\/kwapil.at\/#website"},"datePublished":"2023-09-18T13:29:04+00:00","dateModified":"2025-07-24T09:06:39+00:00","breadcrumb":{"@id":"https:\/\/kwapil.at\/de\/verhaltensrichtlinien\/#breadcrumb"},"inLanguage":"cs","potentialAction":[{"@type":"ReadAction","target":["https:\/\/kwapil.at\/de\/verhaltensrichtlinien\/"]}]},{"@type":"BreadcrumbList","@id":"https:\/\/kwapil.at\/de\/verhaltensrichtlinien\/#breadcrumb","itemListElement":[{"@type":"ListItem","position":1,"name":"Unternehmen","item":"https:\/\/kwapil.at\/de\/"},{"@type":"ListItem","position":2,"name":"Verhaltensrichtlinien"}]},{"@type":"WebSite","@id":"https:\/\/kwapil.at\/#website","url":"https:\/\/kwapil.at\/","name":"Kwapil.com","description":"Pohonn\u00e1 technologie","publisher":{"@id":"https:\/\/kwapil.at\/#organization"},"alternateName":"maxongroup.at","potentialAction":[{"@type":"SearchAction","target":{"@type":"EntryPoint","urlTemplate":"https:\/\/kwapil.at\/?s={search_term_string}"},"query-input":{"@type":"PropertyValueSpecification","valueRequired":true,"valueName":"search_term_string"}}],"inLanguage":"cs"},{"@type":"Organization","@id":"https:\/\/kwapil.at\/#organization","name":"Kwapil &amp; Co GmbH","alternateName":"Maxon | Kwapil","url":"https:\/\/kwapil.at\/","logo":{"@type":"ImageObject","inLanguage":"cs","@id":"https:\/\/kwapil.at\/#\/schema\/logo\/image\/","url":"https:\/\/kwapil.at\/wp-content\/uploads\/2023\/09\/cropped-kwapil_maxon_logo_standard_rgb.png","contentUrl":"https:\/\/kwapil.at\/wp-content\/uploads\/2023\/09\/cropped-kwapil_maxon_logo_standard_rgb.png","width":200,"height":28,"caption":"Kwapil & Co GmbH"},"image":{"@id":"https:\/\/kwapil.at\/#\/schema\/logo\/image\/"},"sameAs":["https:\/\/www.linkedin.com\/company\/2505461\/"],"description":"Spole\u010dnost Kwapil &amp; Co ji\u017e v\u00edce ne\u017e 40 let prod\u00e1v\u00e1 v\u00fdrobky p\u0159edn\u00edch sv\u011btov\u00fdch dodavatel\u016f pohonn\u00e9 techniky a elektroniky. Sortiment v\u00fdrobk\u016f sah\u00e1 od motor\u016f a v\u00edceos\u00fdch regul\u00e1tor\u016f a\u017e po kompletn\u00ed mechatronick\u00e9 pohonn\u00e9 syst\u00e9my. Od roku 2012 je spole\u010dnost Kwapil &amp; Co sou\u010d\u00e1st\u00ed \u0161v\u00fdcarsk\u00e9 skupiny maxon.","email":"verkauf.at@maxongroup.com","telephone":"+43 1 278 85 85","legalName":"Kwapil & Co GmbH","foundingDate":"1975-05-01","numberOfEmployees":{"@type":"QuantitativeValue","minValue":"11","maxValue":"50"},"ownershipFundingInfo":"https:\/\/kwapil.at\/de\/impressum\/","ethicsPolicy":"https:\/\/kwapil.at\/de\/verhaltensrichtlinien\/"}]}},"_links":{"self":[{"href":"https:\/\/kwapil.at\/cz\/wp-json\/wp\/v2\/pages\/281","targetHints":{"allow":["GET"]}}],"collection":[{"href":"https:\/\/kwapil.at\/cz\/wp-json\/wp\/v2\/pages"}],"about":[{"href":"https:\/\/kwapil.at\/cz\/wp-json\/wp\/v2\/types\/page"}],"author":[{"embeddable":true,"href":"https:\/\/kwapil.at\/cz\/wp-json\/wp\/v2\/users\/1"}],"replies":[{"embeddable":true,"href":"https:\/\/kwapil.at\/cz\/wp-json\/wp\/v2\/comments?post=281"}],"version-history":[{"count":9,"href":"https:\/\/kwapil.at\/cz\/wp-json\/wp\/v2\/pages\/281\/revisions"}],"predecessor-version":[{"id":13530,"href":"https:\/\/kwapil.at\/cz\/wp-json\/wp\/v2\/pages\/281\/revisions\/13530"}],"wp:attachment":[{"href":"https:\/\/kwapil.at\/cz\/wp-json\/wp\/v2\/media?parent=281"}],"curies":[{"name":"wp","href":"https:\/\/api.w.org\/{rel}","templated":true}]}}