{"id":689,"date":"2023-09-20T09:57:13","date_gmt":"2023-09-20T07:57:13","guid":{"rendered":"https:\/\/kwapil.austroplace.at\/?page_id=689"},"modified":"2026-03-12T16:18:38","modified_gmt":"2026-03-12T15:18:38","slug":"impressum","status":"publish","type":"page","link":"https:\/\/kwapil.at\/cz\/impressum\/","title":{"rendered":"Impressum"},"content":{"rendered":"<div data-elementor-type=\"wp-page\" data-elementor-id=\"689\" class=\"elementor elementor-689\" data-elementor-post-type=\"page\">\n\t\t\t\t<div class=\"elementor-element elementor-element-869d752 e-flex e-con-boxed e-con e-parent\" data-id=\"869d752\" data-element_type=\"container\" data-e-type=\"container\">\n\t\t\t\t\t<div class=\"e-con-inner\">\n\t\t\t\t<div class=\"elementor-element elementor-element-d58e6b6 elementor-widget elementor-widget-text-editor\" data-id=\"d58e6b6\" data-element_type=\"widget\" data-e-type=\"widget\" data-widget_type=\"text-editor.default\">\n\t\t\t\t\t\t\t\t\t<p>Nach\u00e1z\u00edte se zde: <a href=\"https:\/\/kwapil.at\/cz\/\"><b>Spole\u010dnost <\/b><\/a>&gt; Otisk<\/p>\t\t\t\t\t\t\t\t<\/div>\n\t\t\t\t<div class=\"elementor-element elementor-element-002a1b0 elementor-widget elementor-widget-heading\" data-id=\"002a1b0\" data-element_type=\"widget\" data-e-type=\"widget\" data-widget_type=\"heading.default\">\n\t\t\t\t\t<h2 class=\"elementor-heading-title elementor-size-default\">Impressum<\/h2>\t\t\t\t<\/div>\n\t\t\t\t\t<\/div>\n\t\t\t\t<\/div>\n\t\t<div class=\"elementor-element elementor-element-3b69f04 e-flex e-con-boxed e-con e-parent\" data-id=\"3b69f04\" data-element_type=\"container\" data-e-type=\"container\">\n\t\t\t\t\t<div class=\"e-con-inner\">\n\t\t\t\t<div class=\"elementor-element elementor-element-8130d5c elementor-widget elementor-widget-html\" data-id=\"8130d5c\" data-element_type=\"widget\" data-e-type=\"widget\" data-widget_type=\"html.default\">\n\t\t\t\t\t<table style=\"width: 50%; border-collapse: collapse;\" border=\"0\">\r\n  <thead>\r\n    <tr>\r\n      <th style=\"width: 20%;\">N\u00e1zev spole\u010dnosti<\/th>\r\n      <th style=\"width: 30%;\">Kwapil &amp; Co GmbH<\/th>\r\n    <\/tr>\r\n  <\/thead>\r\n  <tbody>\r\n   <tr>\r\n      <th>Ulice<\/th>\r\n      <th>Kammelweg 9<\/th>\r\n    <\/tr> <tr>\r\n      <th>Po\u0161tovn\u00ed sm\u011brovac\u00ed \u010d\u00edslo \/ m\u00edsto<\/th>\r\n      <th>1210 V\u00edde\u0148<\/th>\r\n    <\/tr> <tr>\r\n      <th>Telefon<\/th>\r\n      <th><a href=\"tel:+43 12788585\">+43 1 278 85 85<\/a><\/th>\r\n    <\/tr> <tr>\r\n      <th>Webov\u00e9 str\u00e1nky<\/th>\r\n      <th><a href=\"https:\/\/kwapil.at\/cz\/\">https:\/\/kwapil.at<\/a>\r\n<\/th>\r\n    <\/tr> <tr>\r\n      <th>E-mail<\/th>\r\n      <th><a href=\"mailto:sales.cz@maxongroup.com\">sales.cz@maxongroup.com<\/a><\/th>\r\n    <\/tr> <tr>\r\n      <th>Ochrana \u00fadaj\u016f<\/th>\r\n      <th><a href=\"mailto:datenschutz.at@maxongroup.com\">datenschutz.at@maxongroup.com<\/a><\/th>\r\n    <\/tr> <tr>\r\n      <th>Registra\u010dn\u00ed \u010d\u00edslo spole\u010dnosti<\/th>\r\n      <th>126212g<\/th>\r\n    <\/tr> <tr>\r\n      <th>Obchodn\u00ed rejst\u0159\u00edkov\u00fd soud<\/th>\r\n      <th>Obchodn\u00ed soud ve V\u00eddni<\/th>\r\n    <\/tr> <tr>\r\n      <th>Autorita podle EKG<\/th>\r\n      <th>\u00da\u0159ad m\u011bstsk\u00e9ho obvodu XXI<\/th>\r\n    <\/tr> <tr>\r\n      <th>UID<\/th>\r\n      <th>ATU15072604<\/th>\r\n    <\/tr><tr>\r\n      <th>S\u00eddlo spole\u010dnosti<\/th>\r\n      <th>V\u00edde\u0148<\/th>\r\n    <\/tr><tr>\r\n      <th>Obchodn\u00ed \u00fa\u010del<\/th>\r\n      <th>Prodej, servis v\u00fdrobk\u016f pro pohonnou techniku<\/th>\r\n    <\/tr><tr>\r\n      <th>Management<\/th>\r\n      <th>Gerhard Sandbichler<br> Dr. Eva-Viktoria Rottensteiner-Kwapilov\u00e1<\/th>\r\n    <\/tr><tr>\r\n      <th>WKO - Informace<\/th>\r\n      <th><a href=\"https:\/\/firmen.wko.at\/kwapil---co-gesellschaft-mbh\/wien\/?firmaid=af2a9088-1f15-48f3-bbaf-25783665ff4a&suchbegriff=kwapil\" target=\"_blank\" rel=\"noopener\">Spole\u010dnost WKO<\/a><\/th>\r\n    <\/tr>\r\n  <\/tbody>\r\n<\/table>\t\t\t\t<\/div>\n\t\t\t\t\t<\/div>\n\t\t\t\t<\/div>\n\t\t<div class=\"elementor-element elementor-element-9ec55b6 e-flex e-con-boxed e-con e-parent\" data-id=\"9ec55b6\" data-element_type=\"container\" data-e-type=\"container\">\n\t\t\t\t\t<div class=\"e-con-inner\">\n\t\t\t\t<div class=\"elementor-element elementor-element-cab12d2 elementor-widget elementor-widget-spacer\" data-id=\"cab12d2\" data-element_type=\"widget\" data-e-type=\"widget\" data-widget_type=\"spacer.default\">\n\t\t\t\t\t\t\t<div class=\"elementor-spacer\">\n\t\t\t<div class=\"elementor-spacer-inner\"><\/div>\n\t\t<\/div>\n\t\t\t\t\t\t<\/div>\n\t\t\t\t\t<\/div>\n\t\t\t\t<\/div>\n\t\t\t\t<\/div>","protected":false},"excerpt":{"rendered":"<p>Sie sind hier: Unternehmen &gt; Impressum Impressum Firmenname Kwapil &#038; Co GmbH Stra\u00dfe Kammelweg 9 PLZ \/ Ort 1210 Wien Telefon +43 1 278 85 85 Website https:\/\/kwapil.at E-Mail verkauf.at@maxongroup.com Datenschutz datenschutz.at@maxongroup.com Firmenbuchnummer 126212g Firmenbuchgericht Handelsgericht Wien Beh\u00f6rde gem. ECG Magistratisches Bezirksamt des XXI. Bezirkes UID ATU15072604 Firmensitz Wien Unternehmensgegenstand Verkauf, Service von Produkten f\u00fcr [&hellip;]<\/p>\n","protected":false},"author":1,"featured_media":0,"parent":0,"menu_order":0,"comment_status":"closed","ping_status":"closed","template":"","meta":{"footnotes":""},"class_list":["post-689","page","type-page","status-publish","hentry"],"yoast_head":"<!-- This site is optimized with the Yoast SEO Premium plugin v27.2 (Yoast SEO v27.4) - https:\/\/yoast.com\/product\/yoast-seo-premium-wordpress\/ -->\n<title>Impressum - maxon | Kwapil<\/title>\n<meta name=\"robots\" content=\"index, follow, max-snippet:-1, max-image-preview:large, max-video-preview:-1\" \/>\n<link rel=\"canonical\" href=\"https:\/\/kwapil.at\/cz\/impressum\/\" \/>\n<meta property=\"og:locale\" content=\"cs_CZ\" \/>\n<meta property=\"og:type\" content=\"article\" \/>\n<meta property=\"og:title\" content=\"Impressum\" \/>\n<meta property=\"og:description\" content=\"Sie sind hier: Unternehmen &gt; Impressum Impressum Firmenname Kwapil &#038; Co GmbH Stra\u00dfe Kammelweg 9 PLZ \/ Ort 1210 Wien Telefon +43 1 278 85 85 Website https:\/\/kwapil.at E-Mail verkauf.at@maxongroup.com Datenschutz datenschutz.at@maxongroup.com Firmenbuchnummer 126212g Firmenbuchgericht Handelsgericht Wien Beh\u00f6rde gem. ECG Magistratisches Bezirksamt des XXI. Bezirkes UID ATU15072604 Firmensitz Wien Unternehmensgegenstand Verkauf, Service von Produkten f\u00fcr [&hellip;]\" \/>\n<meta property=\"og:url\" content=\"https:\/\/kwapil.at\/cz\/impressum\/\" \/>\n<meta property=\"og:site_name\" content=\"maxon | Kwapil\" \/>\n<meta property=\"article:modified_time\" content=\"2026-03-12T15:18:38+00:00\" \/>\n<meta property=\"og:image\" content=\"https:\/\/kwapil.at\/wp-content\/uploads\/2023\/09\/maxon1132_DL-cropped.jpg\" \/>\n\t<meta property=\"og:image:width\" content=\"1024\" \/>\n\t<meta property=\"og:image:height\" content=\"576\" \/>\n\t<meta property=\"og:image:type\" content=\"image\/jpeg\" \/>\n<meta name=\"twitter:card\" content=\"summary_large_image\" \/>\n<meta name=\"twitter:label1\" content=\"Odhadovan\u00e1 doba \u010dten\u00ed\" \/>\n\t<meta name=\"twitter:data1\" content=\"1 minuta\" \/>\n<script type=\"application\/ld+json\" class=\"yoast-schema-graph\">{\"@context\":\"https:\\\/\\\/schema.org\",\"@graph\":[{\"@type\":\"WebPage\",\"@id\":\"https:\\\/\\\/kwapil.at\\\/de\\\/impressum\\\/\",\"url\":\"https:\\\/\\\/kwapil.at\\\/de\\\/impressum\\\/\",\"name\":\"Impressum - maxon | Kwapil\",\"isPartOf\":{\"@id\":\"https:\\\/\\\/kwapil.at\\\/#website\"},\"datePublished\":\"2023-09-20T07:57:13+00:00\",\"dateModified\":\"2026-03-12T15:18:38+00:00\",\"breadcrumb\":{\"@id\":\"https:\\\/\\\/kwapil.at\\\/de\\\/impressum\\\/#breadcrumb\"},\"inLanguage\":\"cs\",\"potentialAction\":[{\"@type\":\"ReadAction\",\"target\":[\"https:\\\/\\\/kwapil.at\\\/de\\\/impressum\\\/\"]}]},{\"@type\":\"BreadcrumbList\",\"@id\":\"https:\\\/\\\/kwapil.at\\\/de\\\/impressum\\\/#breadcrumb\",\"itemListElement\":[{\"@type\":\"ListItem\",\"position\":1,\"name\":\"Unternehmen\",\"item\":\"https:\\\/\\\/kwapil.at\\\/de\\\/\"},{\"@type\":\"ListItem\",\"position\":2,\"name\":\"Impressum\"}]},{\"@type\":\"WebSite\",\"@id\":\"https:\\\/\\\/kwapil.at\\\/#website\",\"url\":\"https:\\\/\\\/kwapil.at\\\/\",\"name\":\"Kwapil.com\",\"description\":\"Antriebstechnik und Elektronik\",\"publisher\":{\"@id\":\"https:\\\/\\\/kwapil.at\\\/#organization\"},\"alternateName\":\"maxongroup.at\",\"potentialAction\":[{\"@type\":\"SearchAction\",\"target\":{\"@type\":\"EntryPoint\",\"urlTemplate\":\"https:\\\/\\\/kwapil.at\\\/?s={search_term_string}\"},\"query-input\":{\"@type\":\"PropertyValueSpecification\",\"valueRequired\":true,\"valueName\":\"search_term_string\"}}],\"inLanguage\":\"cs\"},{\"@type\":\"Organization\",\"@id\":\"https:\\\/\\\/kwapil.at\\\/#organization\",\"name\":\"Kwapil & Co GmbH\",\"alternateName\":\"Maxon | Kwapil\",\"url\":\"https:\\\/\\\/kwapil.at\\\/\",\"logo\":{\"@type\":\"ImageObject\",\"inLanguage\":\"cs\",\"@id\":\"https:\\\/\\\/kwapil.at\\\/#\\\/schema\\\/logo\\\/image\\\/\",\"url\":\"https:\\\/\\\/kwapil.at\\\/wp-content\\\/uploads\\\/2023\\\/09\\\/cropped-kwapil_maxon_logo_standard_rgb.png\",\"contentUrl\":\"https:\\\/\\\/kwapil.at\\\/wp-content\\\/uploads\\\/2023\\\/09\\\/cropped-kwapil_maxon_logo_standard_rgb.png\",\"width\":200,\"height\":28,\"caption\":\"Kwapil & Co GmbH\"},\"image\":{\"@id\":\"https:\\\/\\\/kwapil.at\\\/#\\\/schema\\\/logo\\\/image\\\/\"},\"sameAs\":[\"https:\\\/\\\/www.linkedin.com\\\/company\\\/2505461\\\/\"],\"description\":\"\u00dcber 40 Jahre vertreibt Kwapil & Co Produkte von weltweit f\u00fchrenden Anbietern der Antriebstechnik und Elektronik an. Das Angebot reicht von Motoren \u00fcber Multiachsencontroller bis hin zu kompletten, mechatronischen Antriebssystemen. Seit 2012 ist Kwapil & Co ein Unternehmen der Schweizer maxon Gruppe.\",\"email\":\"verkauf.at@maxongroup.com\",\"telephone\":\"+43 1 278 85 85\",\"legalName\":\"Kwapil & Co GmbH\",\"foundingDate\":\"1975-05-01\",\"numberOfEmployees\":{\"@type\":\"QuantitativeValue\",\"minValue\":\"11\",\"maxValue\":\"50\"},\"ownershipFundingInfo\":\"https:\\\/\\\/kwapil.at\\\/de\\\/impressum\\\/\",\"ethicsPolicy\":\"https:\\\/\\\/kwapil.at\\\/de\\\/verhaltensrichtlinien\\\/\"}]}<\/script>\n<!-- \/ Yoast SEO Premium plugin. -->","yoast_head_json":{"title":"Impressum - maxon | Kwapil","robots":{"index":"index","follow":"follow","max-snippet":"max-snippet:-1","max-image-preview":"max-image-preview:large","max-video-preview":"max-video-preview:-1"},"canonical":"https:\/\/kwapil.at\/cz\/impressum\/","og_locale":"cs_CZ","og_type":"article","og_title":"Impressum","og_description":"Sie sind hier: Unternehmen &gt; Impressum Impressum Firmenname Kwapil &#038; Co GmbH Stra\u00dfe Kammelweg 9 PLZ \/ Ort 1210 Wien Telefon +43 1 278 85 85 Website https:\/\/kwapil.at E-Mail verkauf.at@maxongroup.com Datenschutz datenschutz.at@maxongroup.com Firmenbuchnummer 126212g Firmenbuchgericht Handelsgericht Wien Beh\u00f6rde gem. ECG Magistratisches Bezirksamt des XXI. Bezirkes UID ATU15072604 Firmensitz Wien Unternehmensgegenstand Verkauf, Service von Produkten f\u00fcr [&hellip;]","og_url":"https:\/\/kwapil.at\/cz\/impressum\/","og_site_name":"maxon | Kwapil","article_modified_time":"2026-03-12T15:18:38+00:00","og_image":[{"width":1024,"height":576,"url":"https:\/\/kwapil.at\/wp-content\/uploads\/2023\/09\/maxon1132_DL-cropped.jpg","type":"image\/jpeg"}],"twitter_card":"summary_large_image","twitter_misc":{"Odhadovan\u00e1 doba \u010dten\u00ed":"1 minuta"},"schema":{"@context":"https:\/\/schema.org","@graph":[{"@type":"WebPage","@id":"https:\/\/kwapil.at\/de\/impressum\/","url":"https:\/\/kwapil.at\/de\/impressum\/","name":"Impressum - maxon | Kwapil","isPartOf":{"@id":"https:\/\/kwapil.at\/#website"},"datePublished":"2023-09-20T07:57:13+00:00","dateModified":"2026-03-12T15:18:38+00:00","breadcrumb":{"@id":"https:\/\/kwapil.at\/de\/impressum\/#breadcrumb"},"inLanguage":"cs","potentialAction":[{"@type":"ReadAction","target":["https:\/\/kwapil.at\/de\/impressum\/"]}]},{"@type":"BreadcrumbList","@id":"https:\/\/kwapil.at\/de\/impressum\/#breadcrumb","itemListElement":[{"@type":"ListItem","position":1,"name":"Unternehmen","item":"https:\/\/kwapil.at\/de\/"},{"@type":"ListItem","position":2,"name":"Impressum"}]},{"@type":"WebSite","@id":"https:\/\/kwapil.at\/#website","url":"https:\/\/kwapil.at\/","name":"Kwapil.com","description":"Pohonn\u00e1 technologie","publisher":{"@id":"https:\/\/kwapil.at\/#organization"},"alternateName":"maxongroup.at","potentialAction":[{"@type":"SearchAction","target":{"@type":"EntryPoint","urlTemplate":"https:\/\/kwapil.at\/?s={search_term_string}"},"query-input":{"@type":"PropertyValueSpecification","valueRequired":true,"valueName":"search_term_string"}}],"inLanguage":"cs"},{"@type":"Organization","@id":"https:\/\/kwapil.at\/#organization","name":"Kwapil &amp; Co GmbH","alternateName":"Maxon | Kwapil","url":"https:\/\/kwapil.at\/","logo":{"@type":"ImageObject","inLanguage":"cs","@id":"https:\/\/kwapil.at\/#\/schema\/logo\/image\/","url":"https:\/\/kwapil.at\/wp-content\/uploads\/2023\/09\/cropped-kwapil_maxon_logo_standard_rgb.png","contentUrl":"https:\/\/kwapil.at\/wp-content\/uploads\/2023\/09\/cropped-kwapil_maxon_logo_standard_rgb.png","width":200,"height":28,"caption":"Kwapil & Co GmbH"},"image":{"@id":"https:\/\/kwapil.at\/#\/schema\/logo\/image\/"},"sameAs":["https:\/\/www.linkedin.com\/company\/2505461\/"],"description":"Spole\u010dnost Kwapil &amp; Co ji\u017e v\u00edce ne\u017e 40 let prod\u00e1v\u00e1 v\u00fdrobky p\u0159edn\u00edch sv\u011btov\u00fdch dodavatel\u016f pohonn\u00e9 techniky a elektroniky. Sortiment v\u00fdrobk\u016f sah\u00e1 od motor\u016f a v\u00edceos\u00fdch regul\u00e1tor\u016f a\u017e po kompletn\u00ed mechatronick\u00e9 pohonn\u00e9 syst\u00e9my. Od roku 2012 je spole\u010dnost Kwapil &amp; Co sou\u010d\u00e1st\u00ed \u0161v\u00fdcarsk\u00e9 skupiny maxon.","email":"verkauf.at@maxongroup.com","telephone":"+43 1 278 85 85","legalName":"Kwapil & Co GmbH","foundingDate":"1975-05-01","numberOfEmployees":{"@type":"QuantitativeValue","minValue":"11","maxValue":"50"},"ownershipFundingInfo":"https:\/\/kwapil.at\/de\/impressum\/","ethicsPolicy":"https:\/\/kwapil.at\/de\/verhaltensrichtlinien\/"}]}},"_links":{"self":[{"href":"https:\/\/kwapil.at\/cz\/wp-json\/wp\/v2\/pages\/689","targetHints":{"allow":["GET"]}}],"collection":[{"href":"https:\/\/kwapil.at\/cz\/wp-json\/wp\/v2\/pages"}],"about":[{"href":"https:\/\/kwapil.at\/cz\/wp-json\/wp\/v2\/types\/page"}],"author":[{"embeddable":true,"href":"https:\/\/kwapil.at\/cz\/wp-json\/wp\/v2\/users\/1"}],"replies":[{"embeddable":true,"href":"https:\/\/kwapil.at\/cz\/wp-json\/wp\/v2\/comments?post=689"}],"version-history":[{"count":30,"href":"https:\/\/kwapil.at\/cz\/wp-json\/wp\/v2\/pages\/689\/revisions"}],"predecessor-version":[{"id":14337,"href":"https:\/\/kwapil.at\/cz\/wp-json\/wp\/v2\/pages\/689\/revisions\/14337"}],"wp:attachment":[{"href":"https:\/\/kwapil.at\/cz\/wp-json\/wp\/v2\/media?parent=689"}],"curies":[{"name":"wp","href":"https:\/\/api.w.org\/{rel}","templated":true}]}}