{"id":281,"date":"2023-09-18T15:29:04","date_gmt":"2023-09-18T13:29:04","guid":{"rendered":"https:\/\/kwapil.austroplace.at\/?page_id=281"},"modified":"2025-07-24T11:06:39","modified_gmt":"2025-07-24T09:06:39","slug":"verhaltensrichtlinien","status":"publish","type":"page","link":"https:\/\/kwapil.at\/de\/verhaltensrichtlinien\/","title":{"rendered":"Verhaltensrichtlinien"},"content":{"rendered":"\t\t<div data-elementor-type=\"wp-page\" data-elementor-id=\"281\" class=\"elementor elementor-281\" data-elementor-post-type=\"page\">\n\t\t\t\t<div class=\"elementor-element elementor-element-53d9829 e-flex e-con-boxed e-con e-parent\" data-id=\"53d9829\" data-element_type=\"container\" data-e-type=\"container\">\n\t\t\t\t\t<div class=\"e-con-inner\">\n\t\t\t\t<div class=\"elementor-element elementor-element-b23c3df elementor-widget elementor-widget-text-editor\" data-id=\"b23c3df\" data-element_type=\"widget\" data-e-type=\"widget\" data-widget_type=\"text-editor.default\">\n\t\t\t\t\t\t\t\t\tSie sind hier: <b><a href=\"https:\/\/kwapil.at\/\">Unternehmen<\/a>\u00a0<\/b> > Verhaltensrichtlinien\t\t\t\t\t\t\t\t<\/div>\n\t\t\t\t<div class=\"elementor-element elementor-element-5b4aaba elementor-hidden-mobile elementor-widget elementor-widget-heading\" data-id=\"5b4aaba\" data-element_type=\"widget\" data-e-type=\"widget\" data-widget_type=\"heading.default\">\n\t\t\t\t\t<h2 class=\"elementor-heading-title elementor-size-default\">Verhaltensrichtlinien bei Maxon<\/h2>\t\t\t\t<\/div>\n\t\t\t\t<div class=\"elementor-element elementor-element-3ed7599 elementor-hidden-desktop elementor-hidden-tablet elementor-widget elementor-widget-heading\" data-id=\"3ed7599\" data-element_type=\"widget\" data-e-type=\"widget\" data-widget_type=\"heading.default\">\n\t\t\t\t\t<h2 class=\"elementor-heading-title elementor-size-default\">Verhaltens-<br>richtlinien <br>bei Maxon<\/h2>\t\t\t\t<\/div>\n\t\t\t\t\t<\/div>\n\t\t\t\t<\/div>\n\t\t<div class=\"elementor-element elementor-element-f79fe1b e-flex e-con-boxed e-con e-parent\" data-id=\"f79fe1b\" data-element_type=\"container\" data-e-type=\"container\">\n\t\t\t\t\t<div class=\"e-con-inner\">\n\t\t\t\t<div class=\"elementor-element elementor-element-170e387 elementor-widget elementor-widget-spacer\" data-id=\"170e387\" data-element_type=\"widget\" data-e-type=\"widget\" data-widget_type=\"spacer.default\">\n\t\t\t\t\t\t\t<div class=\"elementor-spacer\">\n\t\t\t<div class=\"elementor-spacer-inner\"><\/div>\n\t\t<\/div>\n\t\t\t\t\t\t<\/div>\n\t\t\t\t\t<\/div>\n\t\t\t\t<\/div>\n\t\t<div class=\"elementor-element elementor-element-780958dd e-flex e-con-boxed e-con e-parent\" data-id=\"780958dd\" data-element_type=\"container\" data-e-type=\"container\">\n\t\t\t\t\t<div class=\"e-con-inner\">\n\t\t\t\t<div class=\"elementor-element elementor-element-609b8fad elementor-widget elementor-widget-text-editor\" data-id=\"609b8fad\" data-element_type=\"widget\" data-e-type=\"widget\" data-widget_type=\"text-editor.default\">\n\t\t\t\t\t\t\t\t\t<div class=\"sqrallwaysboxed \">\n<div class=\"paragraph\">\n<p>Wir handeln auf der Grundlage von Fairness, Professionalit\u00e4t und Respekt. Deshalb verpflichten sich bei maxon alle Mitarbeiter, die h\u00f6chsten ethischen Richtlinien im Umgang mit Kunden, Gesch\u00e4ftspartnern, Konkurrenten und Kollegen einzuhalten.<\/p>\n<p>Die maxon Gruppe strebt mit ihren Produkten nach Perfektion. Das Gleiche gilt auch f\u00fcr das Verhalten aller Mitarbeiter, weshalb sich das Unternehmen an strikte Regeln h\u00e4lt. Dazu geh\u00f6rt:<\/p>\n<div class=\"clearfix\">&nbsp;<\/div>\n<\/div>\n<\/div>\n<div class=\"sqrallwaysboxed \">\n<div class=\"paragraph\">\n<ul class=\"list\">\n<li>\n<p><strong>Fairplay am Markt.&nbsp;<\/strong>Wir stellen uns gegen jegliche Art von Korruption und Bestechung.<\/p>\n<\/li>\n<li>\n<p><strong>Respekt.&nbsp;<\/strong>Jedem Mitarbeiter wird mit der gleichen Wertsch\u00e4tzung begegnet. Wir tolerieren keine Diskriminierungen und Bel\u00e4stigungen irgendwelcher Art.<\/p>\n<\/li>\n<li>\n<p><strong>Arbeitnehmerschutz.&nbsp;<\/strong>Bei der Entwicklung, Herstellung und Lieferung der Produkte legt die maxon Gruppe grossen Wert auf Arbeitssicherheit und Gesundheitsvorsorge.<\/p>\n<\/li>\n<li>\n<p><strong>Umweltfreundlich.&nbsp;<\/strong>Wir setzen uns f\u00fcr die Verwendung nachhaltiger Materialien und schonender Produktionsprozesse ein.<\/p>\n<\/li>\n<li>\n<p><strong>Offene Kommunikation.&nbsp;<\/strong>Die maxon Gruppe pflegt mit ihren Gesch\u00e4ftspartnern, ihren Mitarbeitenden, mit Regierungs- und Aufsichtsbeh\u00f6rden sowie mit Medien einen Dialog auf der Grundlage von Fairness, Professionalit\u00e4t und Respekt.<br><br><br><br><\/p>\n<\/li>\n<\/ul>\n<\/div>\n<\/div>\t\t\t\t\t\t\t\t<\/div>\n\t\t\t\t\t<\/div>\n\t\t\t\t<\/div>\n\t\t\t\t<\/div>\n\t\t","protected":false},"excerpt":{"rendered":"<p>Sie sind hier: Unternehmen\u00a0 > Verhaltensrichtlinien Verhaltensrichtlinien bei Maxon Verhaltens-richtlinien bei Maxon Wir handeln auf der Grundlage von Fairness, Professionalit\u00e4t und Respekt. Deshalb verpflichten sich bei maxon alle Mitarbeiter, die h\u00f6chsten ethischen Richtlinien im Umgang mit Kunden, Gesch\u00e4ftspartnern, Konkurrenten und Kollegen einzuhalten. Die maxon Gruppe strebt mit ihren Produkten nach Perfektion. Das Gleiche gilt auch [&hellip;]<\/p>\n","protected":false},"author":1,"featured_media":0,"parent":0,"menu_order":0,"comment_status":"closed","ping_status":"closed","template":"","meta":{"footnotes":""},"class_list":["post-281","page","type-page","status-publish","hentry"],"yoast_head":"<!-- This site is optimized with the Yoast SEO Premium plugin v27.4 (Yoast SEO v27.4) - https:\/\/yoast.com\/product\/yoast-seo-premium-wordpress\/ -->\n<title>Verhaltensrichtlinien - maxon | Kwapil<\/title>\n<meta name=\"robots\" content=\"index, follow, max-snippet:-1, max-image-preview:large, max-video-preview:-1\" \/>\n<link rel=\"canonical\" href=\"https:\/\/kwapil.at\/de\/verhaltensrichtlinien\/\" \/>\n<meta property=\"og:locale\" content=\"de_DE\" \/>\n<meta property=\"og:type\" content=\"article\" \/>\n<meta property=\"og:title\" content=\"Verhaltensrichtlinien\" \/>\n<meta property=\"og:description\" content=\"Sie sind hier: Unternehmen\u00a0 &gt; Verhaltensrichtlinien Verhaltensrichtlinien bei Maxon Verhaltens-richtlinien bei Maxon Wir handeln auf der Grundlage von Fairness, Professionalit\u00e4t und Respekt. Deshalb verpflichten sich bei maxon alle Mitarbeiter, die h\u00f6chsten ethischen Richtlinien im Umgang mit Kunden, Gesch\u00e4ftspartnern, Konkurrenten und Kollegen einzuhalten. Die maxon Gruppe strebt mit ihren Produkten nach Perfektion. Das Gleiche gilt auch [&hellip;]\" \/>\n<meta property=\"og:url\" content=\"https:\/\/kwapil.at\/de\/verhaltensrichtlinien\/\" \/>\n<meta property=\"og:site_name\" content=\"maxon | Kwapil\" \/>\n<meta property=\"article:modified_time\" content=\"2025-07-24T09:06:39+00:00\" \/>\n<meta property=\"og:image\" content=\"https:\/\/kwapil.at\/wp-content\/uploads\/2023\/09\/maxon1132_DL-cropped.jpg\" \/>\n\t<meta property=\"og:image:width\" content=\"1024\" \/>\n\t<meta property=\"og:image:height\" content=\"576\" \/>\n\t<meta property=\"og:image:type\" content=\"image\/jpeg\" \/>\n<meta name=\"twitter:card\" content=\"summary_large_image\" \/>\n<meta name=\"twitter:label1\" content=\"Gesch\u00e4tzte Lesezeit\" \/>\n\t<meta name=\"twitter:data1\" content=\"1\u00a0Minute\" \/>\n<script type=\"application\/ld+json\" class=\"yoast-schema-graph\">{\"@context\":\"https:\\\/\\\/schema.org\",\"@graph\":[{\"@type\":\"WebPage\",\"@id\":\"https:\\\/\\\/kwapil.at\\\/de\\\/verhaltensrichtlinien\\\/\",\"url\":\"https:\\\/\\\/kwapil.at\\\/de\\\/verhaltensrichtlinien\\\/\",\"name\":\"Verhaltensrichtlinien - maxon | Kwapil\",\"isPartOf\":{\"@id\":\"https:\\\/\\\/kwapil.at\\\/#website\"},\"datePublished\":\"2023-09-18T13:29:04+00:00\",\"dateModified\":\"2025-07-24T09:06:39+00:00\",\"breadcrumb\":{\"@id\":\"https:\\\/\\\/kwapil.at\\\/de\\\/verhaltensrichtlinien\\\/#breadcrumb\"},\"inLanguage\":\"de\",\"potentialAction\":[{\"@type\":\"ReadAction\",\"target\":[\"https:\\\/\\\/kwapil.at\\\/de\\\/verhaltensrichtlinien\\\/\"]}]},{\"@type\":\"BreadcrumbList\",\"@id\":\"https:\\\/\\\/kwapil.at\\\/de\\\/verhaltensrichtlinien\\\/#breadcrumb\",\"itemListElement\":[{\"@type\":\"ListItem\",\"position\":1,\"name\":\"Unternehmen\",\"item\":\"https:\\\/\\\/kwapil.at\\\/de\\\/\"},{\"@type\":\"ListItem\",\"position\":2,\"name\":\"Verhaltensrichtlinien\"}]},{\"@type\":\"WebSite\",\"@id\":\"https:\\\/\\\/kwapil.at\\\/#website\",\"url\":\"https:\\\/\\\/kwapil.at\\\/\",\"name\":\"Kwapil.com\",\"description\":\"Antriebstechnik und Elektronik\",\"publisher\":{\"@id\":\"https:\\\/\\\/kwapil.at\\\/#organization\"},\"alternateName\":\"maxongroup.at\",\"potentialAction\":[{\"@type\":\"SearchAction\",\"target\":{\"@type\":\"EntryPoint\",\"urlTemplate\":\"https:\\\/\\\/kwapil.at\\\/?s={search_term_string}\"},\"query-input\":{\"@type\":\"PropertyValueSpecification\",\"valueRequired\":true,\"valueName\":\"search_term_string\"}}],\"inLanguage\":\"de\"},{\"@type\":\"Organization\",\"@id\":\"https:\\\/\\\/kwapil.at\\\/#organization\",\"name\":\"Kwapil & Co GmbH\",\"alternateName\":\"Maxon | Kwapil\",\"url\":\"https:\\\/\\\/kwapil.at\\\/\",\"logo\":{\"@type\":\"ImageObject\",\"inLanguage\":\"de\",\"@id\":\"https:\\\/\\\/kwapil.at\\\/#\\\/schema\\\/logo\\\/image\\\/\",\"url\":\"https:\\\/\\\/kwapil.at\\\/wp-content\\\/uploads\\\/2023\\\/09\\\/cropped-kwapil_maxon_logo_standard_rgb.png\",\"contentUrl\":\"https:\\\/\\\/kwapil.at\\\/wp-content\\\/uploads\\\/2023\\\/09\\\/cropped-kwapil_maxon_logo_standard_rgb.png\",\"width\":200,\"height\":28,\"caption\":\"Kwapil & Co GmbH\"},\"image\":{\"@id\":\"https:\\\/\\\/kwapil.at\\\/#\\\/schema\\\/logo\\\/image\\\/\"},\"sameAs\":[\"https:\\\/\\\/www.linkedin.com\\\/company\\\/2505461\\\/\"],\"description\":\"\u00dcber 40 Jahre vertreibt Kwapil & Co Produkte von weltweit f\u00fchrenden Anbietern der Antriebstechnik und Elektronik an. Das Angebot reicht von Motoren \u00fcber Multiachsencontroller bis hin zu kompletten, mechatronischen Antriebssystemen. Seit 2012 ist Kwapil & Co ein Unternehmen der Schweizer maxon Gruppe.\",\"email\":\"verkauf.at@maxongroup.com\",\"telephone\":\"+43 1 278 85 85\",\"legalName\":\"Kwapil & Co GmbH\",\"foundingDate\":\"1975-05-01\",\"numberOfEmployees\":{\"@type\":\"QuantitativeValue\",\"minValue\":\"11\",\"maxValue\":\"50\"},\"ownershipFundingInfo\":\"https:\\\/\\\/kwapil.at\\\/de\\\/impressum\\\/\",\"ethicsPolicy\":\"https:\\\/\\\/kwapil.at\\\/de\\\/verhaltensrichtlinien\\\/\"}]}<\/script>\n<!-- \/ Yoast SEO Premium plugin. -->","yoast_head_json":{"title":"Verhaltensrichtlinien - maxon | Kwapil","robots":{"index":"index","follow":"follow","max-snippet":"max-snippet:-1","max-image-preview":"max-image-preview:large","max-video-preview":"max-video-preview:-1"},"canonical":"https:\/\/kwapil.at\/de\/verhaltensrichtlinien\/","og_locale":"de_DE","og_type":"article","og_title":"Verhaltensrichtlinien","og_description":"Sie sind hier: Unternehmen\u00a0 > Verhaltensrichtlinien Verhaltensrichtlinien bei Maxon Verhaltens-richtlinien bei Maxon Wir handeln auf der Grundlage von Fairness, Professionalit\u00e4t und Respekt. Deshalb verpflichten sich bei maxon alle Mitarbeiter, die h\u00f6chsten ethischen Richtlinien im Umgang mit Kunden, Gesch\u00e4ftspartnern, Konkurrenten und Kollegen einzuhalten. Die maxon Gruppe strebt mit ihren Produkten nach Perfektion. Das Gleiche gilt auch [&hellip;]","og_url":"https:\/\/kwapil.at\/de\/verhaltensrichtlinien\/","og_site_name":"maxon | Kwapil","article_modified_time":"2025-07-24T09:06:39+00:00","og_image":[{"width":1024,"height":576,"url":"https:\/\/kwapil.at\/wp-content\/uploads\/2023\/09\/maxon1132_DL-cropped.jpg","type":"image\/jpeg"}],"twitter_card":"summary_large_image","twitter_misc":{"Gesch\u00e4tzte Lesezeit":"1\u00a0Minute"},"schema":{"@context":"https:\/\/schema.org","@graph":[{"@type":"WebPage","@id":"https:\/\/kwapil.at\/de\/verhaltensrichtlinien\/","url":"https:\/\/kwapil.at\/de\/verhaltensrichtlinien\/","name":"Verhaltensrichtlinien - maxon | Kwapil","isPartOf":{"@id":"https:\/\/kwapil.at\/#website"},"datePublished":"2023-09-18T13:29:04+00:00","dateModified":"2025-07-24T09:06:39+00:00","breadcrumb":{"@id":"https:\/\/kwapil.at\/de\/verhaltensrichtlinien\/#breadcrumb"},"inLanguage":"de","potentialAction":[{"@type":"ReadAction","target":["https:\/\/kwapil.at\/de\/verhaltensrichtlinien\/"]}]},{"@type":"BreadcrumbList","@id":"https:\/\/kwapil.at\/de\/verhaltensrichtlinien\/#breadcrumb","itemListElement":[{"@type":"ListItem","position":1,"name":"Unternehmen","item":"https:\/\/kwapil.at\/de\/"},{"@type":"ListItem","position":2,"name":"Verhaltensrichtlinien"}]},{"@type":"WebSite","@id":"https:\/\/kwapil.at\/#website","url":"https:\/\/kwapil.at\/","name":"Kwapil.com","description":"Antriebstechnik und Elektronik","publisher":{"@id":"https:\/\/kwapil.at\/#organization"},"alternateName":"maxongroup.at","potentialAction":[{"@type":"SearchAction","target":{"@type":"EntryPoint","urlTemplate":"https:\/\/kwapil.at\/?s={search_term_string}"},"query-input":{"@type":"PropertyValueSpecification","valueRequired":true,"valueName":"search_term_string"}}],"inLanguage":"de"},{"@type":"Organization","@id":"https:\/\/kwapil.at\/#organization","name":"Kwapil & Co GmbH","alternateName":"Maxon | Kwapil","url":"https:\/\/kwapil.at\/","logo":{"@type":"ImageObject","inLanguage":"de","@id":"https:\/\/kwapil.at\/#\/schema\/logo\/image\/","url":"https:\/\/kwapil.at\/wp-content\/uploads\/2023\/09\/cropped-kwapil_maxon_logo_standard_rgb.png","contentUrl":"https:\/\/kwapil.at\/wp-content\/uploads\/2023\/09\/cropped-kwapil_maxon_logo_standard_rgb.png","width":200,"height":28,"caption":"Kwapil & Co GmbH"},"image":{"@id":"https:\/\/kwapil.at\/#\/schema\/logo\/image\/"},"sameAs":["https:\/\/www.linkedin.com\/company\/2505461\/"],"description":"\u00dcber 40 Jahre vertreibt Kwapil & Co Produkte von weltweit f\u00fchrenden Anbietern der Antriebstechnik und Elektronik an. Das Angebot reicht von Motoren \u00fcber Multiachsencontroller bis hin zu kompletten, mechatronischen Antriebssystemen. Seit 2012 ist Kwapil & Co ein Unternehmen der Schweizer maxon Gruppe.","email":"verkauf.at@maxongroup.com","telephone":"+43 1 278 85 85","legalName":"Kwapil & Co GmbH","foundingDate":"1975-05-01","numberOfEmployees":{"@type":"QuantitativeValue","minValue":"11","maxValue":"50"},"ownershipFundingInfo":"https:\/\/kwapil.at\/de\/impressum\/","ethicsPolicy":"https:\/\/kwapil.at\/de\/verhaltensrichtlinien\/"}]}},"_links":{"self":[{"href":"https:\/\/kwapil.at\/de\/wp-json\/wp\/v2\/pages\/281","targetHints":{"allow":["GET"]}}],"collection":[{"href":"https:\/\/kwapil.at\/de\/wp-json\/wp\/v2\/pages"}],"about":[{"href":"https:\/\/kwapil.at\/de\/wp-json\/wp\/v2\/types\/page"}],"author":[{"embeddable":true,"href":"https:\/\/kwapil.at\/de\/wp-json\/wp\/v2\/users\/1"}],"replies":[{"embeddable":true,"href":"https:\/\/kwapil.at\/de\/wp-json\/wp\/v2\/comments?post=281"}],"version-history":[{"count":9,"href":"https:\/\/kwapil.at\/de\/wp-json\/wp\/v2\/pages\/281\/revisions"}],"predecessor-version":[{"id":13530,"href":"https:\/\/kwapil.at\/de\/wp-json\/wp\/v2\/pages\/281\/revisions\/13530"}],"wp:attachment":[{"href":"https:\/\/kwapil.at\/de\/wp-json\/wp\/v2\/media?parent=281"}],"curies":[{"name":"wp","href":"https:\/\/api.w.org\/{rel}","templated":true}]}}