{"id":4085,"date":"2023-10-10T10:57:14","date_gmt":"2023-10-10T08:57:14","guid":{"rendered":"https:\/\/kwapil.austroplace.at\/?page_id=4085"},"modified":"2025-07-14T16:08:32","modified_gmt":"2025-07-14T14:08:32","slug":"linmot","status":"publish","type":"page","link":"https:\/\/kwapil.at\/de\/linmot\/","title":{"rendered":"LinMot"},"content":{"rendered":"\t\t<div data-elementor-type=\"wp-page\" data-elementor-id=\"4085\" class=\"elementor elementor-4085\" data-elementor-post-type=\"page\">\n\t\t\t\t<div class=\"elementor-element elementor-element-d019c98 e-con-full e-flex e-con e-parent\" data-id=\"d019c98\" data-element_type=\"container\" data-e-type=\"container\">\n\t\t\t\t<div class=\"elementor-element elementor-element-593b699 elementor--h-position-center elementor--v-position-middle elementor-arrows-position-inside elementor-pagination-position-inside elementor-widget elementor-widget-slides\" data-id=\"593b699\" data-element_type=\"widget\" data-e-type=\"widget\" data-settings=\"{&quot;navigation&quot;:&quot;both&quot;,&quot;autoplay&quot;:&quot;yes&quot;,&quot;pause_on_hover&quot;:&quot;yes&quot;,&quot;pause_on_interaction&quot;:&quot;yes&quot;,&quot;autoplay_speed&quot;:5000,&quot;infinite&quot;:&quot;yes&quot;,&quot;transition&quot;:&quot;slide&quot;,&quot;transition_speed&quot;:500}\" data-widget_type=\"slides.default\">\n\t\t\t\t\t\t\t\t\t\t<div class=\"elementor-slides-wrapper elementor-main-swiper swiper\" role=\"region\" aria-roledescription=\"carousel\" aria-label=\"Slider\" dir=\"ltr\" data-animation=\"fadeInUp\">\n\t\t\t\t<div class=\"swiper-wrapper elementor-slides\">\n\t\t\t\t\t\t\t\t\t\t<div class=\"elementor-repeater-item-7f62e4c swiper-slide\" role=\"group\" aria-roledescription=\"slide\"><div class=\"swiper-slide-bg elementor-ken-burns elementor-ken-burns--in\" role=\"img\" aria-label=\"maxon1132_DL-cropped\"><\/div><div class=\"swiper-slide-inner\" ><div class=\"swiper-slide-contents\"><\/div><\/div><\/div><div class=\"elementor-repeater-item-10bbdd4 swiper-slide\" role=\"group\" aria-roledescription=\"slide\"><div class=\"swiper-slide-bg elementor-ken-burns elementor-ken-burns--in\" role=\"img\" aria-label=\"maxon1049_DL-cropped\"><\/div><div class=\"swiper-slide-inner\" ><div class=\"swiper-slide-contents\"><\/div><\/div><\/div><div class=\"elementor-repeater-item-8b823fc swiper-slide\" role=\"group\" aria-roledescription=\"slide\"><div class=\"swiper-slide-bg elementor-ken-burns elementor-ken-burns--in\" role=\"img\" aria-label=\"Header_Robotics&amp;E-Mobility\"><\/div><div class=\"swiper-slide-inner\" ><div class=\"swiper-slide-contents\"><\/div><\/div><\/div><div class=\"elementor-repeater-item-8f3989d swiper-slide\" role=\"group\" aria-roledescription=\"slide\"><div class=\"swiper-slide-bg elementor-ken-burns elementor-ken-burns--in\" role=\"img\" aria-label=\"Header_Medical-Technology\"><\/div><div class=\"swiper-slide-inner\" ><div class=\"swiper-slide-contents\"><\/div><\/div><\/div><div class=\"elementor-repeater-item-00b48ac swiper-slide\" role=\"group\" aria-roledescription=\"slide\"><div class=\"swiper-slide-bg elementor-ken-burns elementor-ken-burns--in\" role=\"img\" aria-label=\"Header_Industrial-Automation\"><\/div><div class=\"swiper-slide-inner\" ><div class=\"swiper-slide-contents\"><\/div><\/div><\/div><div class=\"elementor-repeater-item-e4f1072 swiper-slide\" role=\"group\" aria-roledescription=\"slide\"><div class=\"swiper-slide-bg elementor-ken-burns elementor-ken-burns--in\" role=\"img\" aria-label=\"Header_Aerospace\"><\/div><div class=\"swiper-slide-inner\" ><div class=\"swiper-slide-contents\"><\/div><\/div><\/div>\t\t\t\t<\/div>\n\t\t\t\t\t\t\t\t\t\t\t\t\t\t\t<div class=\"elementor-swiper-button elementor-swiper-button-prev\" role=\"button\" tabindex=\"0\" aria-label=\"Vorheriger Slide\">\n\t\t\t\t\t\t\t<svg aria-hidden=\"true\" class=\"e-font-icon-svg e-eicon-chevron-left\" viewBox=\"0 0 1000 1000\" xmlns=\"http:\/\/www.w3.org\/2000\/svg\"><path d=\"M646 125C629 125 613 133 604 142L308 442C296 454 292 471 292 487 292 504 296 521 308 533L604 854C617 867 629 875 646 875 663 875 679 871 692 858 704 846 713 829 713 812 713 796 708 779 692 767L438 487 692 225C700 217 708 204 708 187 708 171 704 154 692 142 675 129 663 125 646 125Z\"><\/path><\/svg>\t\t\t\t\t\t<\/div>\n\t\t\t\t\t\t<div class=\"elementor-swiper-button elementor-swiper-button-next\" role=\"button\" tabindex=\"0\" aria-label=\"N\u00e4chster Slide\">\n\t\t\t\t\t\t\t<svg aria-hidden=\"true\" class=\"e-font-icon-svg e-eicon-chevron-right\" viewBox=\"0 0 1000 1000\" xmlns=\"http:\/\/www.w3.org\/2000\/svg\"><path d=\"M696 533C708 521 713 504 713 487 713 471 708 454 696 446L400 146C388 133 375 125 354 125 338 125 325 129 313 142 300 154 292 171 292 187 292 204 296 221 308 233L563 492 304 771C292 783 288 800 288 817 288 833 296 850 308 863 321 871 338 875 354 875 371 875 388 867 400 854L696 533Z\"><\/path><\/svg>\t\t\t\t\t\t<\/div>\n\t\t\t\t\t\t\t\t\t\t\t\t\t\t\t\t<div class=\"swiper-pagination\"><\/div>\n\t\t\t\t\t\t\t\t\t\t\t\t<\/div>\n\t\t\t\t\t\t\t\t<\/div>\n\t\t\t\t<\/div>\n\t\t<div class=\"elementor-element elementor-element-14b673a e-flex e-con-boxed e-con e-parent\" data-id=\"14b673a\" data-element_type=\"container\" data-e-type=\"container\">\n\t\t\t\t\t<div class=\"e-con-inner\">\n\t\t<div class=\"elementor-element elementor-element-d535737 e-con-full e-flex e-con e-child\" data-id=\"d535737\" data-element_type=\"container\" data-e-type=\"container\">\n\t\t\t\t<div class=\"elementor-element elementor-element-efdef2e elementor-widget elementor-widget-text-editor\" data-id=\"efdef2e\" data-element_type=\"widget\" data-e-type=\"widget\" data-widget_type=\"text-editor.default\">\n\t\t\t\t\t\t\t\t\t<p>Sie sind hier: <b><a href=\"https:\/\/kwapil.at\/produkte\/\">Produkte<\/a> <\/b>&gt; Linmot<\/p>\t\t\t\t\t\t\t\t<\/div>\n\t\t\t\t<\/div>\n\t\t\t\t\t<\/div>\n\t\t\t\t<\/div>\n\t\t<div class=\"elementor-element elementor-element-d7c77fe e-flex e-con-boxed e-con e-parent\" data-id=\"d7c77fe\" data-element_type=\"container\" data-e-type=\"container\">\n\t\t\t\t\t<div class=\"e-con-inner\">\n\t\t<div class=\"elementor-element elementor-element-99101c8 e-con-full e-flex e-con e-child\" data-id=\"99101c8\" data-element_type=\"container\" data-e-type=\"container\">\n\t\t\t\t<div class=\"elementor-element elementor-element-efca2ae elementor-widget elementor-widget-image\" data-id=\"efca2ae\" data-element_type=\"widget\" data-e-type=\"widget\" data-widget_type=\"image.default\">\n\t\t\t\t\t\t\t\t\t\t\t\t\t\t\t<img decoding=\"async\" width=\"190\" height=\"45\" src=\"https:\/\/kwapil.at\/wp-content\/uploads\/2023\/09\/linmot_logo-100cm-kopie.jpg\" class=\"attachment-large size-large wp-image-752\" alt=\"\" \/>\t\t\t\t\t\t\t\t\t\t\t\t\t\t\t<\/div>\n\t\t\t\t<\/div>\n\t\t<div class=\"elementor-element elementor-element-80bf2bc e-flex e-con-boxed e-con e-child\" data-id=\"80bf2bc\" data-element_type=\"container\" data-e-type=\"container\">\n\t\t\t\t\t<div class=\"e-con-inner\">\n\t\t\t\t<div class=\"elementor-element elementor-element-0bce4ae elementor-hidden-mobile elementor-widget elementor-widget-text-editor\" data-id=\"0bce4ae\" data-element_type=\"widget\" data-e-type=\"widget\" data-widget_type=\"text-editor.default\">\n\t\t\t\t\t\t\t\t\t<p><a href=\"https:\/\/kwapil.at\/linmot_produkte\/\">Produk\u00fcbersicht<\/a><\/p><p><a href=\"https:\/\/kwapil.at\/de\/linmot-anwendungen\/\">Anwendungen<\/a><\/p>\t\t\t\t\t\t\t\t<\/div>\n\t\t\t\t\t<\/div>\n\t\t\t\t<\/div>\n\t\t\t\t\t<\/div>\n\t\t\t\t<\/div>\n\t\t<div class=\"elementor-element elementor-element-2980a32 elementor-hidden-desktop elementor-hidden-tablet e-flex e-con-boxed e-con e-parent\" data-id=\"2980a32\" data-element_type=\"container\" data-e-type=\"container\">\n\t\t\t\t\t<div class=\"e-con-inner\">\n\t\t\t\t<div class=\"elementor-element elementor-element-040bf93 elementor-widget-mobile__width-initial elementor-widget elementor-widget-text-editor\" data-id=\"040bf93\" data-element_type=\"widget\" data-e-type=\"widget\" data-widget_type=\"text-editor.default\">\n\t\t\t\t\t\t\t\t\t<p><a href=\"https:\/\/kwapil.at\/maxon-produkte-2\/\">Produk\u00fcbersicht<\/a>\u00a0| <a href=\"https:\/\/kwapil.at\/anwendungen\/\">Anwendungen<\/a><\/p>\t\t\t\t\t\t\t\t<\/div>\n\t\t\t\t\t<\/div>\n\t\t\t\t<\/div>\n\t\t<div class=\"elementor-element elementor-element-72af8e4 e-flex e-con-boxed e-con e-parent\" data-id=\"72af8e4\" data-element_type=\"container\" data-e-type=\"container\">\n\t\t\t\t\t<div class=\"e-con-inner\">\n\t\t<div class=\"elementor-element elementor-element-b5c8789 e-con-full e-flex e-con e-child\" data-id=\"b5c8789\" data-element_type=\"container\" data-e-type=\"container\">\n\t\t<div class=\"elementor-element elementor-element-e5fb216 e-flex e-con-boxed e-con e-child\" data-id=\"e5fb216\" data-element_type=\"container\" data-e-type=\"container\">\n\t\t\t\t\t<div class=\"e-con-inner\">\n\t\t\t\t<div class=\"elementor-element elementor-element-18a9e4e elementor-widget elementor-widget-text-editor\" data-id=\"18a9e4e\" data-element_type=\"widget\" data-e-type=\"widget\" data-widget_type=\"text-editor.default\">\n\t\t\t\t\t\t\t\t\t<p>LinMot Linearmotoren\u00a0sind elektromagnetische Direktantriebe. Die lineare Bewegung wird ohne Zwischenschaltung von mechanischen Getrieben, Spindeln oder Riemen verschlei\u00dffrei erzeugt. Der Motor setzt sich aus lediglich zwei Teilen zusammen: dem L\u00e4ufer und dem Stator. Der L\u00e4ufer besteht aus Neodym-Magneten, die in einem hochpr\u00e4zisen Edelstahlrohr untergebracht sind. Im Stator befinden sich die Motorwicklungen, die Lagerung f\u00fcr den L\u00e4ufer, die Positionserfassung sowie die Mikroprozessorschaltung f\u00fcr die \u00dcberwachung des Motors. Das Lieferprogramm von LinMot umfasst verschiedene Baugr\u00f6\u00dfen mit Spitzenkr\u00e4ften bis 2.500 N. Alle Baugr\u00f6\u00dfen stehen in verschiedenen Hubl\u00e4ngen, Ausf\u00fchrungen und Typen zur Verf\u00fcgung &#8211; insgesamt \u00fcber 300 verschiedene Linearmotoren.<\/p><p>Neben Linearmotoren bietet LinMot auch Hub-Dreh-Motoren an. Mit diesen k\u00f6nnen kombinierbare Linear- und Rotationsbewegungen realisiert werden<\/p><p><strong>LinMot Produkt\u00fcbersicht Download<\/strong><\/p><p><a href=\"https:\/\/kwapil.at\/wp-content\/uploads\/2023\/10\/0185-1100-DE_2V0_BR_Produktuebersicht.pdf\" target=\"_blank\" rel=\"noopener\">Industrielle Linearmotoren DE<\/a><strong><br \/><\/strong><\/p><p><a href=\"https:\/\/kwapil.at\/wp-content\/uploads\/2023\/10\/0185-1100-EN_2V0_BR_Product_Overview.pdf\" target=\"_blank\" rel=\"noopener\">Industrial Linear Motors EN<\/a><\/p>\t\t\t\t\t\t\t\t<\/div>\n\t\t\t\t\t<\/div>\n\t\t\t\t<\/div>\n\t\t<div class=\"elementor-element elementor-element-1042018 e-con-full e-flex e-con e-child\" data-id=\"1042018\" data-element_type=\"container\" data-e-type=\"container\">\n\t\t\t\t<div class=\"elementor-element elementor-element-40149ab elementor-widget__width-initial elementor-widget elementor-widget-image\" data-id=\"40149ab\" data-element_type=\"widget\" data-e-type=\"widget\" data-widget_type=\"image.default\">\n\t\t\t\t\t\t\t\t\t\t\t\t\t\t\t\t<a href=\"https:\/\/kwapil.at\/wp-content\/uploads\/2023\/10\/0185-1100-DE_2V0_BR_Produktuebersicht.pdf\" target=\"_blank\" rel=\"nofollow\">\n\t\t\t\t\t\t\t<img fetchpriority=\"high\" decoding=\"async\" width=\"212\" height=\"300\" src=\"https:\/\/kwapil.at\/wp-content\/uploads\/2023\/10\/image2023-2-10_11-17-8.png\" class=\"attachment-large size-large wp-image-4087\" alt=\"\" srcset=\"https:\/\/kwapil.at\/wp-content\/uploads\/2023\/10\/image2023-2-10_11-17-8.png 212w, https:\/\/kwapil.at\/wp-content\/uploads\/2023\/10\/image2023-2-10_11-17-8-8x12.png 8w\" sizes=\"(max-width: 212px) 100vw, 212px\" \/>\t\t\t\t\t\t\t\t<\/a>\n\t\t\t\t\t\t\t\t\t\t\t\t\t\t\t<\/div>\n\t\t\t\t<div class=\"elementor-element elementor-element-085e0ba elementor-widget__width-initial elementor-widget elementor-widget-image\" data-id=\"085e0ba\" data-element_type=\"widget\" data-e-type=\"widget\" data-widget_type=\"image.default\">\n\t\t\t\t\t\t\t\t\t\t\t\t\t\t\t\t<a href=\"https:\/\/kwapil.at\/wp-content\/uploads\/2023\/10\/0185-1100-EN_2V0_BR_Product_Overview.pdf\" target=\"_blank\" rel=\"nofollow\">\n\t\t\t\t\t\t\t<img decoding=\"async\" width=\"615\" height=\"866\" src=\"https:\/\/kwapil.at\/wp-content\/uploads\/2023\/10\/Linmot_E.png\" class=\"attachment-large size-large wp-image-4093\" alt=\"\" srcset=\"https:\/\/kwapil.at\/wp-content\/uploads\/2023\/10\/Linmot_E.png 615w, https:\/\/kwapil.at\/wp-content\/uploads\/2023\/10\/Linmot_E-213x300.png 213w, https:\/\/kwapil.at\/wp-content\/uploads\/2023\/10\/Linmot_E-9x12.png 9w\" sizes=\"(max-width: 615px) 100vw, 615px\" \/>\t\t\t\t\t\t\t\t<\/a>\n\t\t\t\t\t\t\t\t\t\t\t\t\t\t\t<\/div>\n\t\t\t\t<\/div>\n\t\t\t\t<\/div>\n\t\t<div class=\"elementor-element elementor-element-01a98e7 e-con-full e-flex e-con e-child\" data-id=\"01a98e7\" data-element_type=\"container\" data-e-type=\"container\">\n\t\t<div class=\"elementor-element elementor-element-1fd3da7 e-flex e-con-boxed e-con e-child\" data-id=\"1fd3da7\" data-element_type=\"container\" data-e-type=\"container\">\n\t\t\t\t\t<div class=\"e-con-inner\">\n\t\t\t\t<div class=\"elementor-element elementor-element-4c4bb4f elementor-widget__width-initial elementor-widget elementor-widget-image\" data-id=\"4c4bb4f\" data-element_type=\"widget\" data-e-type=\"widget\" data-widget_type=\"image.default\">\n\t\t\t\t\t\t\t\t\t\t\t\t\t\t\t\t<a href=\"https:\/\/kwapil.at\/wp-content\/uploads\/2025\/06\/LinMot-1.jpg\" data-elementor-open-lightbox=\"yes\" data-e-action-hash=\"#elementor-action%3Aaction%3Dlightbox%26settings%3DeyJpZCI6MTMwODcsInVybCI6Imh0dHBzOlwvXC9rd2FwaWwuYXRcL3dwLWNvbnRlbnRcL3VwbG9hZHNcLzIwMjVcLzA2XC9MaW5Nb3QtMS5qcGcifQ%3D%3D\">\n\t\t\t\t\t\t\t<img loading=\"lazy\" decoding=\"async\" width=\"940\" height=\"764\" src=\"https:\/\/kwapil.at\/wp-content\/uploads\/2025\/06\/LinMot-1.jpg\" class=\"attachment-1536x1536 size-1536x1536 wp-image-13087\" alt=\"\" srcset=\"https:\/\/kwapil.at\/wp-content\/uploads\/2025\/06\/LinMot-1.jpg 940w, https:\/\/kwapil.at\/wp-content\/uploads\/2025\/06\/LinMot-1-300x244.jpg 300w, https:\/\/kwapil.at\/wp-content\/uploads\/2025\/06\/LinMot-1-768x624.jpg 768w, https:\/\/kwapil.at\/wp-content\/uploads\/2025\/06\/LinMot-1-15x12.jpg 15w\" sizes=\"(max-width: 940px) 100vw, 940px\" \/>\t\t\t\t\t\t\t\t<\/a>\n\t\t\t\t\t\t\t\t\t\t\t\t\t\t\t<\/div>\n\t\t\t\t\t<\/div>\n\t\t\t\t<\/div>\n\t\t\t\t<\/div>\n\t\t\t\t\t<\/div>\n\t\t\t\t<\/div>\n\t\t<div class=\"elementor-element elementor-element-0350dc0 e-flex e-con-boxed e-con e-parent\" data-id=\"0350dc0\" data-element_type=\"container\" data-e-type=\"container\">\n\t\t\t\t\t<div class=\"e-con-inner\">\n\t\t\t\t<div class=\"elementor-element elementor-element-013a6c0 elementor-widget elementor-widget-spacer\" data-id=\"013a6c0\" data-element_type=\"widget\" data-e-type=\"widget\" data-widget_type=\"spacer.default\">\n\t\t\t\t\t\t\t<div class=\"elementor-spacer\">\n\t\t\t<div class=\"elementor-spacer-inner\"><\/div>\n\t\t<\/div>\n\t\t\t\t\t\t<\/div>\n\t\t\t\t\t<\/div>\n\t\t\t\t<\/div>\n\t\t\t\t<\/div>\n\t\t","protected":false},"excerpt":{"rendered":"<p>Sie sind hier: Produkte &gt; Linmot Produk\u00fcbersicht Anwendungen Produk\u00fcbersicht\u00a0| Anwendungen LinMot Linearmotoren\u00a0sind elektromagnetische Direktantriebe. Die lineare Bewegung wird ohne Zwischenschaltung von mechanischen Getrieben, Spindeln oder Riemen verschlei\u00dffrei erzeugt. Der Motor setzt sich aus lediglich zwei Teilen zusammen: dem L\u00e4ufer und dem Stator. Der L\u00e4ufer besteht aus Neodym-Magneten, die in einem hochpr\u00e4zisen Edelstahlrohr untergebracht sind. Im [&hellip;]<\/p>\n","protected":false},"author":1,"featured_media":0,"parent":0,"menu_order":0,"comment_status":"closed","ping_status":"closed","template":"","meta":{"footnotes":""},"class_list":["post-4085","page","type-page","status-publish","hentry"],"yoast_head":"<!-- This site is optimized with the Yoast SEO Premium plugin v27.2 (Yoast SEO v27.4) - https:\/\/yoast.com\/product\/yoast-seo-premium-wordpress\/ -->\n<title>LinMot - maxon | Kwapil<\/title>\n<meta name=\"robots\" content=\"index, follow, max-snippet:-1, max-image-preview:large, max-video-preview:-1\" \/>\n<link rel=\"canonical\" href=\"https:\/\/kwapil.at\/de\/linmot\/\" \/>\n<meta property=\"og:locale\" content=\"de_DE\" \/>\n<meta property=\"og:type\" content=\"article\" \/>\n<meta property=\"og:title\" content=\"LinMot\" \/>\n<meta property=\"og:description\" content=\"Sie sind hier: Produkte &gt; Linmot Produk\u00fcbersicht Anwendungen Produk\u00fcbersicht\u00a0| Anwendungen LinMot Linearmotoren\u00a0sind elektromagnetische Direktantriebe. Die lineare Bewegung wird ohne Zwischenschaltung von mechanischen Getrieben, Spindeln oder Riemen verschlei\u00dffrei erzeugt. Der Motor setzt sich aus lediglich zwei Teilen zusammen: dem L\u00e4ufer und dem Stator. Der L\u00e4ufer besteht aus Neodym-Magneten, die in einem hochpr\u00e4zisen Edelstahlrohr untergebracht sind. Im [&hellip;]\" \/>\n<meta property=\"og:url\" content=\"https:\/\/kwapil.at\/de\/linmot\/\" \/>\n<meta property=\"og:site_name\" content=\"maxon | Kwapil\" \/>\n<meta property=\"article:modified_time\" content=\"2025-07-14T14:08:32+00:00\" \/>\n<meta property=\"og:image\" content=\"https:\/\/kwapil.at\/wp-content\/uploads\/2023\/09\/linmot_logo-100cm-kopie.jpg\" \/>\n\t<meta property=\"og:image:width\" content=\"190\" \/>\n\t<meta property=\"og:image:height\" content=\"45\" \/>\n\t<meta property=\"og:image:type\" content=\"image\/jpeg\" \/>\n<meta name=\"twitter:card\" content=\"summary_large_image\" \/>\n<meta name=\"twitter:label1\" content=\"Gesch\u00e4tzte Lesezeit\" \/>\n\t<meta name=\"twitter:data1\" content=\"2\u00a0Minuten\" \/>\n<script type=\"application\/ld+json\" class=\"yoast-schema-graph\">{\"@context\":\"https:\\\/\\\/schema.org\",\"@graph\":[{\"@type\":\"WebPage\",\"@id\":\"https:\\\/\\\/kwapil.at\\\/de\\\/linmot\\\/\",\"url\":\"https:\\\/\\\/kwapil.at\\\/de\\\/linmot\\\/\",\"name\":\"LinMot - maxon | Kwapil\",\"isPartOf\":{\"@id\":\"https:\\\/\\\/kwapil.at\\\/#website\"},\"primaryImageOfPage\":{\"@id\":\"https:\\\/\\\/kwapil.at\\\/de\\\/linmot\\\/#primaryimage\"},\"image\":{\"@id\":\"https:\\\/\\\/kwapil.at\\\/de\\\/linmot\\\/#primaryimage\"},\"thumbnailUrl\":\"https:\\\/\\\/kwapil.at\\\/wp-content\\\/uploads\\\/2023\\\/09\\\/linmot_logo-100cm-kopie.jpg\",\"datePublished\":\"2023-10-10T08:57:14+00:00\",\"dateModified\":\"2025-07-14T14:08:32+00:00\",\"breadcrumb\":{\"@id\":\"https:\\\/\\\/kwapil.at\\\/de\\\/linmot\\\/#breadcrumb\"},\"inLanguage\":\"de\",\"potentialAction\":[{\"@type\":\"ReadAction\",\"target\":[\"https:\\\/\\\/kwapil.at\\\/de\\\/linmot\\\/\"]}]},{\"@type\":\"ImageObject\",\"inLanguage\":\"de\",\"@id\":\"https:\\\/\\\/kwapil.at\\\/de\\\/linmot\\\/#primaryimage\",\"url\":\"https:\\\/\\\/kwapil.at\\\/wp-content\\\/uploads\\\/2023\\\/09\\\/linmot_logo-100cm-kopie.jpg\",\"contentUrl\":\"https:\\\/\\\/kwapil.at\\\/wp-content\\\/uploads\\\/2023\\\/09\\\/linmot_logo-100cm-kopie.jpg\"},{\"@type\":\"BreadcrumbList\",\"@id\":\"https:\\\/\\\/kwapil.at\\\/de\\\/linmot\\\/#breadcrumb\",\"itemListElement\":[{\"@type\":\"ListItem\",\"position\":1,\"name\":\"Unternehmen\",\"item\":\"https:\\\/\\\/kwapil.at\\\/de\\\/\"},{\"@type\":\"ListItem\",\"position\":2,\"name\":\"LinMot\"}]},{\"@type\":\"WebSite\",\"@id\":\"https:\\\/\\\/kwapil.at\\\/#website\",\"url\":\"https:\\\/\\\/kwapil.at\\\/\",\"name\":\"Kwapil.com\",\"description\":\"Antriebstechnik und Elektronik\",\"publisher\":{\"@id\":\"https:\\\/\\\/kwapil.at\\\/#organization\"},\"alternateName\":\"maxongroup.at\",\"potentialAction\":[{\"@type\":\"SearchAction\",\"target\":{\"@type\":\"EntryPoint\",\"urlTemplate\":\"https:\\\/\\\/kwapil.at\\\/?s={search_term_string}\"},\"query-input\":{\"@type\":\"PropertyValueSpecification\",\"valueRequired\":true,\"valueName\":\"search_term_string\"}}],\"inLanguage\":\"de\"},{\"@type\":\"Organization\",\"@id\":\"https:\\\/\\\/kwapil.at\\\/#organization\",\"name\":\"Kwapil & Co GmbH\",\"alternateName\":\"Maxon | Kwapil\",\"url\":\"https:\\\/\\\/kwapil.at\\\/\",\"logo\":{\"@type\":\"ImageObject\",\"inLanguage\":\"de\",\"@id\":\"https:\\\/\\\/kwapil.at\\\/#\\\/schema\\\/logo\\\/image\\\/\",\"url\":\"https:\\\/\\\/kwapil.at\\\/wp-content\\\/uploads\\\/2023\\\/09\\\/cropped-kwapil_maxon_logo_standard_rgb.png\",\"contentUrl\":\"https:\\\/\\\/kwapil.at\\\/wp-content\\\/uploads\\\/2023\\\/09\\\/cropped-kwapil_maxon_logo_standard_rgb.png\",\"width\":200,\"height\":28,\"caption\":\"Kwapil & Co GmbH\"},\"image\":{\"@id\":\"https:\\\/\\\/kwapil.at\\\/#\\\/schema\\\/logo\\\/image\\\/\"},\"sameAs\":[\"https:\\\/\\\/www.linkedin.com\\\/company\\\/2505461\\\/\"],\"description\":\"\u00dcber 40 Jahre vertreibt Kwapil & Co Produkte von weltweit f\u00fchrenden Anbietern der Antriebstechnik und Elektronik an. Das Angebot reicht von Motoren \u00fcber Multiachsencontroller bis hin zu kompletten, mechatronischen Antriebssystemen. Seit 2012 ist Kwapil & Co ein Unternehmen der Schweizer maxon Gruppe.\",\"email\":\"verkauf.at@maxongroup.com\",\"telephone\":\"+43 1 278 85 85\",\"legalName\":\"Kwapil & Co GmbH\",\"foundingDate\":\"1975-05-01\",\"numberOfEmployees\":{\"@type\":\"QuantitativeValue\",\"minValue\":\"11\",\"maxValue\":\"50\"},\"ownershipFundingInfo\":\"https:\\\/\\\/kwapil.at\\\/de\\\/impressum\\\/\",\"ethicsPolicy\":\"https:\\\/\\\/kwapil.at\\\/de\\\/verhaltensrichtlinien\\\/\"}]}<\/script>\n<!-- \/ Yoast SEO Premium plugin. -->","yoast_head_json":{"title":"LinMot - maxon | Kwapil","robots":{"index":"index","follow":"follow","max-snippet":"max-snippet:-1","max-image-preview":"max-image-preview:large","max-video-preview":"max-video-preview:-1"},"canonical":"https:\/\/kwapil.at\/de\/linmot\/","og_locale":"de_DE","og_type":"article","og_title":"LinMot","og_description":"Sie sind hier: Produkte &gt; Linmot Produk\u00fcbersicht Anwendungen Produk\u00fcbersicht\u00a0| Anwendungen LinMot Linearmotoren\u00a0sind elektromagnetische Direktantriebe. Die lineare Bewegung wird ohne Zwischenschaltung von mechanischen Getrieben, Spindeln oder Riemen verschlei\u00dffrei erzeugt. Der Motor setzt sich aus lediglich zwei Teilen zusammen: dem L\u00e4ufer und dem Stator. Der L\u00e4ufer besteht aus Neodym-Magneten, die in einem hochpr\u00e4zisen Edelstahlrohr untergebracht sind. Im [&hellip;]","og_url":"https:\/\/kwapil.at\/de\/linmot\/","og_site_name":"maxon | Kwapil","article_modified_time":"2025-07-14T14:08:32+00:00","og_image":[{"width":190,"height":45,"url":"https:\/\/kwapil.at\/wp-content\/uploads\/2023\/09\/linmot_logo-100cm-kopie.jpg","type":"image\/jpeg"}],"twitter_card":"summary_large_image","twitter_misc":{"Gesch\u00e4tzte Lesezeit":"2\u00a0Minuten"},"schema":{"@context":"https:\/\/schema.org","@graph":[{"@type":"WebPage","@id":"https:\/\/kwapil.at\/de\/linmot\/","url":"https:\/\/kwapil.at\/de\/linmot\/","name":"LinMot - maxon | Kwapil","isPartOf":{"@id":"https:\/\/kwapil.at\/#website"},"primaryImageOfPage":{"@id":"https:\/\/kwapil.at\/de\/linmot\/#primaryimage"},"image":{"@id":"https:\/\/kwapil.at\/de\/linmot\/#primaryimage"},"thumbnailUrl":"https:\/\/kwapil.at\/wp-content\/uploads\/2023\/09\/linmot_logo-100cm-kopie.jpg","datePublished":"2023-10-10T08:57:14+00:00","dateModified":"2025-07-14T14:08:32+00:00","breadcrumb":{"@id":"https:\/\/kwapil.at\/de\/linmot\/#breadcrumb"},"inLanguage":"de","potentialAction":[{"@type":"ReadAction","target":["https:\/\/kwapil.at\/de\/linmot\/"]}]},{"@type":"ImageObject","inLanguage":"de","@id":"https:\/\/kwapil.at\/de\/linmot\/#primaryimage","url":"https:\/\/kwapil.at\/wp-content\/uploads\/2023\/09\/linmot_logo-100cm-kopie.jpg","contentUrl":"https:\/\/kwapil.at\/wp-content\/uploads\/2023\/09\/linmot_logo-100cm-kopie.jpg"},{"@type":"BreadcrumbList","@id":"https:\/\/kwapil.at\/de\/linmot\/#breadcrumb","itemListElement":[{"@type":"ListItem","position":1,"name":"Unternehmen","item":"https:\/\/kwapil.at\/de\/"},{"@type":"ListItem","position":2,"name":"LinMot"}]},{"@type":"WebSite","@id":"https:\/\/kwapil.at\/#website","url":"https:\/\/kwapil.at\/","name":"Kwapil.com","description":"Antriebstechnik und Elektronik","publisher":{"@id":"https:\/\/kwapil.at\/#organization"},"alternateName":"maxongroup.at","potentialAction":[{"@type":"SearchAction","target":{"@type":"EntryPoint","urlTemplate":"https:\/\/kwapil.at\/?s={search_term_string}"},"query-input":{"@type":"PropertyValueSpecification","valueRequired":true,"valueName":"search_term_string"}}],"inLanguage":"de"},{"@type":"Organization","@id":"https:\/\/kwapil.at\/#organization","name":"Kwapil & Co GmbH","alternateName":"Maxon | Kwapil","url":"https:\/\/kwapil.at\/","logo":{"@type":"ImageObject","inLanguage":"de","@id":"https:\/\/kwapil.at\/#\/schema\/logo\/image\/","url":"https:\/\/kwapil.at\/wp-content\/uploads\/2023\/09\/cropped-kwapil_maxon_logo_standard_rgb.png","contentUrl":"https:\/\/kwapil.at\/wp-content\/uploads\/2023\/09\/cropped-kwapil_maxon_logo_standard_rgb.png","width":200,"height":28,"caption":"Kwapil & Co GmbH"},"image":{"@id":"https:\/\/kwapil.at\/#\/schema\/logo\/image\/"},"sameAs":["https:\/\/www.linkedin.com\/company\/2505461\/"],"description":"\u00dcber 40 Jahre vertreibt Kwapil & Co Produkte von weltweit f\u00fchrenden Anbietern der Antriebstechnik und Elektronik an. Das Angebot reicht von Motoren \u00fcber Multiachsencontroller bis hin zu kompletten, mechatronischen Antriebssystemen. Seit 2012 ist Kwapil & Co ein Unternehmen der Schweizer maxon Gruppe.","email":"verkauf.at@maxongroup.com","telephone":"+43 1 278 85 85","legalName":"Kwapil & Co GmbH","foundingDate":"1975-05-01","numberOfEmployees":{"@type":"QuantitativeValue","minValue":"11","maxValue":"50"},"ownershipFundingInfo":"https:\/\/kwapil.at\/de\/impressum\/","ethicsPolicy":"https:\/\/kwapil.at\/de\/verhaltensrichtlinien\/"}]}},"_links":{"self":[{"href":"https:\/\/kwapil.at\/de\/wp-json\/wp\/v2\/pages\/4085","targetHints":{"allow":["GET"]}}],"collection":[{"href":"https:\/\/kwapil.at\/de\/wp-json\/wp\/v2\/pages"}],"about":[{"href":"https:\/\/kwapil.at\/de\/wp-json\/wp\/v2\/types\/page"}],"author":[{"embeddable":true,"href":"https:\/\/kwapil.at\/de\/wp-json\/wp\/v2\/users\/1"}],"replies":[{"embeddable":true,"href":"https:\/\/kwapil.at\/de\/wp-json\/wp\/v2\/comments?post=4085"}],"version-history":[{"count":3,"href":"https:\/\/kwapil.at\/de\/wp-json\/wp\/v2\/pages\/4085\/revisions"}],"predecessor-version":[{"id":13436,"href":"https:\/\/kwapil.at\/de\/wp-json\/wp\/v2\/pages\/4085\/revisions\/13436"}],"wp:attachment":[{"href":"https:\/\/kwapil.at\/de\/wp-json\/wp\/v2\/media?parent=4085"}],"curies":[{"name":"wp","href":"https:\/\/api.w.org\/{rel}","templated":true}]}}