{"id":10354,"date":"2024-04-09T15:17:23","date_gmt":"2024-04-09T13:17:23","guid":{"rendered":"https:\/\/kwapil.at\/?page_id=10354"},"modified":"2025-07-24T11:40:59","modified_gmt":"2025-07-24T09:40:59","slug":"qualitaetspolitik","status":"publish","type":"page","link":"https:\/\/kwapil.at\/en\/qualitaetspolitik\/","title":{"rendered":"Quality policy"},"content":{"rendered":"<div data-elementor-type=\"wp-page\" data-elementor-id=\"10354\" class=\"elementor elementor-10354\" data-elementor-post-type=\"page\">\n\t\t\t\t<div class=\"elementor-element elementor-element-53d9829 e-flex e-con-boxed e-con e-parent\" data-id=\"53d9829\" data-element_type=\"container\" data-e-type=\"container\">\n\t\t\t\t\t<div class=\"e-con-inner\">\n\t\t\t\t<div class=\"elementor-element elementor-element-db1601a elementor-widget elementor-widget-text-editor\" data-id=\"db1601a\" data-element_type=\"widget\" data-e-type=\"widget\" data-widget_type=\"text-editor.default\">\n\t\t\t\t\t\t\t\t\t<p>You are here: <a href=\"https:\/\/kwapil.at\/en\/\">Company<\/a> &gt; Quality policy<\/p>\t\t\t\t\t\t\t\t<\/div>\n\t\t\t\t<div class=\"elementor-element elementor-element-b75c2fc elementor-hidden-desktop elementor-hidden-tablet elementor-widget elementor-widget-heading\" data-id=\"b75c2fc\" data-element_type=\"widget\" data-e-type=\"widget\" data-widget_type=\"heading.default\">\n\t\t\t\t\t<h2 class=\"elementor-heading-title elementor-size-default\">Quality policy<\/h2>\t\t\t\t<\/div>\n\t\t\t\t<div class=\"elementor-element elementor-element-be51d19 elementor-hidden-mobile elementor-widget elementor-widget-heading\" data-id=\"be51d19\" data-element_type=\"widget\" data-e-type=\"widget\" data-widget_type=\"heading.default\">\n\t\t\t\t\t<h2 class=\"elementor-heading-title elementor-size-default\">Quality policy<\/h2>\t\t\t\t<\/div>\n\t\t\t\t\t<\/div>\n\t\t\t\t<\/div>\n\t\t<div class=\"elementor-element elementor-element-780958dd e-flex e-con-boxed e-con e-parent\" data-id=\"780958dd\" data-element_type=\"container\" data-e-type=\"container\">\n\t\t\t\t\t<div class=\"e-con-inner\">\n\t\t\t\t<div class=\"elementor-element elementor-element-609b8fad elementor-widget elementor-widget-text-editor\" data-id=\"609b8fad\" data-element_type=\"widget\" data-e-type=\"widget\" data-widget_type=\"text-editor.default\">\n\t\t\t\t\t\t\t\t\tWe are committed to working in partnership with our customers and our regular suppliers. Customer satisfaction is the key to success, which we achieve through:\n\n<ul><br>\n\n<b>1. high quality products<\/b><br>\n\nOur close cooperation with the leading manufacturers of drive solutions enables us to offer products that are both state-of-the-art and of first-class quality.\n<br><br>\n<b>2. delivery reliability<\/b><br>\n\nAdhering exactly to the agreed delivery dates is a priority for us.\n<br><br>\n<b>3. presence and availability <\/b>\n<br>\nWe want to be accessible and available for our customers. Through reliable and trusting cooperation with our customers, based on open and performance-oriented communication, we are able to quickly develop customized solutions. Our declared aim is to make our customers' products and therefore our customers themselves more successful.\n<br><br>\n\n<b>4. qualified and highly motivated employees<\/b>\n\nThe satisfaction of our employees is very important to us, as their skills and commitment are our most important asset. We attach great importance to the development and ongoing training of our employees. Trust, openness and respectful interaction with one another create an ideal working atmosphere and strengthen team spirit.\n\n<br><br>\n<b>5. CIP<\/b><br>\n\nBy continuously improving and developing our processes, we not only achieve the high quality of our services, but also strengthen our position in the market.\t\t\t\t\t\t\t\t<\/div>\n\t\t\t\t\t<\/div>\n\t\t\t\t<\/div>\n\t\t<div class=\"elementor-element elementor-element-5b40354 e-flex e-con-boxed e-con e-parent\" data-id=\"5b40354\" data-element_type=\"container\" data-e-type=\"container\">\n\t\t\t\t\t<div class=\"e-con-inner\">\n\t\t\t\t<div class=\"elementor-element elementor-element-854957d elementor-widget elementor-widget-spacer\" data-id=\"854957d\" data-element_type=\"widget\" data-e-type=\"widget\" data-widget_type=\"spacer.default\">\n\t\t\t\t\t\t\t<div class=\"elementor-spacer\">\n\t\t\t<div class=\"elementor-spacer-inner\"><\/div>\n\t\t<\/div>\n\t\t\t\t\t\t<\/div>\n\t\t\t\t\t<\/div>\n\t\t\t\t<\/div>\n\t\t<div class=\"elementor-element elementor-element-50a994b e-flex e-con-boxed e-con e-parent\" data-id=\"50a994b\" data-element_type=\"container\" data-e-type=\"container\">\n\t\t\t\t\t<div class=\"e-con-inner\">\n\t\t\t\t<div class=\"elementor-element elementor-element-64100f9 elementor-widget elementor-widget-spacer\" data-id=\"64100f9\" data-element_type=\"widget\" data-e-type=\"widget\" data-widget_type=\"spacer.default\">\n\t\t\t\t\t\t\t<div class=\"elementor-spacer\">\n\t\t\t<div class=\"elementor-spacer-inner\"><\/div>\n\t\t<\/div>\n\t\t\t\t\t\t<\/div>\n\t\t\t\t\t<\/div>\n\t\t\t\t<\/div>\n\t\t\t\t<\/div>","protected":false},"excerpt":{"rendered":"<p>Sie sind hier: Unternehmen &gt; Qualit\u00e4tspolitik Qualit\u00e4tspolitik Qualit\u00e4tspolitik Wir verpflichten uns zu partnerschaftlicher Zusammenarbeit mit unseren Kunden und unseren Stammlieferanten. Kundenzufriedenheit ist der Schl\u00fcssel zum Erfolg, diese erreichen wir durch: 1.\u00a0Qualitativ hochwertige Produkte Durch unsere enge Zusammenarbeit mit den f\u00fchrenden Herstellern von Antriebsl\u00f6sungen ist es uns m\u00f6glich, Produkte anzubieten, die sowohl dem Stand der Technik [&hellip;]<\/p>\n","protected":false},"author":1,"featured_media":0,"parent":0,"menu_order":0,"comment_status":"closed","ping_status":"closed","template":"","meta":{"footnotes":""},"class_list":["post-10354","page","type-page","status-publish","hentry"],"yoast_head":"<!-- This site is optimized with the Yoast SEO Premium plugin v27.4 (Yoast SEO v27.5) - https:\/\/yoast.com\/product\/yoast-seo-premium-wordpress\/ -->\n<title>Qualitaetspolitik - maxon | Kwapil<\/title>\n<meta name=\"robots\" content=\"index, follow, max-snippet:-1, max-image-preview:large, max-video-preview:-1\" \/>\n<link rel=\"canonical\" href=\"https:\/\/kwapil.at\/en\/qualitaetspolitik\/\" \/>\n<meta property=\"og:locale\" content=\"en_US\" \/>\n<meta property=\"og:type\" content=\"article\" \/>\n<meta property=\"og:title\" content=\"Qualitaetspolitik\" \/>\n<meta property=\"og:description\" content=\"Sie sind hier: Unternehmen &gt; Qualit\u00e4tspolitik Qualit\u00e4tspolitik Qualit\u00e4tspolitik Wir verpflichten uns zu partnerschaftlicher Zusammenarbeit mit unseren Kunden und unseren Stammlieferanten. Kundenzufriedenheit ist der Schl\u00fcssel zum Erfolg, diese erreichen wir durch: 1.\u00a0Qualitativ hochwertige Produkte Durch unsere enge Zusammenarbeit mit den f\u00fchrenden Herstellern von Antriebsl\u00f6sungen ist es uns m\u00f6glich, Produkte anzubieten, die sowohl dem Stand der Technik [&hellip;]\" \/>\n<meta property=\"og:url\" content=\"https:\/\/kwapil.at\/en\/qualitaetspolitik\/\" \/>\n<meta property=\"og:site_name\" content=\"maxon | Kwapil\" \/>\n<meta property=\"article:modified_time\" content=\"2025-07-24T09:40:59+00:00\" \/>\n<meta property=\"og:image\" content=\"https:\/\/kwapil.at\/wp-content\/uploads\/2023\/09\/maxon1132_DL-cropped.jpg\" \/>\n\t<meta property=\"og:image:width\" content=\"1024\" \/>\n\t<meta property=\"og:image:height\" content=\"576\" \/>\n\t<meta property=\"og:image:type\" content=\"image\/jpeg\" \/>\n<meta name=\"twitter:card\" content=\"summary_large_image\" \/>\n<meta name=\"twitter:label1\" content=\"Est. reading time\" \/>\n\t<meta name=\"twitter:data1\" content=\"2 minutes\" \/>\n<script type=\"application\/ld+json\" class=\"yoast-schema-graph\">{\"@context\":\"https:\\\/\\\/schema.org\",\"@graph\":[{\"@type\":\"WebPage\",\"@id\":\"https:\\\/\\\/kwapil.at\\\/de\\\/qualitaetspolitik\\\/\",\"url\":\"https:\\\/\\\/kwapil.at\\\/de\\\/qualitaetspolitik\\\/\",\"name\":\"Qualitaetspolitik - maxon | Kwapil\",\"isPartOf\":{\"@id\":\"https:\\\/\\\/kwapil.at\\\/#website\"},\"datePublished\":\"2024-04-09T13:17:23+00:00\",\"dateModified\":\"2025-07-24T09:40:59+00:00\",\"breadcrumb\":{\"@id\":\"https:\\\/\\\/kwapil.at\\\/de\\\/qualitaetspolitik\\\/#breadcrumb\"},\"inLanguage\":\"en-US\",\"potentialAction\":[{\"@type\":\"ReadAction\",\"target\":[\"https:\\\/\\\/kwapil.at\\\/de\\\/qualitaetspolitik\\\/\"]}]},{\"@type\":\"BreadcrumbList\",\"@id\":\"https:\\\/\\\/kwapil.at\\\/de\\\/qualitaetspolitik\\\/#breadcrumb\",\"itemListElement\":[{\"@type\":\"ListItem\",\"position\":1,\"name\":\"Unternehmen\",\"item\":\"https:\\\/\\\/kwapil.at\\\/de\\\/\"},{\"@type\":\"ListItem\",\"position\":2,\"name\":\"Qualitaetspolitik\"}]},{\"@type\":\"WebSite\",\"@id\":\"https:\\\/\\\/kwapil.at\\\/#website\",\"url\":\"https:\\\/\\\/kwapil.at\\\/\",\"name\":\"Kwapil.com\",\"description\":\"Antriebstechnik und Elektronik\",\"publisher\":{\"@id\":\"https:\\\/\\\/kwapil.at\\\/#organization\"},\"alternateName\":\"maxongroup.at\",\"potentialAction\":[{\"@type\":\"SearchAction\",\"target\":{\"@type\":\"EntryPoint\",\"urlTemplate\":\"https:\\\/\\\/kwapil.at\\\/?s={search_term_string}\"},\"query-input\":{\"@type\":\"PropertyValueSpecification\",\"valueRequired\":true,\"valueName\":\"search_term_string\"}}],\"inLanguage\":\"en-US\"},{\"@type\":\"Organization\",\"@id\":\"https:\\\/\\\/kwapil.at\\\/#organization\",\"name\":\"Kwapil & Co GmbH\",\"alternateName\":\"Maxon | Kwapil\",\"url\":\"https:\\\/\\\/kwapil.at\\\/\",\"logo\":{\"@type\":\"ImageObject\",\"inLanguage\":\"en-US\",\"@id\":\"https:\\\/\\\/kwapil.at\\\/#\\\/schema\\\/logo\\\/image\\\/\",\"url\":\"https:\\\/\\\/kwapil.at\\\/wp-content\\\/uploads\\\/2023\\\/09\\\/cropped-kwapil_maxon_logo_standard_rgb.png\",\"contentUrl\":\"https:\\\/\\\/kwapil.at\\\/wp-content\\\/uploads\\\/2023\\\/09\\\/cropped-kwapil_maxon_logo_standard_rgb.png\",\"width\":200,\"height\":28,\"caption\":\"Kwapil & Co GmbH\"},\"image\":{\"@id\":\"https:\\\/\\\/kwapil.at\\\/#\\\/schema\\\/logo\\\/image\\\/\"},\"sameAs\":[\"https:\\\/\\\/www.linkedin.com\\\/company\\\/2505461\\\/\"],\"description\":\"\u00dcber 40 Jahre vertreibt Kwapil & Co Produkte von weltweit f\u00fchrenden Anbietern der Antriebstechnik und Elektronik an. Das Angebot reicht von Motoren \u00fcber Multiachsencontroller bis hin zu kompletten, mechatronischen Antriebssystemen. Seit 2012 ist Kwapil & Co ein Unternehmen der Schweizer maxon Gruppe.\",\"email\":\"verkauf.at@maxongroup.com\",\"telephone\":\"+43 1 278 85 85\",\"legalName\":\"Kwapil & Co GmbH\",\"foundingDate\":\"1975-05-01\",\"numberOfEmployees\":{\"@type\":\"QuantitativeValue\",\"minValue\":\"11\",\"maxValue\":\"50\"},\"ownershipFundingInfo\":\"https:\\\/\\\/kwapil.at\\\/de\\\/impressum\\\/\",\"ethicsPolicy\":\"https:\\\/\\\/kwapil.at\\\/de\\\/verhaltensrichtlinien\\\/\"}]}<\/script>\n<!-- \/ Yoast SEO Premium plugin. -->","yoast_head_json":{"title":"Quality policy - maxon | Kwapil","robots":{"index":"index","follow":"follow","max-snippet":"max-snippet:-1","max-image-preview":"max-image-preview:large","max-video-preview":"max-video-preview:-1"},"canonical":"https:\/\/kwapil.at\/en\/qualitaetspolitik\/","og_locale":"en_US","og_type":"article","og_title":"Qualitaetspolitik","og_description":"Sie sind hier: Unternehmen &gt; Qualit\u00e4tspolitik Qualit\u00e4tspolitik Qualit\u00e4tspolitik Wir verpflichten uns zu partnerschaftlicher Zusammenarbeit mit unseren Kunden und unseren Stammlieferanten. Kundenzufriedenheit ist der Schl\u00fcssel zum Erfolg, diese erreichen wir durch: 1.\u00a0Qualitativ hochwertige Produkte Durch unsere enge Zusammenarbeit mit den f\u00fchrenden Herstellern von Antriebsl\u00f6sungen ist es uns m\u00f6glich, Produkte anzubieten, die sowohl dem Stand der Technik [&hellip;]","og_url":"https:\/\/kwapil.at\/en\/qualitaetspolitik\/","og_site_name":"maxon | Kwapil","article_modified_time":"2025-07-24T09:40:59+00:00","og_image":[{"width":1024,"height":576,"url":"https:\/\/kwapil.at\/wp-content\/uploads\/2023\/09\/maxon1132_DL-cropped.jpg","type":"image\/jpeg"}],"twitter_card":"summary_large_image","twitter_misc":{"Est. reading time":"2 minutes"},"schema":{"@context":"https:\/\/schema.org","@graph":[{"@type":"WebPage","@id":"https:\/\/kwapil.at\/de\/qualitaetspolitik\/","url":"https:\/\/kwapil.at\/de\/qualitaetspolitik\/","name":"Quality policy - maxon | Kwapil","isPartOf":{"@id":"https:\/\/kwapil.at\/#website"},"datePublished":"2024-04-09T13:17:23+00:00","dateModified":"2025-07-24T09:40:59+00:00","breadcrumb":{"@id":"https:\/\/kwapil.at\/de\/qualitaetspolitik\/#breadcrumb"},"inLanguage":"en-US","potentialAction":[{"@type":"ReadAction","target":["https:\/\/kwapil.at\/de\/qualitaetspolitik\/"]}]},{"@type":"BreadcrumbList","@id":"https:\/\/kwapil.at\/de\/qualitaetspolitik\/#breadcrumb","itemListElement":[{"@type":"ListItem","position":1,"name":"Unternehmen","item":"https:\/\/kwapil.at\/de\/"},{"@type":"ListItem","position":2,"name":"Qualitaetspolitik"}]},{"@type":"WebSite","@id":"https:\/\/kwapil.at\/#website","url":"https:\/\/kwapil.at\/","name":"Kwapil.com","description":"Drive technology and electronics","publisher":{"@id":"https:\/\/kwapil.at\/#organization"},"alternateName":"maxongroup.at","potentialAction":[{"@type":"SearchAction","target":{"@type":"EntryPoint","urlTemplate":"https:\/\/kwapil.at\/?s={search_term_string}"},"query-input":{"@type":"PropertyValueSpecification","valueRequired":true,"valueName":"search_term_string"}}],"inLanguage":"en-US"},{"@type":"Organization","@id":"https:\/\/kwapil.at\/#organization","name":"Kwapil &amp; Co GmbH","alternateName":"Maxon | Kwapil","url":"https:\/\/kwapil.at\/","logo":{"@type":"ImageObject","inLanguage":"en-US","@id":"https:\/\/kwapil.at\/#\/schema\/logo\/image\/","url":"https:\/\/kwapil.at\/wp-content\/uploads\/2023\/09\/cropped-kwapil_maxon_logo_standard_rgb.png","contentUrl":"https:\/\/kwapil.at\/wp-content\/uploads\/2023\/09\/cropped-kwapil_maxon_logo_standard_rgb.png","width":200,"height":28,"caption":"Kwapil & Co GmbH"},"image":{"@id":"https:\/\/kwapil.at\/#\/schema\/logo\/image\/"},"sameAs":["https:\/\/www.linkedin.com\/company\/2505461\/"],"description":"For over 40 years, Kwapil &amp; Co has been selling products from the world's leading suppliers of drive technology and electronics. The range extends from motors and multi-axis controllers to complete mechatronic drive systems. Kwapil &amp; Co has been part of the Swiss maxon Group since 2012.","email":"verkauf.at@maxongroup.com","telephone":"+43 1 278 85 85","legalName":"Kwapil & Co GmbH","foundingDate":"1975-05-01","numberOfEmployees":{"@type":"QuantitativeValue","minValue":"11","maxValue":"50"},"ownershipFundingInfo":"https:\/\/kwapil.at\/de\/impressum\/","ethicsPolicy":"https:\/\/kwapil.at\/de\/verhaltensrichtlinien\/"}]}},"_links":{"self":[{"href":"https:\/\/kwapil.at\/en\/wp-json\/wp\/v2\/pages\/10354","targetHints":{"allow":["GET"]}}],"collection":[{"href":"https:\/\/kwapil.at\/en\/wp-json\/wp\/v2\/pages"}],"about":[{"href":"https:\/\/kwapil.at\/en\/wp-json\/wp\/v2\/types\/page"}],"author":[{"embeddable":true,"href":"https:\/\/kwapil.at\/en\/wp-json\/wp\/v2\/users\/1"}],"replies":[{"embeddable":true,"href":"https:\/\/kwapil.at\/en\/wp-json\/wp\/v2\/comments?post=10354"}],"version-history":[{"count":3,"href":"https:\/\/kwapil.at\/en\/wp-json\/wp\/v2\/pages\/10354\/revisions"}],"predecessor-version":[{"id":13559,"href":"https:\/\/kwapil.at\/en\/wp-json\/wp\/v2\/pages\/10354\/revisions\/13559"}],"wp:attachment":[{"href":"https:\/\/kwapil.at\/en\/wp-json\/wp\/v2\/media?parent=10354"}],"curies":[{"name":"wp","href":"https:\/\/api.w.org\/{rel}","templated":true}]}}