{"id":12845,"date":"2025-02-06T14:22:56","date_gmt":"2025-02-06T13:22:56","guid":{"rendered":"https:\/\/kwapil.at\/?page_id=12845"},"modified":"2025-07-24T11:03:29","modified_gmt":"2025-07-24T09:03:29","slug":"cookie-policy","status":"publish","type":"page","link":"https:\/\/kwapil.at\/en\/cookie-policy\/","title":{"rendered":"Cookie Policy"},"content":{"rendered":"<div data-elementor-type=\"wp-page\" data-elementor-id=\"12845\" class=\"elementor elementor-12845\" data-elementor-post-type=\"page\">\n\t\t\t\t<div class=\"elementor-element elementor-element-53d9829 e-flex e-con-boxed e-con e-parent\" data-id=\"53d9829\" data-element_type=\"container\" data-e-type=\"container\">\n\t\t\t\t\t<div class=\"e-con-inner\">\n\t\t\t\t<div class=\"elementor-element elementor-element-7e2b522 elementor-widget elementor-widget-text-editor\" data-id=\"7e2b522\" data-element_type=\"widget\" data-e-type=\"widget\" data-widget_type=\"text-editor.default\">\n\t\t\t\t\t\t\t\t\t<p>You are here: <a href=\"https:\/\/kwapil.at\/en\/\">Company<\/a> &gt; Cookie Policy<\/p>\t\t\t\t\t\t\t\t<\/div>\n\t\t\t\t<div class=\"elementor-element elementor-element-74a2a60 elementor-hidden-mobile elementor-widget elementor-widget-heading\" data-id=\"74a2a60\" data-element_type=\"widget\" data-e-type=\"widget\" data-widget_type=\"heading.default\">\n\t\t\t\t\t<h2 class=\"elementor-heading-title elementor-size-default\">Cookie Policy<\/h2>\t\t\t\t<\/div>\n\t\t\t\t<div class=\"elementor-element elementor-element-980f602 elementor-hidden-desktop elementor-hidden-tablet elementor-widget elementor-widget-heading\" data-id=\"980f602\" data-element_type=\"widget\" data-e-type=\"widget\" data-widget_type=\"heading.default\">\n\t\t\t\t\t<h2 class=\"elementor-heading-title elementor-size-default\">Cookie Policy<\/h2>\t\t\t\t<\/div>\n\t\t\t\t\t<\/div>\n\t\t\t\t<\/div>\n\t\t<div class=\"elementor-element elementor-element-780958dd e-flex e-con-boxed e-con e-parent\" data-id=\"780958dd\" data-element_type=\"container\" data-e-type=\"container\">\n\t\t\t\t\t<div class=\"e-con-inner\">\n\t\t\t\t<div class=\"elementor-element elementor-element-609b8fad elementor-widget elementor-widget-text-editor\" data-id=\"609b8fad\" data-element_type=\"widget\" data-e-type=\"widget\" data-widget_type=\"text-editor.default\">\n\t\t\t\t\t\t\t\t\t<p><strong>This Cookie Policy applies in addition to the maxon data protection notice of a website of the maxon Group and\/or one of its subsidiaries and provides you with additional information on the type, scope and purposes of data processing for cookies and similar technologies (hereinafter collectively referred to as \"cookies\").<\/strong><\/p><p><b>1. maxon respects your privacy<\/b><\/p><p>Protecting your privacy when processing personal data and ensuring the security of all business data are key concerns at maxon and are duly reflected in our business processes. Personal data which are gathered when you visit our online offering are kept confidential, in full compliance with relevant legislation.<\/p><p>For more information, please refer to the maxon <a href=\"https:\/\/kwapil.at\/en\/datenschutzerklaerung\/\" target=\"_blank\" rel=\"noopener\">Data protection information.<\/a><\/p><p><b>2. How to reach us<\/b><\/p><p>Please refer to the maxon data protection information for our websites for information on the persons responsible and their data protection officers as well as your rights as a data subject with regard to the use of cookies.<\/p><p><b> Cookies<\/b><\/p><p><em>What is a cookie?<\/em><br \/>Cookies are small information files that are stored on your computer or mobile device by websites you visit or the web browser. Cookies are often used to operate websites or to operate them more efficiently and to transmit information to the operators of the website.<\/p><p><em>What does a cookie do?<\/em><br \/>A cookie can store or read information on your browser. This information may relate to you, your user settings or your device and is largely used to ensure that the website works as you expect it to. A cookie enables the website to remember your actions and preferences (such as login details, language and other display preferences) over a period of time, so you don't have to keep re-entering them whenever you come back to the site or browse from one page to another.<br \/>The information does not identify you directly, but it can provide you with a more personalized web experience.<\/p><p><b>4. Purpose of this cookie policy<\/b><\/p><p>This Cookie Policy explains why and how we use cookies and other means to improve your web experience when you visit our websites. At maxon, we aim to protect your right to privacy. To this end, we have issued this Cookie Policy. It sets out how and why maxon uses which types of cookies and other means of identification when you (i) register or visit the Websites (www.maxongroup.com or websites of a maxon subsidiary) or (ii) interact with us to use the services maxon offers on the Websites.<\/p><p>The legal basis for the use of technically necessary cookies is our legitimate interest in ensuring that our websites are secure, efficient and user-friendly. Cookies that are not technically necessary, e.g. for user analysis and marketing purposes, are only used if you consent to their use. If you do not agree to our use of cookies and other means of identification in the aforementioned manner, you should adjust your browser settings accordingly or not use our websites.<\/p><p>If you disable our cookies, this may affect your user experience and the services we can offer you while you visit our websites.<br \/>For more information on how to block cookies, see section 8 \"Managing your cookie settings\".<\/p><p><b>5 Our use of your personal data<\/b><\/p><p>For more information about the types of personal data we generally collect when you visit our websites and how we use this data, please read our maxon Privacy Notice.<\/p><p><b>6. Why we use cookies<\/b><\/p><p>We use cookies to distinguish you from other users of our website and from websites in our network, to enable you to navigate efficiently between websites and to save your settings. Cookies help us to make your visit to our websites more pleasant and to adapt our websites and services to your personal needs. They also enable us to receive feedback on customer satisfaction and to communicate with you elsewhere on the internet.<br \/>If you visit our website again, we can recognize you, even if we do not know your identity.<\/p><p><em>Cookies set by maxon or third parties<\/em><\/p><p>In many cases, these cookies result in the use of your device's processing or storage capacities. Some of these cookies are set by maxon itself, others by third parties; some remain only for the duration of your browser session, others may remain active on your device for a longer period of time.<\/p><p><b>7. Management of your cookie settings in your browser<\/b><\/p><p>Internet browsers give you the option to change your cookie settings, for example to block certain types of cookies or files. Therefore, you can block cookies by changing the settings in your browser that allow you to refuse the setting of all or certain cookies.<\/p><p>However, if you use your browser settings to block all cookies, you may not be able to access all or part of our websites as some of them may be functionality cookies.<\/p><ul><li>Manage your cookie settings with the Cookie Preference Center.<\/li><li>Further information on deleting or blocking cookies can be found here: https:\/\/www.allaboutcookies.org in the chapter \"Manage cookies\".<\/li><\/ul><p><b><br \/>8. Further information about cookies<\/b><\/p><p><em>Where can I find more information about cookies?<\/em><br \/>You can find more information about cookies and similar tags\/files at the following addresses:<\/p><ul><li><a class=\"Link_link__15_Y0 Link_medium__CtpMS RichText_externalLink__Pbn7j\" href=\"http:\/\/www.allaboutcookies.org\/\"><em>http:\/\/www.allaboutcookies.org\/<\/em><\/a><\/li><li><a href=\"http:\/\/www.youronlinechoices.eu\/\"><em>http:\/\/www.youronlinechoices.eu\/<\/em><\/a><\/li><\/ul><p><b><br \/>9. Use of social media plug-ins<\/b><\/p><p class=\"Text_text__6vd08 Text_base__YIYWR RichText_paragraph__zMyh_\">How we use social bookmarks (e.g. Facebook, Instagram, Twitter or LinkedIn)<br \/>We may use social bookmarks (e.g. Facebook, Instagram, Twitter or LinkedIn) that allow users of these social media platforms to display links to individual maxon web pages on their respective social media profiles to bookmark them or share them with their social media contacts. The websites may contain social bookmarks. You can recognize them by the corresponding share buttons.<\/p><p>For more information, please read our maxon <a href=\"https:\/\/kwapil.at\/en\/datenschutzerklaerung\/\" target=\"_blank\" rel=\"noopener\">Data protection information.<\/a><\/p><p><b>10. Changes to this cookie policy<\/b><\/p><p>We reserve the right, at our sole discretion, to change, modify, add or remove portions of this Cookie Policy at any time. We recommend that you visit this page regularly to check for changes.<\/p>\t\t\t\t\t\t\t\t<\/div>\n\t\t\t\t\t<\/div>\n\t\t\t\t<\/div>\n\t\t<div class=\"elementor-element elementor-element-c73aee3 e-flex e-con-boxed e-con e-parent\" data-id=\"c73aee3\" data-element_type=\"container\" data-e-type=\"container\">\n\t\t\t\t\t<div class=\"e-con-inner\">\n\t\t\t\t<div class=\"elementor-element elementor-element-420752b elementor-widget elementor-widget-spacer\" data-id=\"420752b\" data-element_type=\"widget\" data-e-type=\"widget\" data-widget_type=\"spacer.default\">\n\t\t\t\t\t\t\t<div class=\"elementor-spacer\">\n\t\t\t<div class=\"elementor-spacer-inner\"><\/div>\n\t\t<\/div>\n\t\t\t\t\t\t<\/div>\n\t\t\t\t\t<\/div>\n\t\t\t\t<\/div>\n\t\t\t\t<\/div>","protected":false},"excerpt":{"rendered":"<p>Sie sind hier: Unternehmen &gt; Cookie Policy Cookie Policy Cookie Policy Diese Cookie Policy gilt erg\u00e4nzend zu dem maxon Datenschutzhinweisen einer Webseite der maxon Gruppe und\/oder einer ihrer Tochtergesellschaften und gibt Ihnen zus\u00e4tzliche Informationen zu Art, Umfang und Zwecken der Datenverarbeitung bei eingesetzten Cookies und \u00e4hnlichen Technologien (im Folgenden zusammengenommen als \u00abCookies\u00bb bezeichnet). 1. maxon [&hellip;]<\/p>\n","protected":false},"author":1,"featured_media":0,"parent":0,"menu_order":0,"comment_status":"closed","ping_status":"closed","template":"","meta":{"footnotes":""},"class_list":["post-12845","page","type-page","status-publish","hentry"],"yoast_head":"<!-- This site is optimized with the Yoast SEO Premium plugin v27.2 (Yoast SEO v27.4) - https:\/\/yoast.com\/product\/yoast-seo-premium-wordpress\/ -->\n<title>Cookie Policy - maxon | Kwapil<\/title>\n<meta name=\"robots\" content=\"index, follow, max-snippet:-1, max-image-preview:large, max-video-preview:-1\" \/>\n<link rel=\"canonical\" href=\"https:\/\/kwapil.at\/en\/cookie-policy\/\" \/>\n<meta property=\"og:locale\" content=\"en_US\" \/>\n<meta property=\"og:type\" content=\"article\" \/>\n<meta property=\"og:title\" content=\"Cookie Policy\" \/>\n<meta property=\"og:description\" content=\"Sie sind hier: Unternehmen &gt; Cookie Policy Cookie Policy Cookie Policy Diese Cookie Policy gilt erg\u00e4nzend zu dem maxon Datenschutzhinweisen einer Webseite der maxon Gruppe und\/oder einer ihrer Tochtergesellschaften und gibt Ihnen zus\u00e4tzliche Informationen zu Art, Umfang und Zwecken der Datenverarbeitung bei eingesetzten Cookies und \u00e4hnlichen Technologien (im Folgenden zusammengenommen als \u00abCookies\u00bb bezeichnet). 1. maxon [&hellip;]\" \/>\n<meta property=\"og:url\" content=\"https:\/\/kwapil.at\/en\/cookie-policy\/\" \/>\n<meta property=\"og:site_name\" content=\"maxon | Kwapil\" \/>\n<meta property=\"article:modified_time\" content=\"2025-07-24T09:03:29+00:00\" \/>\n<meta property=\"og:image\" content=\"https:\/\/kwapil.at\/wp-content\/uploads\/2023\/09\/maxon1132_DL-cropped.jpg\" \/>\n\t<meta property=\"og:image:width\" content=\"1024\" \/>\n\t<meta property=\"og:image:height\" content=\"576\" \/>\n\t<meta property=\"og:image:type\" content=\"image\/jpeg\" \/>\n<meta name=\"twitter:card\" content=\"summary_large_image\" \/>\n<meta name=\"twitter:label1\" content=\"Est. reading time\" \/>\n\t<meta name=\"twitter:data1\" content=\"6 minutes\" \/>\n<script type=\"application\/ld+json\" class=\"yoast-schema-graph\">{\"@context\":\"https:\\\/\\\/schema.org\",\"@graph\":[{\"@type\":\"WebPage\",\"@id\":\"https:\\\/\\\/kwapil.at\\\/de\\\/cookie-policy\\\/\",\"url\":\"https:\\\/\\\/kwapil.at\\\/de\\\/cookie-policy\\\/\",\"name\":\"Cookie Policy - maxon | Kwapil\",\"isPartOf\":{\"@id\":\"https:\\\/\\\/kwapil.at\\\/#website\"},\"datePublished\":\"2025-02-06T13:22:56+00:00\",\"dateModified\":\"2025-07-24T09:03:29+00:00\",\"breadcrumb\":{\"@id\":\"https:\\\/\\\/kwapil.at\\\/de\\\/cookie-policy\\\/#breadcrumb\"},\"inLanguage\":\"en-US\",\"potentialAction\":[{\"@type\":\"ReadAction\",\"target\":[\"https:\\\/\\\/kwapil.at\\\/de\\\/cookie-policy\\\/\"]}]},{\"@type\":\"BreadcrumbList\",\"@id\":\"https:\\\/\\\/kwapil.at\\\/de\\\/cookie-policy\\\/#breadcrumb\",\"itemListElement\":[{\"@type\":\"ListItem\",\"position\":1,\"name\":\"Unternehmen\",\"item\":\"https:\\\/\\\/kwapil.at\\\/de\\\/\"},{\"@type\":\"ListItem\",\"position\":2,\"name\":\"Cookie Policy\"}]},{\"@type\":\"WebSite\",\"@id\":\"https:\\\/\\\/kwapil.at\\\/#website\",\"url\":\"https:\\\/\\\/kwapil.at\\\/\",\"name\":\"Kwapil.com\",\"description\":\"Antriebstechnik und Elektronik\",\"publisher\":{\"@id\":\"https:\\\/\\\/kwapil.at\\\/#organization\"},\"alternateName\":\"maxongroup.at\",\"potentialAction\":[{\"@type\":\"SearchAction\",\"target\":{\"@type\":\"EntryPoint\",\"urlTemplate\":\"https:\\\/\\\/kwapil.at\\\/?s={search_term_string}\"},\"query-input\":{\"@type\":\"PropertyValueSpecification\",\"valueRequired\":true,\"valueName\":\"search_term_string\"}}],\"inLanguage\":\"en-US\"},{\"@type\":\"Organization\",\"@id\":\"https:\\\/\\\/kwapil.at\\\/#organization\",\"name\":\"Kwapil & Co GmbH\",\"alternateName\":\"Maxon | Kwapil\",\"url\":\"https:\\\/\\\/kwapil.at\\\/\",\"logo\":{\"@type\":\"ImageObject\",\"inLanguage\":\"en-US\",\"@id\":\"https:\\\/\\\/kwapil.at\\\/#\\\/schema\\\/logo\\\/image\\\/\",\"url\":\"https:\\\/\\\/kwapil.at\\\/wp-content\\\/uploads\\\/2023\\\/09\\\/cropped-kwapil_maxon_logo_standard_rgb.png\",\"contentUrl\":\"https:\\\/\\\/kwapil.at\\\/wp-content\\\/uploads\\\/2023\\\/09\\\/cropped-kwapil_maxon_logo_standard_rgb.png\",\"width\":200,\"height\":28,\"caption\":\"Kwapil & Co GmbH\"},\"image\":{\"@id\":\"https:\\\/\\\/kwapil.at\\\/#\\\/schema\\\/logo\\\/image\\\/\"},\"sameAs\":[\"https:\\\/\\\/www.linkedin.com\\\/company\\\/2505461\\\/\"],\"description\":\"\u00dcber 40 Jahre vertreibt Kwapil & Co Produkte von weltweit f\u00fchrenden Anbietern der Antriebstechnik und Elektronik an. Das Angebot reicht von Motoren \u00fcber Multiachsencontroller bis hin zu kompletten, mechatronischen Antriebssystemen. Seit 2012 ist Kwapil & Co ein Unternehmen der Schweizer maxon Gruppe.\",\"email\":\"verkauf.at@maxongroup.com\",\"telephone\":\"+43 1 278 85 85\",\"legalName\":\"Kwapil & Co GmbH\",\"foundingDate\":\"1975-05-01\",\"numberOfEmployees\":{\"@type\":\"QuantitativeValue\",\"minValue\":\"11\",\"maxValue\":\"50\"},\"ownershipFundingInfo\":\"https:\\\/\\\/kwapil.at\\\/de\\\/impressum\\\/\",\"ethicsPolicy\":\"https:\\\/\\\/kwapil.at\\\/de\\\/verhaltensrichtlinien\\\/\"}]}<\/script>\n<!-- \/ Yoast SEO Premium plugin. -->","yoast_head_json":{"title":"Cookie Policy - maxon | Kwapil","robots":{"index":"index","follow":"follow","max-snippet":"max-snippet:-1","max-image-preview":"max-image-preview:large","max-video-preview":"max-video-preview:-1"},"canonical":"https:\/\/kwapil.at\/en\/cookie-policy\/","og_locale":"en_US","og_type":"article","og_title":"Cookie Policy","og_description":"Sie sind hier: Unternehmen &gt; Cookie Policy Cookie Policy Cookie Policy Diese Cookie Policy gilt erg\u00e4nzend zu dem maxon Datenschutzhinweisen einer Webseite der maxon Gruppe und\/oder einer ihrer Tochtergesellschaften und gibt Ihnen zus\u00e4tzliche Informationen zu Art, Umfang und Zwecken der Datenverarbeitung bei eingesetzten Cookies und \u00e4hnlichen Technologien (im Folgenden zusammengenommen als \u00abCookies\u00bb bezeichnet). 1. maxon [&hellip;]","og_url":"https:\/\/kwapil.at\/en\/cookie-policy\/","og_site_name":"maxon | Kwapil","article_modified_time":"2025-07-24T09:03:29+00:00","og_image":[{"width":1024,"height":576,"url":"https:\/\/kwapil.at\/wp-content\/uploads\/2023\/09\/maxon1132_DL-cropped.jpg","type":"image\/jpeg"}],"twitter_card":"summary_large_image","twitter_misc":{"Est. reading time":"6 minutes"},"schema":{"@context":"https:\/\/schema.org","@graph":[{"@type":"WebPage","@id":"https:\/\/kwapil.at\/de\/cookie-policy\/","url":"https:\/\/kwapil.at\/de\/cookie-policy\/","name":"Cookie Policy - maxon | Kwapil","isPartOf":{"@id":"https:\/\/kwapil.at\/#website"},"datePublished":"2025-02-06T13:22:56+00:00","dateModified":"2025-07-24T09:03:29+00:00","breadcrumb":{"@id":"https:\/\/kwapil.at\/de\/cookie-policy\/#breadcrumb"},"inLanguage":"en-US","potentialAction":[{"@type":"ReadAction","target":["https:\/\/kwapil.at\/de\/cookie-policy\/"]}]},{"@type":"BreadcrumbList","@id":"https:\/\/kwapil.at\/de\/cookie-policy\/#breadcrumb","itemListElement":[{"@type":"ListItem","position":1,"name":"Unternehmen","item":"https:\/\/kwapil.at\/de\/"},{"@type":"ListItem","position":2,"name":"Cookie Policy"}]},{"@type":"WebSite","@id":"https:\/\/kwapil.at\/#website","url":"https:\/\/kwapil.at\/","name":"Kwapil.com","description":"Drive technology and electronics","publisher":{"@id":"https:\/\/kwapil.at\/#organization"},"alternateName":"maxongroup.at","potentialAction":[{"@type":"SearchAction","target":{"@type":"EntryPoint","urlTemplate":"https:\/\/kwapil.at\/?s={search_term_string}"},"query-input":{"@type":"PropertyValueSpecification","valueRequired":true,"valueName":"search_term_string"}}],"inLanguage":"en-US"},{"@type":"Organization","@id":"https:\/\/kwapil.at\/#organization","name":"Kwapil &amp; Co GmbH","alternateName":"Maxon | Kwapil","url":"https:\/\/kwapil.at\/","logo":{"@type":"ImageObject","inLanguage":"en-US","@id":"https:\/\/kwapil.at\/#\/schema\/logo\/image\/","url":"https:\/\/kwapil.at\/wp-content\/uploads\/2023\/09\/cropped-kwapil_maxon_logo_standard_rgb.png","contentUrl":"https:\/\/kwapil.at\/wp-content\/uploads\/2023\/09\/cropped-kwapil_maxon_logo_standard_rgb.png","width":200,"height":28,"caption":"Kwapil & Co GmbH"},"image":{"@id":"https:\/\/kwapil.at\/#\/schema\/logo\/image\/"},"sameAs":["https:\/\/www.linkedin.com\/company\/2505461\/"],"description":"For over 40 years, Kwapil &amp; Co has been selling products from the world's leading suppliers of drive technology and electronics. The range extends from motors and multi-axis controllers to complete mechatronic drive systems. Kwapil &amp; Co has been part of the Swiss maxon Group since 2012.","email":"verkauf.at@maxongroup.com","telephone":"+43 1 278 85 85","legalName":"Kwapil & Co GmbH","foundingDate":"1975-05-01","numberOfEmployees":{"@type":"QuantitativeValue","minValue":"11","maxValue":"50"},"ownershipFundingInfo":"https:\/\/kwapil.at\/de\/impressum\/","ethicsPolicy":"https:\/\/kwapil.at\/de\/verhaltensrichtlinien\/"}]}},"_links":{"self":[{"href":"https:\/\/kwapil.at\/en\/wp-json\/wp\/v2\/pages\/12845","targetHints":{"allow":["GET"]}}],"collection":[{"href":"https:\/\/kwapil.at\/en\/wp-json\/wp\/v2\/pages"}],"about":[{"href":"https:\/\/kwapil.at\/en\/wp-json\/wp\/v2\/types\/page"}],"author":[{"embeddable":true,"href":"https:\/\/kwapil.at\/en\/wp-json\/wp\/v2\/users\/1"}],"replies":[{"embeddable":true,"href":"https:\/\/kwapil.at\/en\/wp-json\/wp\/v2\/comments?post=12845"}],"version-history":[{"count":13,"href":"https:\/\/kwapil.at\/en\/wp-json\/wp\/v2\/pages\/12845\/revisions"}],"predecessor-version":[{"id":13518,"href":"https:\/\/kwapil.at\/en\/wp-json\/wp\/v2\/pages\/12845\/revisions\/13518"}],"wp:attachment":[{"href":"https:\/\/kwapil.at\/en\/wp-json\/wp\/v2\/media?parent=12845"}],"curies":[{"name":"wp","href":"https:\/\/api.w.org\/{rel}","templated":true}]}}