{"id":13618,"date":"2025-08-25T09:26:07","date_gmt":"2025-08-25T07:26:07","guid":{"rendered":"https:\/\/kwapil.at\/?page_id=13618"},"modified":"2025-08-27T11:58:53","modified_gmt":"2025-08-27T09:58:53","slug":"zub_press_release250825","status":"publish","type":"page","link":"https:\/\/kwapil.at\/en\/zub_press_release250825\/","title":{"rendered":"zub_press_release250825"},"content":{"rendered":"<div data-elementor-type=\"wp-page\" data-elementor-id=\"13618\" class=\"elementor elementor-13618\" data-elementor-post-type=\"page\">\n\t\t\t\t<div class=\"elementor-element elementor-element-bc246ce e-flex e-con-boxed e-con e-parent\" data-id=\"bc246ce\" data-element_type=\"container\" data-e-type=\"container\" data-settings=\"{&quot;background_background&quot;:&quot;classic&quot;}\">\n\t\t\t\t\t<div class=\"e-con-inner\">\n\t\t\t\t\t<\/div>\n\t\t\t\t<\/div>\n\t\t<div class=\"elementor-element elementor-element-a25b5a3 e-flex e-con-boxed e-con e-parent\" data-id=\"a25b5a3\" data-element_type=\"container\" data-e-type=\"container\" data-settings=\"{&quot;background_background&quot;:&quot;classic&quot;}\">\n\t\t\t\t\t<div class=\"e-con-inner\">\n\t\t<div class=\"elementor-element elementor-element-76837ce e-con-full e-flex e-con e-child\" data-id=\"76837ce\" data-element_type=\"container\" data-e-type=\"container\" data-settings=\"{&quot;background_background&quot;:&quot;classic&quot;}\">\n\t\t\t\t<div class=\"elementor-element elementor-element-470e12c elementor-widget elementor-widget-image\" data-id=\"470e12c\" data-element_type=\"widget\" data-e-type=\"widget\" data-widget_type=\"image.default\">\n\t\t\t\t\t\t\t\t\t\t\t\t\t\t\t<img fetchpriority=\"high\" decoding=\"async\" width=\"800\" height=\"112\" src=\"https:\/\/kwapil.at\/wp-content\/uploads\/2025\/08\/kwapil_maxon_logo_standard_rgb-1024x143.jpg\" class=\"attachment-large size-large wp-image-13637\" alt=\"\" srcset=\"https:\/\/kwapil.at\/wp-content\/uploads\/2025\/08\/kwapil_maxon_logo_standard_rgb-1024x143.jpg 1024w, https:\/\/kwapil.at\/wp-content\/uploads\/2025\/08\/kwapil_maxon_logo_standard_rgb-300x42.jpg 300w, https:\/\/kwapil.at\/wp-content\/uploads\/2025\/08\/kwapil_maxon_logo_standard_rgb-768x107.jpg 768w, https:\/\/kwapil.at\/wp-content\/uploads\/2025\/08\/kwapil_maxon_logo_standard_rgb-1536x214.jpg 1536w, https:\/\/kwapil.at\/wp-content\/uploads\/2025\/08\/kwapil_maxon_logo_standard_rgb-2048x286.jpg 2048w, https:\/\/kwapil.at\/wp-content\/uploads\/2025\/08\/kwapil_maxon_logo_standard_rgb-18x3.jpg 18w\" sizes=\"(max-width: 800px) 100vw, 800px\" \/>\t\t\t\t\t\t\t\t\t\t\t\t\t\t\t<\/div>\n\t\t\t\t<\/div>\n\t\t<div class=\"elementor-element elementor-element-c836d8e e-con-full e-flex e-con e-child\" data-id=\"c836d8e\" data-element_type=\"container\" data-e-type=\"container\" data-settings=\"{&quot;background_background&quot;:&quot;classic&quot;}\">\n\t\t\t\t<div class=\"elementor-element elementor-element-2da498e elementor-widget elementor-widget-button\" data-id=\"2da498e\" data-element_type=\"widget\" data-e-type=\"widget\" data-widget_type=\"button.default\">\n\t\t\t\t\t\t\t\t\t\t<a class=\"elementor-button elementor-button-link elementor-size-sm\" href=\"https:\/\/kwapil.at\/en\/\">\n\t\t\t\t\t\t<span class=\"elementor-button-content-wrapper\">\n\t\t\t\t\t\t\t\t\t<span class=\"elementor-button-text\">To the website<\/span>\n\t\t\t\t\t<\/span>\n\t\t\t\t\t<\/a>\n\t\t\t\t\t\t\t\t<\/div>\n\t\t\t\t<\/div>\n\t\t\t\t\t<\/div>\n\t\t\t\t<\/div>\n\t\t<div class=\"elementor-element elementor-element-1575b09 e-flex e-con-boxed e-con e-parent\" data-id=\"1575b09\" data-element_type=\"container\" data-e-type=\"container\">\n\t\t\t\t\t<div class=\"e-con-inner\">\n\t\t\t\t<div class=\"elementor-element elementor-element-ebe18b3 elementor-widget elementor-widget-heading\" data-id=\"ebe18b3\" data-element_type=\"widget\" data-e-type=\"widget\" data-widget_type=\"heading.default\">\n\t\t\t\t\t<h1 class=\"elementor-heading-title elementor-size-default\">Modular, compact and powerful - <br>\nmaxon expands the MiniMACS6 series <\/h1>\t\t\t\t<\/div>\n\t\t\t\t\t<\/div>\n\t\t\t\t<\/div>\n\t\t<div class=\"elementor-element elementor-element-6a9185c e-flex e-con-boxed e-con e-parent\" data-id=\"6a9185c\" data-element_type=\"container\" data-e-type=\"container\" data-settings=\"{&quot;background_background&quot;:&quot;classic&quot;}\">\n\t\t\t\t\t<div class=\"e-con-inner\">\n\t\t<div class=\"elementor-element elementor-element-46473f3 e-con-full e-flex e-con e-child\" data-id=\"46473f3\" data-element_type=\"container\" data-e-type=\"container\" data-settings=\"{&quot;background_background&quot;:&quot;classic&quot;}\">\n\t\t<div class=\"elementor-element elementor-element-0924163 e-con-full e-flex e-con e-child\" data-id=\"0924163\" data-element_type=\"container\" data-e-type=\"container\">\n\t\t<div class=\"elementor-element elementor-element-3cd4742 e-con-full e-flex e-con e-child\" data-id=\"3cd4742\" data-element_type=\"container\" data-e-type=\"container\" data-settings=\"{&quot;background_background&quot;:&quot;classic&quot;}\">\n\t\t\t\t<\/div>\n\t\t\t\t<\/div>\n\t\t<div class=\"elementor-element elementor-element-979a4c0 e-con-full e-flex e-con e-child\" data-id=\"979a4c0\" data-element_type=\"container\" data-e-type=\"container\" data-settings=\"{&quot;background_background&quot;:&quot;classic&quot;}\">\n\t\t\t\t<\/div>\n\t\t\t\t<\/div>\n\t\t\t\t\t<\/div>\n\t\t\t\t<\/div>\n\t\t<div class=\"elementor-element elementor-element-6572381 e-flex e-con-boxed e-con e-parent\" data-id=\"6572381\" data-element_type=\"container\" data-e-type=\"container\" data-settings=\"{&quot;background_background&quot;:&quot;classic&quot;}\">\n\t\t\t\t\t<div class=\"e-con-inner\">\n\t\t\t\t<div class=\"elementor-element elementor-element-17a136d elementor-widget__width-initial elementor-widget elementor-widget-text-editor\" data-id=\"17a136d\" data-element_type=\"widget\" data-e-type=\"widget\" data-widget_type=\"text-editor.default\">\n\t\t\t\t\t\t\t\t\t<p><b>maxon is expanding its portfolio of multi-axis controllers with two new variants of the successful MiniMACS6-AMP4 series. These new models are specially tailored to the requirements of precision automation and industrial communication and enable customers to integrate sophisticated motion control solutions even more flexibly and efficiently.<\/b><\/p>\t\t\t\t\t\t\t\t<\/div>\n\t\t\t\t<div class=\"elementor-element elementor-element-7e73dce elementor-widget__width-initial elementor-widget elementor-widget-text-editor\" data-id=\"7e73dce\" data-element_type=\"widget\" data-e-type=\"widget\" data-widget_type=\"text-editor.default\">\n\t\t\t\t\t\t\t\t\t<p>The new version <b>MiniMACS6-AMP4\/50\/4-IF1<\/b> was specially developed for applications with smaller motors. It enables finely tuned current control with high power density. With up to 4 A continuous current and 7 A peak current per axis, it offers precise motion control for devices, laboratory automation and compact machines and is ideal for use with maxon motors. The compact design remains unchanged, as do the versatile connection options via Ethernet, EtherCAT, CANopen and USB. This ensures seamless integration into existing systems - without compromising on functionality or performance.<\/p><p>Another technological milestone is the integration of the <b>PROFINET interface <\/b>in the MiniMACS6-AMP4 series. This means that maxon supports one of the leading industrial Ethernet standards and enables high-performance real-time communication in the millisecond range. The new interface supports both cyclic and acyclic data exchange and offers robust diagnostic functions - a decisive advantage for maximum uptime and system reliability.<\/p><p>Plug-and-play integration into Siemens and other PROFINET-based systems simplifies commissioning considerably.<\/p><p>With the combination of precise current control, compact design and extended multi-protocol connectivity - including EtherCAT, Ethernet and CANopen - maxon offers its customers a future-proof platform for demanding automation tasks.<\/p><p>The new variants of the MiniMACS6-AMP4 series are now available and set new standards in intelligent motion control.<\/p><p>For further information, please contact the <a href=\"https:\/\/www.maxongroup.com\/de-de\/news-und-events\/medienzentrum\" target=\"_blank\" rel=\"noopener\">maxon press office.<\/a><\/p>\t\t\t\t\t\t\t\t<\/div>\n\t\t\t\t<div class=\"elementor-element elementor-element-43e4049 elementor-align-left elementor-widget elementor-widget-button\" data-id=\"43e4049\" data-element_type=\"widget\" data-e-type=\"widget\" data-widget_type=\"button.default\">\n\t\t\t\t\t\t\t\t\t\t<a class=\"elementor-button elementor-button-link elementor-size-md\" href=\"https:\/\/www.maxongroup.de\/maxon\/view\/product\/control\/Motion-Control\/MiniMacs\/001756\" target=\"_blank\">\n\t\t\t\t\t\t<span class=\"elementor-button-content-wrapper\">\n\t\t\t\t\t\t\t\t\t<span class=\"elementor-button-text\">To the store<\/span>\n\t\t\t\t\t<\/span>\n\t\t\t\t\t<\/a>\n\t\t\t\t\t\t\t\t<\/div>\n\t\t\t\t\t<\/div>\n\t\t\t\t<\/div>\n\t\t<div class=\"elementor-element elementor-element-56b372f e-flex e-con-boxed e-con e-parent\" data-id=\"56b372f\" data-element_type=\"container\" data-e-type=\"container\">\n\t\t\t\t\t<div class=\"e-con-inner\">\n\t\t\t\t<div class=\"elementor-element elementor-element-ed0aa23 elementor-widget elementor-widget-spacer\" data-id=\"ed0aa23\" data-element_type=\"widget\" data-e-type=\"widget\" data-widget_type=\"spacer.default\">\n\t\t\t\t\t\t\t<div class=\"elementor-spacer\">\n\t\t\t<div class=\"elementor-spacer-inner\"><\/div>\n\t\t<\/div>\n\t\t\t\t\t\t<\/div>\n\t\t\t\t\t<\/div>\n\t\t\t\t<\/div>\n\t\t\t\t<\/div>","protected":false},"excerpt":{"rendered":"<p>Zur Website Modular, kompakt und leistungsstark \u2013 maxon erweitert die MiniMACS6-Serie maxon erweitert sein Portfolio an Mehrachsen-Steuerungen um zwei neue Varianten der erfolgreichen MiniMACS6-AMP4-Serie. Diese neuen Modelle sind speziell auf die Anforderungen der Pr\u00e4zisionsautomatisierung und der industriellen Kommunikation zugeschnitten und erm\u00f6glichen es Kunden, anspruchsvolle Motion-Control-L\u00f6sungen noch flexibler und effizienter zu integrieren. Die neue Version MiniMACS6-AMP4\/50\/4-IF1 [&hellip;]<\/p>\n","protected":false},"author":1,"featured_media":0,"parent":0,"menu_order":0,"comment_status":"closed","ping_status":"closed","template":"elementor_canvas","meta":{"footnotes":""},"class_list":["post-13618","page","type-page","status-publish","hentry"],"yoast_head":"<!-- This site is optimized with the Yoast SEO Premium plugin v27.4 (Yoast SEO v27.4) - https:\/\/yoast.com\/product\/yoast-seo-premium-wordpress\/ -->\n<title>zub_press_release250825 - maxon | Kwapil<\/title>\n<meta name=\"robots\" content=\"noindex, follow\" \/>\n<meta property=\"og:locale\" content=\"en_US\" \/>\n<meta property=\"og:type\" content=\"article\" \/>\n<meta property=\"og:title\" content=\"zub_press_release250825\" \/>\n<meta property=\"og:description\" content=\"Zur Website Modular, kompakt und leistungsstark \u2013 maxon erweitert die MiniMACS6-Serie maxon erweitert sein Portfolio an Mehrachsen-Steuerungen um zwei neue Varianten der erfolgreichen MiniMACS6-AMP4-Serie. Diese neuen Modelle sind speziell auf die Anforderungen der Pr\u00e4zisionsautomatisierung und der industriellen Kommunikation zugeschnitten und erm\u00f6glichen es Kunden, anspruchsvolle Motion-Control-L\u00f6sungen noch flexibler und effizienter zu integrieren. Die neue Version MiniMACS6-AMP4\/50\/4-IF1 [&hellip;]\" \/>\n<meta property=\"og:url\" content=\"https:\/\/kwapil.at\/en\/zub_press_release250825\/\" \/>\n<meta property=\"og:site_name\" content=\"maxon | Kwapil\" \/>\n<meta property=\"article:modified_time\" content=\"2025-08-27T09:58:53+00:00\" \/>\n<meta property=\"og:image\" content=\"https:\/\/kwapil.at\/wp-content\/uploads\/2025\/08\/kwapil_maxon_logo_standard_rgb-scaled.jpg\" \/>\n\t<meta property=\"og:image:width\" content=\"2560\" \/>\n\t<meta property=\"og:image:height\" content=\"357\" \/>\n\t<meta property=\"og:image:type\" content=\"image\/jpeg\" \/>\n<meta name=\"twitter:card\" content=\"summary_large_image\" \/>\n<meta name=\"twitter:label1\" content=\"Est. reading time\" \/>\n\t<meta name=\"twitter:data1\" content=\"2 minutes\" \/>\n<script type=\"application\/ld+json\" class=\"yoast-schema-graph\">{\"@context\":\"https:\\\/\\\/schema.org\",\"@graph\":[{\"@type\":\"WebPage\",\"@id\":\"https:\\\/\\\/kwapil.at\\\/de\\\/zub_press_release250825\\\/\",\"url\":\"https:\\\/\\\/kwapil.at\\\/de\\\/zub_press_release250825\\\/\",\"name\":\"zub_press_release250825 - maxon | Kwapil\",\"isPartOf\":{\"@id\":\"https:\\\/\\\/kwapil.at\\\/#website\"},\"primaryImageOfPage\":{\"@id\":\"https:\\\/\\\/kwapil.at\\\/de\\\/zub_press_release250825\\\/#primaryimage\"},\"image\":{\"@id\":\"https:\\\/\\\/kwapil.at\\\/de\\\/zub_press_release250825\\\/#primaryimage\"},\"thumbnailUrl\":\"https:\\\/\\\/kwapil.at\\\/wp-content\\\/uploads\\\/2025\\\/08\\\/kwapil_maxon_logo_standard_rgb-1024x143.jpg\",\"datePublished\":\"2025-08-25T07:26:07+00:00\",\"dateModified\":\"2025-08-27T09:58:53+00:00\",\"breadcrumb\":{\"@id\":\"https:\\\/\\\/kwapil.at\\\/de\\\/zub_press_release250825\\\/#breadcrumb\"},\"inLanguage\":\"en-US\",\"potentialAction\":[{\"@type\":\"ReadAction\",\"target\":[\"https:\\\/\\\/kwapil.at\\\/de\\\/zub_press_release250825\\\/\"]}]},{\"@type\":\"ImageObject\",\"inLanguage\":\"en-US\",\"@id\":\"https:\\\/\\\/kwapil.at\\\/de\\\/zub_press_release250825\\\/#primaryimage\",\"url\":\"https:\\\/\\\/kwapil.at\\\/wp-content\\\/uploads\\\/2025\\\/08\\\/kwapil_maxon_logo_standard_rgb-1024x143.jpg\",\"contentUrl\":\"https:\\\/\\\/kwapil.at\\\/wp-content\\\/uploads\\\/2025\\\/08\\\/kwapil_maxon_logo_standard_rgb-1024x143.jpg\"},{\"@type\":\"BreadcrumbList\",\"@id\":\"https:\\\/\\\/kwapil.at\\\/de\\\/zub_press_release250825\\\/#breadcrumb\",\"itemListElement\":[{\"@type\":\"ListItem\",\"position\":1,\"name\":\"Unternehmen\",\"item\":\"https:\\\/\\\/kwapil.at\\\/de\\\/\"},{\"@type\":\"ListItem\",\"position\":2,\"name\":\"zub_press_release250825\"}]},{\"@type\":\"WebSite\",\"@id\":\"https:\\\/\\\/kwapil.at\\\/#website\",\"url\":\"https:\\\/\\\/kwapil.at\\\/\",\"name\":\"Kwapil.com\",\"description\":\"Antriebstechnik und Elektronik\",\"publisher\":{\"@id\":\"https:\\\/\\\/kwapil.at\\\/#organization\"},\"alternateName\":\"maxongroup.at\",\"potentialAction\":[{\"@type\":\"SearchAction\",\"target\":{\"@type\":\"EntryPoint\",\"urlTemplate\":\"https:\\\/\\\/kwapil.at\\\/?s={search_term_string}\"},\"query-input\":{\"@type\":\"PropertyValueSpecification\",\"valueRequired\":true,\"valueName\":\"search_term_string\"}}],\"inLanguage\":\"en-US\"},{\"@type\":\"Organization\",\"@id\":\"https:\\\/\\\/kwapil.at\\\/#organization\",\"name\":\"Kwapil & Co GmbH\",\"alternateName\":\"Maxon | Kwapil\",\"url\":\"https:\\\/\\\/kwapil.at\\\/\",\"logo\":{\"@type\":\"ImageObject\",\"inLanguage\":\"en-US\",\"@id\":\"https:\\\/\\\/kwapil.at\\\/#\\\/schema\\\/logo\\\/image\\\/\",\"url\":\"https:\\\/\\\/kwapil.at\\\/wp-content\\\/uploads\\\/2023\\\/09\\\/cropped-kwapil_maxon_logo_standard_rgb.png\",\"contentUrl\":\"https:\\\/\\\/kwapil.at\\\/wp-content\\\/uploads\\\/2023\\\/09\\\/cropped-kwapil_maxon_logo_standard_rgb.png\",\"width\":200,\"height\":28,\"caption\":\"Kwapil & Co GmbH\"},\"image\":{\"@id\":\"https:\\\/\\\/kwapil.at\\\/#\\\/schema\\\/logo\\\/image\\\/\"},\"sameAs\":[\"https:\\\/\\\/www.linkedin.com\\\/company\\\/2505461\\\/\"],\"description\":\"\u00dcber 40 Jahre vertreibt Kwapil & Co Produkte von weltweit f\u00fchrenden Anbietern der Antriebstechnik und Elektronik an. Das Angebot reicht von Motoren \u00fcber Multiachsencontroller bis hin zu kompletten, mechatronischen Antriebssystemen. Seit 2012 ist Kwapil & Co ein Unternehmen der Schweizer maxon Gruppe.\",\"email\":\"verkauf.at@maxongroup.com\",\"telephone\":\"+43 1 278 85 85\",\"legalName\":\"Kwapil & Co GmbH\",\"foundingDate\":\"1975-05-01\",\"numberOfEmployees\":{\"@type\":\"QuantitativeValue\",\"minValue\":\"11\",\"maxValue\":\"50\"},\"ownershipFundingInfo\":\"https:\\\/\\\/kwapil.at\\\/de\\\/impressum\\\/\",\"ethicsPolicy\":\"https:\\\/\\\/kwapil.at\\\/de\\\/verhaltensrichtlinien\\\/\"}]}<\/script>\n<!-- \/ Yoast SEO Premium plugin. -->","yoast_head_json":{"title":"zub_press_release250825 - maxon | Kwapil","robots":{"index":"noindex","follow":"follow"},"og_locale":"en_US","og_type":"article","og_title":"zub_press_release250825","og_description":"Zur Website Modular, kompakt und leistungsstark \u2013 maxon erweitert die MiniMACS6-Serie maxon erweitert sein Portfolio an Mehrachsen-Steuerungen um zwei neue Varianten der erfolgreichen MiniMACS6-AMP4-Serie. Diese neuen Modelle sind speziell auf die Anforderungen der Pr\u00e4zisionsautomatisierung und der industriellen Kommunikation zugeschnitten und erm\u00f6glichen es Kunden, anspruchsvolle Motion-Control-L\u00f6sungen noch flexibler und effizienter zu integrieren. Die neue Version MiniMACS6-AMP4\/50\/4-IF1 [&hellip;]","og_url":"https:\/\/kwapil.at\/en\/zub_press_release250825\/","og_site_name":"maxon | Kwapil","article_modified_time":"2025-08-27T09:58:53+00:00","og_image":[{"width":2560,"height":357,"url":"https:\/\/kwapil.at\/wp-content\/uploads\/2025\/08\/kwapil_maxon_logo_standard_rgb-scaled.jpg","type":"image\/jpeg"}],"twitter_card":"summary_large_image","twitter_misc":{"Est. reading time":"2 minutes"},"schema":{"@context":"https:\/\/schema.org","@graph":[{"@type":"WebPage","@id":"https:\/\/kwapil.at\/de\/zub_press_release250825\/","url":"https:\/\/kwapil.at\/de\/zub_press_release250825\/","name":"zub_press_release250825 - maxon | Kwapil","isPartOf":{"@id":"https:\/\/kwapil.at\/#website"},"primaryImageOfPage":{"@id":"https:\/\/kwapil.at\/de\/zub_press_release250825\/#primaryimage"},"image":{"@id":"https:\/\/kwapil.at\/de\/zub_press_release250825\/#primaryimage"},"thumbnailUrl":"https:\/\/kwapil.at\/wp-content\/uploads\/2025\/08\/kwapil_maxon_logo_standard_rgb-1024x143.jpg","datePublished":"2025-08-25T07:26:07+00:00","dateModified":"2025-08-27T09:58:53+00:00","breadcrumb":{"@id":"https:\/\/kwapil.at\/de\/zub_press_release250825\/#breadcrumb"},"inLanguage":"en-US","potentialAction":[{"@type":"ReadAction","target":["https:\/\/kwapil.at\/de\/zub_press_release250825\/"]}]},{"@type":"ImageObject","inLanguage":"en-US","@id":"https:\/\/kwapil.at\/de\/zub_press_release250825\/#primaryimage","url":"https:\/\/kwapil.at\/wp-content\/uploads\/2025\/08\/kwapil_maxon_logo_standard_rgb-1024x143.jpg","contentUrl":"https:\/\/kwapil.at\/wp-content\/uploads\/2025\/08\/kwapil_maxon_logo_standard_rgb-1024x143.jpg"},{"@type":"BreadcrumbList","@id":"https:\/\/kwapil.at\/de\/zub_press_release250825\/#breadcrumb","itemListElement":[{"@type":"ListItem","position":1,"name":"Unternehmen","item":"https:\/\/kwapil.at\/de\/"},{"@type":"ListItem","position":2,"name":"zub_press_release250825"}]},{"@type":"WebSite","@id":"https:\/\/kwapil.at\/#website","url":"https:\/\/kwapil.at\/","name":"Kwapil.com","description":"Drive technology and electronics","publisher":{"@id":"https:\/\/kwapil.at\/#organization"},"alternateName":"maxongroup.at","potentialAction":[{"@type":"SearchAction","target":{"@type":"EntryPoint","urlTemplate":"https:\/\/kwapil.at\/?s={search_term_string}"},"query-input":{"@type":"PropertyValueSpecification","valueRequired":true,"valueName":"search_term_string"}}],"inLanguage":"en-US"},{"@type":"Organization","@id":"https:\/\/kwapil.at\/#organization","name":"Kwapil &amp; Co GmbH","alternateName":"Maxon | Kwapil","url":"https:\/\/kwapil.at\/","logo":{"@type":"ImageObject","inLanguage":"en-US","@id":"https:\/\/kwapil.at\/#\/schema\/logo\/image\/","url":"https:\/\/kwapil.at\/wp-content\/uploads\/2023\/09\/cropped-kwapil_maxon_logo_standard_rgb.png","contentUrl":"https:\/\/kwapil.at\/wp-content\/uploads\/2023\/09\/cropped-kwapil_maxon_logo_standard_rgb.png","width":200,"height":28,"caption":"Kwapil & Co GmbH"},"image":{"@id":"https:\/\/kwapil.at\/#\/schema\/logo\/image\/"},"sameAs":["https:\/\/www.linkedin.com\/company\/2505461\/"],"description":"For over 40 years, Kwapil &amp; Co has been selling products from the world's leading suppliers of drive technology and electronics. The range extends from motors and multi-axis controllers to complete mechatronic drive systems. Kwapil &amp; Co has been part of the Swiss maxon Group since 2012.","email":"verkauf.at@maxongroup.com","telephone":"+43 1 278 85 85","legalName":"Kwapil & Co GmbH","foundingDate":"1975-05-01","numberOfEmployees":{"@type":"QuantitativeValue","minValue":"11","maxValue":"50"},"ownershipFundingInfo":"https:\/\/kwapil.at\/de\/impressum\/","ethicsPolicy":"https:\/\/kwapil.at\/de\/verhaltensrichtlinien\/"}]}},"_links":{"self":[{"href":"https:\/\/kwapil.at\/en\/wp-json\/wp\/v2\/pages\/13618","targetHints":{"allow":["GET"]}}],"collection":[{"href":"https:\/\/kwapil.at\/en\/wp-json\/wp\/v2\/pages"}],"about":[{"href":"https:\/\/kwapil.at\/en\/wp-json\/wp\/v2\/types\/page"}],"author":[{"embeddable":true,"href":"https:\/\/kwapil.at\/en\/wp-json\/wp\/v2\/users\/1"}],"replies":[{"embeddable":true,"href":"https:\/\/kwapil.at\/en\/wp-json\/wp\/v2\/comments?post=13618"}],"version-history":[{"count":23,"href":"https:\/\/kwapil.at\/en\/wp-json\/wp\/v2\/pages\/13618\/revisions"}],"predecessor-version":[{"id":13655,"href":"https:\/\/kwapil.at\/en\/wp-json\/wp\/v2\/pages\/13618\/revisions\/13655"}],"wp:attachment":[{"href":"https:\/\/kwapil.at\/en\/wp-json\/wp\/v2\/media?parent=13618"}],"curies":[{"name":"wp","href":"https:\/\/api.w.org\/{rel}","templated":true}]}}