{"id":14075,"date":"2026-01-19T13:43:14","date_gmt":"2026-01-19T12:43:14","guid":{"rendered":"https:\/\/kwapil.at\/?page_id=14075"},"modified":"2026-01-19T14:21:12","modified_gmt":"2026-01-19T13:21:12","slug":"stellenangebote-cz","status":"publish","type":"page","link":"https:\/\/kwapil.at\/en\/stellenangebote-cz\/","title":{"rendered":"Vacancies CZ"},"content":{"rendered":"<div data-elementor-type=\"wp-page\" data-elementor-id=\"14075\" class=\"elementor elementor-14075\" data-elementor-post-type=\"page\">\n\t\t\t\t<div class=\"elementor-element elementor-element-d019c98 e-con-full e-flex e-con e-parent\" data-id=\"d019c98\" data-element_type=\"container\" data-e-type=\"container\">\n\t\t\t\t<div class=\"elementor-element elementor-element-593b699 elementor--h-position-center elementor--v-position-middle elementor-arrows-position-inside elementor-pagination-position-inside elementor-widget elementor-widget-slides\" data-id=\"593b699\" data-element_type=\"widget\" data-e-type=\"widget\" data-settings=\"{&quot;navigation&quot;:&quot;both&quot;,&quot;autoplay&quot;:&quot;yes&quot;,&quot;pause_on_hover&quot;:&quot;yes&quot;,&quot;pause_on_interaction&quot;:&quot;yes&quot;,&quot;autoplay_speed&quot;:5000,&quot;infinite&quot;:&quot;yes&quot;,&quot;transition&quot;:&quot;slide&quot;,&quot;transition_speed&quot;:500}\" data-widget_type=\"slides.default\">\n\t\t\t\t\t\t\t\t\t\t<div class=\"elementor-slides-wrapper elementor-main-swiper swiper\" role=\"region\" aria-roledescription=\"carousel\" aria-label=\"Slider\" dir=\"ltr\" data-animation=\"fadeInUp\">\n\t\t\t\t<div class=\"swiper-wrapper elementor-slides\">\n\t\t\t\t\t\t\t\t\t\t<div class=\"elementor-repeater-item-7f62e4c swiper-slide\" role=\"group\" aria-roledescription=\"slide\"><div class=\"swiper-slide-bg elementor-ken-burns elementor-ken-burns--in\" role=\"img\" aria-label=\"maxon1132_DL-cropped\"><\/div><div class=\"swiper-slide-inner\" ><div class=\"swiper-slide-contents\"><\/div><\/div><\/div><div class=\"elementor-repeater-item-10bbdd4 swiper-slide\" role=\"group\" aria-roledescription=\"slide\"><div class=\"swiper-slide-bg elementor-ken-burns elementor-ken-burns--in\" role=\"img\" aria-label=\"maxon1049_DL-cropped\"><\/div><div class=\"swiper-slide-inner\" ><div class=\"swiper-slide-contents\"><\/div><\/div><\/div><div class=\"elementor-repeater-item-8b823fc swiper-slide\" role=\"group\" aria-roledescription=\"slide\"><div class=\"swiper-slide-bg elementor-ken-burns elementor-ken-burns--in\" role=\"img\" aria-label=\"Header_Robotics&amp;E-Mobility\"><\/div><div class=\"swiper-slide-inner\" ><div class=\"swiper-slide-contents\"><\/div><\/div><\/div><div class=\"elementor-repeater-item-8f3989d swiper-slide\" role=\"group\" aria-roledescription=\"slide\"><div class=\"swiper-slide-bg elementor-ken-burns elementor-ken-burns--in\" role=\"img\" aria-label=\"Header_Medical-Technology\"><\/div><div class=\"swiper-slide-inner\" ><div class=\"swiper-slide-contents\"><\/div><\/div><\/div><div class=\"elementor-repeater-item-00b48ac swiper-slide\" role=\"group\" aria-roledescription=\"slide\"><div class=\"swiper-slide-bg elementor-ken-burns elementor-ken-burns--in\" role=\"img\" aria-label=\"Header_Industrial-Automation\"><\/div><div class=\"swiper-slide-inner\" ><div class=\"swiper-slide-contents\"><\/div><\/div><\/div><div class=\"elementor-repeater-item-e4f1072 swiper-slide\" role=\"group\" aria-roledescription=\"slide\"><div class=\"swiper-slide-bg elementor-ken-burns elementor-ken-burns--in\" role=\"img\" aria-label=\"Header_Aerospace\"><\/div><div class=\"swiper-slide-inner\" ><div class=\"swiper-slide-contents\"><\/div><\/div><\/div>\t\t\t\t<\/div>\n\t\t\t\t\t\t\t\t\t\t\t\t\t\t\t<div class=\"elementor-swiper-button elementor-swiper-button-prev\" role=\"button\" tabindex=\"0\" aria-label=\"Previous slide\">\n\t\t\t\t\t\t\t<svg aria-hidden=\"true\" class=\"e-font-icon-svg e-eicon-chevron-left\" viewbox=\"0 0 1000 1000\" xmlns=\"http:\/\/www.w3.org\/2000\/svg\"><path d=\"M646 125C629 125 613 133 604 142L308 442C296 454 292 471 292 487 292 504 296 521 308 533L604 854C617 867 629 875 646 875 663 875 679 871 692 858 704 846 713 829 713 812 713 796 708 779 692 767L438 487 692 225C700 217 708 204 708 187 708 171 704 154 692 142 675 129 663 125 646 125Z\"><\/path><\/svg>\t\t\t\t\t\t<\/div>\n\t\t\t\t\t\t<div class=\"elementor-swiper-button elementor-swiper-button-next\" role=\"button\" tabindex=\"0\" aria-label=\"Next slide\">\n\t\t\t\t\t\t\t<svg aria-hidden=\"true\" class=\"e-font-icon-svg e-eicon-chevron-right\" viewbox=\"0 0 1000 1000\" xmlns=\"http:\/\/www.w3.org\/2000\/svg\"><path d=\"M696 533C708 521 713 504 713 487 713 471 708 454 696 446L400 146C388 133 375 125 354 125 338 125 325 129 313 142 300 154 292 171 292 187 292 204 296 221 308 233L563 492 304 771C292 783 288 800 288 817 288 833 296 850 308 863 321 871 338 875 354 875 371 875 388 867 400 854L696 533Z\"><\/path><\/svg>\t\t\t\t\t\t<\/div>\n\t\t\t\t\t\t\t\t\t\t\t\t\t\t\t\t<div class=\"swiper-pagination\"><\/div>\n\t\t\t\t\t\t\t\t\t\t\t\t<\/div>\n\t\t\t\t\t\t\t\t<\/div>\n\t\t\t\t<\/div>\n\t\t<div class=\"elementor-element elementor-element-5711c5f e-flex e-con-boxed e-con e-parent\" data-id=\"5711c5f\" data-element_type=\"container\" data-e-type=\"container\">\n\t\t\t\t\t<div class=\"e-con-inner\">\n\t\t<div class=\"elementor-element elementor-element-269cf96 e-con-full e-flex e-con e-child\" data-id=\"269cf96\" data-element_type=\"container\" data-e-type=\"container\">\n\t\t\t\t<div class=\"elementor-element elementor-element-3778258 elementor-widget elementor-widget-text-editor\" data-id=\"3778258\" data-element_type=\"widget\" data-e-type=\"widget\" data-widget_type=\"text-editor.default\">\n\t\t\t\t\t\t\t\t\t<p>You are here: <a href=\"https:\/\/kwapil.at\/en\/\"><b>Company <\/b><\/a>&gt; <a href=\"https:\/\/kwapil.at\/en\/karriere\/\">Career<\/a> &gt; Vacancies CZ<\/p>\t\t\t\t\t\t\t\t<\/div>\n\t\t\t\t<div class=\"elementor-element elementor-element-31b2b79 elementor-widget elementor-widget-heading\" data-id=\"31b2b79\" data-element_type=\"widget\" data-e-type=\"widget\" data-widget_type=\"heading.default\">\n\t\t\t\t\t<h2 class=\"elementor-heading-title elementor-size-default\">Vacancies in the Czech Republic<\/h2>\t\t\t\t<\/div>\n\t\t\t\t<div class=\"elementor-element elementor-element-34ebf9b elementor-widget elementor-widget-heading\" data-id=\"34ebf9b\" data-element_type=\"widget\" data-e-type=\"widget\" data-widget_type=\"heading.default\">\n\t\t\t\t\t<h1 class=\"elementor-heading-title elementor-size-default\"><p style=\"font-weight: 600\"><span style=\"color: var( --e-global-color-primary );text-align: var(--text-align)\"><span style=\"font-size: 22px\">Sales engineer for the office in Brno.<\/span><\/span><br><\/p><\/h1>\t\t\t\t<\/div>\n\t\t\t\t<div class=\"elementor-element elementor-element-c480a60 elementor-widget elementor-widget-text-editor\" data-id=\"c480a60\" data-element_type=\"widget\" data-e-type=\"widget\" data-widget_type=\"text-editor.default\">\n\t\t\t\t\t\t\t\t\t<p class=\"translation-block\">Maxon is a global supplier of precision drive systems of first-class quality.<br>Our drives are perfect for all areas where high reliability,<br>precision and quality are required.<br>On earth and in space.<\/p>\n<p>We offer creative and committed people a trustworthy, global environment.<br>For our office in Brno we are looking for a<\/p>\t\t\t\t\t\t\t\t<\/div>\n\t\t\t\t<div class=\"elementor-element elementor-element-ab0720e elementor-widget elementor-widget-heading\" data-id=\"ab0720e\" data-element_type=\"widget\" data-e-type=\"widget\" data-widget_type=\"heading.default\">\n\t\t\t\t\t<h2 class=\"elementor-heading-title elementor-size-default\"><span><span style=\"color: red\">Sales engineer<\/span><\/span><\/h2>\t\t\t\t<\/div>\n\t\t\t\t<div class=\"elementor-element elementor-element-6e41d5f elementor-widget elementor-widget-heading\" data-id=\"6e41d5f\" data-element_type=\"widget\" data-e-type=\"widget\" data-widget_type=\"heading.default\">\n\t\t\t\t\t<h2 class=\"elementor-heading-title elementor-size-default\"><span style=\"font-size: 15px\">Job description:<\/span><\/h2>\t\t\t\t<\/div>\n\t\t\t\t<div class=\"elementor-element elementor-element-ba54305 elementor-widget elementor-widget-text-editor\" data-id=\"ba54305\" data-element_type=\"widget\" data-e-type=\"widget\" data-widget_type=\"text-editor.default\">\n\t\t\t\t\t\t\t\t\t<li>Full responsibility for the sales area in the field of drive technology<\/li>\n \t<li>Professional and proactive support for existing customers<\/li>\n \t<li>Technical advice for customers, preparation of customer quotations<\/li>\n \t<li>Ensuring the successful execution of projects, their planning and implementation.<\/li>\n \t<li>Close cooperation with colleagues and other business units of the maxon Group<\/li>\n \t<li>Planning, preparation of forecasts, reports<\/li>\n \t<li>Travel, independent planning of customer visits<\/li>\n \t<li>Participation in trade fairs<\/li>\n \t<li>Active observation of the market (medical technology, automation technology, robotics) and the competition<\/li>\n\t\t\t\t\t\t\t\t<\/div>\n\t\t\t\t<div class=\"elementor-element elementor-element-83c7858 elementor-widget elementor-widget-heading\" data-id=\"83c7858\" data-element_type=\"widget\" data-e-type=\"widget\" data-widget_type=\"heading.default\">\n\t\t\t\t\t<h2 class=\"elementor-heading-title elementor-size-default\"><b>Your profile:<\/b><\/h2>\t\t\t\t<\/div>\n\t\t\t\t<div class=\"elementor-element elementor-element-7063c57 elementor-widget elementor-widget-text-editor\" data-id=\"7063c57\" data-element_type=\"widget\" data-e-type=\"widget\" data-widget_type=\"text-editor.default\">\n\t\t\t\t\t\t\t\t\t\n \t<li>Technical university education, ideally in the fields of mechatronics, automation,<\/ul>\n<\/li>\n<\/ul>\n<ul style=\"padding-left: 0; margin-left: 0; list-style-position: inside;\">Mechanics or electrical engineering<\/ul>\n<\/li>\n \t<li>Experience in sales is an advantage, but not a requirement<\/li>\n \t<li>Interest in the drive technology market, understanding of technical applications<\/li>\n \t<li>Team player who actively contributes to an international environment.<\/li>\n \t<li>Communication skills, commitment, negotiating skills<\/li>\n \t<li>Personal responsibility and reliability<\/li>\n \t<li>Very good knowledge of English (written and spoken), knowledge of German an advantage<\/li>\n \t<li>Class B driver's license, willingness to travel<\/li>\n \t<li>Interest in further development<\/li>\n<\/ul>\n<\/li>\n<\/ul>\n&nbsp;<\/li>\n<\/ul>\t\t\t\t\t\t\t\t<\/div>\n\t\t\t\t<div class=\"elementor-element elementor-element-73fa395 elementor-widget elementor-widget-heading\" data-id=\"73fa395\" data-element_type=\"widget\" data-e-type=\"widget\" data-widget_type=\"heading.default\">\n\t\t\t\t\t<h2 class=\"elementor-heading-title elementor-size-default\">Our offer:<\/h2>\t\t\t\t<\/div>\n\t\t\t\t<div class=\"elementor-element elementor-element-84a6815 elementor-widget elementor-widget-text-editor\" data-id=\"84a6815\" data-element_type=\"widget\" data-e-type=\"widget\" data-widget_type=\"text-editor.default\">\n\t\t\t\t\t\t\t\t\t<ul style=\"padding-left: 0; margin-left: 0; list-style-position: inside;\"><li>Full-time position<\/li><li>Diverse activities in a growing company maxon. International environment<\/li><li>Comprehensive training and a wide range of further training and development opportunities<\/li><li>Long-term employment in a stable company<\/li><li>Work in a stable team in the office in \u017dabov\u0159esky in Brno<\/li><li>Flexible working hours<\/li><li>Company car, can also be used for private purposes<\/li><li>25 vacation days<\/li><li>We discuss the financial remuneration in person<\/li><\/ul>\t\t\t\t\t\t\t\t<\/div>\n\t\t\t\t<div class=\"elementor-element elementor-element-e1d7196 elementor-widget elementor-widget-text-editor\" data-id=\"e1d7196\" data-element_type=\"widget\" data-e-type=\"widget\" data-widget_type=\"text-editor.default\">\n\t\t\t\t\t\t\t\t\t<p>Ji\u0159\u00ed R\u00fdznar<br>Head of Sales CZ &amp; SK<br>+420 603 275 120<br>jiri.ryznar@maxongroup.com<\/p>\n<p>Kwapil &amp; Co. Gesellschaft m.b.H., <br>organizational unit<\/p>\n<p>Sochorova 3209\/38, \u017dabov\u0159esky, <br>616 00 Brno<br>ICO: 29304351<br>DIC: CZ29304351<\/p>\n<p>19.1.2026<\/p>\t\t\t\t\t\t\t\t<\/div>\n\t\t\t\t<\/div>\n\t\t<div class=\"elementor-element elementor-element-5a0b931 e-con-full e-flex e-con e-child\" data-id=\"5a0b931\" data-element_type=\"container\" data-e-type=\"container\">\n\t\t\t\t<div class=\"elementor-element elementor-element-5646b10 elementor-widget elementor-widget-text-editor\" data-id=\"5646b10\" data-element_type=\"widget\" data-e-type=\"widget\" data-widget_type=\"text-editor.default\">\n\t\t\t\t\t\t\t\t\t<p><a href=\"https:\/\/kwapil.at\/en\/stellenangebote\/\">Vacancies in Austria<\/a><b><br \/><\/b><\/p><p><strong>Vacancies in the Czech Republic<\/strong><\/p><p><a href=\"https:\/\/www.maxongroup.ch\/maxon\/view\/content\/offene_stellen\" target=\"_blank\" rel=\"noopener\">Vacancies in Switzerland<\/a><\/p><p><a href=\"https:\/\/www.maxongroup.de\/maxon\/view\/content\/offene_stellen\" target=\"_blank\" rel=\"noopener\">Vacancies in Germany<\/a><\/p><p><a href=\"https:\/\/www.maxongroup.us\/maxon\/view\/content\/CAREER_PAGE_USA\" target=\"_blank\" rel=\"noopener\">Vacancies in USA<br \/><\/a><\/p><p><a href=\"https:\/\/www.maxongroup.nl\/maxon\/view\/content\/jobs\" target=\"_blank\" rel=\"noopener\">Vacancies in the Netherlands<\/a><\/p>\t\t\t\t\t\t\t\t<\/div>\n\t\t\t\t<\/div>\n\t\t\t\t\t<\/div>\n\t\t\t\t<\/div>\n\t\t<div class=\"elementor-element elementor-element-47d9d3c e-flex e-con-boxed e-con e-parent\" data-id=\"47d9d3c\" data-element_type=\"container\" data-e-type=\"container\">\n\t\t\t\t\t<div class=\"e-con-inner\">\n\t\t\t\t<div class=\"elementor-element elementor-element-a1fc79d elementor-widget elementor-widget-spacer\" data-id=\"a1fc79d\" data-element_type=\"widget\" data-e-type=\"widget\" data-widget_type=\"spacer.default\">\n\t\t\t\t\t\t\t<div class=\"elementor-spacer\">\n\t\t\t<div class=\"elementor-spacer-inner\"><\/div>\n\t\t<\/div>\n\t\t\t\t\t\t<\/div>\n\t\t\t\t\t<\/div>\n\t\t\t\t<\/div>\n\t\t\t\t<\/div>","protected":false},"excerpt":{"rendered":"<p>Sie sind hier: Unternehmen &gt; Karriere &gt; Stellenangebote CZ Stellenangebote in der Tschechischen Republik Vertriebsingenieur f\u00fcr das B\u00fcro in Br\u00fcnn. Maxon ist ein globaler Anbieter von pr\u00e4zisen Antriebssystemen in erstklassiger Qualit\u00e4t.Unsere Antriebe eignen sich perfekt f\u00fcr alle Bereiche, in denen hohe Zuverl\u00e4ssigkeit,Pr\u00e4zision und Qualit\u00e4t gefragt sind.Auf der Erde und im Weltraum. Wir bieten kreativen und [&hellip;]<\/p>\n","protected":false},"author":1,"featured_media":0,"parent":0,"menu_order":0,"comment_status":"closed","ping_status":"closed","template":"","meta":{"footnotes":""},"class_list":["post-14075","page","type-page","status-publish","hentry"],"yoast_head":"<!-- This site is optimized with the Yoast SEO Premium plugin v27.4 (Yoast SEO v27.5) - https:\/\/yoast.com\/product\/yoast-seo-premium-wordpress\/ -->\n<title>Stellenangebote CZ - maxon | Kwapil<\/title>\n<meta name=\"robots\" content=\"index, follow, max-snippet:-1, max-image-preview:large, max-video-preview:-1\" \/>\n<link rel=\"canonical\" href=\"https:\/\/kwapil.at\/en\/stellenangebote-cz\/\" \/>\n<meta property=\"og:locale\" content=\"en_US\" \/>\n<meta property=\"og:type\" content=\"article\" \/>\n<meta property=\"og:title\" content=\"Stellenangebote CZ\" \/>\n<meta property=\"og:description\" content=\"Sie sind hier: Unternehmen &gt; Karriere &gt; Stellenangebote CZ Stellenangebote in der Tschechischen Republik Vertriebsingenieur f\u00fcr das B\u00fcro in Br\u00fcnn. Maxon ist ein globaler Anbieter von pr\u00e4zisen Antriebssystemen in erstklassiger Qualit\u00e4t.Unsere Antriebe eignen sich perfekt f\u00fcr alle Bereiche, in denen hohe Zuverl\u00e4ssigkeit,Pr\u00e4zision und Qualit\u00e4t gefragt sind.Auf der Erde und im Weltraum. Wir bieten kreativen und [&hellip;]\" \/>\n<meta property=\"og:url\" content=\"https:\/\/kwapil.at\/en\/stellenangebote-cz\/\" \/>\n<meta property=\"og:site_name\" content=\"maxon | Kwapil\" \/>\n<meta property=\"article:modified_time\" content=\"2026-01-19T13:21:12+00:00\" \/>\n<meta property=\"og:image\" content=\"https:\/\/kwapil.at\/wp-content\/uploads\/2023\/09\/maxon1132_DL-cropped.jpg\" \/>\n\t<meta property=\"og:image:width\" content=\"1024\" \/>\n\t<meta property=\"og:image:height\" content=\"576\" \/>\n\t<meta property=\"og:image:type\" content=\"image\/jpeg\" \/>\n<meta name=\"twitter:card\" content=\"summary_large_image\" \/>\n<meta name=\"twitter:label1\" content=\"Est. reading time\" \/>\n\t<meta name=\"twitter:data1\" content=\"2 minutes\" \/>\n<script type=\"application\/ld+json\" class=\"yoast-schema-graph\">{\"@context\":\"https:\\\/\\\/schema.org\",\"@graph\":[{\"@type\":\"WebPage\",\"@id\":\"https:\\\/\\\/kwapil.at\\\/de\\\/stellenangebote-cz\\\/\",\"url\":\"https:\\\/\\\/kwapil.at\\\/de\\\/stellenangebote-cz\\\/\",\"name\":\"Stellenangebote CZ - maxon | Kwapil\",\"isPartOf\":{\"@id\":\"https:\\\/\\\/kwapil.at\\\/#website\"},\"datePublished\":\"2026-01-19T12:43:14+00:00\",\"dateModified\":\"2026-01-19T13:21:12+00:00\",\"breadcrumb\":{\"@id\":\"https:\\\/\\\/kwapil.at\\\/de\\\/stellenangebote-cz\\\/#breadcrumb\"},\"inLanguage\":\"en-US\",\"potentialAction\":[{\"@type\":\"ReadAction\",\"target\":[\"https:\\\/\\\/kwapil.at\\\/de\\\/stellenangebote-cz\\\/\"]}]},{\"@type\":\"BreadcrumbList\",\"@id\":\"https:\\\/\\\/kwapil.at\\\/de\\\/stellenangebote-cz\\\/#breadcrumb\",\"itemListElement\":[{\"@type\":\"ListItem\",\"position\":1,\"name\":\"Unternehmen\",\"item\":\"https:\\\/\\\/kwapil.at\\\/de\\\/\"},{\"@type\":\"ListItem\",\"position\":2,\"name\":\"Stellenangebote CZ\"}]},{\"@type\":\"WebSite\",\"@id\":\"https:\\\/\\\/kwapil.at\\\/#website\",\"url\":\"https:\\\/\\\/kwapil.at\\\/\",\"name\":\"Kwapil.com\",\"description\":\"Antriebstechnik und Elektronik\",\"publisher\":{\"@id\":\"https:\\\/\\\/kwapil.at\\\/#organization\"},\"alternateName\":\"maxongroup.at\",\"potentialAction\":[{\"@type\":\"SearchAction\",\"target\":{\"@type\":\"EntryPoint\",\"urlTemplate\":\"https:\\\/\\\/kwapil.at\\\/?s={search_term_string}\"},\"query-input\":{\"@type\":\"PropertyValueSpecification\",\"valueRequired\":true,\"valueName\":\"search_term_string\"}}],\"inLanguage\":\"en-US\"},{\"@type\":\"Organization\",\"@id\":\"https:\\\/\\\/kwapil.at\\\/#organization\",\"name\":\"Kwapil & Co GmbH\",\"alternateName\":\"Maxon | Kwapil\",\"url\":\"https:\\\/\\\/kwapil.at\\\/\",\"logo\":{\"@type\":\"ImageObject\",\"inLanguage\":\"en-US\",\"@id\":\"https:\\\/\\\/kwapil.at\\\/#\\\/schema\\\/logo\\\/image\\\/\",\"url\":\"https:\\\/\\\/kwapil.at\\\/wp-content\\\/uploads\\\/2023\\\/09\\\/cropped-kwapil_maxon_logo_standard_rgb.png\",\"contentUrl\":\"https:\\\/\\\/kwapil.at\\\/wp-content\\\/uploads\\\/2023\\\/09\\\/cropped-kwapil_maxon_logo_standard_rgb.png\",\"width\":200,\"height\":28,\"caption\":\"Kwapil & Co GmbH\"},\"image\":{\"@id\":\"https:\\\/\\\/kwapil.at\\\/#\\\/schema\\\/logo\\\/image\\\/\"},\"sameAs\":[\"https:\\\/\\\/www.linkedin.com\\\/company\\\/2505461\\\/\"],\"description\":\"\u00dcber 40 Jahre vertreibt Kwapil & Co Produkte von weltweit f\u00fchrenden Anbietern der Antriebstechnik und Elektronik an. Das Angebot reicht von Motoren \u00fcber Multiachsencontroller bis hin zu kompletten, mechatronischen Antriebssystemen. Seit 2012 ist Kwapil & Co ein Unternehmen der Schweizer maxon Gruppe.\",\"email\":\"verkauf.at@maxongroup.com\",\"telephone\":\"+43 1 278 85 85\",\"legalName\":\"Kwapil & Co GmbH\",\"foundingDate\":\"1975-05-01\",\"numberOfEmployees\":{\"@type\":\"QuantitativeValue\",\"minValue\":\"11\",\"maxValue\":\"50\"},\"ownershipFundingInfo\":\"https:\\\/\\\/kwapil.at\\\/de\\\/impressum\\\/\",\"ethicsPolicy\":\"https:\\\/\\\/kwapil.at\\\/de\\\/verhaltensrichtlinien\\\/\"}]}<\/script>\n<!-- \/ Yoast SEO Premium plugin. -->","yoast_head_json":{"title":"Stellenangebote CZ - maxon | Kwapil","robots":{"index":"index","follow":"follow","max-snippet":"max-snippet:-1","max-image-preview":"max-image-preview:large","max-video-preview":"max-video-preview:-1"},"canonical":"https:\/\/kwapil.at\/en\/stellenangebote-cz\/","og_locale":"en_US","og_type":"article","og_title":"Stellenangebote CZ","og_description":"Sie sind hier: Unternehmen &gt; Karriere &gt; Stellenangebote CZ Stellenangebote in der Tschechischen Republik Vertriebsingenieur f\u00fcr das B\u00fcro in Br\u00fcnn. Maxon ist ein globaler Anbieter von pr\u00e4zisen Antriebssystemen in erstklassiger Qualit\u00e4t.Unsere Antriebe eignen sich perfekt f\u00fcr alle Bereiche, in denen hohe Zuverl\u00e4ssigkeit,Pr\u00e4zision und Qualit\u00e4t gefragt sind.Auf der Erde und im Weltraum. Wir bieten kreativen und [&hellip;]","og_url":"https:\/\/kwapil.at\/en\/stellenangebote-cz\/","og_site_name":"maxon | Kwapil","article_modified_time":"2026-01-19T13:21:12+00:00","og_image":[{"width":1024,"height":576,"url":"https:\/\/kwapil.at\/wp-content\/uploads\/2023\/09\/maxon1132_DL-cropped.jpg","type":"image\/jpeg"}],"twitter_card":"summary_large_image","twitter_misc":{"Est. reading time":"2 minutes"},"schema":{"@context":"https:\/\/schema.org","@graph":[{"@type":"WebPage","@id":"https:\/\/kwapil.at\/de\/stellenangebote-cz\/","url":"https:\/\/kwapil.at\/de\/stellenangebote-cz\/","name":"Stellenangebote CZ - maxon | Kwapil","isPartOf":{"@id":"https:\/\/kwapil.at\/#website"},"datePublished":"2026-01-19T12:43:14+00:00","dateModified":"2026-01-19T13:21:12+00:00","breadcrumb":{"@id":"https:\/\/kwapil.at\/de\/stellenangebote-cz\/#breadcrumb"},"inLanguage":"en-US","potentialAction":[{"@type":"ReadAction","target":["https:\/\/kwapil.at\/de\/stellenangebote-cz\/"]}]},{"@type":"BreadcrumbList","@id":"https:\/\/kwapil.at\/de\/stellenangebote-cz\/#breadcrumb","itemListElement":[{"@type":"ListItem","position":1,"name":"Unternehmen","item":"https:\/\/kwapil.at\/de\/"},{"@type":"ListItem","position":2,"name":"Stellenangebote CZ"}]},{"@type":"WebSite","@id":"https:\/\/kwapil.at\/#website","url":"https:\/\/kwapil.at\/","name":"Kwapil.com","description":"Drive technology and electronics","publisher":{"@id":"https:\/\/kwapil.at\/#organization"},"alternateName":"maxongroup.at","potentialAction":[{"@type":"SearchAction","target":{"@type":"EntryPoint","urlTemplate":"https:\/\/kwapil.at\/?s={search_term_string}"},"query-input":{"@type":"PropertyValueSpecification","valueRequired":true,"valueName":"search_term_string"}}],"inLanguage":"en-US"},{"@type":"Organization","@id":"https:\/\/kwapil.at\/#organization","name":"Kwapil &amp; Co GmbH","alternateName":"Maxon | Kwapil","url":"https:\/\/kwapil.at\/","logo":{"@type":"ImageObject","inLanguage":"en-US","@id":"https:\/\/kwapil.at\/#\/schema\/logo\/image\/","url":"https:\/\/kwapil.at\/wp-content\/uploads\/2023\/09\/cropped-kwapil_maxon_logo_standard_rgb.png","contentUrl":"https:\/\/kwapil.at\/wp-content\/uploads\/2023\/09\/cropped-kwapil_maxon_logo_standard_rgb.png","width":200,"height":28,"caption":"Kwapil & Co GmbH"},"image":{"@id":"https:\/\/kwapil.at\/#\/schema\/logo\/image\/"},"sameAs":["https:\/\/www.linkedin.com\/company\/2505461\/"],"description":"For over 40 years, Kwapil &amp; Co has been selling products from the world's leading suppliers of drive technology and electronics. The range extends from motors and multi-axis controllers to complete mechatronic drive systems. Kwapil &amp; Co has been part of the Swiss maxon Group since 2012.","email":"verkauf.at@maxongroup.com","telephone":"+43 1 278 85 85","legalName":"Kwapil & Co GmbH","foundingDate":"1975-05-01","numberOfEmployees":{"@type":"QuantitativeValue","minValue":"11","maxValue":"50"},"ownershipFundingInfo":"https:\/\/kwapil.at\/de\/impressum\/","ethicsPolicy":"https:\/\/kwapil.at\/de\/verhaltensrichtlinien\/"}]}},"_links":{"self":[{"href":"https:\/\/kwapil.at\/en\/wp-json\/wp\/v2\/pages\/14075","targetHints":{"allow":["GET"]}}],"collection":[{"href":"https:\/\/kwapil.at\/en\/wp-json\/wp\/v2\/pages"}],"about":[{"href":"https:\/\/kwapil.at\/en\/wp-json\/wp\/v2\/types\/page"}],"author":[{"embeddable":true,"href":"https:\/\/kwapil.at\/en\/wp-json\/wp\/v2\/users\/1"}],"replies":[{"embeddable":true,"href":"https:\/\/kwapil.at\/en\/wp-json\/wp\/v2\/comments?post=14075"}],"version-history":[{"count":10,"href":"https:\/\/kwapil.at\/en\/wp-json\/wp\/v2\/pages\/14075\/revisions"}],"predecessor-version":[{"id":14086,"href":"https:\/\/kwapil.at\/en\/wp-json\/wp\/v2\/pages\/14075\/revisions\/14086"}],"wp:attachment":[{"href":"https:\/\/kwapil.at\/en\/wp-json\/wp\/v2\/media?parent=14075"}],"curies":[{"name":"wp","href":"https:\/\/api.w.org\/{rel}","templated":true}]}}