{"id":3535,"date":"2023-10-06T12:33:15","date_gmt":"2023-10-06T10:33:15","guid":{"rendered":"https:\/\/kwapil.austroplace.at\/?page_id=3535"},"modified":"2025-07-23T14:15:23","modified_gmt":"2025-07-23T12:15:23","slug":"halstrup-walcher","status":"publish","type":"page","link":"https:\/\/kwapil.at\/en\/halstrup-walcher\/","title":{"rendered":"halstrup-walcher"},"content":{"rendered":"<div data-elementor-type=\"wp-page\" data-elementor-id=\"3535\" class=\"elementor elementor-3535\" data-elementor-post-type=\"page\">\n\t\t\t\t<div class=\"elementor-element elementor-element-d019c98 e-con-full e-flex e-con e-parent\" data-id=\"d019c98\" data-element_type=\"container\" data-e-type=\"container\">\n\t\t\t\t<div class=\"elementor-element elementor-element-593b699 elementor--h-position-center elementor--v-position-middle elementor-arrows-position-inside elementor-pagination-position-inside elementor-widget elementor-widget-slides\" data-id=\"593b699\" data-element_type=\"widget\" data-e-type=\"widget\" data-settings=\"{&quot;navigation&quot;:&quot;both&quot;,&quot;autoplay&quot;:&quot;yes&quot;,&quot;pause_on_hover&quot;:&quot;yes&quot;,&quot;pause_on_interaction&quot;:&quot;yes&quot;,&quot;autoplay_speed&quot;:5000,&quot;infinite&quot;:&quot;yes&quot;,&quot;transition&quot;:&quot;slide&quot;,&quot;transition_speed&quot;:500}\" data-widget_type=\"slides.default\">\n\t\t\t\t\t\t\t\t\t\t<div class=\"elementor-slides-wrapper elementor-main-swiper swiper\" role=\"region\" aria-roledescription=\"carousel\" aria-label=\"Slider\" dir=\"ltr\" data-animation=\"fadeInUp\">\n\t\t\t\t<div class=\"swiper-wrapper elementor-slides\">\n\t\t\t\t\t\t\t\t\t\t<div class=\"elementor-repeater-item-7f62e4c swiper-slide\" role=\"group\" aria-roledescription=\"slide\"><div class=\"swiper-slide-bg elementor-ken-burns elementor-ken-burns--in\" role=\"img\" aria-label=\"maxon1132_DL-cropped\"><\/div><div class=\"swiper-slide-inner\" ><div class=\"swiper-slide-contents\"><\/div><\/div><\/div><div class=\"elementor-repeater-item-10bbdd4 swiper-slide\" role=\"group\" aria-roledescription=\"slide\"><div class=\"swiper-slide-bg elementor-ken-burns elementor-ken-burns--in\" role=\"img\" aria-label=\"maxon1049_DL-cropped\"><\/div><div class=\"swiper-slide-inner\" ><div class=\"swiper-slide-contents\"><\/div><\/div><\/div><div class=\"elementor-repeater-item-8b823fc swiper-slide\" role=\"group\" aria-roledescription=\"slide\"><div class=\"swiper-slide-bg elementor-ken-burns elementor-ken-burns--in\" role=\"img\" aria-label=\"Header_Robotics&amp;E-Mobility\"><\/div><div class=\"swiper-slide-inner\" ><div class=\"swiper-slide-contents\"><\/div><\/div><\/div><div class=\"elementor-repeater-item-8f3989d swiper-slide\" role=\"group\" aria-roledescription=\"slide\"><div class=\"swiper-slide-bg elementor-ken-burns elementor-ken-burns--in\" role=\"img\" aria-label=\"Header_Medical-Technology\"><\/div><div class=\"swiper-slide-inner\" ><div class=\"swiper-slide-contents\"><\/div><\/div><\/div><div class=\"elementor-repeater-item-00b48ac swiper-slide\" role=\"group\" aria-roledescription=\"slide\"><div class=\"swiper-slide-bg elementor-ken-burns elementor-ken-burns--in\" role=\"img\" aria-label=\"Header_Industrial-Automation\"><\/div><div class=\"swiper-slide-inner\" ><div class=\"swiper-slide-contents\"><\/div><\/div><\/div><div class=\"elementor-repeater-item-e4f1072 swiper-slide\" role=\"group\" aria-roledescription=\"slide\"><div class=\"swiper-slide-bg elementor-ken-burns elementor-ken-burns--in\" role=\"img\" aria-label=\"Header_Aerospace\"><\/div><div class=\"swiper-slide-inner\" ><div class=\"swiper-slide-contents\"><\/div><\/div><\/div>\t\t\t\t<\/div>\n\t\t\t\t\t\t\t\t\t\t\t\t\t\t\t<div class=\"elementor-swiper-button elementor-swiper-button-prev\" role=\"button\" tabindex=\"0\" aria-label=\"Previous slide\">\n\t\t\t\t\t\t\t<svg aria-hidden=\"true\" class=\"e-font-icon-svg e-eicon-chevron-left\" viewbox=\"0 0 1000 1000\" xmlns=\"http:\/\/www.w3.org\/2000\/svg\"><path d=\"M646 125C629 125 613 133 604 142L308 442C296 454 292 471 292 487 292 504 296 521 308 533L604 854C617 867 629 875 646 875 663 875 679 871 692 858 704 846 713 829 713 812 713 796 708 779 692 767L438 487 692 225C700 217 708 204 708 187 708 171 704 154 692 142 675 129 663 125 646 125Z\"><\/path><\/svg>\t\t\t\t\t\t<\/div>\n\t\t\t\t\t\t<div class=\"elementor-swiper-button elementor-swiper-button-next\" role=\"button\" tabindex=\"0\" aria-label=\"Next slide\">\n\t\t\t\t\t\t\t<svg aria-hidden=\"true\" class=\"e-font-icon-svg e-eicon-chevron-right\" viewbox=\"0 0 1000 1000\" xmlns=\"http:\/\/www.w3.org\/2000\/svg\"><path d=\"M696 533C708 521 713 504 713 487 713 471 708 454 696 446L400 146C388 133 375 125 354 125 338 125 325 129 313 142 300 154 292 171 292 187 292 204 296 221 308 233L563 492 304 771C292 783 288 800 288 817 288 833 296 850 308 863 321 871 338 875 354 875 371 875 388 867 400 854L696 533Z\"><\/path><\/svg>\t\t\t\t\t\t<\/div>\n\t\t\t\t\t\t\t\t\t\t\t\t\t\t\t\t<div class=\"swiper-pagination\"><\/div>\n\t\t\t\t\t\t\t\t\t\t\t\t<\/div>\n\t\t\t\t\t\t\t\t<\/div>\n\t\t\t\t<\/div>\n\t\t<div class=\"elementor-element elementor-element-14b673a e-flex e-con-boxed e-con e-parent\" data-id=\"14b673a\" data-element_type=\"container\" data-e-type=\"container\">\n\t\t\t\t\t<div class=\"e-con-inner\">\n\t\t<div class=\"elementor-element elementor-element-d535737 e-con-full e-flex e-con e-child\" data-id=\"d535737\" data-element_type=\"container\" data-e-type=\"container\">\n\t\t\t\t<div class=\"elementor-element elementor-element-ed586c1 elementor-widget elementor-widget-text-editor\" data-id=\"ed586c1\" data-element_type=\"widget\" data-e-type=\"widget\" data-widget_type=\"text-editor.default\">\n\t\t\t\t\t\t\t\t\t<p>You are here: <a href=\"https:\/\/kwapil.at\/en\/produkte\/\">Products <\/a>&gt; halstrup-walcher<\/p>\t\t\t\t\t\t\t\t<\/div>\n\t\t\t\t<\/div>\n\t\t\t\t\t<\/div>\n\t\t\t\t<\/div>\n\t\t<div class=\"elementor-element elementor-element-d7c77fe e-flex e-con-boxed e-con e-parent\" data-id=\"d7c77fe\" data-element_type=\"container\" data-e-type=\"container\">\n\t\t\t\t\t<div class=\"e-con-inner\">\n\t\t<div class=\"elementor-element elementor-element-99101c8 e-con-full e-flex e-con e-child\" data-id=\"99101c8\" data-element_type=\"container\" data-e-type=\"container\">\n\t\t\t\t<div class=\"elementor-element elementor-element-efca2ae elementor-widget elementor-widget-image\" data-id=\"efca2ae\" data-element_type=\"widget\" data-e-type=\"widget\" data-widget_type=\"image.default\">\n\t\t\t\t\t\t\t\t\t\t\t\t\t\t\t<img decoding=\"async\" width=\"190\" height=\"62\" src=\"https:\/\/kwapil.at\/wp-content\/uploads\/2023\/09\/hw_logo_blau_cmyk.jpg\" class=\"attachment-large size-large wp-image-754\" alt=\"\" \/>\t\t\t\t\t\t\t\t\t\t\t\t\t\t\t<\/div>\n\t\t\t\t<\/div>\n\t\t\t\t\t<\/div>\n\t\t\t\t<\/div>\n\t\t<div class=\"elementor-element elementor-element-2980a32 elementor-hidden-desktop elementor-hidden-tablet e-flex e-con-boxed e-con e-parent\" data-id=\"2980a32\" data-element_type=\"container\" data-e-type=\"container\">\n\t\t\t\t\t<div class=\"e-con-inner\">\n\t\t\t\t<div class=\"elementor-element elementor-element-040bf93 elementor-widget elementor-widget-text-editor\" data-id=\"040bf93\" data-element_type=\"widget\" data-e-type=\"widget\" data-widget_type=\"text-editor.default\">\n\t\t\t\t\t\t\t\t\t<a href=\"https:\/\/kwapil.at\/en\/halstrup_walcher_produkte\/\">Product overview<\/a><p>\n<a href=\"https:\/\/kwapil.at\/en\/halstrup_walcher_anwendungen\/\">Applications<\/a>\t\t\t\t\t\t\t\t<\/div>\n\t\t\t\t\t<\/div>\n\t\t\t\t<\/div>\n\t\t<div class=\"elementor-element elementor-element-2c08874 e-flex e-con-boxed e-con e-parent\" data-id=\"2c08874\" data-element_type=\"container\" data-e-type=\"container\">\n\t\t\t\t\t<div class=\"e-con-inner\">\n\t\t<div class=\"elementor-element elementor-element-fe32164 e-con-full e-flex e-con e-child\" data-id=\"fe32164\" data-element_type=\"container\" data-e-type=\"container\">\n\t\t<div class=\"elementor-element elementor-element-1e68119 e-flex e-con-boxed e-con e-child\" data-id=\"1e68119\" data-element_type=\"container\" data-e-type=\"container\">\n\t\t\t\t\t<div class=\"e-con-inner\">\n\t\t\t\t<div class=\"elementor-element elementor-element-98b88af elementor-widget elementor-widget-text-editor\" data-id=\"98b88af\" data-element_type=\"widget\" data-e-type=\"widget\" data-widget_type=\"text-editor.default\">\n\t\t\t\t\t\t\t\t\t<div style=\"max-width: 1024px; font-family: Arial, Helvetica, sans-serif;\"><p style=\"font-family: Arial, sans-serif;\">halstrup-walcher GmbH produces and sells positioning systems and drives worldwide and is a modern industrial company specializing in precision mechanics and electrical engineering with a focus on mechatronics.<br \/>The strengths of halstrup-walcher GmbH lie in its ability to develop and produce customer-specific solutions.<\/p><p style=\"font-family: Arial, sans-serif;\"><b>Catalog Download<\/b><\/p><p style=\"font-family: Arial, sans-serif;\"><b style=\"color: var( --e-global-color-text ); font-size: var( --e-global-typography-text-font-size ); text-align: var(--text-align);\"><a href=\"https:\/\/kwapil.at\/wp-content\/uploads\/2025\/07\/positioniersysteme-katalog_de.pdf\" target=\"_blank\" rel=\"noopener\">Drive technology DE<\/a> | <a href=\"https:\/\/kwapil.at\/wp-content\/uploads\/2025\/07\/positioning-systems-catalog_en.pdf\" target=\"_blank\" rel=\"noopener\">Drive Technology EN<\/a><\/b><\/p><\/div>\t\t\t\t\t\t\t\t<\/div>\n\t\t<div class=\"elementor-element elementor-element-bab94e8 e-flex e-con-boxed e-con e-child\" data-id=\"bab94e8\" data-element_type=\"container\" data-e-type=\"container\">\n\t\t\t\t\t<div class=\"e-con-inner\">\n\t\t\t\t<div class=\"elementor-element elementor-element-ffab006 elementor-widget__width-initial elementor-widget elementor-widget-image\" data-id=\"ffab006\" data-element_type=\"widget\" data-e-type=\"widget\" data-widget_type=\"image.default\">\n\t\t\t\t\t\t\t\t\t\t\t\t\t\t\t\t<a href=\"https:\/\/kwapil.at\/wp-content\/uploads\/2025\/07\/positioniersysteme-katalog_de.pdf\" rel=\"nofollow\">\n\t\t\t\t\t\t\t<img fetchpriority=\"high\" decoding=\"async\" width=\"474\" height=\"674\" src=\"https:\/\/kwapil.at\/wp-content\/uploads\/2025\/07\/HW_Antrieb_25.jpg\" class=\"attachment-large size-large wp-image-13467\" alt=\"\" srcset=\"https:\/\/kwapil.at\/wp-content\/uploads\/2025\/07\/HW_Antrieb_25.jpg 474w, https:\/\/kwapil.at\/wp-content\/uploads\/2025\/07\/HW_Antrieb_25-211x300.jpg 211w, https:\/\/kwapil.at\/wp-content\/uploads\/2025\/07\/HW_Antrieb_25-8x12.jpg 8w\" sizes=\"(max-width: 474px) 100vw, 474px\" \/>\t\t\t\t\t\t\t\t<\/a>\n\t\t\t\t\t\t\t\t\t\t\t\t\t\t\t<\/div>\n\t\t\t\t<div class=\"elementor-element elementor-element-5a8ad63 elementor-widget__width-initial elementor-widget elementor-widget-image\" data-id=\"5a8ad63\" data-element_type=\"widget\" data-e-type=\"widget\" data-widget_type=\"image.default\">\n\t\t\t\t\t\t\t\t\t\t\t\t\t\t\t\t<a href=\"https:\/\/kwapil.at\/wp-content\/uploads\/2025\/07\/positioning-systems-catalog_en.pdf\" target=\"_blank\" rel=\"nofollow\">\n\t\t\t\t\t\t\t<img decoding=\"async\" width=\"445\" height=\"631\" src=\"https:\/\/kwapil.at\/wp-content\/uploads\/2023\/10\/HW_Kat_e.jpg\" class=\"attachment-large size-large wp-image-5287\" alt=\"\" srcset=\"https:\/\/kwapil.at\/wp-content\/uploads\/2023\/10\/HW_Kat_e.jpg 445w, https:\/\/kwapil.at\/wp-content\/uploads\/2023\/10\/HW_Kat_e-212x300.jpg 212w, https:\/\/kwapil.at\/wp-content\/uploads\/2023\/10\/HW_Kat_e-8x12.jpg 8w\" sizes=\"(max-width: 445px) 100vw, 445px\" \/>\t\t\t\t\t\t\t\t<\/a>\n\t\t\t\t\t\t\t\t\t\t\t\t\t\t\t<\/div>\n\t\t\t\t\t<\/div>\n\t\t\t\t<\/div>\n\t\t\t\t\t<\/div>\n\t\t\t\t<\/div>\n\t\t\t\t<\/div>\n\t\t<div class=\"elementor-element elementor-element-8670940 e-con-full e-flex e-con e-child\" data-id=\"8670940\" data-element_type=\"container\" data-e-type=\"container\">\n\t\t\t\t<div class=\"elementor-element elementor-element-b7e99f5 elementor-hidden-mobile elementor-widget elementor-widget-text-editor\" data-id=\"b7e99f5\" data-element_type=\"widget\" data-e-type=\"widget\" data-widget_type=\"text-editor.default\">\n\t\t\t\t\t\t\t\t\t<a href=\"https:\/\/kwapil.at\/en\/halstrup_walcher_produkte\/\">Product overview<\/a><p><p>\n\n<a href=\"https:\/\/kwapil.at\/en\/halstrup_walcher_anwendungen\/\">Applications<\/a>\t\t\t\t\t\t\t\t<\/div>\n\t\t<div class=\"elementor-element elementor-element-331a4e0 e-flex e-con-boxed e-con e-child\" data-id=\"331a4e0\" data-element_type=\"container\" data-e-type=\"container\">\n\t\t\t\t\t<div class=\"e-con-inner\">\n\t\t\t\t<div class=\"elementor-element elementor-element-59a83c4 elementor-widget__width-initial elementor-widget elementor-widget-image\" data-id=\"59a83c4\" data-element_type=\"widget\" data-e-type=\"widget\" data-widget_type=\"image.default\">\n\t\t\t\t\t\t\t\t\t\t\t\t\t\t\t\t<a href=\"https:\/\/kwapil.at\/wp-content\/uploads\/2025\/06\/Halstrup_Walcher.jpg\" data-elementor-open-lightbox=\"yes\" data-e-action-hash=\"#elementor-action%3Aaction%3Dlightbox%26settings%3DeyJpZCI6MTMwOTMsInVybCI6Imh0dHBzOlwvXC9rd2FwaWwuYXRcL3dwLWNvbnRlbnRcL3VwbG9hZHNcLzIwMjVcLzA2XC9IYWxzdHJ1cF9XYWxjaGVyLmpwZyJ9\">\n\t\t\t\t\t\t\t<img loading=\"lazy\" decoding=\"async\" width=\"800\" height=\"573\" src=\"https:\/\/kwapil.at\/wp-content\/uploads\/2025\/06\/Halstrup_Walcher.jpg\" class=\"attachment-large size-large wp-image-13093\" alt=\"\" srcset=\"https:\/\/kwapil.at\/wp-content\/uploads\/2025\/06\/Halstrup_Walcher.jpg 810w, https:\/\/kwapil.at\/wp-content\/uploads\/2025\/06\/Halstrup_Walcher-300x215.jpg 300w, https:\/\/kwapil.at\/wp-content\/uploads\/2025\/06\/Halstrup_Walcher-768x550.jpg 768w, https:\/\/kwapil.at\/wp-content\/uploads\/2025\/06\/Halstrup_Walcher-18x12.jpg 18w\" sizes=\"(max-width: 800px) 100vw, 800px\" \/>\t\t\t\t\t\t\t\t<\/a>\n\t\t\t\t\t\t\t\t\t\t\t\t\t\t\t<\/div>\n\t\t\t\t\t<\/div>\n\t\t\t\t<\/div>\n\t\t\t\t<\/div>\n\t\t\t\t\t<\/div>\n\t\t\t\t<\/div>\n\t\t<div class=\"elementor-element elementor-element-0350dc0 e-flex e-con-boxed e-con e-parent\" data-id=\"0350dc0\" data-element_type=\"container\" data-e-type=\"container\">\n\t\t\t\t\t<div class=\"e-con-inner\">\n\t\t\t\t<div class=\"elementor-element elementor-element-013a6c0 elementor-widget elementor-widget-spacer\" data-id=\"013a6c0\" data-element_type=\"widget\" data-e-type=\"widget\" data-widget_type=\"spacer.default\">\n\t\t\t\t\t\t\t<div class=\"elementor-spacer\">\n\t\t\t<div class=\"elementor-spacer-inner\"><\/div>\n\t\t<\/div>\n\t\t\t\t\t\t<\/div>\n\t\t\t\t\t<\/div>\n\t\t\t\t<\/div>\n\t\t\t\t<\/div>","protected":false},"excerpt":{"rendered":"<p>Sie sind hier: Produkte &gt; halstrup-walcher Produk\u00fcbersicht Anwendungen Die halstrup-walcher GmbH produziert und vertreibt weltweit Positioniersysteme und Antriebe und ist ein moderner Industriebetrieb der Feinmechanik und Elektrotechnik mit Schwerpunkt Mechatronik.Die St\u00e4rken der halstrup-walcher GmbH liegen in der F\u00e4higkeit, kundenspezifische L\u00f6sungen zu entwickeln und zu produzieren. Katalog\u00a0Download Antriebstechnik\u00a0DE | Drive Technologie\u00a0EN Produk\u00fcbersicht Anwendungen<\/p>","protected":false},"author":1,"featured_media":0,"parent":0,"menu_order":0,"comment_status":"closed","ping_status":"closed","template":"","meta":{"footnotes":""},"class_list":["post-3535","page","type-page","status-publish","hentry"],"yoast_head":"<!-- This site is optimized with the Yoast SEO Premium plugin v27.2 (Yoast SEO v27.4) - https:\/\/yoast.com\/product\/yoast-seo-premium-wordpress\/ -->\n<title>halstrup-walcher - maxon | Kwapil<\/title>\n<meta name=\"robots\" content=\"index, follow, max-snippet:-1, max-image-preview:large, max-video-preview:-1\" \/>\n<link rel=\"canonical\" href=\"https:\/\/kwapil.at\/en\/halstrup-walcher\/\" \/>\n<meta property=\"og:locale\" content=\"en_US\" \/>\n<meta property=\"og:type\" content=\"article\" \/>\n<meta property=\"og:title\" content=\"halstrup-walcher\" \/>\n<meta property=\"og:description\" content=\"Sie sind hier: Produkte &gt; halstrup-walcher Produk\u00fcbersicht Anwendungen Die halstrup-walcher GmbH produziert und vertreibt weltweit Positioniersysteme und Antriebe und ist ein moderner Industriebetrieb der Feinmechanik und Elektrotechnik mit Schwerpunkt Mechatronik.Die St\u00e4rken der halstrup-walcher GmbH liegen in der F\u00e4higkeit, kundenspezifische L\u00f6sungen zu entwickeln und zu produzieren. Katalog\u00a0Download Antriebstechnik\u00a0DE | Drive Technologie\u00a0EN Produk\u00fcbersicht Anwendungen\" \/>\n<meta property=\"og:url\" content=\"https:\/\/kwapil.at\/en\/halstrup-walcher\/\" \/>\n<meta property=\"og:site_name\" content=\"maxon | Kwapil\" \/>\n<meta property=\"article:modified_time\" content=\"2025-07-23T12:15:23+00:00\" \/>\n<meta property=\"og:image\" content=\"https:\/\/kwapil.at\/wp-content\/uploads\/2023\/09\/hw_logo_blau_cmyk.jpg\" \/>\n\t<meta property=\"og:image:width\" content=\"190\" \/>\n\t<meta property=\"og:image:height\" content=\"62\" \/>\n\t<meta property=\"og:image:type\" content=\"image\/jpeg\" \/>\n<meta name=\"twitter:card\" content=\"summary_large_image\" \/>\n<meta name=\"twitter:label1\" content=\"Est. reading time\" \/>\n\t<meta name=\"twitter:data1\" content=\"2 minutes\" \/>\n<script type=\"application\/ld+json\" class=\"yoast-schema-graph\">{\"@context\":\"https:\\\/\\\/schema.org\",\"@graph\":[{\"@type\":\"WebPage\",\"@id\":\"https:\\\/\\\/kwapil.at\\\/de\\\/halstrup-walcher\\\/\",\"url\":\"https:\\\/\\\/kwapil.at\\\/de\\\/halstrup-walcher\\\/\",\"name\":\"halstrup-walcher - maxon | Kwapil\",\"isPartOf\":{\"@id\":\"https:\\\/\\\/kwapil.at\\\/#website\"},\"primaryImageOfPage\":{\"@id\":\"https:\\\/\\\/kwapil.at\\\/de\\\/halstrup-walcher\\\/#primaryimage\"},\"image\":{\"@id\":\"https:\\\/\\\/kwapil.at\\\/de\\\/halstrup-walcher\\\/#primaryimage\"},\"thumbnailUrl\":\"https:\\\/\\\/kwapil.at\\\/wp-content\\\/uploads\\\/2023\\\/09\\\/hw_logo_blau_cmyk.jpg\",\"datePublished\":\"2023-10-06T10:33:15+00:00\",\"dateModified\":\"2025-07-23T12:15:23+00:00\",\"breadcrumb\":{\"@id\":\"https:\\\/\\\/kwapil.at\\\/de\\\/halstrup-walcher\\\/#breadcrumb\"},\"inLanguage\":\"en-US\",\"potentialAction\":[{\"@type\":\"ReadAction\",\"target\":[\"https:\\\/\\\/kwapil.at\\\/de\\\/halstrup-walcher\\\/\"]}]},{\"@type\":\"ImageObject\",\"inLanguage\":\"en-US\",\"@id\":\"https:\\\/\\\/kwapil.at\\\/de\\\/halstrup-walcher\\\/#primaryimage\",\"url\":\"https:\\\/\\\/kwapil.at\\\/wp-content\\\/uploads\\\/2023\\\/09\\\/hw_logo_blau_cmyk.jpg\",\"contentUrl\":\"https:\\\/\\\/kwapil.at\\\/wp-content\\\/uploads\\\/2023\\\/09\\\/hw_logo_blau_cmyk.jpg\"},{\"@type\":\"BreadcrumbList\",\"@id\":\"https:\\\/\\\/kwapil.at\\\/de\\\/halstrup-walcher\\\/#breadcrumb\",\"itemListElement\":[{\"@type\":\"ListItem\",\"position\":1,\"name\":\"Unternehmen\",\"item\":\"https:\\\/\\\/kwapil.at\\\/de\\\/\"},{\"@type\":\"ListItem\",\"position\":2,\"name\":\"halstrup-walcher\"}]},{\"@type\":\"WebSite\",\"@id\":\"https:\\\/\\\/kwapil.at\\\/#website\",\"url\":\"https:\\\/\\\/kwapil.at\\\/\",\"name\":\"Kwapil.com\",\"description\":\"Antriebstechnik und Elektronik\",\"publisher\":{\"@id\":\"https:\\\/\\\/kwapil.at\\\/#organization\"},\"alternateName\":\"maxongroup.at\",\"potentialAction\":[{\"@type\":\"SearchAction\",\"target\":{\"@type\":\"EntryPoint\",\"urlTemplate\":\"https:\\\/\\\/kwapil.at\\\/?s={search_term_string}\"},\"query-input\":{\"@type\":\"PropertyValueSpecification\",\"valueRequired\":true,\"valueName\":\"search_term_string\"}}],\"inLanguage\":\"en-US\"},{\"@type\":\"Organization\",\"@id\":\"https:\\\/\\\/kwapil.at\\\/#organization\",\"name\":\"Kwapil & Co GmbH\",\"alternateName\":\"Maxon | Kwapil\",\"url\":\"https:\\\/\\\/kwapil.at\\\/\",\"logo\":{\"@type\":\"ImageObject\",\"inLanguage\":\"en-US\",\"@id\":\"https:\\\/\\\/kwapil.at\\\/#\\\/schema\\\/logo\\\/image\\\/\",\"url\":\"https:\\\/\\\/kwapil.at\\\/wp-content\\\/uploads\\\/2023\\\/09\\\/cropped-kwapil_maxon_logo_standard_rgb.png\",\"contentUrl\":\"https:\\\/\\\/kwapil.at\\\/wp-content\\\/uploads\\\/2023\\\/09\\\/cropped-kwapil_maxon_logo_standard_rgb.png\",\"width\":200,\"height\":28,\"caption\":\"Kwapil & Co GmbH\"},\"image\":{\"@id\":\"https:\\\/\\\/kwapil.at\\\/#\\\/schema\\\/logo\\\/image\\\/\"},\"sameAs\":[\"https:\\\/\\\/www.linkedin.com\\\/company\\\/2505461\\\/\"],\"description\":\"\u00dcber 40 Jahre vertreibt Kwapil & Co Produkte von weltweit f\u00fchrenden Anbietern der Antriebstechnik und Elektronik an. Das Angebot reicht von Motoren \u00fcber Multiachsencontroller bis hin zu kompletten, mechatronischen Antriebssystemen. Seit 2012 ist Kwapil & Co ein Unternehmen der Schweizer maxon Gruppe.\",\"email\":\"verkauf.at@maxongroup.com\",\"telephone\":\"+43 1 278 85 85\",\"legalName\":\"Kwapil & Co GmbH\",\"foundingDate\":\"1975-05-01\",\"numberOfEmployees\":{\"@type\":\"QuantitativeValue\",\"minValue\":\"11\",\"maxValue\":\"50\"},\"ownershipFundingInfo\":\"https:\\\/\\\/kwapil.at\\\/de\\\/impressum\\\/\",\"ethicsPolicy\":\"https:\\\/\\\/kwapil.at\\\/de\\\/verhaltensrichtlinien\\\/\"}]}<\/script>\n<!-- \/ Yoast SEO Premium plugin. -->","yoast_head_json":{"title":"halstrup-walcher - maxon | Kwapil","robots":{"index":"index","follow":"follow","max-snippet":"max-snippet:-1","max-image-preview":"max-image-preview:large","max-video-preview":"max-video-preview:-1"},"canonical":"https:\/\/kwapil.at\/en\/halstrup-walcher\/","og_locale":"en_US","og_type":"article","og_title":"halstrup-walcher","og_description":"Sie sind hier: Produkte &gt; halstrup-walcher Produk\u00fcbersicht Anwendungen Die halstrup-walcher GmbH produziert und vertreibt weltweit Positioniersysteme und Antriebe und ist ein moderner Industriebetrieb der Feinmechanik und Elektrotechnik mit Schwerpunkt Mechatronik.Die St\u00e4rken der halstrup-walcher GmbH liegen in der F\u00e4higkeit, kundenspezifische L\u00f6sungen zu entwickeln und zu produzieren. Katalog\u00a0Download Antriebstechnik\u00a0DE | Drive Technologie\u00a0EN Produk\u00fcbersicht Anwendungen","og_url":"https:\/\/kwapil.at\/en\/halstrup-walcher\/","og_site_name":"maxon | Kwapil","article_modified_time":"2025-07-23T12:15:23+00:00","og_image":[{"width":190,"height":62,"url":"https:\/\/kwapil.at\/wp-content\/uploads\/2023\/09\/hw_logo_blau_cmyk.jpg","type":"image\/jpeg"}],"twitter_card":"summary_large_image","twitter_misc":{"Est. reading time":"2 minutes"},"schema":{"@context":"https:\/\/schema.org","@graph":[{"@type":"WebPage","@id":"https:\/\/kwapil.at\/de\/halstrup-walcher\/","url":"https:\/\/kwapil.at\/de\/halstrup-walcher\/","name":"halstrup-walcher - maxon | Kwapil","isPartOf":{"@id":"https:\/\/kwapil.at\/#website"},"primaryImageOfPage":{"@id":"https:\/\/kwapil.at\/de\/halstrup-walcher\/#primaryimage"},"image":{"@id":"https:\/\/kwapil.at\/de\/halstrup-walcher\/#primaryimage"},"thumbnailUrl":"https:\/\/kwapil.at\/wp-content\/uploads\/2023\/09\/hw_logo_blau_cmyk.jpg","datePublished":"2023-10-06T10:33:15+00:00","dateModified":"2025-07-23T12:15:23+00:00","breadcrumb":{"@id":"https:\/\/kwapil.at\/de\/halstrup-walcher\/#breadcrumb"},"inLanguage":"en-US","potentialAction":[{"@type":"ReadAction","target":["https:\/\/kwapil.at\/de\/halstrup-walcher\/"]}]},{"@type":"ImageObject","inLanguage":"en-US","@id":"https:\/\/kwapil.at\/de\/halstrup-walcher\/#primaryimage","url":"https:\/\/kwapil.at\/wp-content\/uploads\/2023\/09\/hw_logo_blau_cmyk.jpg","contentUrl":"https:\/\/kwapil.at\/wp-content\/uploads\/2023\/09\/hw_logo_blau_cmyk.jpg"},{"@type":"BreadcrumbList","@id":"https:\/\/kwapil.at\/de\/halstrup-walcher\/#breadcrumb","itemListElement":[{"@type":"ListItem","position":1,"name":"Unternehmen","item":"https:\/\/kwapil.at\/de\/"},{"@type":"ListItem","position":2,"name":"halstrup-walcher"}]},{"@type":"WebSite","@id":"https:\/\/kwapil.at\/#website","url":"https:\/\/kwapil.at\/","name":"Kwapil.com","description":"Drive technology and electronics","publisher":{"@id":"https:\/\/kwapil.at\/#organization"},"alternateName":"maxongroup.at","potentialAction":[{"@type":"SearchAction","target":{"@type":"EntryPoint","urlTemplate":"https:\/\/kwapil.at\/?s={search_term_string}"},"query-input":{"@type":"PropertyValueSpecification","valueRequired":true,"valueName":"search_term_string"}}],"inLanguage":"en-US"},{"@type":"Organization","@id":"https:\/\/kwapil.at\/#organization","name":"Kwapil &amp; Co GmbH","alternateName":"Maxon | Kwapil","url":"https:\/\/kwapil.at\/","logo":{"@type":"ImageObject","inLanguage":"en-US","@id":"https:\/\/kwapil.at\/#\/schema\/logo\/image\/","url":"https:\/\/kwapil.at\/wp-content\/uploads\/2023\/09\/cropped-kwapil_maxon_logo_standard_rgb.png","contentUrl":"https:\/\/kwapil.at\/wp-content\/uploads\/2023\/09\/cropped-kwapil_maxon_logo_standard_rgb.png","width":200,"height":28,"caption":"Kwapil & Co GmbH"},"image":{"@id":"https:\/\/kwapil.at\/#\/schema\/logo\/image\/"},"sameAs":["https:\/\/www.linkedin.com\/company\/2505461\/"],"description":"For over 40 years, Kwapil &amp; Co has been selling products from the world's leading suppliers of drive technology and electronics. The range extends from motors and multi-axis controllers to complete mechatronic drive systems. Kwapil &amp; Co has been part of the Swiss maxon Group since 2012.","email":"verkauf.at@maxongroup.com","telephone":"+43 1 278 85 85","legalName":"Kwapil & Co GmbH","foundingDate":"1975-05-01","numberOfEmployees":{"@type":"QuantitativeValue","minValue":"11","maxValue":"50"},"ownershipFundingInfo":"https:\/\/kwapil.at\/de\/impressum\/","ethicsPolicy":"https:\/\/kwapil.at\/de\/verhaltensrichtlinien\/"}]}},"_links":{"self":[{"href":"https:\/\/kwapil.at\/en\/wp-json\/wp\/v2\/pages\/3535","targetHints":{"allow":["GET"]}}],"collection":[{"href":"https:\/\/kwapil.at\/en\/wp-json\/wp\/v2\/pages"}],"about":[{"href":"https:\/\/kwapil.at\/en\/wp-json\/wp\/v2\/types\/page"}],"author":[{"embeddable":true,"href":"https:\/\/kwapil.at\/en\/wp-json\/wp\/v2\/users\/1"}],"replies":[{"embeddable":true,"href":"https:\/\/kwapil.at\/en\/wp-json\/wp\/v2\/comments?post=3535"}],"version-history":[{"count":15,"href":"https:\/\/kwapil.at\/en\/wp-json\/wp\/v2\/pages\/3535\/revisions"}],"predecessor-version":[{"id":13471,"href":"https:\/\/kwapil.at\/en\/wp-json\/wp\/v2\/pages\/3535\/revisions\/13471"}],"wp:attachment":[{"href":"https:\/\/kwapil.at\/en\/wp-json\/wp\/v2\/media?parent=3535"}],"curies":[{"name":"wp","href":"https:\/\/api.w.org\/{rel}","templated":true}]}}