{"id":12845,"date":"2025-02-06T14:22:56","date_gmt":"2025-02-06T13:22:56","guid":{"rendered":"https:\/\/kwapil.at\/?page_id=12845"},"modified":"2025-07-24T11:03:29","modified_gmt":"2025-07-24T09:03:29","slug":"cookie-policy","status":"publish","type":"page","link":"https:\/\/kwapil.at\/hu\/cookie-policy\/","title":{"rendered":"Cookie szab\u00e1lyzat"},"content":{"rendered":"<div data-elementor-type=\"wp-page\" data-elementor-id=\"12845\" class=\"elementor elementor-12845\" data-elementor-post-type=\"page\">\n\t\t\t\t<div class=\"elementor-element elementor-element-53d9829 e-flex e-con-boxed e-con e-parent\" data-id=\"53d9829\" data-element_type=\"container\" data-e-type=\"container\">\n\t\t\t\t\t<div class=\"e-con-inner\">\n\t\t\t\t<div class=\"elementor-element elementor-element-7e2b522 elementor-widget elementor-widget-text-editor\" data-id=\"7e2b522\" data-element_type=\"widget\" data-e-type=\"widget\" data-widget_type=\"text-editor.default\">\n\t\t\t\t\t\t\t\t\t<p>\u00d6n itt van: <a href=\"https:\/\/kwapil.at\/hu\/\">C\u00e9g<\/a> &gt; Cookie szab\u00e1lyzat<\/p>\t\t\t\t\t\t\t\t<\/div>\n\t\t\t\t<div class=\"elementor-element elementor-element-74a2a60 elementor-hidden-mobile elementor-widget elementor-widget-heading\" data-id=\"74a2a60\" data-element_type=\"widget\" data-e-type=\"widget\" data-widget_type=\"heading.default\">\n\t\t\t\t\t<h2 class=\"elementor-heading-title elementor-size-default\">Cookie szab\u00e1lyzat<\/h2>\t\t\t\t<\/div>\n\t\t\t\t<div class=\"elementor-element elementor-element-980f602 elementor-hidden-desktop elementor-hidden-tablet elementor-widget elementor-widget-heading\" data-id=\"980f602\" data-element_type=\"widget\" data-e-type=\"widget\" data-widget_type=\"heading.default\">\n\t\t\t\t\t<h2 class=\"elementor-heading-title elementor-size-default\">Cookie szab\u00e1lyzat<\/h2>\t\t\t\t<\/div>\n\t\t\t\t\t<\/div>\n\t\t\t\t<\/div>\n\t\t<div class=\"elementor-element elementor-element-780958dd e-flex e-con-boxed e-con e-parent\" data-id=\"780958dd\" data-element_type=\"container\" data-e-type=\"container\">\n\t\t\t\t\t<div class=\"e-con-inner\">\n\t\t\t\t<div class=\"elementor-element elementor-element-609b8fad elementor-widget elementor-widget-text-editor\" data-id=\"609b8fad\" data-element_type=\"widget\" data-e-type=\"widget\" data-widget_type=\"text-editor.default\">\n\t\t\t\t\t\t\t\t\t<p><strong>A jelen Cookie-szab\u00e1lyzat a maxon Csoport \u00e9s\/vagy valamelyik le\u00e1nyv\u00e1llalat\u00e1nak weboldal\u00e1n tal\u00e1lhat\u00f3 maxon adatv\u00e9delmi t\u00e1j\u00e9koztat\u00f3 mellett alkalmazand\u00f3, \u00e9s tov\u00e1bbi inform\u00e1ci\u00f3kat ny\u00fajt \u00d6nnek a cookie-k \u00e9s hasonl\u00f3 technol\u00f3gi\u00e1k (a tov\u00e1bbiakban egy\u00fcttesen \"cookie-k\") t\u00edpus\u00e1r\u00f3l, terjedelm\u00e9r\u0151l \u00e9s adatkezel\u00e9si c\u00e9ljair\u00f3l.<\/strong><\/p><p><b>1. maxon tiszteletben tartja az \u00d6n mag\u00e1n\u00e9let\u00e9t<\/b><\/p><p>Az \u00d6n mag\u00e1n\u00e9let\u00e9nek v\u00e9delme a szem\u00e9lyes adatok feldolgoz\u00e1sa sor\u00e1n, valamint az \u00f6sszes \u00fczleti adat biztons\u00e1ga fontos szempont sz\u00e1munkra, amelyet \u00fczleti folyamataink sor\u00e1n figyelembe vesz\u00fcnk. Az online szolg\u00e1ltat\u00e1saink l\u00e1togat\u00e1sa sor\u00e1n gy\u0171jt\u00f6tt szem\u00e9lyes adatokat bizalmasan \u00e9s kiz\u00e1r\u00f3lag a t\u00f6rv\u00e9nyi el\u0151\u00edr\u00e1soknak megfelel\u0151en kezelj\u00fck.<\/p><p>Tov\u00e1bbi inform\u00e1ci\u00f3k\u00e9rt k\u00e9rj\u00fck, olvassa el a maxon <a href=\"https:\/\/kwapil.at\/hu\/datenschutzerklaerung\/\" target=\"_blank\" rel=\"noopener\">Adatv\u00e9delmi inform\u00e1ci\u00f3k.<\/a><\/p><p><b>2. hogyan \u00e9rhet el minket<\/b><\/p><p>A felel\u0151s\u00f6kr\u0151l \u00e9s az adatv\u00e9delmi tisztvisel\u0151kr\u0151l, valamint a s\u00fctik haszn\u00e1lat\u00e1val kapcsolatos, \u00e9rintettk\u00e9nt fenn\u00e1ll\u00f3 jogair\u00f3l a webhelyeinkre vonatkoz\u00f3 maxon adatv\u00e9delmi t\u00e1j\u00e9koztat\u00f3ban t\u00e1j\u00e9koz\u00f3dhat.<\/p><p><b> S\u00fctik<\/b><\/p><p><em>Mi az a s\u00fcti?<\/em><br \/>A s\u00fctik olyan kis inform\u00e1ci\u00f3s f\u00e1jlok, amelyeket az \u00d6n \u00e1ltal l\u00e1togatott weboldalak vagy a webb\u00f6ng\u00e9sz\u0151 t\u00e1rol a sz\u00e1m\u00edt\u00f3g\u00e9p\u00e9n vagy mobileszk\u00f6z\u00e9n. A s\u00fctiket gyakran a weboldalak m\u0171k\u00f6dtet\u00e9s\u00e9hez vagy hat\u00e9konyabb m\u0171k\u00f6dtet\u00e9s\u00e9hez, valamint a weboldal \u00fczemeltet\u0151i sz\u00e1m\u00e1ra t\u00f6rt\u00e9n\u0151 inform\u00e1ci\u00f3\u00e1tad\u00e1shoz haszn\u00e1lj\u00e1k.<\/p><p><em>Mit csin\u00e1l egy s\u00fcti?<\/em><br \/>A cookie-k inform\u00e1ci\u00f3kat t\u00e1rolhatnak vagy olvashatnak a b\u00f6ng\u00e9sz\u0151j\u00e9r\u0151l. Ezek az inform\u00e1ci\u00f3k \u00d6nre, az \u00d6n felhaszn\u00e1l\u00f3i be\u00e1ll\u00edt\u00e1saira vagy az \u00d6n eszk\u00f6z\u00e9re vonatkozhatnak, \u00e9s nagyr\u00e9szt annak biztos\u00edt\u00e1s\u00e1ra szolg\u00e1lnak, hogy a weboldal az \u00d6n elv\u00e1r\u00e1sainak megfelel\u0151en m\u0171k\u00f6dj\u00f6n. A cookie-k seg\u00edts\u00e9g\u00e9vel a weboldal egy bizonyos id\u0151n kereszt\u00fcl megjegyezheti az \u00d6n m\u0171veleteit \u00e9s be\u00e1ll\u00edt\u00e1sait (p\u00e9ld\u00e1ul a bejelentkez\u00e9si adatokat, a nyelvet \u00e9s egy\u00e9b megjelen\u00edt\u00e9si be\u00e1ll\u00edt\u00e1sokat), hogy \u00d6nnek ne kelljen azokat minden alkalommal megadni, amikor \u00fajra megl\u00e1togatja a weboldalt, vagy k\u00fcl\u00f6nb\u00f6z\u0151 oldalak k\u00f6z\u00f6tt v\u00e1ltogat.<br \/>Ezek az inform\u00e1ci\u00f3k nem azonos\u00edtj\u00e1k \u00d6nt k\u00f6zvetlen\u00fcl, de szem\u00e9lyre szabottabb webes \u00e9lm\u00e9nyt ny\u00fajthatnak \u00d6nnek.<\/p><p><b>4 A jelen cookie-szab\u00e1lyzat c\u00e9lja<\/b><\/p><p>Ez a Cookie-szab\u00e1lyzat elmagyar\u00e1zza, hogy mi\u00e9rt \u00e9s hogyan haszn\u00e1lunk cookie-kat \u00e9s m\u00e1s eszk\u00f6z\u00f6ket, hogy jav\u00edtsuk az \u00d6n webes \u00e9lm\u00e9ny\u00e9t, amikor megl\u00e1togatja weboldalainkat. A maxonn\u00e1l c\u00e9lunk, hogy megv\u00e9dj\u00fck az \u00d6n mag\u00e1n\u00e9lethez val\u00f3 jog\u00e1t. Ebb\u0151l a c\u00e9lb\u00f3l adtuk ki ezt a Cookie szab\u00e1lyzatot. Ez elmagyar\u00e1zza, hogy a maxon hogyan \u00e9s mi\u00e9rt haszn\u00e1lja a cookie-k \u00e9s egy\u00e9b azonos\u00edt\u00f3 eszk\u00f6z\u00f6k mely t\u00edpusait, amikor \u00d6n (i) regisztr\u00e1l vagy megl\u00e1togatja a weboldalakat (www.maxongroup.com vagy a maxon le\u00e1nyv\u00e1llalatainak weboldalait), vagy (ii) kapcsolatba l\u00e9p vel\u00fcnk annak \u00e9rdek\u00e9ben, hogy ig\u00e9nybe vegye a maxon \u00e1ltal a weboldalakon k\u00edn\u00e1lt szolg\u00e1ltat\u00e1sokat.<\/p><p>A technikailag sz\u00fcks\u00e9ges s\u00fctik haszn\u00e1lat\u00e1nak jogalapja a weboldalaink biztons\u00e1g\u00e1nak, hat\u00e9konys\u00e1g\u00e1nak \u00e9s felhaszn\u00e1l\u00f3bar\u00e1t jelleg\u00e9nek biztos\u00edt\u00e1s\u00e1hoz f\u0171z\u0151d\u0151 jogos \u00e9rdek\u00fcnk. A technikailag nem sz\u00fcks\u00e9ges cookie-kat, pl. felhaszn\u00e1l\u00f3i elemz\u00e9s \u00e9s marketing c\u00e9lokra, csak akkor haszn\u00e1ljuk, ha \u00d6n hozz\u00e1j\u00e1rul a haszn\u00e1latukhoz. Ha nem \u00e9rt egyet a cookie-k \u00e9s egy\u00e9b azonos\u00edt\u00f3 eszk\u00f6z\u00f6k fent eml\u00edtett m\u00f3don t\u00f6rt\u00e9n\u0151 haszn\u00e1lat\u00e1val, akkor ennek megfelel\u0151en m\u00f3dos\u00edtsa b\u00f6ng\u00e9sz\u0151je be\u00e1ll\u00edt\u00e1sait, vagy ne haszn\u00e1lja weboldalainkat.<\/p><p>Ha letiltja a cookie-kat, az hat\u00e1ssal lehet a felhaszn\u00e1l\u00f3i \u00e9lm\u00e9nyre \u00e9s azokra a szolg\u00e1ltat\u00e1sokra, amelyeket a weboldalaink l\u00e1togat\u00e1sa sor\u00e1n k\u00edn\u00e1lunk \u00d6nnek.<br \/>A s\u00fctik letilt\u00e1s\u00e1val kapcsolatos tov\u00e1bbi inform\u00e1ci\u00f3k\u00e9rt l\u00e1sd a 8. \"A cookie-be\u00e1ll\u00edt\u00e1sok kezel\u00e9se\" c\u00edm\u0171 r\u00e9szt.<\/p><p><b>5 Az \u00d6n szem\u00e9lyes adatainak felhaszn\u00e1l\u00e1sa<\/b><\/p><p>Tov\u00e1bbi inform\u00e1ci\u00f3kat a weboldalaink l\u00e1togat\u00e1sa sor\u00e1n \u00e1ltalunk gy\u0171jt\u00f6tt szem\u00e9lyes adatok t\u00edpusair\u00f3l \u00e9s azok felhaszn\u00e1l\u00e1s\u00e1r\u00f3l a maxon adatv\u00e9delmi nyilatkozat\u00e1ban tal\u00e1l.<\/p><p><b>6 Mi\u00e9rt haszn\u00e1lunk s\u00fctiket<\/b><\/p><p>S\u00fctiket haszn\u00e1lunk, hogy megk\u00fcl\u00f6nb\u00f6ztess\u00fck \u00d6nt a weboldalunk m\u00e1s felhaszn\u00e1l\u00f3it\u00f3l \u00e9s a h\u00e1l\u00f3zatunkhoz tartoz\u00f3 weboldalakt\u00f3l, hogy lehet\u0151v\u00e9 tegy\u00fck a hat\u00e9kony navig\u00e1ci\u00f3t a weboldalak k\u00f6z\u00f6tt, \u00e9s hogy elments\u00fck a be\u00e1ll\u00edt\u00e1sait. A s\u00fctik seg\u00edtenek nek\u00fcnk abban, hogy weboldalaink l\u00e1togat\u00e1s\u00e1t kellemesebb\u00e9 tegy\u00fck, \u00e9s hogy weboldalainkat \u00e9s szolg\u00e1ltat\u00e1sainkat az \u00d6n szem\u00e9lyes ig\u00e9nyeihez igaz\u00edtsuk. Lehet\u0151v\u00e9 teszik tov\u00e1bb\u00e1, hogy visszajelz\u00e9st kapjunk a v\u00e1s\u00e1rl\u00f3i el\u00e9gedetts\u00e9gr\u0151l, \u00e9s hogy az interneten m\u00e1shol is kommunik\u00e1lhassunk \u00d6nnel.<br \/>Ha \u00fajra megl\u00e1togatja weboldalunkat, felismerhetj\u00fck \u00d6nt, m\u00e9g akkor is, ha nem ismerj\u00fck a szem\u00e9lyazonoss\u00e1g\u00e1t.<\/p><p><em>Maxon vagy harmadik felek \u00e1ltal be\u00e1ll\u00edtott s\u00fctik<\/em><\/p><p>Sok esetben ezek a s\u00fctik az \u00d6n eszk\u00f6ze feldolgoz\u00e1si vagy t\u00e1rol\u00e1si kapacit\u00e1s\u00e1nak kihaszn\u00e1l\u00e1s\u00e1hoz vezetnek. E s\u00fctik egy r\u00e9sz\u00e9t maga a maxon, m\u00e1sokat harmadik felek helyeznek el; egyesek csak a b\u00f6ng\u00e9sz\u0151 munkamenet\u00e9nek id\u0151tartam\u00e1ra maradnak, m\u00e1sok hosszabb ideig akt\u00edvak maradhatnak az \u00d6n eszk\u00f6z\u00e9n.<\/p><p><b>7. a cookie-be\u00e1ll\u00edt\u00e1sok kezel\u00e9se a b\u00f6ng\u00e9sz\u0151ben<\/b><\/p><p>Az internetes b\u00f6ng\u00e9sz\u0151k lehet\u0151v\u00e9 teszik a cookie-be\u00e1ll\u00edt\u00e1sok m\u00f3dos\u00edt\u00e1s\u00e1t, p\u00e9ld\u00e1ul bizonyos t\u00edpus\u00fa cookie-k vagy f\u00e1jlok letilt\u00e1s\u00e1t. Ez\u00e9rt a cookie-kat blokkolhatja a b\u00f6ng\u00e9sz\u0151je azon be\u00e1ll\u00edt\u00e1sainak megv\u00e1ltoztat\u00e1s\u00e1val, amelyek lehet\u0151v\u00e9 teszik az \u00f6sszes vagy bizonyos cookie-k be\u00e1ll\u00edt\u00e1s\u00e1nak elutas\u00edt\u00e1s\u00e1t.<\/p><p>Ha azonban a b\u00f6ng\u00e9sz\u0151je be\u00e1ll\u00edt\u00e1sait \u00fagy haszn\u00e1lja, hogy blokkolja az \u00f6sszes s\u00fctit, el\u0151fordulhat, hogy nem tudja el\u00e9rni weboldalaink eg\u00e9sz\u00e9t vagy egy r\u00e9sz\u00e9t, mivel egyes s\u00fctik funkcion\u00e1lis s\u00fctik lehetnek.<\/p><ul><li>Kezelje a cookie-be\u00e1ll\u00edt\u00e1sait a Cookie Preference Centre seg\u00edts\u00e9g\u00e9vel.<\/li><li>A s\u00fctik t\u00f6rl\u00e9s\u00e9vel vagy blokkol\u00e1s\u00e1val kapcsolatos tov\u00e1bbi inform\u00e1ci\u00f3k itt tal\u00e1lhat\u00f3k: https:\/\/www.allaboutcookies.org a \"S\u00fctik kezel\u00e9se\" fejezetben.<\/li><\/ul><p><b><br \/>8. tov\u00e1bbi inform\u00e1ci\u00f3k a s\u00fctikr\u0151l<\/b><\/p><p><em>Hol tal\u00e1lok tov\u00e1bbi inform\u00e1ci\u00f3kat a s\u00fctikr\u0151l?<\/em><br \/>A s\u00fctikr\u0151l \u00e9s hasonl\u00f3 c\u00edmk\u00e9kr\u0151l\/f\u00e1jlokr\u00f3l a k\u00f6vetkez\u0151 c\u00edmeken tal\u00e1lhat tov\u00e1bbi inform\u00e1ci\u00f3kat:<\/p><ul><li><a class=\"Link_link__15_Y0 Link_medium__CtpMS RichText_externalLink__Pbn7j\" href=\"http:\/\/www.allaboutcookies.org\/\"><em>http:\/\/www.allaboutcookies.org\/<\/em><\/a><\/li><li><a href=\"http:\/\/www.youronlinechoices.eu\/\"><em>http:\/\/www.youronlinechoices.eu\/<\/em><\/a><\/li><\/ul><p><b><br \/>9. k\u00f6z\u00f6ss\u00e9gi m\u00e9dia pluginok haszn\u00e1lata<\/b><\/p><p class=\"Text_text__6vd08 Text_base__YIYWR RichText_paragraph__zMyh_\">Hogyan haszn\u00e1ljuk a k\u00f6z\u00f6ss\u00e9gi k\u00f6nyvjelz\u0151ket (pl. Facebook, Instagram, Twitter vagy LinkedIn)?<br \/>Haszn\u00e1lhatunk k\u00f6z\u00f6ss\u00e9gi k\u00f6nyvjelz\u0151ket (pl. Facebook, Instagram, Twitter vagy LinkedIn), amelyek lehet\u0151v\u00e9 teszik e k\u00f6z\u00f6ss\u00e9gi m\u00e9diaplatformok felhaszn\u00e1l\u00f3i sz\u00e1m\u00e1ra, hogy az egyes maxon-weboldalakra mutat\u00f3 linkeket megjelen\u00edts\u00e9k a saj\u00e1t k\u00f6z\u00f6ss\u00e9gi m\u00e9diaprofiljukon, hogy k\u00f6nyvjelz\u0151t tegyenek r\u00e1juk, vagy megossz\u00e1k azokat a k\u00f6z\u00f6ss\u00e9gi m\u00e9diakapcsolataikkal. A weboldalak tartalmazhatnak k\u00f6z\u00f6ss\u00e9gi k\u00f6nyvjelz\u0151ket. Ezeket a megfelel\u0151 megoszt\u00e1si gombokr\u00f3l ismerheti fel.<\/p><p>Tov\u00e1bbi inform\u00e1ci\u00f3k\u00e9rt k\u00e9rj\u00fck, olvassa el a maxon <a href=\"https:\/\/kwapil.at\/hu\/datenschutzerklaerung\/\" target=\"_blank\" rel=\"noopener\">Adatv\u00e9delmi inform\u00e1ci\u00f3k.<\/a><\/p><p><b>10. a jelen cookie-szab\u00e1lyzat m\u00f3dos\u00edt\u00e1sai<\/b><\/p><p>Fenntartjuk a jogot, hogy saj\u00e1t bel\u00e1t\u00e1sunk szerint b\u00e1rmikor megv\u00e1ltoztassuk, m\u00f3dos\u00edtsuk, kieg\u00e9sz\u00edts\u00fck vagy elt\u00e1vol\u00edtsuk a jelen Cookie-szab\u00e1lyzat egyes r\u00e9szeit. Javasoljuk, hogy rendszeresen l\u00e1togasson el erre az oldalra, hogy ellen\u0151rizze a v\u00e1ltoz\u00e1sokat.<\/p>\t\t\t\t\t\t\t\t<\/div>\n\t\t\t\t\t<\/div>\n\t\t\t\t<\/div>\n\t\t<div class=\"elementor-element elementor-element-c73aee3 e-flex e-con-boxed e-con e-parent\" data-id=\"c73aee3\" data-element_type=\"container\" data-e-type=\"container\">\n\t\t\t\t\t<div class=\"e-con-inner\">\n\t\t\t\t<div class=\"elementor-element elementor-element-420752b elementor-widget elementor-widget-spacer\" data-id=\"420752b\" data-element_type=\"widget\" data-e-type=\"widget\" data-widget_type=\"spacer.default\">\n\t\t\t\t\t\t\t<div class=\"elementor-spacer\">\n\t\t\t<div class=\"elementor-spacer-inner\"><\/div>\n\t\t<\/div>\n\t\t\t\t\t\t<\/div>\n\t\t\t\t\t<\/div>\n\t\t\t\t<\/div>\n\t\t\t\t<\/div>","protected":false},"excerpt":{"rendered":"<p>Sie sind hier: Unternehmen &gt; Cookie Policy Cookie Policy Cookie Policy Diese Cookie Policy gilt erg\u00e4nzend zu dem maxon Datenschutzhinweisen einer Webseite der maxon Gruppe und\/oder einer ihrer Tochtergesellschaften und gibt Ihnen zus\u00e4tzliche Informationen zu Art, Umfang und Zwecken der Datenverarbeitung bei eingesetzten Cookies und \u00e4hnlichen Technologien (im Folgenden zusammengenommen als \u00abCookies\u00bb bezeichnet). 1. maxon [&hellip;]<\/p>\n","protected":false},"author":1,"featured_media":0,"parent":0,"menu_order":0,"comment_status":"closed","ping_status":"closed","template":"","meta":{"footnotes":""},"class_list":["post-12845","page","type-page","status-publish","hentry"],"yoast_head":"<!-- This site is optimized with the Yoast SEO Premium plugin v27.4 (Yoast SEO v27.4) - https:\/\/yoast.com\/product\/yoast-seo-premium-wordpress\/ -->\n<title>Cookie Policy - maxon | Kwapil<\/title>\n<meta name=\"robots\" content=\"index, follow, max-snippet:-1, max-image-preview:large, max-video-preview:-1\" \/>\n<link rel=\"canonical\" href=\"https:\/\/kwapil.at\/hu\/cookie-policy\/\" \/>\n<meta property=\"og:locale\" content=\"hu_HU\" \/>\n<meta property=\"og:type\" content=\"article\" \/>\n<meta property=\"og:title\" content=\"Cookie Policy\" \/>\n<meta property=\"og:description\" content=\"Sie sind hier: Unternehmen &gt; Cookie Policy Cookie Policy Cookie Policy Diese Cookie Policy gilt erg\u00e4nzend zu dem maxon Datenschutzhinweisen einer Webseite der maxon Gruppe und\/oder einer ihrer Tochtergesellschaften und gibt Ihnen zus\u00e4tzliche Informationen zu Art, Umfang und Zwecken der Datenverarbeitung bei eingesetzten Cookies und \u00e4hnlichen Technologien (im Folgenden zusammengenommen als \u00abCookies\u00bb bezeichnet). 1. maxon [&hellip;]\" \/>\n<meta property=\"og:url\" content=\"https:\/\/kwapil.at\/hu\/cookie-policy\/\" \/>\n<meta property=\"og:site_name\" content=\"maxon | Kwapil\" \/>\n<meta property=\"article:modified_time\" content=\"2025-07-24T09:03:29+00:00\" \/>\n<meta property=\"og:image\" content=\"https:\/\/kwapil.at\/wp-content\/uploads\/2023\/09\/maxon1132_DL-cropped.jpg\" \/>\n\t<meta property=\"og:image:width\" content=\"1024\" \/>\n\t<meta property=\"og:image:height\" content=\"576\" \/>\n\t<meta property=\"og:image:type\" content=\"image\/jpeg\" \/>\n<meta name=\"twitter:card\" content=\"summary_large_image\" \/>\n<meta name=\"twitter:label1\" content=\"Becs\u00fclt olvas\u00e1si id\u0151\" \/>\n\t<meta name=\"twitter:data1\" content=\"6 perc\" \/>\n<script type=\"application\/ld+json\" class=\"yoast-schema-graph\">{\"@context\":\"https:\\\/\\\/schema.org\",\"@graph\":[{\"@type\":\"WebPage\",\"@id\":\"https:\\\/\\\/kwapil.at\\\/de\\\/cookie-policy\\\/\",\"url\":\"https:\\\/\\\/kwapil.at\\\/de\\\/cookie-policy\\\/\",\"name\":\"Cookie Policy - maxon | Kwapil\",\"isPartOf\":{\"@id\":\"https:\\\/\\\/kwapil.at\\\/#website\"},\"datePublished\":\"2025-02-06T13:22:56+00:00\",\"dateModified\":\"2025-07-24T09:03:29+00:00\",\"breadcrumb\":{\"@id\":\"https:\\\/\\\/kwapil.at\\\/de\\\/cookie-policy\\\/#breadcrumb\"},\"inLanguage\":\"hu\",\"potentialAction\":[{\"@type\":\"ReadAction\",\"target\":[\"https:\\\/\\\/kwapil.at\\\/de\\\/cookie-policy\\\/\"]}]},{\"@type\":\"BreadcrumbList\",\"@id\":\"https:\\\/\\\/kwapil.at\\\/de\\\/cookie-policy\\\/#breadcrumb\",\"itemListElement\":[{\"@type\":\"ListItem\",\"position\":1,\"name\":\"Unternehmen\",\"item\":\"https:\\\/\\\/kwapil.at\\\/de\\\/\"},{\"@type\":\"ListItem\",\"position\":2,\"name\":\"Cookie Policy\"}]},{\"@type\":\"WebSite\",\"@id\":\"https:\\\/\\\/kwapil.at\\\/#website\",\"url\":\"https:\\\/\\\/kwapil.at\\\/\",\"name\":\"Kwapil.com\",\"description\":\"Antriebstechnik und Elektronik\",\"publisher\":{\"@id\":\"https:\\\/\\\/kwapil.at\\\/#organization\"},\"alternateName\":\"maxongroup.at\",\"potentialAction\":[{\"@type\":\"SearchAction\",\"target\":{\"@type\":\"EntryPoint\",\"urlTemplate\":\"https:\\\/\\\/kwapil.at\\\/?s={search_term_string}\"},\"query-input\":{\"@type\":\"PropertyValueSpecification\",\"valueRequired\":true,\"valueName\":\"search_term_string\"}}],\"inLanguage\":\"hu\"},{\"@type\":\"Organization\",\"@id\":\"https:\\\/\\\/kwapil.at\\\/#organization\",\"name\":\"Kwapil & Co GmbH\",\"alternateName\":\"Maxon | Kwapil\",\"url\":\"https:\\\/\\\/kwapil.at\\\/\",\"logo\":{\"@type\":\"ImageObject\",\"inLanguage\":\"hu\",\"@id\":\"https:\\\/\\\/kwapil.at\\\/#\\\/schema\\\/logo\\\/image\\\/\",\"url\":\"https:\\\/\\\/kwapil.at\\\/wp-content\\\/uploads\\\/2023\\\/09\\\/cropped-kwapil_maxon_logo_standard_rgb.png\",\"contentUrl\":\"https:\\\/\\\/kwapil.at\\\/wp-content\\\/uploads\\\/2023\\\/09\\\/cropped-kwapil_maxon_logo_standard_rgb.png\",\"width\":200,\"height\":28,\"caption\":\"Kwapil & Co GmbH\"},\"image\":{\"@id\":\"https:\\\/\\\/kwapil.at\\\/#\\\/schema\\\/logo\\\/image\\\/\"},\"sameAs\":[\"https:\\\/\\\/www.linkedin.com\\\/company\\\/2505461\\\/\"],\"description\":\"\u00dcber 40 Jahre vertreibt Kwapil & Co Produkte von weltweit f\u00fchrenden Anbietern der Antriebstechnik und Elektronik an. Das Angebot reicht von Motoren \u00fcber Multiachsencontroller bis hin zu kompletten, mechatronischen Antriebssystemen. Seit 2012 ist Kwapil & Co ein Unternehmen der Schweizer maxon Gruppe.\",\"email\":\"verkauf.at@maxongroup.com\",\"telephone\":\"+43 1 278 85 85\",\"legalName\":\"Kwapil & Co GmbH\",\"foundingDate\":\"1975-05-01\",\"numberOfEmployees\":{\"@type\":\"QuantitativeValue\",\"minValue\":\"11\",\"maxValue\":\"50\"},\"ownershipFundingInfo\":\"https:\\\/\\\/kwapil.at\\\/de\\\/impressum\\\/\",\"ethicsPolicy\":\"https:\\\/\\\/kwapil.at\\\/de\\\/verhaltensrichtlinien\\\/\"}]}<\/script>\n<!-- \/ Yoast SEO Premium plugin. -->","yoast_head_json":{"title":"S\u00fctikre vonatkoz\u00f3 szab\u00e1lyzat \u2013 maxon | Kwapil","robots":{"index":"index","follow":"follow","max-snippet":"max-snippet:-1","max-image-preview":"max-image-preview:large","max-video-preview":"max-video-preview:-1"},"canonical":"https:\/\/kwapil.at\/hu\/cookie-policy\/","og_locale":"hu_HU","og_type":"article","og_title":"Cookie Policy","og_description":"Sie sind hier: Unternehmen &gt; Cookie Policy Cookie Policy Cookie Policy Diese Cookie Policy gilt erg\u00e4nzend zu dem maxon Datenschutzhinweisen einer Webseite der maxon Gruppe und\/oder einer ihrer Tochtergesellschaften und gibt Ihnen zus\u00e4tzliche Informationen zu Art, Umfang und Zwecken der Datenverarbeitung bei eingesetzten Cookies und \u00e4hnlichen Technologien (im Folgenden zusammengenommen als \u00abCookies\u00bb bezeichnet). 1. maxon [&hellip;]","og_url":"https:\/\/kwapil.at\/hu\/cookie-policy\/","og_site_name":"maxon | Kwapil","article_modified_time":"2025-07-24T09:03:29+00:00","og_image":[{"width":1024,"height":576,"url":"https:\/\/kwapil.at\/wp-content\/uploads\/2023\/09\/maxon1132_DL-cropped.jpg","type":"image\/jpeg"}],"twitter_card":"summary_large_image","twitter_misc":{"Becs\u00fclt olvas\u00e1si id\u0151":"6 perc"},"schema":{"@context":"https:\/\/schema.org","@graph":[{"@type":"WebPage","@id":"https:\/\/kwapil.at\/de\/cookie-policy\/","url":"https:\/\/kwapil.at\/de\/cookie-policy\/","name":"S\u00fctikre vonatkoz\u00f3 szab\u00e1lyzat \u2013 maxon | Kwapil","isPartOf":{"@id":"https:\/\/kwapil.at\/#website"},"datePublished":"2025-02-06T13:22:56+00:00","dateModified":"2025-07-24T09:03:29+00:00","breadcrumb":{"@id":"https:\/\/kwapil.at\/de\/cookie-policy\/#breadcrumb"},"inLanguage":"hu","potentialAction":[{"@type":"ReadAction","target":["https:\/\/kwapil.at\/de\/cookie-policy\/"]}]},{"@type":"BreadcrumbList","@id":"https:\/\/kwapil.at\/de\/cookie-policy\/#breadcrumb","itemListElement":[{"@type":"ListItem","position":1,"name":"Unternehmen","item":"https:\/\/kwapil.at\/de\/"},{"@type":"ListItem","position":2,"name":"Cookie Policy"}]},{"@type":"WebSite","@id":"https:\/\/kwapil.at\/#website","url":"https:\/\/kwapil.at\/","name":"Kwapil.com","description":"Hajt\u00e1stechnika \u00e9s elektronika","publisher":{"@id":"https:\/\/kwapil.at\/#organization"},"alternateName":"maxongroup.at","potentialAction":[{"@type":"SearchAction","target":{"@type":"EntryPoint","urlTemplate":"https:\/\/kwapil.at\/?s={search_term_string}"},"query-input":{"@type":"PropertyValueSpecification","valueRequired":true,"valueName":"search_term_string"}}],"inLanguage":"hu"},{"@type":"Organization","@id":"https:\/\/kwapil.at\/#organization","name":"Kwapil &amp; Co GmbH","alternateName":"Maxon | Kwapil","url":"https:\/\/kwapil.at\/","logo":{"@type":"ImageObject","inLanguage":"hu","@id":"https:\/\/kwapil.at\/#\/schema\/logo\/image\/","url":"https:\/\/kwapil.at\/wp-content\/uploads\/2023\/09\/cropped-kwapil_maxon_logo_standard_rgb.png","contentUrl":"https:\/\/kwapil.at\/wp-content\/uploads\/2023\/09\/cropped-kwapil_maxon_logo_standard_rgb.png","width":200,"height":28,"caption":"Kwapil & Co GmbH"},"image":{"@id":"https:\/\/kwapil.at\/#\/schema\/logo\/image\/"},"sameAs":["https:\/\/www.linkedin.com\/company\/2505461\/"],"description":"A Kwapil &amp; Co t\u00f6bb mint 40 \u00e9ve forgalmazza a vil\u00e1g vezet\u0151 hajt\u00e1stechnikai \u00e9s elektronikai besz\u00e1ll\u00edt\u00f3inak term\u00e9keit. A term\u00e9kpaletta a motorokt\u00f3l \u00e9s a t\u00f6bbtengelyes vez\u00e9rl\u0151t\u0151l a komplett mechatronikai hajt\u00e1srendszerekig terjed. A Kwapil &amp; Co 2012 \u00f3ta a sv\u00e1jci maxon csoport r\u00e9sze.","email":"verkauf.at@maxongroup.com","telephone":"+43 1 278 85 85","legalName":"Kwapil & Co GmbH","foundingDate":"1975-05-01","numberOfEmployees":{"@type":"QuantitativeValue","minValue":"11","maxValue":"50"},"ownershipFundingInfo":"https:\/\/kwapil.at\/de\/impressum\/","ethicsPolicy":"https:\/\/kwapil.at\/de\/verhaltensrichtlinien\/"}]}},"_links":{"self":[{"href":"https:\/\/kwapil.at\/hu\/wp-json\/wp\/v2\/pages\/12845","targetHints":{"allow":["GET"]}}],"collection":[{"href":"https:\/\/kwapil.at\/hu\/wp-json\/wp\/v2\/pages"}],"about":[{"href":"https:\/\/kwapil.at\/hu\/wp-json\/wp\/v2\/types\/page"}],"author":[{"embeddable":true,"href":"https:\/\/kwapil.at\/hu\/wp-json\/wp\/v2\/users\/1"}],"replies":[{"embeddable":true,"href":"https:\/\/kwapil.at\/hu\/wp-json\/wp\/v2\/comments?post=12845"}],"version-history":[{"count":13,"href":"https:\/\/kwapil.at\/hu\/wp-json\/wp\/v2\/pages\/12845\/revisions"}],"predecessor-version":[{"id":13518,"href":"https:\/\/kwapil.at\/hu\/wp-json\/wp\/v2\/pages\/12845\/revisions\/13518"}],"wp:attachment":[{"href":"https:\/\/kwapil.at\/hu\/wp-json\/wp\/v2\/media?parent=12845"}],"curies":[{"name":"wp","href":"https:\/\/api.w.org\/{rel}","templated":true}]}}