{"id":13301,"date":"2025-06-18T11:27:08","date_gmt":"2025-06-18T09:27:08","guid":{"rendered":"https:\/\/kwapil.at\/?page_id=13301"},"modified":"2026-02-02T14:27:42","modified_gmt":"2026-02-02T13:27:42","slug":"yep-2","status":"publish","type":"page","link":"https:\/\/kwapil.at\/hu\/yep-2\/","title":{"rendered":"YEP"},"content":{"rendered":"<div data-elementor-type=\"wp-page\" data-elementor-id=\"13301\" class=\"elementor elementor-13301\" data-elementor-post-type=\"page\">\n\t\t\t\t<div class=\"elementor-element elementor-element-904551f e-flex e-con-boxed e-con e-parent\" data-id=\"904551f\" data-element_type=\"container\" data-e-type=\"container\">\n\t\t\t\t\t<div class=\"e-con-inner\">\n\t\t<div class=\"elementor-element elementor-element-2eb0777 e-con-full e-flex e-con e-child\" data-id=\"2eb0777\" data-element_type=\"container\" data-e-type=\"container\">\n\t\t\t\t<div class=\"elementor-element elementor-element-2a4eafe elementor-widget elementor-widget-text-editor\" data-id=\"2a4eafe\" data-element_type=\"widget\" data-e-type=\"widget\" data-widget_type=\"text-editor.default\">\n\t\t\t\t\t\t\t\t\t<p>\u00d6n itt van: <b>YEP<\/b>.<\/p>\t\t\t\t\t\t\t\t<\/div>\n\t\t\t\t<\/div>\n\t\t<div class=\"elementor-element elementor-element-7463c59 e-con-full e-flex e-con e-child\" data-id=\"7463c59\" data-element_type=\"container\" data-e-type=\"container\">\n\t\t\t\t<div class=\"elementor-element elementor-element-f35b7c9 elementor-widget elementor-widget-heading\" data-id=\"f35b7c9\" data-element_type=\"widget\" data-e-type=\"widget\" data-widget_type=\"heading.default\">\n\t\t\t\t\t<h2 class=\"elementor-heading-title elementor-size-default\">YEP<\/h2>\t\t\t\t<\/div>\n\t\t\t\t<\/div>\n\t\t<div class=\"elementor-element elementor-element-3b5780c e-con-full e-flex e-con e-child\" data-id=\"3b5780c\" data-element_type=\"container\" data-e-type=\"container\">\n\t\t\t\t<div class=\"elementor-element elementor-element-9e9e175 elementor-widget elementor-widget-heading\" data-id=\"9e9e175\" data-element_type=\"widget\" data-e-type=\"widget\" data-widget_type=\"heading.default\">\n\t\t\t\t\t<h2 class=\"elementor-heading-title elementor-size-default\"><p style=\"font-size: 22px;font-weight: 600\">A maxon Fiatal M\u00e9rn\u00f6k\u00f6k Programja<\/span><\/p><\/h2>\t\t\t\t<\/div>\n\t\t\t\t<\/div>\n\t\t\t\t\t<\/div>\n\t\t\t\t<\/div>\n\t\t<div class=\"elementor-element elementor-element-fb28e74 e-flex e-con-boxed e-con e-parent\" data-id=\"fb28e74\" data-element_type=\"container\" data-e-type=\"container\">\n\t\t\t\t\t<div class=\"e-con-inner\">\n\t\t<div class=\"elementor-element elementor-element-41cb9dc e-con-full e-flex e-con e-child\" data-id=\"41cb9dc\" data-element_type=\"container\" data-e-type=\"container\">\n\t\t\t\t<div class=\"elementor-element elementor-element-184e448 elementor-widget elementor-widget-image\" data-id=\"184e448\" data-element_type=\"widget\" data-e-type=\"widget\" data-widget_type=\"image.default\">\n\t\t\t\t\t\t\t\t\t\t\t\t\t\t\t<img fetchpriority=\"high\" decoding=\"async\" width=\"800\" height=\"534\" src=\"https:\/\/kwapil.at\/wp-content\/uploads\/2024\/01\/dsc00075_2-3dd34652-1024x683.jpg\" class=\"attachment-large size-large wp-image-8441\" alt=\"\" srcset=\"https:\/\/kwapil.at\/wp-content\/uploads\/2024\/01\/dsc00075_2-3dd34652-1024x683.jpg 1024w, https:\/\/kwapil.at\/wp-content\/uploads\/2024\/01\/dsc00075_2-3dd34652-300x200.jpg 300w, https:\/\/kwapil.at\/wp-content\/uploads\/2024\/01\/dsc00075_2-3dd34652-768x512.jpg 768w, https:\/\/kwapil.at\/wp-content\/uploads\/2024\/01\/dsc00075_2-3dd34652-18x12.jpg 18w, https:\/\/kwapil.at\/wp-content\/uploads\/2024\/01\/dsc00075_2-3dd34652.jpg 1500w\" sizes=\"(max-width: 800px) 100vw, 800px\" \/>\t\t\t\t\t\t\t\t\t\t\t\t\t\t\t<\/div>\n\t\t\t\t<div class=\"elementor-element elementor-element-f86175e elementor-widget elementor-widget-text-editor\" data-id=\"f86175e\" data-element_type=\"widget\" data-e-type=\"widget\" data-widget_type=\"text-editor.default\">\n\t\t\t\t\t\t\t\t\t<p><b>A maxon t\u00e1mogatja a fiatal m\u00e9rn\u00f6k\u00f6ket \u00e9s az indul\u00f3 v\u00e1llalkoz\u00e1sokat.<br><\/b><b style=\"color: var( --e-global-color-text ); font-family: var( --e-global-typography-text-font-family ), Sans-serif; font-size: var( --e-global-typography-text-font-size ); text-align: var(--text-align);\"><br>Az el\u0151ny\u00f6k<\/b><\/p>\n<ul>\n<li><b><\/b> Motorok, sebess\u00e9gv\u00e1lt\u00f3k \u00e9s vez\u00e9rl\u0151egys\u00e9gek kedvezm\u00e9nyes \u00e1ron vagy ak\u00e1r ingyenesen.<\/li>\n<li>M\u0171szaki t\u00e1mogat\u00e1s szak\u00e9rt\u0151inkt\u0151l.<\/li>\n<li>A projekt n\u00e9pszer\u0171s\u00edt\u00e9se \u00e9s kommunik\u00e1ci\u00f3ja a maxon csatorn\u00e1in (kiv\u00e9ve, ha a projekt bizalmas).<br><br><\/li>\n<\/ul>\n<p><b> Hogyan vehet r\u00e9szt<\/b><\/p>\n<p>T\u00f6ltse ki az online \u0171rlapot. Szak\u00e9rt\u0151i csapatunk ellen\u0151rzi beadv\u00e1ny\u00e1t, \u00e9s t\u00e1j\u00e9koztatja \u00d6nt arr\u00f3l, hogy projektj\u00e9t t\u00e1mogatj\u00e1k-e, \u00e9s ha igen, milyen form\u00e1ban.<\/p>\n<p><b>Az esem\u00e9ny szervez\u0151je<br><\/b><\/p>\n<p style=\"margin: 0px 0px 20px; padding: 0px 40px 0px 0px; line-height: 1.7;\">Ha rendezv\u00e9nyt tervez, akkor is r\u00e9szt vehet programunkban. Egyszer\u0171en t\u00f6ltse ki az \u0171rlapot, \u00e9s mi felvessz\u00fck \u00d6nnel a kapcsolatot. El\u0151nye lehet, hogy rendezv\u00e9ny\u00e9t kommunik\u00e1ci\u00f3s csatorn\u00e1inkon hirdetj\u00fck. Rendezv\u00e9nye beker\u00fclhet szponzor\u00e1ci\u00f3s programunkba is.<\/p>\n<p>Jelentkezzen most a Fiatal m\u00e9rn\u00f6k\u00f6k programra:<br>a&nbsp;<a href=\"https:\/\/drive.tech\/en\/young-engineers-program\/yep-apply\">YEP online \u0171rlap<\/a><\/p>\t\t\t\t\t\t\t\t<\/div>\n\t\t\t\t<\/div>\n\t\t<div class=\"elementor-element elementor-element-cecb2ce e-con-full e-flex e-con e-child\" data-id=\"cecb2ce\" data-element_type=\"container\" data-e-type=\"container\">\n\t\t<div class=\"elementor-element elementor-element-30fb726 e-con-full e-flex e-con e-child\" data-id=\"30fb726\" data-element_type=\"container\" data-e-type=\"container\">\n\t\t\t\t<div class=\"elementor-element elementor-element-68c55d3 elementor-widget elementor-widget-text-editor\" data-id=\"68c55d3\" data-element_type=\"widget\" data-e-type=\"widget\" data-widget_type=\"text-editor.default\">\n\t\t\t\t\t\t\t\t\t<p style=\"color: #000000;\">\u00daj term\u00e9kek 2025-ben<\/p>\t\t\t\t\t\t\t\t<\/div>\n\t\t\t\t<div class=\"elementor-element elementor-element-33c168d elementor-widget elementor-widget-image\" data-id=\"33c168d\" data-element_type=\"widget\" data-e-type=\"widget\" data-widget_type=\"image.default\">\n\t\t\t\t\t\t\t\t\t\t\t\t\t\t\t\t<a href=\"https:\/\/kwapil.at\/wp-content\/uploads\/2025\/11\/Product-News-Movie.jpg\" data-elementor-open-lightbox=\"yes\" data-e-action-hash=\"#elementor-action%3Aaction%3Dlightbox%26settings%3DeyJpZCI6MTM3NjMsInVybCI6Imh0dHBzOlwvXC9rd2FwaWwuYXRcL3dwLWNvbnRlbnRcL3VwbG9hZHNcLzIwMjVcLzExXC9Qcm9kdWN0LU5ld3MtTW92aWUuanBnIn0%3D\">\n\t\t\t\t\t\t\t<img decoding=\"async\" width=\"600\" height=\"500\" src=\"https:\/\/kwapil.at\/wp-content\/uploads\/2025\/11\/Product-News-Movie.jpg\" class=\"attachment-large size-large wp-image-13763\" alt=\"\" srcset=\"https:\/\/kwapil.at\/wp-content\/uploads\/2025\/11\/Product-News-Movie.jpg 600w, https:\/\/kwapil.at\/wp-content\/uploads\/2025\/11\/Product-News-Movie-300x250.jpg 300w, https:\/\/kwapil.at\/wp-content\/uploads\/2025\/11\/Product-News-Movie-14x12.jpg 14w\" sizes=\"(max-width: 600px) 100vw, 600px\" \/>\t\t\t\t\t\t\t\t<\/a>\n\t\t\t\t\t\t\t\t\t\t\t\t\t\t\t<\/div>\n\t\t\t\t<div class=\"elementor-element elementor-element-08e860a elementor-widget elementor-widget-text-editor\" data-id=\"08e860a\" data-element_type=\"widget\" data-e-type=\"widget\" data-widget_type=\"text-editor.default\">\n\t\t\t\t\t\t\t\t\t<p class=\"Text_text__6vd08 Text_h4__aGFvo RichText_heading3__rbmlB\"><strong>A novemberi SPS ki\u00e1ll\u00edt\u00e1son a maxon sz\u00e1mos \u00faj term\u00e9ket mutatott be, p\u00e9ld\u00e1ul magasan integr\u00e1lt robotikai aktu\u00e1torokat, nagy teljes\u00edtm\u00e9ny\u0171 szervohajt\u00e1sokat \u00e9s m\u00e9g sok m\u00e1st.<\/strong><\/p><p>Az egyik f\u0151 t\u00e9mak\u00f6r a nagy hat\u00e9konys\u00e1g\u00fa robotcsukl\u00f3k (HEJ) voltak. Ezek a kompakt, nagyfok\u00fa integr\u00e1lts\u00e1g\u00fa, kv\u00e1zi k\u00f6zvetlen meghajt\u00e1s\u00fa aktu\u00e1torok (QDD) motorokat, hajt\u00f3m\u0171veket, \u00e9rz\u00e9kel\u0151ket \u00e9s elektronik\u00e1t egyes\u00edtenek egyetlen, robusztus h\u00e1zban. A HEJ 90 (140 Nm) sikeres bevezet\u00e9s\u00e9t k\u00f6vet\u0151en most k\u00f6vetkezik a HEJ 70, 62 Nm nyomat\u00e9kkal \u2013 ide\u00e1lis kisebb robotokhoz. Vide\u00f3nkban bemutatjuk az \u00e9v \u00f6sszes term\u00e9k\u00fajdons\u00e1g\u00e1t.<\/p><p><a href=\"https:\/\/global.maxongroup.com\/de-ch\/neue-produkt2025\" target=\"_blank\" rel=\"noopener\"><span style=\"color: #dc0000;\"><span style=\"font-size: 13.3333px;\"><span style=\"font-weight: normal;\">N\u00e9zze meg a vide\u00f3t<\/span><\/span><\/span><\/a><\/p>\t\t\t\t\t\t\t\t<\/div>\n\t\t\t\t<\/div>\n\t\t\t\t<\/div>\n\t\t\t\t\t<\/div>\n\t\t\t\t<\/div>\n\t\t<div class=\"elementor-element elementor-element-aae3c65 e-flex e-con-boxed e-con e-parent\" data-id=\"aae3c65\" data-element_type=\"container\" data-e-type=\"container\">\n\t\t\t\t\t<div class=\"e-con-inner\">\n\t\t\t\t<div class=\"elementor-element elementor-element-ca933ca elementor-widget elementor-widget-spacer\" data-id=\"ca933ca\" data-element_type=\"widget\" data-e-type=\"widget\" data-widget_type=\"spacer.default\">\n\t\t\t\t\t\t\t<div class=\"elementor-spacer\">\n\t\t\t<div class=\"elementor-spacer-inner\"><\/div>\n\t\t<\/div>\n\t\t\t\t\t\t<\/div>\n\t\t\t\t\t<\/div>\n\t\t\t\t<\/div>\n\t\t\t\t<\/div>","protected":false},"excerpt":{"rendered":"<p>Sie sind hier: YEP. YEP Das Young Engineers Program von maxon maxon unterst\u00fctzt junge Ingenieure und Start-ups.Die Vorteile Motoren, Getriebe und Steuerungen zu erm\u00e4\u00dfigten Preisen oder sogar kostenlos. Technische Unterst\u00fctzung durch unsere Experten. Promotion und Kommunikation Ihres Projekts auf maxon Kan\u00e4len (sofern das Projekt nicht vertraulich ist). Wie Sie teilnehmen k\u00f6nnen F\u00fcllen Sie das Online-Formular [&hellip;]<\/p>\n","protected":false},"author":1,"featured_media":0,"parent":0,"menu_order":0,"comment_status":"closed","ping_status":"closed","template":"","meta":{"footnotes":""},"class_list":["post-13301","page","type-page","status-publish","hentry"],"yoast_head":"<!-- This site is optimized with the Yoast SEO Premium plugin v27.4 (Yoast SEO v27.4) - https:\/\/yoast.com\/product\/yoast-seo-premium-wordpress\/ -->\n<title>YEP - maxon | Kwapil<\/title>\n<meta name=\"robots\" content=\"index, follow, max-snippet:-1, max-image-preview:large, max-video-preview:-1\" \/>\n<link rel=\"canonical\" href=\"https:\/\/kwapil.at\/hu\/yep-2\/\" \/>\n<meta property=\"og:locale\" content=\"hu_HU\" \/>\n<meta property=\"og:type\" content=\"article\" \/>\n<meta property=\"og:title\" content=\"YEP\" \/>\n<meta property=\"og:description\" content=\"Sie sind hier: YEP. YEP Das Young Engineers Program von maxon maxon unterst\u00fctzt junge Ingenieure und Start-ups.Die Vorteile Motoren, Getriebe und Steuerungen zu erm\u00e4\u00dfigten Preisen oder sogar kostenlos. Technische Unterst\u00fctzung durch unsere Experten. Promotion und Kommunikation Ihres Projekts auf maxon Kan\u00e4len (sofern das Projekt nicht vertraulich ist). Wie Sie teilnehmen k\u00f6nnen F\u00fcllen Sie das Online-Formular [&hellip;]\" \/>\n<meta property=\"og:url\" content=\"https:\/\/kwapil.at\/hu\/yep-2\/\" \/>\n<meta property=\"og:site_name\" content=\"maxon | Kwapil\" \/>\n<meta property=\"article:modified_time\" content=\"2026-02-02T13:27:42+00:00\" \/>\n<meta property=\"og:image\" content=\"https:\/\/kwapil.at\/wp-content\/uploads\/2024\/01\/dsc00075_2-3dd34652.jpg\" \/>\n\t<meta property=\"og:image:width\" content=\"1500\" \/>\n\t<meta property=\"og:image:height\" content=\"1000\" \/>\n\t<meta property=\"og:image:type\" content=\"image\/jpeg\" \/>\n<meta name=\"twitter:card\" content=\"summary_large_image\" \/>\n<meta name=\"twitter:label1\" content=\"Becs\u00fclt olvas\u00e1si id\u0151\" \/>\n\t<meta name=\"twitter:data1\" content=\"2 perc\" \/>\n<script type=\"application\/ld+json\" class=\"yoast-schema-graph\">{\"@context\":\"https:\\\/\\\/schema.org\",\"@graph\":[{\"@type\":\"WebPage\",\"@id\":\"https:\\\/\\\/kwapil.at\\\/de\\\/yep-2\\\/\",\"url\":\"https:\\\/\\\/kwapil.at\\\/de\\\/yep-2\\\/\",\"name\":\"YEP - maxon | Kwapil\",\"isPartOf\":{\"@id\":\"https:\\\/\\\/kwapil.at\\\/#website\"},\"primaryImageOfPage\":{\"@id\":\"https:\\\/\\\/kwapil.at\\\/de\\\/yep-2\\\/#primaryimage\"},\"image\":{\"@id\":\"https:\\\/\\\/kwapil.at\\\/de\\\/yep-2\\\/#primaryimage\"},\"thumbnailUrl\":\"https:\\\/\\\/kwapil.at\\\/wp-content\\\/uploads\\\/2024\\\/01\\\/dsc00075_2-3dd34652-1024x683.jpg\",\"datePublished\":\"2025-06-18T09:27:08+00:00\",\"dateModified\":\"2026-02-02T13:27:42+00:00\",\"breadcrumb\":{\"@id\":\"https:\\\/\\\/kwapil.at\\\/de\\\/yep-2\\\/#breadcrumb\"},\"inLanguage\":\"hu\",\"potentialAction\":[{\"@type\":\"ReadAction\",\"target\":[\"https:\\\/\\\/kwapil.at\\\/de\\\/yep-2\\\/\"]}]},{\"@type\":\"ImageObject\",\"inLanguage\":\"hu\",\"@id\":\"https:\\\/\\\/kwapil.at\\\/de\\\/yep-2\\\/#primaryimage\",\"url\":\"https:\\\/\\\/kwapil.at\\\/wp-content\\\/uploads\\\/2024\\\/01\\\/dsc00075_2-3dd34652-1024x683.jpg\",\"contentUrl\":\"https:\\\/\\\/kwapil.at\\\/wp-content\\\/uploads\\\/2024\\\/01\\\/dsc00075_2-3dd34652-1024x683.jpg\"},{\"@type\":\"BreadcrumbList\",\"@id\":\"https:\\\/\\\/kwapil.at\\\/de\\\/yep-2\\\/#breadcrumb\",\"itemListElement\":[{\"@type\":\"ListItem\",\"position\":1,\"name\":\"Unternehmen\",\"item\":\"https:\\\/\\\/kwapil.at\\\/de\\\/\"},{\"@type\":\"ListItem\",\"position\":2,\"name\":\"YEP\"}]},{\"@type\":\"WebSite\",\"@id\":\"https:\\\/\\\/kwapil.at\\\/#website\",\"url\":\"https:\\\/\\\/kwapil.at\\\/\",\"name\":\"Kwapil.com\",\"description\":\"Antriebstechnik und Elektronik\",\"publisher\":{\"@id\":\"https:\\\/\\\/kwapil.at\\\/#organization\"},\"alternateName\":\"maxongroup.at\",\"potentialAction\":[{\"@type\":\"SearchAction\",\"target\":{\"@type\":\"EntryPoint\",\"urlTemplate\":\"https:\\\/\\\/kwapil.at\\\/?s={search_term_string}\"},\"query-input\":{\"@type\":\"PropertyValueSpecification\",\"valueRequired\":true,\"valueName\":\"search_term_string\"}}],\"inLanguage\":\"hu\"},{\"@type\":\"Organization\",\"@id\":\"https:\\\/\\\/kwapil.at\\\/#organization\",\"name\":\"Kwapil & Co GmbH\",\"alternateName\":\"Maxon | Kwapil\",\"url\":\"https:\\\/\\\/kwapil.at\\\/\",\"logo\":{\"@type\":\"ImageObject\",\"inLanguage\":\"hu\",\"@id\":\"https:\\\/\\\/kwapil.at\\\/#\\\/schema\\\/logo\\\/image\\\/\",\"url\":\"https:\\\/\\\/kwapil.at\\\/wp-content\\\/uploads\\\/2023\\\/09\\\/cropped-kwapil_maxon_logo_standard_rgb.png\",\"contentUrl\":\"https:\\\/\\\/kwapil.at\\\/wp-content\\\/uploads\\\/2023\\\/09\\\/cropped-kwapil_maxon_logo_standard_rgb.png\",\"width\":200,\"height\":28,\"caption\":\"Kwapil & Co GmbH\"},\"image\":{\"@id\":\"https:\\\/\\\/kwapil.at\\\/#\\\/schema\\\/logo\\\/image\\\/\"},\"sameAs\":[\"https:\\\/\\\/www.linkedin.com\\\/company\\\/2505461\\\/\"],\"description\":\"\u00dcber 40 Jahre vertreibt Kwapil & Co Produkte von weltweit f\u00fchrenden Anbietern der Antriebstechnik und Elektronik an. Das Angebot reicht von Motoren \u00fcber Multiachsencontroller bis hin zu kompletten, mechatronischen Antriebssystemen. Seit 2012 ist Kwapil & Co ein Unternehmen der Schweizer maxon Gruppe.\",\"email\":\"verkauf.at@maxongroup.com\",\"telephone\":\"+43 1 278 85 85\",\"legalName\":\"Kwapil & Co GmbH\",\"foundingDate\":\"1975-05-01\",\"numberOfEmployees\":{\"@type\":\"QuantitativeValue\",\"minValue\":\"11\",\"maxValue\":\"50\"},\"ownershipFundingInfo\":\"https:\\\/\\\/kwapil.at\\\/de\\\/impressum\\\/\",\"ethicsPolicy\":\"https:\\\/\\\/kwapil.at\\\/de\\\/verhaltensrichtlinien\\\/\"}]}<\/script>\n<!-- \/ Yoast SEO Premium plugin. -->","yoast_head_json":{"title":"YEP \u2013 maxon | Kwapil","robots":{"index":"index","follow":"follow","max-snippet":"max-snippet:-1","max-image-preview":"max-image-preview:large","max-video-preview":"max-video-preview:-1"},"canonical":"https:\/\/kwapil.at\/hu\/yep-2\/","og_locale":"hu_HU","og_type":"article","og_title":"YEP","og_description":"Sie sind hier: YEP. YEP Das Young Engineers Program von maxon maxon unterst\u00fctzt junge Ingenieure und Start-ups.Die Vorteile Motoren, Getriebe und Steuerungen zu erm\u00e4\u00dfigten Preisen oder sogar kostenlos. Technische Unterst\u00fctzung durch unsere Experten. Promotion und Kommunikation Ihres Projekts auf maxon Kan\u00e4len (sofern das Projekt nicht vertraulich ist). Wie Sie teilnehmen k\u00f6nnen F\u00fcllen Sie das Online-Formular [&hellip;]","og_url":"https:\/\/kwapil.at\/hu\/yep-2\/","og_site_name":"maxon | Kwapil","article_modified_time":"2026-02-02T13:27:42+00:00","og_image":[{"width":1500,"height":1000,"url":"https:\/\/kwapil.at\/wp-content\/uploads\/2024\/01\/dsc00075_2-3dd34652.jpg","type":"image\/jpeg"}],"twitter_card":"summary_large_image","twitter_misc":{"Becs\u00fclt olvas\u00e1si id\u0151":"2 perc"},"schema":{"@context":"https:\/\/schema.org","@graph":[{"@type":"WebPage","@id":"https:\/\/kwapil.at\/de\/yep-2\/","url":"https:\/\/kwapil.at\/de\/yep-2\/","name":"YEP \u2013 maxon | Kwapil","isPartOf":{"@id":"https:\/\/kwapil.at\/#website"},"primaryImageOfPage":{"@id":"https:\/\/kwapil.at\/de\/yep-2\/#primaryimage"},"image":{"@id":"https:\/\/kwapil.at\/de\/yep-2\/#primaryimage"},"thumbnailUrl":"https:\/\/kwapil.at\/wp-content\/uploads\/2024\/01\/dsc00075_2-3dd34652-1024x683.jpg","datePublished":"2025-06-18T09:27:08+00:00","dateModified":"2026-02-02T13:27:42+00:00","breadcrumb":{"@id":"https:\/\/kwapil.at\/de\/yep-2\/#breadcrumb"},"inLanguage":"hu","potentialAction":[{"@type":"ReadAction","target":["https:\/\/kwapil.at\/de\/yep-2\/"]}]},{"@type":"ImageObject","inLanguage":"hu","@id":"https:\/\/kwapil.at\/de\/yep-2\/#primaryimage","url":"https:\/\/kwapil.at\/wp-content\/uploads\/2024\/01\/dsc00075_2-3dd34652-1024x683.jpg","contentUrl":"https:\/\/kwapil.at\/wp-content\/uploads\/2024\/01\/dsc00075_2-3dd34652-1024x683.jpg"},{"@type":"BreadcrumbList","@id":"https:\/\/kwapil.at\/de\/yep-2\/#breadcrumb","itemListElement":[{"@type":"ListItem","position":1,"name":"Unternehmen","item":"https:\/\/kwapil.at\/de\/"},{"@type":"ListItem","position":2,"name":"YEP"}]},{"@type":"WebSite","@id":"https:\/\/kwapil.at\/#website","url":"https:\/\/kwapil.at\/","name":"Kwapil.com","description":"Hajt\u00e1stechnika \u00e9s elektronika","publisher":{"@id":"https:\/\/kwapil.at\/#organization"},"alternateName":"maxongroup.at","potentialAction":[{"@type":"SearchAction","target":{"@type":"EntryPoint","urlTemplate":"https:\/\/kwapil.at\/?s={search_term_string}"},"query-input":{"@type":"PropertyValueSpecification","valueRequired":true,"valueName":"search_term_string"}}],"inLanguage":"hu"},{"@type":"Organization","@id":"https:\/\/kwapil.at\/#organization","name":"Kwapil &amp; Co GmbH","alternateName":"Maxon | Kwapil","url":"https:\/\/kwapil.at\/","logo":{"@type":"ImageObject","inLanguage":"hu","@id":"https:\/\/kwapil.at\/#\/schema\/logo\/image\/","url":"https:\/\/kwapil.at\/wp-content\/uploads\/2023\/09\/cropped-kwapil_maxon_logo_standard_rgb.png","contentUrl":"https:\/\/kwapil.at\/wp-content\/uploads\/2023\/09\/cropped-kwapil_maxon_logo_standard_rgb.png","width":200,"height":28,"caption":"Kwapil & Co GmbH"},"image":{"@id":"https:\/\/kwapil.at\/#\/schema\/logo\/image\/"},"sameAs":["https:\/\/www.linkedin.com\/company\/2505461\/"],"description":"A Kwapil &amp; Co t\u00f6bb mint 40 \u00e9ve forgalmazza a vil\u00e1g vezet\u0151 hajt\u00e1stechnikai \u00e9s elektronikai besz\u00e1ll\u00edt\u00f3inak term\u00e9keit. A term\u00e9kpaletta a motorokt\u00f3l \u00e9s a t\u00f6bbtengelyes vez\u00e9rl\u0151t\u0151l a komplett mechatronikai hajt\u00e1srendszerekig terjed. A Kwapil &amp; Co 2012 \u00f3ta a sv\u00e1jci maxon csoport r\u00e9sze.","email":"verkauf.at@maxongroup.com","telephone":"+43 1 278 85 85","legalName":"Kwapil & Co GmbH","foundingDate":"1975-05-01","numberOfEmployees":{"@type":"QuantitativeValue","minValue":"11","maxValue":"50"},"ownershipFundingInfo":"https:\/\/kwapil.at\/de\/impressum\/","ethicsPolicy":"https:\/\/kwapil.at\/de\/verhaltensrichtlinien\/"}]}},"_links":{"self":[{"href":"https:\/\/kwapil.at\/hu\/wp-json\/wp\/v2\/pages\/13301","targetHints":{"allow":["GET"]}}],"collection":[{"href":"https:\/\/kwapil.at\/hu\/wp-json\/wp\/v2\/pages"}],"about":[{"href":"https:\/\/kwapil.at\/hu\/wp-json\/wp\/v2\/types\/page"}],"author":[{"embeddable":true,"href":"https:\/\/kwapil.at\/hu\/wp-json\/wp\/v2\/users\/1"}],"replies":[{"embeddable":true,"href":"https:\/\/kwapil.at\/hu\/wp-json\/wp\/v2\/comments?post=13301"}],"version-history":[{"count":78,"href":"https:\/\/kwapil.at\/hu\/wp-json\/wp\/v2\/pages\/13301\/revisions"}],"predecessor-version":[{"id":14113,"href":"https:\/\/kwapil.at\/hu\/wp-json\/wp\/v2\/pages\/13301\/revisions\/14113"}],"wp:attachment":[{"href":"https:\/\/kwapil.at\/hu\/wp-json\/wp\/v2\/media?parent=13301"}],"curies":[{"name":"wp","href":"https:\/\/api.w.org\/{rel}","templated":true}]}}