{"id":13618,"date":"2025-08-25T09:26:07","date_gmt":"2025-08-25T07:26:07","guid":{"rendered":"https:\/\/kwapil.at\/?page_id=13618"},"modified":"2025-08-27T11:58:53","modified_gmt":"2025-08-27T09:58:53","slug":"zub_press_release250825","status":"publish","type":"page","link":"https:\/\/kwapil.at\/hu\/zub_press_release250825\/","title":{"rendered":"zub_press_release250825"},"content":{"rendered":"<div data-elementor-type=\"wp-page\" data-elementor-id=\"13618\" class=\"elementor elementor-13618\" data-elementor-post-type=\"page\">\n\t\t\t\t<div class=\"elementor-element elementor-element-bc246ce e-flex e-con-boxed e-con e-parent\" data-id=\"bc246ce\" data-element_type=\"container\" data-e-type=\"container\" data-settings=\"{&quot;background_background&quot;:&quot;classic&quot;}\">\n\t\t\t\t\t<div class=\"e-con-inner\">\n\t\t\t\t\t<\/div>\n\t\t\t\t<\/div>\n\t\t<div class=\"elementor-element elementor-element-a25b5a3 e-flex e-con-boxed e-con e-parent\" data-id=\"a25b5a3\" data-element_type=\"container\" data-e-type=\"container\" data-settings=\"{&quot;background_background&quot;:&quot;classic&quot;}\">\n\t\t\t\t\t<div class=\"e-con-inner\">\n\t\t<div class=\"elementor-element elementor-element-76837ce e-con-full e-flex e-con e-child\" data-id=\"76837ce\" data-element_type=\"container\" data-e-type=\"container\" data-settings=\"{&quot;background_background&quot;:&quot;classic&quot;}\">\n\t\t\t\t<div class=\"elementor-element elementor-element-470e12c elementor-widget elementor-widget-image\" data-id=\"470e12c\" data-element_type=\"widget\" data-e-type=\"widget\" data-widget_type=\"image.default\">\n\t\t\t\t\t\t\t\t\t\t\t\t\t\t\t<img fetchpriority=\"high\" decoding=\"async\" width=\"800\" height=\"112\" src=\"https:\/\/kwapil.at\/wp-content\/uploads\/2025\/08\/kwapil_maxon_logo_standard_rgb-1024x143.jpg\" class=\"attachment-large size-large wp-image-13637\" alt=\"\" srcset=\"https:\/\/kwapil.at\/wp-content\/uploads\/2025\/08\/kwapil_maxon_logo_standard_rgb-1024x143.jpg 1024w, https:\/\/kwapil.at\/wp-content\/uploads\/2025\/08\/kwapil_maxon_logo_standard_rgb-300x42.jpg 300w, https:\/\/kwapil.at\/wp-content\/uploads\/2025\/08\/kwapil_maxon_logo_standard_rgb-768x107.jpg 768w, https:\/\/kwapil.at\/wp-content\/uploads\/2025\/08\/kwapil_maxon_logo_standard_rgb-1536x214.jpg 1536w, https:\/\/kwapil.at\/wp-content\/uploads\/2025\/08\/kwapil_maxon_logo_standard_rgb-2048x286.jpg 2048w, https:\/\/kwapil.at\/wp-content\/uploads\/2025\/08\/kwapil_maxon_logo_standard_rgb-18x3.jpg 18w\" sizes=\"(max-width: 800px) 100vw, 800px\" \/>\t\t\t\t\t\t\t\t\t\t\t\t\t\t\t<\/div>\n\t\t\t\t<\/div>\n\t\t<div class=\"elementor-element elementor-element-c836d8e e-con-full e-flex e-con e-child\" data-id=\"c836d8e\" data-element_type=\"container\" data-e-type=\"container\" data-settings=\"{&quot;background_background&quot;:&quot;classic&quot;}\">\n\t\t\t\t<div class=\"elementor-element elementor-element-2da498e elementor-widget elementor-widget-button\" data-id=\"2da498e\" data-element_type=\"widget\" data-e-type=\"widget\" data-widget_type=\"button.default\">\n\t\t\t\t\t\t\t\t\t\t<a class=\"elementor-button elementor-button-link elementor-size-sm\" href=\"https:\/\/kwapil.at\/hu\/\">\n\t\t\t\t\t\t<span class=\"elementor-button-content-wrapper\">\n\t\t\t\t\t\t\t\t\t<span class=\"elementor-button-text\">A weboldalhoz<\/span>\n\t\t\t\t\t<\/span>\n\t\t\t\t\t<\/a>\n\t\t\t\t\t\t\t\t<\/div>\n\t\t\t\t<\/div>\n\t\t\t\t\t<\/div>\n\t\t\t\t<\/div>\n\t\t<div class=\"elementor-element elementor-element-1575b09 e-flex e-con-boxed e-con e-parent\" data-id=\"1575b09\" data-element_type=\"container\" data-e-type=\"container\">\n\t\t\t\t\t<div class=\"e-con-inner\">\n\t\t\t\t<div class=\"elementor-element elementor-element-ebe18b3 elementor-widget elementor-widget-heading\" data-id=\"ebe18b3\" data-element_type=\"widget\" data-e-type=\"widget\" data-widget_type=\"heading.default\">\n\t\t\t\t\t<h1 class=\"elementor-heading-title elementor-size-default\">Modul\u00e1ris, kompakt \u00e9s nagy teljes\u00edtm\u00e9ny\u0171 - <br>\nmaxon b\u0151v\u00edti a MiniMACS6 sorozatot <\/h1>\t\t\t\t<\/div>\n\t\t\t\t\t<\/div>\n\t\t\t\t<\/div>\n\t\t<div class=\"elementor-element elementor-element-6a9185c e-flex e-con-boxed e-con e-parent\" data-id=\"6a9185c\" data-element_type=\"container\" data-e-type=\"container\" data-settings=\"{&quot;background_background&quot;:&quot;classic&quot;}\">\n\t\t\t\t\t<div class=\"e-con-inner\">\n\t\t<div class=\"elementor-element elementor-element-46473f3 e-con-full e-flex e-con e-child\" data-id=\"46473f3\" data-element_type=\"container\" data-e-type=\"container\" data-settings=\"{&quot;background_background&quot;:&quot;classic&quot;}\">\n\t\t<div class=\"elementor-element elementor-element-0924163 e-con-full e-flex e-con e-child\" data-id=\"0924163\" data-element_type=\"container\" data-e-type=\"container\">\n\t\t<div class=\"elementor-element elementor-element-3cd4742 e-con-full e-flex e-con e-child\" data-id=\"3cd4742\" data-element_type=\"container\" data-e-type=\"container\" data-settings=\"{&quot;background_background&quot;:&quot;classic&quot;}\">\n\t\t\t\t<\/div>\n\t\t\t\t<\/div>\n\t\t<div class=\"elementor-element elementor-element-979a4c0 e-con-full e-flex e-con e-child\" data-id=\"979a4c0\" data-element_type=\"container\" data-e-type=\"container\" data-settings=\"{&quot;background_background&quot;:&quot;classic&quot;}\">\n\t\t\t\t<\/div>\n\t\t\t\t<\/div>\n\t\t\t\t\t<\/div>\n\t\t\t\t<\/div>\n\t\t<div class=\"elementor-element elementor-element-6572381 e-flex e-con-boxed e-con e-parent\" data-id=\"6572381\" data-element_type=\"container\" data-e-type=\"container\" data-settings=\"{&quot;background_background&quot;:&quot;classic&quot;}\">\n\t\t\t\t\t<div class=\"e-con-inner\">\n\t\t\t\t<div class=\"elementor-element elementor-element-17a136d elementor-widget__width-initial elementor-widget elementor-widget-text-editor\" data-id=\"17a136d\" data-element_type=\"widget\" data-e-type=\"widget\" data-widget_type=\"text-editor.default\">\n\t\t\t\t\t\t\t\t\t<p><b>A maxon a sikeres MiniMACS6-AMP4 sorozat k\u00e9t \u00faj v\u00e1ltozat\u00e1val b\u0151v\u00edti a t\u00f6bbtengelyes vez\u00e9rl\u0151k portf\u00f3li\u00f3j\u00e1t. Ezek az \u00faj modellek kifejezetten a prec\u00edzi\u00f3s automatiz\u00e1l\u00e1s \u00e9s az ipari kommunik\u00e1ci\u00f3 k\u00f6vetelm\u00e9nyeihez igazodnak, \u00e9s lehet\u0151v\u00e9 teszik az \u00fcgyfelek sz\u00e1m\u00e1ra, hogy m\u00e9g rugalmasabban \u00e9s hat\u00e9konyabban integr\u00e1ljanak kifinomult mozg\u00e1svez\u00e9rl\u00e9si megold\u00e1sokat.<\/b><\/p>\t\t\t\t\t\t\t\t<\/div>\n\t\t\t\t<div class=\"elementor-element elementor-element-7e73dce elementor-widget__width-initial elementor-widget elementor-widget-text-editor\" data-id=\"7e73dce\" data-element_type=\"widget\" data-e-type=\"widget\" data-widget_type=\"text-editor.default\">\n\t\t\t\t\t\t\t\t\t<p>Az \u00faj v\u00e1ltozat <b>MiniMACS6-AMP4\/50\/4-IF1<\/b> kifejezetten a kisebb motorokkal t\u00f6rt\u00e9n\u0151 alkalmaz\u00e1sokhoz fejlesztett\u00e9k ki. Nagy teljes\u00edtm\u00e9nys\u0171r\u0171s\u00e9g\u0171, finoman hangolt \u00e1ramszab\u00e1lyoz\u00e1st tesz lehet\u0151v\u00e9. Ak\u00e1r 4 A folyamatos \u00e1ram \u00e9s 7 A cs\u00facs\u00e1ram tengelyenk\u00e9nt, prec\u00edz mozg\u00e1svez\u00e9rl\u00e9st k\u00edn\u00e1l k\u00e9sz\u00fcl\u00e9kekhez, laborat\u00f3riumi automatiz\u00e1l\u00e1shoz \u00e9s kompakt g\u00e9pekhez, \u00e9s ide\u00e1lis maxon motorokkal val\u00f3 haszn\u00e1latra. A kompakt kialak\u00edt\u00e1s v\u00e1ltozatlan marad, ak\u00e1rcsak a sokoldal\u00fa csatlakoz\u00e1si lehet\u0151s\u00e9gek Ethernet, EtherCAT, CANopen \u00e9s USB seg\u00edts\u00e9g\u00e9vel. Ez biztos\u00edtja a z\u00f6kken\u0151mentes integr\u00e1ci\u00f3t a megl\u00e9v\u0151 rendszerekbe - a funkcionalit\u00e1s \u00e9s a teljes\u00edtm\u00e9ny cs\u00f6kken\u00e9se n\u00e9lk\u00fcl.<\/p><p>Egy m\u00e1sik technol\u00f3giai m\u00e9rf\u00f6ldk\u0151 az integr\u00e1ci\u00f3 a <b>PROFINET interf\u00e9sz <\/b>a MiniMACS6-AMP4 sorozatban. Ez azt jelenti, hogy a maxon t\u00e1mogatja az egyik vezet\u0151 ipari Ethernet szabv\u00e1nyt, \u00e9s lehet\u0151v\u00e9 teszi a nagy teljes\u00edtm\u00e9ny\u0171 val\u00f3s idej\u0171 kommunik\u00e1ci\u00f3t a milliszekundumos tartom\u00e1nyban. Az \u00faj interf\u00e9sz t\u00e1mogatja mind a ciklikus, mind az aciklikus adatcser\u00e9t, \u00e9s robusztus diagnosztikai funkci\u00f3kat k\u00edn\u00e1l - ez d\u00f6nt\u0151 el\u0151ny a maxim\u00e1lis \u00fczemid\u0151 \u00e9s a rendszer megb\u00edzhat\u00f3s\u00e1ga szempontj\u00e1b\u00f3l.<\/p><p>A Siemens \u00e9s m\u00e1s PROFINET-alap\u00fa rendszerekbe t\u00f6rt\u00e9n\u0151 plug-and-play integr\u00e1ci\u00f3 jelent\u0151sen leegyszer\u0171s\u00edti az \u00fczembe helyez\u00e9st.<\/p><p>A prec\u00edz \u00e1ramszab\u00e1lyoz\u00e1s, a kompakt kialak\u00edt\u00e1s \u00e9s a kiterjesztett multiprotokollos csatlakoztathat\u00f3s\u00e1g - bele\u00e9rtve az EtherCAT, Ethernet \u00e9s CANopen - kombin\u00e1ci\u00f3j\u00e1val a maxon j\u00f6v\u0151biztos platformot k\u00edn\u00e1l \u00fcgyfeleinek az ig\u00e9nyes automatiz\u00e1l\u00e1si feladatokhoz.<\/p><p>A MiniMACS6-AMP4 sorozat \u00faj v\u00e1ltozatai m\u00e1r kaphat\u00f3k, \u00e9s \u00faj m\u00e9rc\u00e9t \u00e1ll\u00edtanak fel az intelligens mozg\u00e1svez\u00e9rl\u00e9s ter\u00e9n.<\/p><p>Tov\u00e1bbi inform\u00e1ci\u00f3 a k\u00f6vetkez\u0151 c\u00edmen \u00e9rhet\u0151 el <a href=\"https:\/\/www.maxongroup.com\/de-de\/news-und-events\/medienzentrum\" target=\"_blank\" rel=\"noopener\">maxon sajt\u00f3iroda.<\/a><\/p>\t\t\t\t\t\t\t\t<\/div>\n\t\t\t\t<div class=\"elementor-element elementor-element-43e4049 elementor-align-left elementor-widget elementor-widget-button\" data-id=\"43e4049\" data-element_type=\"widget\" data-e-type=\"widget\" data-widget_type=\"button.default\">\n\t\t\t\t\t\t\t\t\t\t<a class=\"elementor-button elementor-button-link elementor-size-md\" href=\"https:\/\/www.maxongroup.de\/maxon\/view\/product\/control\/Motion-Control\/MiniMacs\/001756\" target=\"_blank\">\n\t\t\t\t\t\t<span class=\"elementor-button-content-wrapper\">\n\t\t\t\t\t\t\t\t\t<span class=\"elementor-button-text\">A boltba<\/span>\n\t\t\t\t\t<\/span>\n\t\t\t\t\t<\/a>\n\t\t\t\t\t\t\t\t<\/div>\n\t\t\t\t\t<\/div>\n\t\t\t\t<\/div>\n\t\t<div class=\"elementor-element elementor-element-56b372f e-flex e-con-boxed e-con e-parent\" data-id=\"56b372f\" data-element_type=\"container\" data-e-type=\"container\">\n\t\t\t\t\t<div class=\"e-con-inner\">\n\t\t\t\t<div class=\"elementor-element elementor-element-ed0aa23 elementor-widget elementor-widget-spacer\" data-id=\"ed0aa23\" data-element_type=\"widget\" data-e-type=\"widget\" data-widget_type=\"spacer.default\">\n\t\t\t\t\t\t\t<div class=\"elementor-spacer\">\n\t\t\t<div class=\"elementor-spacer-inner\"><\/div>\n\t\t<\/div>\n\t\t\t\t\t\t<\/div>\n\t\t\t\t\t<\/div>\n\t\t\t\t<\/div>\n\t\t\t\t<\/div>","protected":false},"excerpt":{"rendered":"<p>Zur Website Modular, kompakt und leistungsstark \u2013 maxon erweitert die MiniMACS6-Serie maxon erweitert sein Portfolio an Mehrachsen-Steuerungen um zwei neue Varianten der erfolgreichen MiniMACS6-AMP4-Serie. Diese neuen Modelle sind speziell auf die Anforderungen der Pr\u00e4zisionsautomatisierung und der industriellen Kommunikation zugeschnitten und erm\u00f6glichen es Kunden, anspruchsvolle Motion-Control-L\u00f6sungen noch flexibler und effizienter zu integrieren. Die neue Version MiniMACS6-AMP4\/50\/4-IF1 [&hellip;]<\/p>\n","protected":false},"author":1,"featured_media":0,"parent":0,"menu_order":0,"comment_status":"closed","ping_status":"closed","template":"elementor_canvas","meta":{"footnotes":""},"class_list":["post-13618","page","type-page","status-publish","hentry"],"yoast_head":"<!-- This site is optimized with the Yoast SEO Premium plugin v27.4 (Yoast SEO v27.4) - https:\/\/yoast.com\/product\/yoast-seo-premium-wordpress\/ -->\n<title>zub_press_release250825 - maxon | Kwapil<\/title>\n<meta name=\"robots\" content=\"noindex, follow\" \/>\n<meta property=\"og:locale\" content=\"hu_HU\" \/>\n<meta property=\"og:type\" content=\"article\" \/>\n<meta property=\"og:title\" content=\"zub_press_release250825\" \/>\n<meta property=\"og:description\" content=\"Zur Website Modular, kompakt und leistungsstark \u2013 maxon erweitert die MiniMACS6-Serie maxon erweitert sein Portfolio an Mehrachsen-Steuerungen um zwei neue Varianten der erfolgreichen MiniMACS6-AMP4-Serie. Diese neuen Modelle sind speziell auf die Anforderungen der Pr\u00e4zisionsautomatisierung und der industriellen Kommunikation zugeschnitten und erm\u00f6glichen es Kunden, anspruchsvolle Motion-Control-L\u00f6sungen noch flexibler und effizienter zu integrieren. Die neue Version MiniMACS6-AMP4\/50\/4-IF1 [&hellip;]\" \/>\n<meta property=\"og:url\" content=\"https:\/\/kwapil.at\/hu\/zub_press_release250825\/\" \/>\n<meta property=\"og:site_name\" content=\"maxon | Kwapil\" \/>\n<meta property=\"article:modified_time\" content=\"2025-08-27T09:58:53+00:00\" \/>\n<meta property=\"og:image\" content=\"https:\/\/kwapil.at\/wp-content\/uploads\/2025\/08\/kwapil_maxon_logo_standard_rgb-scaled.jpg\" \/>\n\t<meta property=\"og:image:width\" content=\"2560\" \/>\n\t<meta property=\"og:image:height\" content=\"357\" \/>\n\t<meta property=\"og:image:type\" content=\"image\/jpeg\" \/>\n<meta name=\"twitter:card\" content=\"summary_large_image\" \/>\n<meta name=\"twitter:label1\" content=\"Becs\u00fclt olvas\u00e1si id\u0151\" \/>\n\t<meta name=\"twitter:data1\" content=\"2 perc\" \/>\n<script type=\"application\/ld+json\" class=\"yoast-schema-graph\">{\"@context\":\"https:\\\/\\\/schema.org\",\"@graph\":[{\"@type\":\"WebPage\",\"@id\":\"https:\\\/\\\/kwapil.at\\\/de\\\/zub_press_release250825\\\/\",\"url\":\"https:\\\/\\\/kwapil.at\\\/de\\\/zub_press_release250825\\\/\",\"name\":\"zub_press_release250825 - maxon | Kwapil\",\"isPartOf\":{\"@id\":\"https:\\\/\\\/kwapil.at\\\/#website\"},\"primaryImageOfPage\":{\"@id\":\"https:\\\/\\\/kwapil.at\\\/de\\\/zub_press_release250825\\\/#primaryimage\"},\"image\":{\"@id\":\"https:\\\/\\\/kwapil.at\\\/de\\\/zub_press_release250825\\\/#primaryimage\"},\"thumbnailUrl\":\"https:\\\/\\\/kwapil.at\\\/wp-content\\\/uploads\\\/2025\\\/08\\\/kwapil_maxon_logo_standard_rgb-1024x143.jpg\",\"datePublished\":\"2025-08-25T07:26:07+00:00\",\"dateModified\":\"2025-08-27T09:58:53+00:00\",\"breadcrumb\":{\"@id\":\"https:\\\/\\\/kwapil.at\\\/de\\\/zub_press_release250825\\\/#breadcrumb\"},\"inLanguage\":\"hu\",\"potentialAction\":[{\"@type\":\"ReadAction\",\"target\":[\"https:\\\/\\\/kwapil.at\\\/de\\\/zub_press_release250825\\\/\"]}]},{\"@type\":\"ImageObject\",\"inLanguage\":\"hu\",\"@id\":\"https:\\\/\\\/kwapil.at\\\/de\\\/zub_press_release250825\\\/#primaryimage\",\"url\":\"https:\\\/\\\/kwapil.at\\\/wp-content\\\/uploads\\\/2025\\\/08\\\/kwapil_maxon_logo_standard_rgb-1024x143.jpg\",\"contentUrl\":\"https:\\\/\\\/kwapil.at\\\/wp-content\\\/uploads\\\/2025\\\/08\\\/kwapil_maxon_logo_standard_rgb-1024x143.jpg\"},{\"@type\":\"BreadcrumbList\",\"@id\":\"https:\\\/\\\/kwapil.at\\\/de\\\/zub_press_release250825\\\/#breadcrumb\",\"itemListElement\":[{\"@type\":\"ListItem\",\"position\":1,\"name\":\"Unternehmen\",\"item\":\"https:\\\/\\\/kwapil.at\\\/de\\\/\"},{\"@type\":\"ListItem\",\"position\":2,\"name\":\"zub_press_release250825\"}]},{\"@type\":\"WebSite\",\"@id\":\"https:\\\/\\\/kwapil.at\\\/#website\",\"url\":\"https:\\\/\\\/kwapil.at\\\/\",\"name\":\"Kwapil.com\",\"description\":\"Antriebstechnik und Elektronik\",\"publisher\":{\"@id\":\"https:\\\/\\\/kwapil.at\\\/#organization\"},\"alternateName\":\"maxongroup.at\",\"potentialAction\":[{\"@type\":\"SearchAction\",\"target\":{\"@type\":\"EntryPoint\",\"urlTemplate\":\"https:\\\/\\\/kwapil.at\\\/?s={search_term_string}\"},\"query-input\":{\"@type\":\"PropertyValueSpecification\",\"valueRequired\":true,\"valueName\":\"search_term_string\"}}],\"inLanguage\":\"hu\"},{\"@type\":\"Organization\",\"@id\":\"https:\\\/\\\/kwapil.at\\\/#organization\",\"name\":\"Kwapil & Co GmbH\",\"alternateName\":\"Maxon | Kwapil\",\"url\":\"https:\\\/\\\/kwapil.at\\\/\",\"logo\":{\"@type\":\"ImageObject\",\"inLanguage\":\"hu\",\"@id\":\"https:\\\/\\\/kwapil.at\\\/#\\\/schema\\\/logo\\\/image\\\/\",\"url\":\"https:\\\/\\\/kwapil.at\\\/wp-content\\\/uploads\\\/2023\\\/09\\\/cropped-kwapil_maxon_logo_standard_rgb.png\",\"contentUrl\":\"https:\\\/\\\/kwapil.at\\\/wp-content\\\/uploads\\\/2023\\\/09\\\/cropped-kwapil_maxon_logo_standard_rgb.png\",\"width\":200,\"height\":28,\"caption\":\"Kwapil & Co GmbH\"},\"image\":{\"@id\":\"https:\\\/\\\/kwapil.at\\\/#\\\/schema\\\/logo\\\/image\\\/\"},\"sameAs\":[\"https:\\\/\\\/www.linkedin.com\\\/company\\\/2505461\\\/\"],\"description\":\"\u00dcber 40 Jahre vertreibt Kwapil & Co Produkte von weltweit f\u00fchrenden Anbietern der Antriebstechnik und Elektronik an. Das Angebot reicht von Motoren \u00fcber Multiachsencontroller bis hin zu kompletten, mechatronischen Antriebssystemen. Seit 2012 ist Kwapil & Co ein Unternehmen der Schweizer maxon Gruppe.\",\"email\":\"verkauf.at@maxongroup.com\",\"telephone\":\"+43 1 278 85 85\",\"legalName\":\"Kwapil & Co GmbH\",\"foundingDate\":\"1975-05-01\",\"numberOfEmployees\":{\"@type\":\"QuantitativeValue\",\"minValue\":\"11\",\"maxValue\":\"50\"},\"ownershipFundingInfo\":\"https:\\\/\\\/kwapil.at\\\/de\\\/impressum\\\/\",\"ethicsPolicy\":\"https:\\\/\\\/kwapil.at\\\/de\\\/verhaltensrichtlinien\\\/\"}]}<\/script>\n<!-- \/ Yoast SEO Premium plugin. -->","yoast_head_json":{"title":"zub_press_release250825 - maxon | Kwapil","robots":{"index":"noindex","follow":"follow"},"og_locale":"hu_HU","og_type":"article","og_title":"zub_press_release250825","og_description":"Zur Website Modular, kompakt und leistungsstark \u2013 maxon erweitert die MiniMACS6-Serie maxon erweitert sein Portfolio an Mehrachsen-Steuerungen um zwei neue Varianten der erfolgreichen MiniMACS6-AMP4-Serie. Diese neuen Modelle sind speziell auf die Anforderungen der Pr\u00e4zisionsautomatisierung und der industriellen Kommunikation zugeschnitten und erm\u00f6glichen es Kunden, anspruchsvolle Motion-Control-L\u00f6sungen noch flexibler und effizienter zu integrieren. Die neue Version MiniMACS6-AMP4\/50\/4-IF1 [&hellip;]","og_url":"https:\/\/kwapil.at\/hu\/zub_press_release250825\/","og_site_name":"maxon | Kwapil","article_modified_time":"2025-08-27T09:58:53+00:00","og_image":[{"width":2560,"height":357,"url":"https:\/\/kwapil.at\/wp-content\/uploads\/2025\/08\/kwapil_maxon_logo_standard_rgb-scaled.jpg","type":"image\/jpeg"}],"twitter_card":"summary_large_image","twitter_misc":{"Becs\u00fclt olvas\u00e1si id\u0151":"2 perc"},"schema":{"@context":"https:\/\/schema.org","@graph":[{"@type":"WebPage","@id":"https:\/\/kwapil.at\/de\/zub_press_release250825\/","url":"https:\/\/kwapil.at\/de\/zub_press_release250825\/","name":"zub_press_release250825 - maxon | Kwapil","isPartOf":{"@id":"https:\/\/kwapil.at\/#website"},"primaryImageOfPage":{"@id":"https:\/\/kwapil.at\/de\/zub_press_release250825\/#primaryimage"},"image":{"@id":"https:\/\/kwapil.at\/de\/zub_press_release250825\/#primaryimage"},"thumbnailUrl":"https:\/\/kwapil.at\/wp-content\/uploads\/2025\/08\/kwapil_maxon_logo_standard_rgb-1024x143.jpg","datePublished":"2025-08-25T07:26:07+00:00","dateModified":"2025-08-27T09:58:53+00:00","breadcrumb":{"@id":"https:\/\/kwapil.at\/de\/zub_press_release250825\/#breadcrumb"},"inLanguage":"hu","potentialAction":[{"@type":"ReadAction","target":["https:\/\/kwapil.at\/de\/zub_press_release250825\/"]}]},{"@type":"ImageObject","inLanguage":"hu","@id":"https:\/\/kwapil.at\/de\/zub_press_release250825\/#primaryimage","url":"https:\/\/kwapil.at\/wp-content\/uploads\/2025\/08\/kwapil_maxon_logo_standard_rgb-1024x143.jpg","contentUrl":"https:\/\/kwapil.at\/wp-content\/uploads\/2025\/08\/kwapil_maxon_logo_standard_rgb-1024x143.jpg"},{"@type":"BreadcrumbList","@id":"https:\/\/kwapil.at\/de\/zub_press_release250825\/#breadcrumb","itemListElement":[{"@type":"ListItem","position":1,"name":"Unternehmen","item":"https:\/\/kwapil.at\/de\/"},{"@type":"ListItem","position":2,"name":"zub_press_release250825"}]},{"@type":"WebSite","@id":"https:\/\/kwapil.at\/#website","url":"https:\/\/kwapil.at\/","name":"Kwapil.com","description":"Hajt\u00e1stechnika \u00e9s elektronika","publisher":{"@id":"https:\/\/kwapil.at\/#organization"},"alternateName":"maxongroup.at","potentialAction":[{"@type":"SearchAction","target":{"@type":"EntryPoint","urlTemplate":"https:\/\/kwapil.at\/?s={search_term_string}"},"query-input":{"@type":"PropertyValueSpecification","valueRequired":true,"valueName":"search_term_string"}}],"inLanguage":"hu"},{"@type":"Organization","@id":"https:\/\/kwapil.at\/#organization","name":"Kwapil &amp; Co GmbH","alternateName":"Maxon | Kwapil","url":"https:\/\/kwapil.at\/","logo":{"@type":"ImageObject","inLanguage":"hu","@id":"https:\/\/kwapil.at\/#\/schema\/logo\/image\/","url":"https:\/\/kwapil.at\/wp-content\/uploads\/2023\/09\/cropped-kwapil_maxon_logo_standard_rgb.png","contentUrl":"https:\/\/kwapil.at\/wp-content\/uploads\/2023\/09\/cropped-kwapil_maxon_logo_standard_rgb.png","width":200,"height":28,"caption":"Kwapil & Co GmbH"},"image":{"@id":"https:\/\/kwapil.at\/#\/schema\/logo\/image\/"},"sameAs":["https:\/\/www.linkedin.com\/company\/2505461\/"],"description":"A Kwapil &amp; Co t\u00f6bb mint 40 \u00e9ve forgalmazza a vil\u00e1g vezet\u0151 hajt\u00e1stechnikai \u00e9s elektronikai besz\u00e1ll\u00edt\u00f3inak term\u00e9keit. A term\u00e9kpaletta a motorokt\u00f3l \u00e9s a t\u00f6bbtengelyes vez\u00e9rl\u0151t\u0151l a komplett mechatronikai hajt\u00e1srendszerekig terjed. A Kwapil &amp; Co 2012 \u00f3ta a sv\u00e1jci maxon csoport r\u00e9sze.","email":"verkauf.at@maxongroup.com","telephone":"+43 1 278 85 85","legalName":"Kwapil & Co GmbH","foundingDate":"1975-05-01","numberOfEmployees":{"@type":"QuantitativeValue","minValue":"11","maxValue":"50"},"ownershipFundingInfo":"https:\/\/kwapil.at\/de\/impressum\/","ethicsPolicy":"https:\/\/kwapil.at\/de\/verhaltensrichtlinien\/"}]}},"_links":{"self":[{"href":"https:\/\/kwapil.at\/hu\/wp-json\/wp\/v2\/pages\/13618","targetHints":{"allow":["GET"]}}],"collection":[{"href":"https:\/\/kwapil.at\/hu\/wp-json\/wp\/v2\/pages"}],"about":[{"href":"https:\/\/kwapil.at\/hu\/wp-json\/wp\/v2\/types\/page"}],"author":[{"embeddable":true,"href":"https:\/\/kwapil.at\/hu\/wp-json\/wp\/v2\/users\/1"}],"replies":[{"embeddable":true,"href":"https:\/\/kwapil.at\/hu\/wp-json\/wp\/v2\/comments?post=13618"}],"version-history":[{"count":23,"href":"https:\/\/kwapil.at\/hu\/wp-json\/wp\/v2\/pages\/13618\/revisions"}],"predecessor-version":[{"id":13655,"href":"https:\/\/kwapil.at\/hu\/wp-json\/wp\/v2\/pages\/13618\/revisions\/13655"}],"wp:attachment":[{"href":"https:\/\/kwapil.at\/hu\/wp-json\/wp\/v2\/media?parent=13618"}],"curies":[{"name":"wp","href":"https:\/\/api.w.org\/{rel}","templated":true}]}}