{"id":14075,"date":"2026-01-19T13:43:14","date_gmt":"2026-01-19T12:43:14","guid":{"rendered":"https:\/\/kwapil.at\/?page_id=14075"},"modified":"2026-01-19T14:21:12","modified_gmt":"2026-01-19T13:21:12","slug":"stellenangebote-cz","status":"publish","type":"page","link":"https:\/\/kwapil.at\/hu\/stellenangebote-cz\/","title":{"rendered":"\u00c1ll\u00e1saj\u00e1nlatok CZ"},"content":{"rendered":"<div data-elementor-type=\"wp-page\" data-elementor-id=\"14075\" class=\"elementor elementor-14075\" data-elementor-post-type=\"page\">\n\t\t\t\t<div class=\"elementor-element elementor-element-d019c98 e-con-full e-flex e-con e-parent\" data-id=\"d019c98\" data-element_type=\"container\" data-e-type=\"container\">\n\t\t\t\t<div class=\"elementor-element elementor-element-593b699 elementor--h-position-center elementor--v-position-middle elementor-arrows-position-inside elementor-pagination-position-inside elementor-widget elementor-widget-slides\" data-id=\"593b699\" data-element_type=\"widget\" data-e-type=\"widget\" data-settings=\"{&quot;navigation&quot;:&quot;both&quot;,&quot;autoplay&quot;:&quot;yes&quot;,&quot;pause_on_hover&quot;:&quot;yes&quot;,&quot;pause_on_interaction&quot;:&quot;yes&quot;,&quot;autoplay_speed&quot;:5000,&quot;infinite&quot;:&quot;yes&quot;,&quot;transition&quot;:&quot;slide&quot;,&quot;transition_speed&quot;:500}\" data-widget_type=\"slides.default\">\n\t\t\t\t\t\t\t\t\t\t<div class=\"elementor-slides-wrapper elementor-main-swiper swiper\" role=\"region\" aria-roledescription=\"carousel\" aria-label=\"Cs\u00faszka\" dir=\"ltr\" data-animation=\"fadeInUp\">\n\t\t\t\t<div class=\"swiper-wrapper elementor-slides\">\n\t\t\t\t\t\t\t\t\t\t<div class=\"elementor-repeater-item-7f62e4c swiper-slide\" role=\"group\" aria-roledescription=\"slide\"><div class=\"swiper-slide-bg elementor-ken-burns elementor-ken-burns--in\" role=\"img\" aria-label=\"maxon1132_DL-cropped\"><\/div><div class=\"swiper-slide-inner\" ><div class=\"swiper-slide-contents\"><\/div><\/div><\/div><div class=\"elementor-repeater-item-10bbdd4 swiper-slide\" role=\"group\" aria-roledescription=\"slide\"><div class=\"swiper-slide-bg elementor-ken-burns elementor-ken-burns--in\" role=\"img\" aria-label=\"maxon1049_DL-cropped\"><\/div><div class=\"swiper-slide-inner\" ><div class=\"swiper-slide-contents\"><\/div><\/div><\/div><div class=\"elementor-repeater-item-8b823fc swiper-slide\" role=\"group\" aria-roledescription=\"slide\"><div class=\"swiper-slide-bg elementor-ken-burns elementor-ken-burns--in\" role=\"img\" aria-label=\"Fejl\u00e9c_Robotika&amp;E-mobilit\u00e1s\"><\/div><div class=\"swiper-slide-inner\" ><div class=\"swiper-slide-contents\"><\/div><\/div><\/div><div class=\"elementor-repeater-item-8f3989d swiper-slide\" role=\"group\" aria-roledescription=\"slide\"><div class=\"swiper-slide-bg elementor-ken-burns elementor-ken-burns--in\" role=\"img\" aria-label=\"Fejl\u00e9c_Medikai-technol\u00f3gia\"><\/div><div class=\"swiper-slide-inner\" ><div class=\"swiper-slide-contents\"><\/div><\/div><\/div><div class=\"elementor-repeater-item-00b48ac swiper-slide\" role=\"group\" aria-roledescription=\"slide\"><div class=\"swiper-slide-bg elementor-ken-burns elementor-ken-burns--in\" role=\"img\" aria-label=\"Fejl\u00e9c_Industri\u00e1lis-Automatiz\u00e1l\u00e1s\"><\/div><div class=\"swiper-slide-inner\" ><div class=\"swiper-slide-contents\"><\/div><\/div><\/div><div class=\"elementor-repeater-item-e4f1072 swiper-slide\" role=\"group\" aria-roledescription=\"slide\"><div class=\"swiper-slide-bg elementor-ken-burns elementor-ken-burns--in\" role=\"img\" aria-label=\"Header_Aerospace\"><\/div><div class=\"swiper-slide-inner\" ><div class=\"swiper-slide-contents\"><\/div><\/div><\/div>\t\t\t\t<\/div>\n\t\t\t\t\t\t\t\t\t\t\t\t\t\t\t<div class=\"elementor-swiper-button elementor-swiper-button-prev\" role=\"button\" tabindex=\"0\" aria-label=\"El\u0151z\u0151 dia\">\n\t\t\t\t\t\t\t<svg aria-hidden=\"true\" class=\"e-font-icon-svg e-eicon-chevron-left\" viewbox=\"0 0 1000 1000\" xmlns=\"http:\/\/www.w3.org\/2000\/svg\"><path d=\"M646 125C629 125 613 133 604 142L308 442C296 454 292 471 292 487 292 504 296 521 308 533L604 854C617 867 629 875 646 875 663 875 679 871 692 858 704 846 713 829 713 812 713 796 708 779 692 767L438 487 692 225C700 217 708 204 708 187 708 171 704 154 692 142 675 129 663 125 646 125Z\"><\/path><\/svg>\t\t\t\t\t\t<\/div>\n\t\t\t\t\t\t<div class=\"elementor-swiper-button elementor-swiper-button-next\" role=\"button\" tabindex=\"0\" aria-label=\"K\u00f6vetkez\u0151 dia\">\n\t\t\t\t\t\t\t<svg aria-hidden=\"true\" class=\"e-font-icon-svg e-eicon-chevron-right\" viewbox=\"0 0 1000 1000\" xmlns=\"http:\/\/www.w3.org\/2000\/svg\"><path d=\"M696 533C708 521 713 504 713 487 713 471 708 454 696 446L400 146C388 133 375 125 354 125 338 125 325 129 313 142 300 154 292 171 292 187 292 204 296 221 308 233L563 492 304 771C292 783 288 800 288 817 288 833 296 850 308 863 321 871 338 875 354 875 371 875 388 867 400 854L696 533Z\"><\/path><\/svg>\t\t\t\t\t\t<\/div>\n\t\t\t\t\t\t\t\t\t\t\t\t\t\t\t\t<div class=\"swiper-pagination\"><\/div>\n\t\t\t\t\t\t\t\t\t\t\t\t<\/div>\n\t\t\t\t\t\t\t\t<\/div>\n\t\t\t\t<\/div>\n\t\t<div class=\"elementor-element elementor-element-5711c5f e-flex e-con-boxed e-con e-parent\" data-id=\"5711c5f\" data-element_type=\"container\" data-e-type=\"container\">\n\t\t\t\t\t<div class=\"e-con-inner\">\n\t\t<div class=\"elementor-element elementor-element-269cf96 e-con-full e-flex e-con e-child\" data-id=\"269cf96\" data-element_type=\"container\" data-e-type=\"container\">\n\t\t\t\t<div class=\"elementor-element elementor-element-3778258 elementor-widget elementor-widget-text-editor\" data-id=\"3778258\" data-element_type=\"widget\" data-e-type=\"widget\" data-widget_type=\"text-editor.default\">\n\t\t\t\t\t\t\t\t\t<p>\u00d6n itt van: <a href=\"https:\/\/kwapil.at\/hu\/\"><b>C\u00e9g <\/b><\/a>&gt; <a href=\"https:\/\/kwapil.at\/hu\/karriere\/\">Karrier<\/a> &gt; \u00c1ll\u00e1saj\u00e1nlatok CZ<\/p>\t\t\t\t\t\t\t\t<\/div>\n\t\t\t\t<div class=\"elementor-element elementor-element-31b2b79 elementor-widget elementor-widget-heading\" data-id=\"31b2b79\" data-element_type=\"widget\" data-e-type=\"widget\" data-widget_type=\"heading.default\">\n\t\t\t\t\t<h2 class=\"elementor-heading-title elementor-size-default\">\u00c1ll\u00e1saj\u00e1nlatok a Cseh K\u00f6zt\u00e1rsas\u00e1gban<\/h2>\t\t\t\t<\/div>\n\t\t\t\t<div class=\"elementor-element elementor-element-34ebf9b elementor-widget elementor-widget-heading\" data-id=\"34ebf9b\" data-element_type=\"widget\" data-e-type=\"widget\" data-widget_type=\"heading.default\">\n\t\t\t\t\t<h1 class=\"elementor-heading-title elementor-size-default\"><p style=\"font-weight: 600\"><span style=\"color: var( --e-global-color-primary );text-align: var(--text-align)\"><span style=\"font-size: 22px\">\u00c9rt\u00e9kes\u00edt\u00e9si m\u00e9rn\u00f6k a br\u00fcnni irod\u00e1ban.<\/span><\/span><br><\/p><\/h1>\t\t\t\t<\/div>\n\t\t\t\t<div class=\"elementor-element elementor-element-c480a60 elementor-widget elementor-widget-text-editor\" data-id=\"c480a60\" data-element_type=\"widget\" data-e-type=\"widget\" data-widget_type=\"text-editor.default\">\n\t\t\t\t\t\t\t\t\t<p class=\"translation-block\">A Maxon az els\u0151 oszt\u00e1ly\u00fa min\u0151s\u00e9g\u0171 prec\u00edzi\u00f3s hajt\u00e1srendszerek glob\u00e1lis sz\u00e1ll\u00edt\u00f3ja.<br>Hajt\u00e1saink minden olyan ter\u00fcleten t\u00f6k\u00e9letesek, ahol nagy megb\u00edzhat\u00f3s\u00e1gra,<br>pontoss\u00e1gra \u00e9s min\u0151s\u00e9gre van sz\u00fcks\u00e9g.<br>A F\u00f6ld\u00f6n \u00e9s az \u0171rben.<\/p>\n<p>Kreat\u00edv \u00e9s elk\u00f6telezett embereknek k\u00edn\u00e1lunk megb\u00edzhat\u00f3, glob\u00e1lis k\u00f6rnyezetet.<br>Brno-i irod\u00e1nkba keres\u00fcnk egy<\/p>\t\t\t\t\t\t\t\t<\/div>\n\t\t\t\t<div class=\"elementor-element elementor-element-ab0720e elementor-widget elementor-widget-heading\" data-id=\"ab0720e\" data-element_type=\"widget\" data-e-type=\"widget\" data-widget_type=\"heading.default\">\n\t\t\t\t\t<h2 class=\"elementor-heading-title elementor-size-default\"><span><span style=\"color: red\">\u00c9rt\u00e9kes\u00edt\u00e9si m\u00e9rn\u00f6k<\/span><\/span><\/h2>\t\t\t\t<\/div>\n\t\t\t\t<div class=\"elementor-element elementor-element-6e41d5f elementor-widget elementor-widget-heading\" data-id=\"6e41d5f\" data-element_type=\"widget\" data-e-type=\"widget\" data-widget_type=\"heading.default\">\n\t\t\t\t\t<h2 class=\"elementor-heading-title elementor-size-default\"><span style=\"font-size: 15px\">Munkak\u00f6ri le\u00edr\u00e1s:<\/span><\/h2>\t\t\t\t<\/div>\n\t\t\t\t<div class=\"elementor-element elementor-element-ba54305 elementor-widget elementor-widget-text-editor\" data-id=\"ba54305\" data-element_type=\"widget\" data-e-type=\"widget\" data-widget_type=\"text-editor.default\">\n\t\t\t\t\t\t\t\t\t<li>Teljes k\u00f6r\u0171 felel\u0151ss\u00e9gv\u00e1llal\u00e1s a hajt\u00e1stechnika ter\u00fclet\u00e9n az \u00e9rt\u00e9kes\u00edt\u00e9si ter\u00fclet\u00e9rt<\/li>\n \t<li>Professzion\u00e1lis \u00e9s proakt\u00edv t\u00e1mogat\u00e1s a megl\u00e9v\u0151 \u00fcgyfelek sz\u00e1m\u00e1ra<\/li>\n \t<li>M\u0171szaki tan\u00e1csad\u00e1s az \u00fcgyfelek sz\u00e1m\u00e1ra, \u00e1raj\u00e1nlatok k\u00e9sz\u00edt\u00e9se az \u00fcgyfeleknek<\/li>\n \t<li>A projektek sikeres v\u00e9grehajt\u00e1s\u00e1nak biztos\u00edt\u00e1sa, tervez\u00e9s\u00fck \u00e9s megval\u00f3s\u00edt\u00e1suk.<\/li>\n \t<li>Szoros egy\u00fcttm\u0171k\u00f6d\u00e9s a koll\u00e9g\u00e1kkal \u00e9s a maxon Group m\u00e1s \u00fczleti egys\u00e9geivel<\/li>\n \t<li>Tervez\u00e9s, el\u0151rejelz\u00e9sek, jelent\u00e9sek k\u00e9sz\u00edt\u00e9se<\/li>\n \t<li>Utaz\u00e1s, \u00fcgyf\u00e9ll\u00e1togat\u00e1sok \u00f6n\u00e1ll\u00f3 tervez\u00e9se<\/li>\n \t<li>V\u00e1s\u00e1rokon val\u00f3 r\u00e9szv\u00e9tel<\/li>\n \t<li>A piac (orvostechnika, automatiz\u00e1l\u00e1si technol\u00f3gia, robotika) \u00e9s a verseny akt\u00edv megfigyel\u00e9se.<\/li>\n\t\t\t\t\t\t\t\t<\/div>\n\t\t\t\t<div class=\"elementor-element elementor-element-83c7858 elementor-widget elementor-widget-heading\" data-id=\"83c7858\" data-element_type=\"widget\" data-e-type=\"widget\" data-widget_type=\"heading.default\">\n\t\t\t\t\t<h2 class=\"elementor-heading-title elementor-size-default\"><b>Az \u00d6n profilja:<\/b><\/h2>\t\t\t\t<\/div>\n\t\t\t\t<div class=\"elementor-element elementor-element-7063c57 elementor-widget elementor-widget-text-editor\" data-id=\"7063c57\" data-element_type=\"widget\" data-e-type=\"widget\" data-widget_type=\"text-editor.default\">\n\t\t\t\t\t\t\t\t\t\n \t<li>M\u0171szaki egyetemi v\u00e9gzetts\u00e9g, ide\u00e1lis esetben mechatronika, automatiz\u00e1l\u00e1s ter\u00fclet\u00e9n,<\/ul>\n<\/li>\n<\/ul>\n<ul style=\"padding-left: 0; margin-left: 0; list-style-position: inside;\">Mechanika vagy elektrotechnika<\/ul>\n<\/li>\n \t<li>Az \u00e9rt\u00e9kes\u00edt\u00e9sben szerzett tapasztalat el\u0151nyt jelent, de nem k\u00f6vetelm\u00e9ny.<\/li>\n \t<li>\u00e9rdekl\u0151d\u00e9s a hajt\u00e1stechnikai piac ir\u00e1nt, a m\u0171szaki alkalmaz\u00e1sok meg\u00e9rt\u00e9se<\/li>\n \t<li>Csapatj\u00e1t\u00e9kos, aki akt\u00edvan hozz\u00e1j\u00e1rul a nemzetk\u00f6zi k\u00f6rnyezethez.<\/li>\n \t<li>Kommunik\u00e1ci\u00f3s k\u00e9szs\u00e9g, elk\u00f6telezetts\u00e9g, t\u00e1rgyal\u00e1si k\u00e9szs\u00e9g<\/li>\n \t<li>Szem\u00e9lyes felel\u0151ss\u00e9g \u00e9s megb\u00edzhat\u00f3s\u00e1g<\/li>\n \t<li>Nagyon j\u00f3 angol nyelvtud\u00e1s (\u00edr\u00e1sban \u00e9s sz\u00f3ban), n\u00e9met nyelvtud\u00e1s el\u0151nyt jelent.<\/li>\n \t<li>B oszt\u00e1ly\u00fa vezet\u0151i enged\u00e9ly, utaz\u00e1si hajland\u00f3s\u00e1g<\/li>\n \t<li>\u00c9rdekl\u0151d\u00e9s a tov\u00e1bbi fejleszt\u00e9s ir\u00e1nt<\/li>\n<\/ul>\n<\/li>\n<\/ul>\n&nbsp;<\/li>\n<\/ul>\t\t\t\t\t\t\t\t<\/div>\n\t\t\t\t<div class=\"elementor-element elementor-element-73fa395 elementor-widget elementor-widget-heading\" data-id=\"73fa395\" data-element_type=\"widget\" data-e-type=\"widget\" data-widget_type=\"heading.default\">\n\t\t\t\t\t<h2 class=\"elementor-heading-title elementor-size-default\">Aj\u00e1nlatunk:<\/h2>\t\t\t\t<\/div>\n\t\t\t\t<div class=\"elementor-element elementor-element-84a6815 elementor-widget elementor-widget-text-editor\" data-id=\"84a6815\" data-element_type=\"widget\" data-e-type=\"widget\" data-widget_type=\"text-editor.default\">\n\t\t\t\t\t\t\t\t\t<ul style=\"padding-left: 0; margin-left: 0; list-style-position: inside;\"><li>Teljes munkaid\u0151s \u00e1ll\u00e1s<\/li><li>V\u00e1ltozatos tev\u00e9kenys\u00e9gek egy n\u00f6vekv\u0151 v\u00e1llalatn\u00e1l maxon. Nemzetk\u00f6zi k\u00f6rnyezet<\/li><li>\u00c1tfog\u00f3 k\u00e9pz\u00e9s \u00e9s sz\u00e1mos tov\u00e1bbk\u00e9pz\u00e9si \u00e9s fejl\u0151d\u00e9si lehet\u0151s\u00e9g<\/li><li>Hossz\u00fa t\u00e1v\u00fa foglalkoztat\u00e1s egy stabil v\u00e1llalatn\u00e1l<\/li><li>Stabil csapatban dolgozni a br\u00fcnni \u017dabov\u0159esky-i irod\u00e1ban.<\/li><li>Rugalmas munkaid\u0151<\/li><li>C\u00e9ges aut\u00f3, mag\u00e1nc\u00e9lra is haszn\u00e1lhat\u00f3<\/li><li>25 nap szabads\u00e1g<\/li><li>A p\u00e9nz\u00fcgyi kompenz\u00e1ci\u00f3r\u00f3l szem\u00e9lyesen t\u00e1rgyalunk<\/li><\/ul>\t\t\t\t\t\t\t\t<\/div>\n\t\t\t\t<div class=\"elementor-element elementor-element-e1d7196 elementor-widget elementor-widget-text-editor\" data-id=\"e1d7196\" data-element_type=\"widget\" data-e-type=\"widget\" data-widget_type=\"text-editor.default\">\n\t\t\t\t\t\t\t\t\t<p>Ji\u0159\u00ed R\u00fdznar<br>\u00c9rt\u00e9kes\u00edt\u00e9si vezet\u0151 CZ &amp; SK<br>+420 603 275 120<br>jiri.ryznar@maxongroup.com<\/p>\n<p>Kwapil &amp; Co. Gesellschaft m.b.H., <br>szervezeti egys\u00e9g<\/p>\n<p>Sochorova 3209\/38, \u017dabov\u0159esky, <br>616 00 Brno<br>ICO: 29304351<br>DIC: CZ29304351<\/p>\n<p>19.1.2026<\/p>\t\t\t\t\t\t\t\t<\/div>\n\t\t\t\t<\/div>\n\t\t<div class=\"elementor-element elementor-element-5a0b931 e-con-full e-flex e-con e-child\" data-id=\"5a0b931\" data-element_type=\"container\" data-e-type=\"container\">\n\t\t\t\t<div class=\"elementor-element elementor-element-5646b10 elementor-widget elementor-widget-text-editor\" data-id=\"5646b10\" data-element_type=\"widget\" data-e-type=\"widget\" data-widget_type=\"text-editor.default\">\n\t\t\t\t\t\t\t\t\t<p><a href=\"https:\/\/kwapil.at\/hu\/stellenangebote\/\">\u00c1ll\u00e1saj\u00e1nlatok Ausztri\u00e1ban<\/a><b><br \/><\/b><\/p><p><strong>\u00c1ll\u00e1saj\u00e1nlatok a Cseh K\u00f6zt\u00e1rsas\u00e1gban<\/strong><\/p><p><a href=\"https:\/\/www.maxongroup.ch\/maxon\/view\/content\/offene_stellen\" target=\"_blank\" rel=\"noopener\">\u00c1ll\u00e1saj\u00e1nlatok Sv\u00e1jcban<\/a><\/p><p><a href=\"https:\/\/www.maxongroup.de\/maxon\/view\/content\/offene_stellen\" target=\"_blank\" rel=\"noopener\">\u00c1ll\u00e1saj\u00e1nlatok N\u00e9metorsz\u00e1gban<\/a><\/p><p><a href=\"https:\/\/www.maxongroup.us\/maxon\/view\/content\/CAREER_PAGE_USA\" target=\"_blank\" rel=\"noopener\">\u00c1ll\u00e1saj\u00e1nlatok az USA-ban<br \/><\/a><\/p><p><a href=\"https:\/\/www.maxongroup.nl\/maxon\/view\/content\/jobs\" target=\"_blank\" rel=\"noopener\">\u00c1ll\u00e1saj\u00e1nlatok Hollandi\u00e1ban<\/a><\/p>\t\t\t\t\t\t\t\t<\/div>\n\t\t\t\t<\/div>\n\t\t\t\t\t<\/div>\n\t\t\t\t<\/div>\n\t\t<div class=\"elementor-element elementor-element-47d9d3c e-flex e-con-boxed e-con e-parent\" data-id=\"47d9d3c\" data-element_type=\"container\" data-e-type=\"container\">\n\t\t\t\t\t<div class=\"e-con-inner\">\n\t\t\t\t<div class=\"elementor-element elementor-element-a1fc79d elementor-widget elementor-widget-spacer\" data-id=\"a1fc79d\" data-element_type=\"widget\" data-e-type=\"widget\" data-widget_type=\"spacer.default\">\n\t\t\t\t\t\t\t<div class=\"elementor-spacer\">\n\t\t\t<div class=\"elementor-spacer-inner\"><\/div>\n\t\t<\/div>\n\t\t\t\t\t\t<\/div>\n\t\t\t\t\t<\/div>\n\t\t\t\t<\/div>\n\t\t\t\t<\/div>","protected":false},"excerpt":{"rendered":"<p>Sie sind hier: Unternehmen &gt; Karriere &gt; Stellenangebote CZ Stellenangebote in der Tschechischen Republik Vertriebsingenieur f\u00fcr das B\u00fcro in Br\u00fcnn. Maxon ist ein globaler Anbieter von pr\u00e4zisen Antriebssystemen in erstklassiger Qualit\u00e4t.Unsere Antriebe eignen sich perfekt f\u00fcr alle Bereiche, in denen hohe Zuverl\u00e4ssigkeit,Pr\u00e4zision und Qualit\u00e4t gefragt sind.Auf der Erde und im Weltraum. Wir bieten kreativen und [&hellip;]<\/p>\n","protected":false},"author":1,"featured_media":0,"parent":0,"menu_order":0,"comment_status":"closed","ping_status":"closed","template":"","meta":{"footnotes":""},"class_list":["post-14075","page","type-page","status-publish","hentry"],"yoast_head":"<!-- This site is optimized with the Yoast SEO Premium plugin v27.4 (Yoast SEO v27.5) - https:\/\/yoast.com\/product\/yoast-seo-premium-wordpress\/ -->\n<title>Stellenangebote CZ - maxon | Kwapil<\/title>\n<meta name=\"robots\" content=\"index, follow, max-snippet:-1, max-image-preview:large, max-video-preview:-1\" \/>\n<link rel=\"canonical\" href=\"https:\/\/kwapil.at\/hu\/stellenangebote-cz\/\" \/>\n<meta property=\"og:locale\" content=\"hu_HU\" \/>\n<meta property=\"og:type\" content=\"article\" \/>\n<meta property=\"og:title\" content=\"Stellenangebote CZ\" \/>\n<meta property=\"og:description\" content=\"Sie sind hier: Unternehmen &gt; Karriere &gt; Stellenangebote CZ Stellenangebote in der Tschechischen Republik Vertriebsingenieur f\u00fcr das B\u00fcro in Br\u00fcnn. Maxon ist ein globaler Anbieter von pr\u00e4zisen Antriebssystemen in erstklassiger Qualit\u00e4t.Unsere Antriebe eignen sich perfekt f\u00fcr alle Bereiche, in denen hohe Zuverl\u00e4ssigkeit,Pr\u00e4zision und Qualit\u00e4t gefragt sind.Auf der Erde und im Weltraum. Wir bieten kreativen und [&hellip;]\" \/>\n<meta property=\"og:url\" content=\"https:\/\/kwapil.at\/hu\/stellenangebote-cz\/\" \/>\n<meta property=\"og:site_name\" content=\"maxon | Kwapil\" \/>\n<meta property=\"article:modified_time\" content=\"2026-01-19T13:21:12+00:00\" \/>\n<meta property=\"og:image\" content=\"https:\/\/kwapil.at\/wp-content\/uploads\/2023\/09\/maxon1132_DL-cropped.jpg\" \/>\n\t<meta property=\"og:image:width\" content=\"1024\" \/>\n\t<meta property=\"og:image:height\" content=\"576\" \/>\n\t<meta property=\"og:image:type\" content=\"image\/jpeg\" \/>\n<meta name=\"twitter:card\" content=\"summary_large_image\" \/>\n<meta name=\"twitter:label1\" content=\"Becs\u00fclt olvas\u00e1si id\u0151\" \/>\n\t<meta name=\"twitter:data1\" content=\"2 perc\" \/>\n<script type=\"application\/ld+json\" class=\"yoast-schema-graph\">{\"@context\":\"https:\\\/\\\/schema.org\",\"@graph\":[{\"@type\":\"WebPage\",\"@id\":\"https:\\\/\\\/kwapil.at\\\/de\\\/stellenangebote-cz\\\/\",\"url\":\"https:\\\/\\\/kwapil.at\\\/de\\\/stellenangebote-cz\\\/\",\"name\":\"Stellenangebote CZ - maxon | Kwapil\",\"isPartOf\":{\"@id\":\"https:\\\/\\\/kwapil.at\\\/#website\"},\"datePublished\":\"2026-01-19T12:43:14+00:00\",\"dateModified\":\"2026-01-19T13:21:12+00:00\",\"breadcrumb\":{\"@id\":\"https:\\\/\\\/kwapil.at\\\/de\\\/stellenangebote-cz\\\/#breadcrumb\"},\"inLanguage\":\"hu\",\"potentialAction\":[{\"@type\":\"ReadAction\",\"target\":[\"https:\\\/\\\/kwapil.at\\\/de\\\/stellenangebote-cz\\\/\"]}]},{\"@type\":\"BreadcrumbList\",\"@id\":\"https:\\\/\\\/kwapil.at\\\/de\\\/stellenangebote-cz\\\/#breadcrumb\",\"itemListElement\":[{\"@type\":\"ListItem\",\"position\":1,\"name\":\"Unternehmen\",\"item\":\"https:\\\/\\\/kwapil.at\\\/de\\\/\"},{\"@type\":\"ListItem\",\"position\":2,\"name\":\"Stellenangebote CZ\"}]},{\"@type\":\"WebSite\",\"@id\":\"https:\\\/\\\/kwapil.at\\\/#website\",\"url\":\"https:\\\/\\\/kwapil.at\\\/\",\"name\":\"Kwapil.com\",\"description\":\"Antriebstechnik und Elektronik\",\"publisher\":{\"@id\":\"https:\\\/\\\/kwapil.at\\\/#organization\"},\"alternateName\":\"maxongroup.at\",\"potentialAction\":[{\"@type\":\"SearchAction\",\"target\":{\"@type\":\"EntryPoint\",\"urlTemplate\":\"https:\\\/\\\/kwapil.at\\\/?s={search_term_string}\"},\"query-input\":{\"@type\":\"PropertyValueSpecification\",\"valueRequired\":true,\"valueName\":\"search_term_string\"}}],\"inLanguage\":\"hu\"},{\"@type\":\"Organization\",\"@id\":\"https:\\\/\\\/kwapil.at\\\/#organization\",\"name\":\"Kwapil & Co GmbH\",\"alternateName\":\"Maxon | Kwapil\",\"url\":\"https:\\\/\\\/kwapil.at\\\/\",\"logo\":{\"@type\":\"ImageObject\",\"inLanguage\":\"hu\",\"@id\":\"https:\\\/\\\/kwapil.at\\\/#\\\/schema\\\/logo\\\/image\\\/\",\"url\":\"https:\\\/\\\/kwapil.at\\\/wp-content\\\/uploads\\\/2023\\\/09\\\/cropped-kwapil_maxon_logo_standard_rgb.png\",\"contentUrl\":\"https:\\\/\\\/kwapil.at\\\/wp-content\\\/uploads\\\/2023\\\/09\\\/cropped-kwapil_maxon_logo_standard_rgb.png\",\"width\":200,\"height\":28,\"caption\":\"Kwapil & Co GmbH\"},\"image\":{\"@id\":\"https:\\\/\\\/kwapil.at\\\/#\\\/schema\\\/logo\\\/image\\\/\"},\"sameAs\":[\"https:\\\/\\\/www.linkedin.com\\\/company\\\/2505461\\\/\"],\"description\":\"\u00dcber 40 Jahre vertreibt Kwapil & Co Produkte von weltweit f\u00fchrenden Anbietern der Antriebstechnik und Elektronik an. Das Angebot reicht von Motoren \u00fcber Multiachsencontroller bis hin zu kompletten, mechatronischen Antriebssystemen. Seit 2012 ist Kwapil & Co ein Unternehmen der Schweizer maxon Gruppe.\",\"email\":\"verkauf.at@maxongroup.com\",\"telephone\":\"+43 1 278 85 85\",\"legalName\":\"Kwapil & Co GmbH\",\"foundingDate\":\"1975-05-01\",\"numberOfEmployees\":{\"@type\":\"QuantitativeValue\",\"minValue\":\"11\",\"maxValue\":\"50\"},\"ownershipFundingInfo\":\"https:\\\/\\\/kwapil.at\\\/de\\\/impressum\\\/\",\"ethicsPolicy\":\"https:\\\/\\\/kwapil.at\\\/de\\\/verhaltensrichtlinien\\\/\"}]}<\/script>\n<!-- \/ Yoast SEO Premium plugin. -->","yoast_head_json":{"title":"Stellenangebote CZ - maxon | Kwapil","robots":{"index":"index","follow":"follow","max-snippet":"max-snippet:-1","max-image-preview":"max-image-preview:large","max-video-preview":"max-video-preview:-1"},"canonical":"https:\/\/kwapil.at\/hu\/stellenangebote-cz\/","og_locale":"hu_HU","og_type":"article","og_title":"Stellenangebote CZ","og_description":"Sie sind hier: Unternehmen &gt; Karriere &gt; Stellenangebote CZ Stellenangebote in der Tschechischen Republik Vertriebsingenieur f\u00fcr das B\u00fcro in Br\u00fcnn. Maxon ist ein globaler Anbieter von pr\u00e4zisen Antriebssystemen in erstklassiger Qualit\u00e4t.Unsere Antriebe eignen sich perfekt f\u00fcr alle Bereiche, in denen hohe Zuverl\u00e4ssigkeit,Pr\u00e4zision und Qualit\u00e4t gefragt sind.Auf der Erde und im Weltraum. Wir bieten kreativen und [&hellip;]","og_url":"https:\/\/kwapil.at\/hu\/stellenangebote-cz\/","og_site_name":"maxon | Kwapil","article_modified_time":"2026-01-19T13:21:12+00:00","og_image":[{"width":1024,"height":576,"url":"https:\/\/kwapil.at\/wp-content\/uploads\/2023\/09\/maxon1132_DL-cropped.jpg","type":"image\/jpeg"}],"twitter_card":"summary_large_image","twitter_misc":{"Becs\u00fclt olvas\u00e1si id\u0151":"2 perc"},"schema":{"@context":"https:\/\/schema.org","@graph":[{"@type":"WebPage","@id":"https:\/\/kwapil.at\/de\/stellenangebote-cz\/","url":"https:\/\/kwapil.at\/de\/stellenangebote-cz\/","name":"Stellenangebote CZ - maxon | Kwapil","isPartOf":{"@id":"https:\/\/kwapil.at\/#website"},"datePublished":"2026-01-19T12:43:14+00:00","dateModified":"2026-01-19T13:21:12+00:00","breadcrumb":{"@id":"https:\/\/kwapil.at\/de\/stellenangebote-cz\/#breadcrumb"},"inLanguage":"hu","potentialAction":[{"@type":"ReadAction","target":["https:\/\/kwapil.at\/de\/stellenangebote-cz\/"]}]},{"@type":"BreadcrumbList","@id":"https:\/\/kwapil.at\/de\/stellenangebote-cz\/#breadcrumb","itemListElement":[{"@type":"ListItem","position":1,"name":"Unternehmen","item":"https:\/\/kwapil.at\/de\/"},{"@type":"ListItem","position":2,"name":"Stellenangebote CZ"}]},{"@type":"WebSite","@id":"https:\/\/kwapil.at\/#website","url":"https:\/\/kwapil.at\/","name":"Kwapil.com","description":"Hajt\u00e1stechnika \u00e9s elektronika","publisher":{"@id":"https:\/\/kwapil.at\/#organization"},"alternateName":"maxongroup.at","potentialAction":[{"@type":"SearchAction","target":{"@type":"EntryPoint","urlTemplate":"https:\/\/kwapil.at\/?s={search_term_string}"},"query-input":{"@type":"PropertyValueSpecification","valueRequired":true,"valueName":"search_term_string"}}],"inLanguage":"hu"},{"@type":"Organization","@id":"https:\/\/kwapil.at\/#organization","name":"Kwapil &amp; Co GmbH","alternateName":"Maxon | Kwapil","url":"https:\/\/kwapil.at\/","logo":{"@type":"ImageObject","inLanguage":"hu","@id":"https:\/\/kwapil.at\/#\/schema\/logo\/image\/","url":"https:\/\/kwapil.at\/wp-content\/uploads\/2023\/09\/cropped-kwapil_maxon_logo_standard_rgb.png","contentUrl":"https:\/\/kwapil.at\/wp-content\/uploads\/2023\/09\/cropped-kwapil_maxon_logo_standard_rgb.png","width":200,"height":28,"caption":"Kwapil & Co GmbH"},"image":{"@id":"https:\/\/kwapil.at\/#\/schema\/logo\/image\/"},"sameAs":["https:\/\/www.linkedin.com\/company\/2505461\/"],"description":"A Kwapil &amp; Co t\u00f6bb mint 40 \u00e9ve forgalmazza a vil\u00e1g vezet\u0151 hajt\u00e1stechnikai \u00e9s elektronikai besz\u00e1ll\u00edt\u00f3inak term\u00e9keit. A term\u00e9kpaletta a motorokt\u00f3l \u00e9s a t\u00f6bbtengelyes vez\u00e9rl\u0151t\u0151l a komplett mechatronikai hajt\u00e1srendszerekig terjed. A Kwapil &amp; Co 2012 \u00f3ta a sv\u00e1jci maxon csoport r\u00e9sze.","email":"verkauf.at@maxongroup.com","telephone":"+43 1 278 85 85","legalName":"Kwapil & Co GmbH","foundingDate":"1975-05-01","numberOfEmployees":{"@type":"QuantitativeValue","minValue":"11","maxValue":"50"},"ownershipFundingInfo":"https:\/\/kwapil.at\/de\/impressum\/","ethicsPolicy":"https:\/\/kwapil.at\/de\/verhaltensrichtlinien\/"}]}},"_links":{"self":[{"href":"https:\/\/kwapil.at\/hu\/wp-json\/wp\/v2\/pages\/14075","targetHints":{"allow":["GET"]}}],"collection":[{"href":"https:\/\/kwapil.at\/hu\/wp-json\/wp\/v2\/pages"}],"about":[{"href":"https:\/\/kwapil.at\/hu\/wp-json\/wp\/v2\/types\/page"}],"author":[{"embeddable":true,"href":"https:\/\/kwapil.at\/hu\/wp-json\/wp\/v2\/users\/1"}],"replies":[{"embeddable":true,"href":"https:\/\/kwapil.at\/hu\/wp-json\/wp\/v2\/comments?post=14075"}],"version-history":[{"count":10,"href":"https:\/\/kwapil.at\/hu\/wp-json\/wp\/v2\/pages\/14075\/revisions"}],"predecessor-version":[{"id":14086,"href":"https:\/\/kwapil.at\/hu\/wp-json\/wp\/v2\/pages\/14075\/revisions\/14086"}],"wp:attachment":[{"href":"https:\/\/kwapil.at\/hu\/wp-json\/wp\/v2\/media?parent=14075"}],"curies":[{"name":"wp","href":"https:\/\/api.w.org\/{rel}","templated":true}]}}