{"id":14266,"date":"2026-03-11T13:00:27","date_gmt":"2026-03-11T12:00:27","guid":{"rendered":"https:\/\/kwapil.at\/?page_id=14266"},"modified":"2026-03-11T13:40:12","modified_gmt":"2026-03-11T12:40:12","slug":"elementor-14266","status":"publish","type":"page","link":"https:\/\/kwapil.at\/hu\/elementor-14266\/","title":{"rendered":"Elementor #14266"},"content":{"rendered":"<div data-elementor-type=\"wp-page\" data-elementor-id=\"14266\" class=\"elementor elementor-14266\" data-elementor-post-type=\"page\">\n\t\t\t\t<div class=\"elementor-element elementor-element-beaf22b e-flex e-con-boxed e-con e-parent\" data-id=\"beaf22b\" data-element_type=\"container\" data-e-type=\"container\">\n\t\t\t\t\t<div class=\"e-con-inner\">\n\t\t<div class=\"elementor-element elementor-element-a3d41fc e-con-full e-flex e-con e-child\" data-id=\"a3d41fc\" data-element_type=\"container\" data-e-type=\"container\">\n\t\t\t\t<div class=\"elementor-element elementor-element-d154d7b elementor-widget elementor-widget-heading\" data-id=\"d154d7b\" data-element_type=\"widget\" data-e-type=\"widget\" data-widget_type=\"heading.default\">\n\t\t\t\t\t<h2 class=\"elementor-heading-title elementor-size-default\">Kapcsolat<\/h2>\t\t\t\t<\/div>\n\t\t\t\t<div class=\"elementor-element elementor-element-ee1e958 elementor-widget elementor-widget-text-editor\" data-id=\"ee1e958\" data-element_type=\"widget\" data-e-type=\"widget\" data-widget_type=\"text-editor.default\">\n\t\t\t\t\t\t\t\t\t<p style=\"color: #ffffff; font-size: 14px;\">Kwapil &amp; Co GmbH.<\/p><p style=\"color: #ffffff; font-size: 14 px;\">Kammelweg 9<\/p><p style=\"color: #ffffff; font-size: 14 px;\">1210 B\u00e9cs<\/p>\t\t\t\t\t\t\t\t<\/div>\n\t\t\t\t<div class=\"elementor-element elementor-element-7e9ec8b grow-effect elementor-widget elementor-widget-text-editor\" data-id=\"7e9ec8b\" data-element_type=\"widget\" data-e-type=\"widget\" data-widget_type=\"text-editor.default\">\n\t\t\t\t\t\t\t\t\t<p style=\"color: #ffffff; font-size: 14px;\"><a style=\"font-family: Arial, sans-serif; font-size: 15px; text-align: var(--text-align); background-color: #0b0b0b;\" href=\"tel:+43 12788585\"><span style=\"font-weight: 400; font-size: 14px; color: #ffffff;\">Tel: +43 1 278 85 85<\/span><\/a><\/p>\t\t\t\t\t\t\t\t<\/div>\n\t\t\t\t<div class=\"elementor-element elementor-element-b6c7bdb elementor-widget elementor-widget-text-editor\" data-id=\"b6c7bdb\" data-element_type=\"widget\" data-e-type=\"widget\" data-widget_type=\"text-editor.default\">\n\t\t\t\t\t\t\t\t\t<p style=\"color: #ffffff; font-size: 14px;\"><a style=\"font-family: Arial, sans-serif; font-size: 15px; background-color: #0b0b0b;\" href=\"mailto:verkauf.at@maxongroup.com\" target=\"_blank\" rel=\"noopener\"><span style=\"font-weight: 400; font-size: 14px; color: #ffffff;\">verkauf.at@maxongroup.com<\/span><\/a><\/p>\t\t\t\t\t\t\t\t<\/div>\n\t\t\t\t<\/div>\n\t\t\t\t<div class=\"elementor-element elementor-element-129a9cd elementor-widget elementor-widget-html\" data-id=\"129a9cd\" data-element_type=\"widget\" data-e-type=\"widget\" data-widget_type=\"html.default\">\n\t\t\t\t\t<div style=\"background:#000; padding:20px; color:#fff; font-size:15px; line-height:1.6;\">\r\n\r\n    <!-- Deutsch -->\r\n    \r\n\r\n    <!-- Englisch -->\r\n    \r\n\r\n    <!-- Tschechisch -->\r\n    \r\n\r\n    <!-- Polnisch -->\r\n    \r\n        &lt;a href=&quot;mailto:sprzedaz@maxongroup.com&quot;\r\n\t\t\t\t<\/div>\n\t\t\t\t\t<\/div>\n\t\t\t\t<\/div>\n\t\t\t\t<\/div>","protected":false},"excerpt":{"rendered":"<p>Kapcsolatfelv\u00e9tel a Kwapil &amp; Co GmbH-val. Kammelweg 9 1210 B\u00e9cs Tel: +43 1 278 85 85 85 verkauf.at@maxongroup.com<\/p>","protected":false},"author":1,"featured_media":0,"parent":0,"menu_order":0,"comment_status":"closed","ping_status":"closed","template":"","meta":{"footnotes":""},"class_list":["post-14266","page","type-page","status-publish","hentry"],"yoast_head":"<!-- This site is optimized with the Yoast SEO Premium plugin v27.4 (Yoast SEO v27.5) - https:\/\/yoast.com\/product\/yoast-seo-premium-wordpress\/ -->\n<title>Elementor #14266 - maxon | Kwapil<\/title>\n<meta name=\"robots\" content=\"index, follow, max-snippet:-1, max-image-preview:large, max-video-preview:-1\" \/>\n<link rel=\"canonical\" href=\"https:\/\/kwapil.at\/hu\/elementor-14266\/\" \/>\n<meta property=\"og:locale\" content=\"hu_HU\" \/>\n<meta property=\"og:type\" content=\"article\" \/>\n<meta property=\"og:title\" content=\"Elementor #14266\" \/>\n<meta property=\"og:description\" content=\"Kontakt Kwapil &amp; Co GmbH. Kammelweg 9 1210 Wien Tel: +43 1 278 85 85 verkauf.at@maxongroup.com\" \/>\n<meta property=\"og:url\" content=\"https:\/\/kwapil.at\/hu\/elementor-14266\/\" \/>\n<meta property=\"og:site_name\" content=\"maxon | Kwapil\" \/>\n<meta property=\"article:modified_time\" content=\"2026-03-11T12:40:12+00:00\" \/>\n<meta property=\"og:image\" content=\"https:\/\/kwapil.at\/wp-content\/uploads\/2023\/09\/maxon1132_DL-cropped.jpg\" \/>\n\t<meta property=\"og:image:width\" content=\"1024\" \/>\n\t<meta property=\"og:image:height\" content=\"576\" \/>\n\t<meta property=\"og:image:type\" content=\"image\/jpeg\" \/>\n<meta name=\"twitter:card\" content=\"summary_large_image\" \/>\n<meta name=\"twitter:label1\" content=\"Becs\u00fclt olvas\u00e1si id\u0151\" \/>\n\t<meta name=\"twitter:data1\" content=\"1 perc\" \/>\n<script type=\"application\/ld+json\" class=\"yoast-schema-graph\">{\"@context\":\"https:\\\/\\\/schema.org\",\"@graph\":[{\"@type\":\"WebPage\",\"@id\":\"https:\\\/\\\/kwapil.at\\\/de\\\/elementor-14266\\\/\",\"url\":\"https:\\\/\\\/kwapil.at\\\/de\\\/elementor-14266\\\/\",\"name\":\"Elementor #14266 - maxon | Kwapil\",\"isPartOf\":{\"@id\":\"https:\\\/\\\/kwapil.at\\\/#website\"},\"datePublished\":\"2026-03-11T12:00:27+00:00\",\"dateModified\":\"2026-03-11T12:40:12+00:00\",\"breadcrumb\":{\"@id\":\"https:\\\/\\\/kwapil.at\\\/de\\\/elementor-14266\\\/#breadcrumb\"},\"inLanguage\":\"hu\",\"potentialAction\":[{\"@type\":\"ReadAction\",\"target\":[\"https:\\\/\\\/kwapil.at\\\/de\\\/elementor-14266\\\/\"]}]},{\"@type\":\"BreadcrumbList\",\"@id\":\"https:\\\/\\\/kwapil.at\\\/de\\\/elementor-14266\\\/#breadcrumb\",\"itemListElement\":[{\"@type\":\"ListItem\",\"position\":1,\"name\":\"Unternehmen\",\"item\":\"https:\\\/\\\/kwapil.at\\\/de\\\/\"},{\"@type\":\"ListItem\",\"position\":2,\"name\":\"Elementor #14266\"}]},{\"@type\":\"WebSite\",\"@id\":\"https:\\\/\\\/kwapil.at\\\/#website\",\"url\":\"https:\\\/\\\/kwapil.at\\\/\",\"name\":\"Kwapil.com\",\"description\":\"Antriebstechnik und Elektronik\",\"publisher\":{\"@id\":\"https:\\\/\\\/kwapil.at\\\/#organization\"},\"alternateName\":\"maxongroup.at\",\"potentialAction\":[{\"@type\":\"SearchAction\",\"target\":{\"@type\":\"EntryPoint\",\"urlTemplate\":\"https:\\\/\\\/kwapil.at\\\/?s={search_term_string}\"},\"query-input\":{\"@type\":\"PropertyValueSpecification\",\"valueRequired\":true,\"valueName\":\"search_term_string\"}}],\"inLanguage\":\"hu\"},{\"@type\":\"Organization\",\"@id\":\"https:\\\/\\\/kwapil.at\\\/#organization\",\"name\":\"Kwapil & Co GmbH\",\"alternateName\":\"Maxon | Kwapil\",\"url\":\"https:\\\/\\\/kwapil.at\\\/\",\"logo\":{\"@type\":\"ImageObject\",\"inLanguage\":\"hu\",\"@id\":\"https:\\\/\\\/kwapil.at\\\/#\\\/schema\\\/logo\\\/image\\\/\",\"url\":\"https:\\\/\\\/kwapil.at\\\/wp-content\\\/uploads\\\/2023\\\/09\\\/cropped-kwapil_maxon_logo_standard_rgb.png\",\"contentUrl\":\"https:\\\/\\\/kwapil.at\\\/wp-content\\\/uploads\\\/2023\\\/09\\\/cropped-kwapil_maxon_logo_standard_rgb.png\",\"width\":200,\"height\":28,\"caption\":\"Kwapil & Co GmbH\"},\"image\":{\"@id\":\"https:\\\/\\\/kwapil.at\\\/#\\\/schema\\\/logo\\\/image\\\/\"},\"sameAs\":[\"https:\\\/\\\/www.linkedin.com\\\/company\\\/2505461\\\/\"],\"description\":\"\u00dcber 40 Jahre vertreibt Kwapil & Co Produkte von weltweit f\u00fchrenden Anbietern der Antriebstechnik und Elektronik an. Das Angebot reicht von Motoren \u00fcber Multiachsencontroller bis hin zu kompletten, mechatronischen Antriebssystemen. Seit 2012 ist Kwapil & Co ein Unternehmen der Schweizer maxon Gruppe.\",\"email\":\"verkauf.at@maxongroup.com\",\"telephone\":\"+43 1 278 85 85\",\"legalName\":\"Kwapil & Co GmbH\",\"foundingDate\":\"1975-05-01\",\"numberOfEmployees\":{\"@type\":\"QuantitativeValue\",\"minValue\":\"11\",\"maxValue\":\"50\"},\"ownershipFundingInfo\":\"https:\\\/\\\/kwapil.at\\\/de\\\/impressum\\\/\",\"ethicsPolicy\":\"https:\\\/\\\/kwapil.at\\\/de\\\/verhaltensrichtlinien\\\/\"}]}<\/script>\n<!-- \/ Yoast SEO Premium plugin. -->","yoast_head_json":{"title":"Elementor #14266 - maxon | Kwapil","robots":{"index":"index","follow":"follow","max-snippet":"max-snippet:-1","max-image-preview":"max-image-preview:large","max-video-preview":"max-video-preview:-1"},"canonical":"https:\/\/kwapil.at\/hu\/elementor-14266\/","og_locale":"hu_HU","og_type":"article","og_title":"Elementor #14266","og_description":"Kontakt Kwapil &amp; Co GmbH. Kammelweg 9 1210 Wien Tel: +43 1 278 85 85 verkauf.at@maxongroup.com","og_url":"https:\/\/kwapil.at\/hu\/elementor-14266\/","og_site_name":"maxon | Kwapil","article_modified_time":"2026-03-11T12:40:12+00:00","og_image":[{"width":1024,"height":576,"url":"https:\/\/kwapil.at\/wp-content\/uploads\/2023\/09\/maxon1132_DL-cropped.jpg","type":"image\/jpeg"}],"twitter_card":"summary_large_image","twitter_misc":{"Becs\u00fclt olvas\u00e1si id\u0151":"1 perc"},"schema":{"@context":"https:\/\/schema.org","@graph":[{"@type":"WebPage","@id":"https:\/\/kwapil.at\/de\/elementor-14266\/","url":"https:\/\/kwapil.at\/de\/elementor-14266\/","name":"Elementor #14266 - maxon | Kwapil","isPartOf":{"@id":"https:\/\/kwapil.at\/#website"},"datePublished":"2026-03-11T12:00:27+00:00","dateModified":"2026-03-11T12:40:12+00:00","breadcrumb":{"@id":"https:\/\/kwapil.at\/de\/elementor-14266\/#breadcrumb"},"inLanguage":"hu","potentialAction":[{"@type":"ReadAction","target":["https:\/\/kwapil.at\/de\/elementor-14266\/"]}]},{"@type":"BreadcrumbList","@id":"https:\/\/kwapil.at\/de\/elementor-14266\/#breadcrumb","itemListElement":[{"@type":"ListItem","position":1,"name":"Unternehmen","item":"https:\/\/kwapil.at\/de\/"},{"@type":"ListItem","position":2,"name":"Elementor #14266"}]},{"@type":"WebSite","@id":"https:\/\/kwapil.at\/#website","url":"https:\/\/kwapil.at\/","name":"Kwapil.com","description":"Hajt\u00e1stechnika \u00e9s elektronika","publisher":{"@id":"https:\/\/kwapil.at\/#organization"},"alternateName":"maxongroup.at","potentialAction":[{"@type":"SearchAction","target":{"@type":"EntryPoint","urlTemplate":"https:\/\/kwapil.at\/?s={search_term_string}"},"query-input":{"@type":"PropertyValueSpecification","valueRequired":true,"valueName":"search_term_string"}}],"inLanguage":"hu"},{"@type":"Organization","@id":"https:\/\/kwapil.at\/#organization","name":"Kwapil &amp; Co GmbH","alternateName":"Maxon | Kwapil","url":"https:\/\/kwapil.at\/","logo":{"@type":"ImageObject","inLanguage":"hu","@id":"https:\/\/kwapil.at\/#\/schema\/logo\/image\/","url":"https:\/\/kwapil.at\/wp-content\/uploads\/2023\/09\/cropped-kwapil_maxon_logo_standard_rgb.png","contentUrl":"https:\/\/kwapil.at\/wp-content\/uploads\/2023\/09\/cropped-kwapil_maxon_logo_standard_rgb.png","width":200,"height":28,"caption":"Kwapil & Co GmbH"},"image":{"@id":"https:\/\/kwapil.at\/#\/schema\/logo\/image\/"},"sameAs":["https:\/\/www.linkedin.com\/company\/2505461\/"],"description":"A Kwapil &amp; Co t\u00f6bb mint 40 \u00e9ve forgalmazza a vil\u00e1g vezet\u0151 hajt\u00e1stechnikai \u00e9s elektronikai besz\u00e1ll\u00edt\u00f3inak term\u00e9keit. A term\u00e9kpaletta a motorokt\u00f3l \u00e9s a t\u00f6bbtengelyes vez\u00e9rl\u0151t\u0151l a komplett mechatronikai hajt\u00e1srendszerekig terjed. A Kwapil &amp; Co 2012 \u00f3ta a sv\u00e1jci maxon csoport r\u00e9sze.","email":"verkauf.at@maxongroup.com","telephone":"+43 1 278 85 85","legalName":"Kwapil & Co GmbH","foundingDate":"1975-05-01","numberOfEmployees":{"@type":"QuantitativeValue","minValue":"11","maxValue":"50"},"ownershipFundingInfo":"https:\/\/kwapil.at\/de\/impressum\/","ethicsPolicy":"https:\/\/kwapil.at\/de\/verhaltensrichtlinien\/"}]}},"_links":{"self":[{"href":"https:\/\/kwapil.at\/hu\/wp-json\/wp\/v2\/pages\/14266","targetHints":{"allow":["GET"]}}],"collection":[{"href":"https:\/\/kwapil.at\/hu\/wp-json\/wp\/v2\/pages"}],"about":[{"href":"https:\/\/kwapil.at\/hu\/wp-json\/wp\/v2\/types\/page"}],"author":[{"embeddable":true,"href":"https:\/\/kwapil.at\/hu\/wp-json\/wp\/v2\/users\/1"}],"replies":[{"embeddable":true,"href":"https:\/\/kwapil.at\/hu\/wp-json\/wp\/v2\/comments?post=14266"}],"version-history":[{"count":10,"href":"https:\/\/kwapil.at\/hu\/wp-json\/wp\/v2\/pages\/14266\/revisions"}],"predecessor-version":[{"id":14278,"href":"https:\/\/kwapil.at\/hu\/wp-json\/wp\/v2\/pages\/14266\/revisions\/14278"}],"wp:attachment":[{"href":"https:\/\/kwapil.at\/hu\/wp-json\/wp\/v2\/media?parent=14266"}],"curies":[{"name":"wp","href":"https:\/\/api.w.org\/{rel}","templated":true}]}}