{"id":2991,"date":"2023-09-28T11:59:34","date_gmt":"2023-09-28T09:59:34","guid":{"rendered":"https:\/\/kwapil.austroplace.at\/?page_id=2991"},"modified":"2026-03-20T11:39:56","modified_gmt":"2026-03-20T10:39:56","slug":"parvalux","status":"publish","type":"page","link":"https:\/\/kwapil.at\/hu\/parvalux\/","title":{"rendered":"parvalux"},"content":{"rendered":"<div data-elementor-type=\"wp-page\" data-elementor-id=\"2991\" class=\"elementor elementor-2991\" data-elementor-post-type=\"page\">\n\t\t\t\t<div class=\"elementor-element elementor-element-d019c98 e-con-full e-flex e-con e-parent\" data-id=\"d019c98\" data-element_type=\"container\" data-e-type=\"container\">\n\t\t\t\t<div class=\"elementor-element elementor-element-593b699 elementor--h-position-center elementor--v-position-middle elementor-arrows-position-inside elementor-pagination-position-inside elementor-widget elementor-widget-slides\" data-id=\"593b699\" data-element_type=\"widget\" data-e-type=\"widget\" data-settings=\"{&quot;navigation&quot;:&quot;both&quot;,&quot;autoplay&quot;:&quot;yes&quot;,&quot;pause_on_hover&quot;:&quot;yes&quot;,&quot;pause_on_interaction&quot;:&quot;yes&quot;,&quot;autoplay_speed&quot;:5000,&quot;infinite&quot;:&quot;yes&quot;,&quot;transition&quot;:&quot;slide&quot;,&quot;transition_speed&quot;:500}\" data-widget_type=\"slides.default\">\n\t\t\t\t\t\t\t\t\t\t<div class=\"elementor-slides-wrapper elementor-main-swiper swiper\" role=\"region\" aria-roledescription=\"carousel\" aria-label=\"Cs\u00faszka\" dir=\"ltr\" data-animation=\"fadeInUp\">\n\t\t\t\t<div class=\"swiper-wrapper elementor-slides\">\n\t\t\t\t\t\t\t\t\t\t<div class=\"elementor-repeater-item-7f62e4c swiper-slide\" role=\"group\" aria-roledescription=\"slide\"><div class=\"swiper-slide-bg elementor-ken-burns elementor-ken-burns--in\" role=\"img\" aria-label=\"maxon1132_DL-cropped\"><\/div><div class=\"swiper-slide-inner\" ><div class=\"swiper-slide-contents\"><\/div><\/div><\/div><div class=\"elementor-repeater-item-10bbdd4 swiper-slide\" role=\"group\" aria-roledescription=\"slide\"><div class=\"swiper-slide-bg elementor-ken-burns elementor-ken-burns--in\" role=\"img\" aria-label=\"maxon1049_DL-cropped\"><\/div><div class=\"swiper-slide-inner\" ><div class=\"swiper-slide-contents\"><\/div><\/div><\/div><div class=\"elementor-repeater-item-8b823fc swiper-slide\" role=\"group\" aria-roledescription=\"slide\"><div class=\"swiper-slide-bg elementor-ken-burns elementor-ken-burns--in\" role=\"img\" aria-label=\"Fejl\u00e9c_Robotika&amp;E-mobilit\u00e1s\"><\/div><div class=\"swiper-slide-inner\" ><div class=\"swiper-slide-contents\"><\/div><\/div><\/div><div class=\"elementor-repeater-item-8f3989d swiper-slide\" role=\"group\" aria-roledescription=\"slide\"><div class=\"swiper-slide-bg elementor-ken-burns elementor-ken-burns--in\" role=\"img\" aria-label=\"Fejl\u00e9c_Medikai-technol\u00f3gia\"><\/div><div class=\"swiper-slide-inner\" ><div class=\"swiper-slide-contents\"><\/div><\/div><\/div><div class=\"elementor-repeater-item-00b48ac swiper-slide\" role=\"group\" aria-roledescription=\"slide\"><div class=\"swiper-slide-bg elementor-ken-burns elementor-ken-burns--in\" role=\"img\" aria-label=\"Fejl\u00e9c_Industri\u00e1lis-Automatiz\u00e1l\u00e1s\"><\/div><div class=\"swiper-slide-inner\" ><div class=\"swiper-slide-contents\"><\/div><\/div><\/div><div class=\"elementor-repeater-item-e4f1072 swiper-slide\" role=\"group\" aria-roledescription=\"slide\"><div class=\"swiper-slide-bg elementor-ken-burns elementor-ken-burns--in\" role=\"img\" aria-label=\"Header_Aerospace\"><\/div><div class=\"swiper-slide-inner\" ><div class=\"swiper-slide-contents\"><\/div><\/div><\/div>\t\t\t\t<\/div>\n\t\t\t\t\t\t\t\t\t\t\t\t\t\t\t<div class=\"elementor-swiper-button elementor-swiper-button-prev\" role=\"button\" tabindex=\"0\" aria-label=\"El\u0151z\u0151 dia\">\n\t\t\t\t\t\t\t<svg aria-hidden=\"true\" class=\"e-font-icon-svg e-eicon-chevron-left\" viewbox=\"0 0 1000 1000\" xmlns=\"http:\/\/www.w3.org\/2000\/svg\"><path d=\"M646 125C629 125 613 133 604 142L308 442C296 454 292 471 292 487 292 504 296 521 308 533L604 854C617 867 629 875 646 875 663 875 679 871 692 858 704 846 713 829 713 812 713 796 708 779 692 767L438 487 692 225C700 217 708 204 708 187 708 171 704 154 692 142 675 129 663 125 646 125Z\"><\/path><\/svg>\t\t\t\t\t\t<\/div>\n\t\t\t\t\t\t<div class=\"elementor-swiper-button elementor-swiper-button-next\" role=\"button\" tabindex=\"0\" aria-label=\"K\u00f6vetkez\u0151 dia\">\n\t\t\t\t\t\t\t<svg aria-hidden=\"true\" class=\"e-font-icon-svg e-eicon-chevron-right\" viewbox=\"0 0 1000 1000\" xmlns=\"http:\/\/www.w3.org\/2000\/svg\"><path d=\"M696 533C708 521 713 504 713 487 713 471 708 454 696 446L400 146C388 133 375 125 354 125 338 125 325 129 313 142 300 154 292 171 292 187 292 204 296 221 308 233L563 492 304 771C292 783 288 800 288 817 288 833 296 850 308 863 321 871 338 875 354 875 371 875 388 867 400 854L696 533Z\"><\/path><\/svg>\t\t\t\t\t\t<\/div>\n\t\t\t\t\t\t\t\t\t\t\t\t\t\t\t\t<div class=\"swiper-pagination\"><\/div>\n\t\t\t\t\t\t\t\t\t\t\t\t<\/div>\n\t\t\t\t\t\t\t\t<\/div>\n\t\t\t\t<\/div>\n\t\t<div class=\"elementor-element elementor-element-14b673a e-flex e-con-boxed e-con e-parent\" data-id=\"14b673a\" data-element_type=\"container\" data-e-type=\"container\">\n\t\t\t\t\t<div class=\"e-con-inner\">\n\t\t<div class=\"elementor-element elementor-element-d535737 e-con-full e-flex e-con e-child\" data-id=\"d535737\" data-element_type=\"container\" data-e-type=\"container\">\n\t\t\t\t<div class=\"elementor-element elementor-element-b8789e8 elementor-widget elementor-widget-text-editor\" data-id=\"b8789e8\" data-element_type=\"widget\" data-e-type=\"widget\" data-widget_type=\"text-editor.default\">\n\t\t\t\t\t\t\t\t\t<p>\u00d6n itt van: <b><a href=\"https:\/\/kwapil.at\/hu\/produkte\/\">Term\u00e9kek<\/a><\/b> &gt; parvalux<\/p>\t\t\t\t\t\t\t\t<\/div>\n\t\t\t\t<\/div>\n\t\t\t\t\t<\/div>\n\t\t\t\t<\/div>\n\t\t<div class=\"elementor-element elementor-element-d7c77fe e-flex e-con-boxed e-con e-parent\" data-id=\"d7c77fe\" data-element_type=\"container\" data-e-type=\"container\">\n\t\t\t\t\t<div class=\"e-con-inner\">\n\t\t<div class=\"elementor-element elementor-element-99101c8 e-con-full e-flex e-con e-child\" data-id=\"99101c8\" data-element_type=\"container\" data-e-type=\"container\">\n\t\t\t\t<div class=\"elementor-element elementor-element-efca2ae elementor-widget elementor-widget-image\" data-id=\"efca2ae\" data-element_type=\"widget\" data-e-type=\"widget\" data-widget_type=\"image.default\">\n\t\t\t\t\t\t\t\t\t\t\t\t\t\t\t<img decoding=\"async\" width=\"163\" height=\"56\" src=\"https:\/\/kwapil.at\/wp-content\/uploads\/2023\/09\/Parvalux_logo.jpg\" class=\"attachment-large size-large wp-image-1143\" alt=\"\" \/>\t\t\t\t\t\t\t\t\t\t\t\t\t\t\t<\/div>\n\t\t\t\t<\/div>\n\t\t<div class=\"elementor-element elementor-element-4bf84d7 e-flex e-con-boxed e-con e-child\" data-id=\"4bf84d7\" data-element_type=\"container\" data-e-type=\"container\">\n\t\t\t\t\t<div class=\"e-con-inner\">\n\t\t\t\t<div class=\"elementor-element elementor-element-c23e785 elementor-hidden-mobile elementor-widget elementor-widget-text-editor\" data-id=\"c23e785\" data-element_type=\"widget\" data-e-type=\"widget\" data-widget_type=\"text-editor.default\">\n\t\t\t\t\t\t\t\t\t<p><a href=\"https:\/\/kwapil.at\/hu\/parvalux_produkte\/\">Term\u00e9k \u00e1ttekint\u00e9s<\/a><\/p><p><a href=\"https:\/\/kwapil.at\/hu\/parvalux_anwendungen\/\">Alkalmaz\u00e1sok<\/a><\/p>\t\t\t\t\t\t\t\t<\/div>\n\t\t\t\t\t<\/div>\n\t\t\t\t<\/div>\n\t\t\t\t\t<\/div>\n\t\t\t\t<\/div>\n\t\t<div class=\"elementor-element elementor-element-03d9194 elementor-hidden-desktop elementor-hidden-tablet e-flex e-con-boxed e-con e-parent\" data-id=\"03d9194\" data-element_type=\"container\" data-e-type=\"container\">\n\t\t\t\t\t<div class=\"e-con-inner\">\n\t\t\t\t<div class=\"elementor-element elementor-element-df36234 elementor-widget-mobile__width-initial elementor-widget elementor-widget-text-editor\" data-id=\"df36234\" data-element_type=\"widget\" data-e-type=\"widget\" data-widget_type=\"text-editor.default\">\n\t\t\t\t\t\t\t\t\t<a href=\"https:\/\/kwapil.at\/hu\/parvalux-produkte\/\">Term\u00e9k \u00e1ttekint\u00e9s<\/a> \n <b>|<\/b> <a href=\"https:\/\/kwapil.at\/hu\/parvalux_anwendungen\/\">Alkalmaz\u00e1sok<\/a>\t\t\t\t\t\t\t\t<\/div>\n\t\t\t\t\t<\/div>\n\t\t\t\t<\/div>\n\t\t<div class=\"elementor-element elementor-element-e68cfb9 e-flex e-con-boxed e-con e-parent\" data-id=\"e68cfb9\" data-element_type=\"container\" data-e-type=\"container\">\n\t\t\t\t\t<div class=\"e-con-inner\">\n\t\t<div class=\"elementor-element elementor-element-1342933 e-con-full e-flex e-con e-child\" data-id=\"1342933\" data-element_type=\"container\" data-e-type=\"container\">\n\t\t<div class=\"elementor-element elementor-element-a975b8b e-flex e-con-boxed e-con e-child\" data-id=\"a975b8b\" data-element_type=\"container\" data-e-type=\"container\">\n\t\t\t\t\t<div class=\"e-con-inner\">\n\t\t\t\t<div class=\"elementor-element elementor-element-2655ef3 elementor-widget elementor-widget-text-editor\" data-id=\"2655ef3\" data-element_type=\"widget\" data-e-type=\"widget\" data-widget_type=\"text-editor.default\">\n\t\t\t\t\t\t\t\t\t<div style=\"max-width: 1024px; font-family: Arial, Helvetica, sans-serif;\"><p style=\"margin: 10px 0px; line-height: 1.6;\">A parvaluxot 1947-ben alap\u00edtott\u00e1k Anglia egyik els\u0151 sebess\u00e9gv\u00e1lt\u00f3 motorgy\u00e1rt\u00f3jak\u00e9nt. Az\u00f3ta a min\u0151s\u00e9g a parvalux legf\u0151bb priorit\u00e1sa. parvalux motorokat t\u00f6bb mint 50 orsz\u00e1gban haszn\u00e1lnak.<br \/><span style=\"color: var( --e-global-color-text ); font-size: var( --e-global-typography-text-font-size ); font-weight: var( --e-global-typography-text-font-weight ); text-align: var(--text-align);\">A parvalux lehet\u0151s\u00e9get k\u00edn\u00e1l \u00d6nnek arra, hogy motorokat \u00e9s hajt\u00f3m\u0171ves motorokat gy\u00e1rtson az \u00d6n egyedi ig\u00e9nyei szerint \u00e9s minden speci\u00e1lis alkalmaz\u00e1si ter\u00fcletre.<\/span><\/p><p>2018 \u00f3ta a maxon csoport tagja, term\u00e9keik megb\u00edzhat\u00f3s\u00e1ga legend\u00e1s.<\/p><p style=\"margin: 10px 0px; line-height: 1.6;\">Hajt\u00e1sai m\u00e1r a maxon motorjaival is kombin\u00e1lhat\u00f3ak.<\/p><\/div><div style=\"max-width: 1024px; font-family: Arial, Helvetica, sans-serif;\"><div class=\"paragraph\" style=\"margin-bottom: 30px;\">\u00a0Parvalux Magazin: <a href=\"https:\/\/kwapil.at\/wp-content\/uploads\/2026\/03\/Parvalux-MagazineDE-1.pdf\" target=\"_blank\" rel=\"noopener\">DE<\/a>|<a href=\"https:\/\/kwapil.at\/wp-content\/uploads\/2026\/03\/Parvalux-MagazineEN-1.pdf\" target=\"_blank\" rel=\"noopener\">EN<\/a><\/div><\/div>\t\t\t\t\t\t\t\t<\/div>\n\t\t<div class=\"elementor-element elementor-element-576b161 e-grid e-con-full e-con e-child\" data-id=\"576b161\" data-element_type=\"container\" data-e-type=\"container\">\n\t\t\t\t<div class=\"elementor-element elementor-element-34d26c3 elementor-widget elementor-widget-image\" data-id=\"34d26c3\" data-element_type=\"widget\" data-e-type=\"widget\" data-widget_type=\"image.default\">\n\t\t\t\t\t\t\t\t\t\t\t\t\t\t\t<img fetchpriority=\"high\" decoding=\"async\" width=\"621\" height=\"862\" src=\"https:\/\/kwapil.at\/wp-content\/uploads\/2026\/03\/Wir-sind-parvalux.jpg\" class=\"attachment-large size-large wp-image-14363\" alt=\"\" srcset=\"https:\/\/kwapil.at\/wp-content\/uploads\/2026\/03\/Wir-sind-parvalux.jpg 621w, https:\/\/kwapil.at\/wp-content\/uploads\/2026\/03\/Wir-sind-parvalux-216x300.jpg 216w, https:\/\/kwapil.at\/wp-content\/uploads\/2026\/03\/Wir-sind-parvalux-9x12.jpg 9w\" sizes=\"(max-width: 621px) 100vw, 621px\" \/>\t\t\t\t\t\t\t\t\t\t\t\t\t\t\t<\/div>\n\t\t\t\t<div class=\"elementor-element elementor-element-a6077cf elementor-widget elementor-widget-image\" data-id=\"a6077cf\" data-element_type=\"widget\" data-e-type=\"widget\" data-widget_type=\"image.default\">\n\t\t\t\t\t\t\t\t\t\t\t\t\t\t\t<img decoding=\"async\" width=\"626\" height=\"864\" src=\"https:\/\/kwapil.at\/wp-content\/uploads\/2026\/03\/We-are-parvalux.jpg\" class=\"attachment-large size-large wp-image-14364\" alt=\"\" srcset=\"https:\/\/kwapil.at\/wp-content\/uploads\/2026\/03\/We-are-parvalux.jpg 626w, https:\/\/kwapil.at\/wp-content\/uploads\/2026\/03\/We-are-parvalux-217x300.jpg 217w, https:\/\/kwapil.at\/wp-content\/uploads\/2026\/03\/We-are-parvalux-9x12.jpg 9w\" sizes=\"(max-width: 626px) 100vw, 626px\" \/>\t\t\t\t\t\t\t\t\t\t\t\t\t\t\t<\/div>\n\t\t\t\t<\/div>\n\t\t\t\t\t<\/div>\n\t\t\t\t<\/div>\n\t\t\t\t<\/div>\n\t\t<div class=\"elementor-element elementor-element-c9cbd88 e-con-full e-flex e-con e-child\" data-id=\"c9cbd88\" data-element_type=\"container\" data-e-type=\"container\">\n\t\t<div class=\"elementor-element elementor-element-da069da e-flex e-con-boxed e-con e-child\" data-id=\"da069da\" data-element_type=\"container\" data-e-type=\"container\">\n\t\t\t\t\t<div class=\"e-con-inner\">\n\t\t\t\t<div class=\"elementor-element elementor-element-37508e5 elementor-widget__width-initial elementor-widget elementor-widget-image\" data-id=\"37508e5\" data-element_type=\"widget\" data-e-type=\"widget\" data-widget_type=\"image.default\">\n\t\t\t\t\t\t\t\t\t\t\t\t\t\t\t\t<a href=\"https:\/\/kwapil.at\/wp-content\/uploads\/2023\/10\/render_categories_pmdc-1-900x450-1.jpg\" data-elementor-open-lightbox=\"yes\" data-e-action-hash=\"#elementor-action%3Aaction%3Dlightbox%26settings%3DeyJpZCI6MzE3MiwidXJsIjoiaHR0cHM6XC9cL2t3YXBpbC5hdFwvd3AtY29udGVudFwvdXBsb2Fkc1wvMjAyM1wvMTBcL3JlbmRlcl9jYXRlZ29yaWVzX3BtZGMtMS05MDB4NDUwLTEuanBnIn0%3D\">\n\t\t\t\t\t\t\t<img loading=\"lazy\" decoding=\"async\" width=\"800\" height=\"436\" src=\"https:\/\/kwapil.at\/wp-content\/uploads\/2023\/10\/render_categories_pmdc-1-900x450-1.jpg\" class=\"attachment-large size-large wp-image-3172\" alt=\"\" srcset=\"https:\/\/kwapil.at\/wp-content\/uploads\/2023\/10\/render_categories_pmdc-1-900x450-1.jpg 826w, https:\/\/kwapil.at\/wp-content\/uploads\/2023\/10\/render_categories_pmdc-1-900x450-1-300x163.jpg 300w, https:\/\/kwapil.at\/wp-content\/uploads\/2023\/10\/render_categories_pmdc-1-900x450-1-768x418.jpg 768w, https:\/\/kwapil.at\/wp-content\/uploads\/2023\/10\/render_categories_pmdc-1-900x450-1-18x10.jpg 18w\" sizes=\"(max-width: 800px) 100vw, 800px\" \/>\t\t\t\t\t\t\t\t<\/a>\n\t\t\t\t\t\t\t\t\t\t\t\t\t\t\t<\/div>\n\t\t\t\t\t<\/div>\n\t\t\t\t<\/div>\n\t\t\t\t<\/div>\n\t\t\t\t\t<\/div>\n\t\t\t\t<\/div>\n\t\t<div class=\"elementor-element elementor-element-64708fc e-flex e-con-boxed e-con e-parent\" data-id=\"64708fc\" data-element_type=\"container\" data-e-type=\"container\">\n\t\t\t\t\t<div class=\"e-con-inner\">\n\t\t\t\t<div class=\"elementor-element elementor-element-3bf3f0f elementor-widget__width-initial elementor-widget elementor-widget-text-editor\" data-id=\"3bf3f0f\" data-element_type=\"widget\" data-e-type=\"widget\" data-widget_type=\"text-editor.default\">\n\t\t\t\t\t\t\t\t\t<p><b>Weblinkek:<\/b> <a href=\"https:\/\/www.parvalux.com\/\" target=\"_blank\" rel=\"noopener\">parvalux weboldal<\/a> <b>|<\/b> <a href=\"https:\/\/online.flippingbook.com\/view\/1026543999\/\" target=\"_blank\" rel=\"noopener\">Parvalux katal\u00f3gus<\/a> <b>| <\/b><a href=\"https:\/\/www.parvalux.com\/product-search\" target=\"_blank\" rel=\"noopener\">Motorv\u00e1laszt\u00e1si seg\u00e9dlet<\/a><\/p>\t\t\t\t\t\t\t\t<\/div>\n\t\t\t\t\t<\/div>\n\t\t\t\t<\/div>\n\t\t<div class=\"elementor-element elementor-element-bbf5c93 e-flex e-con-boxed e-con e-parent\" data-id=\"bbf5c93\" data-element_type=\"container\" data-e-type=\"container\">\n\t\t\t\t\t<div class=\"e-con-inner\">\n\t\t\t\t<div class=\"elementor-element elementor-element-218d425 elementor-widget elementor-widget-spacer\" data-id=\"218d425\" data-element_type=\"widget\" data-e-type=\"widget\" data-widget_type=\"spacer.default\">\n\t\t\t\t\t\t\t<div class=\"elementor-spacer\">\n\t\t\t<div class=\"elementor-spacer-inner\"><\/div>\n\t\t<\/div>\n\t\t\t\t\t\t<\/div>\n\t\t\t\t\t<\/div>\n\t\t\t\t<\/div>\n\t\t\t\t<\/div>","protected":false},"excerpt":{"rendered":"<p>Sie sind hier: Produkte &gt; parvalux Produk\u00fcbersicht Anwendungen Produk\u00fcbersicht | Anwendungen Die Firma parvalux\u00a0wurde 1947 als einer der ersten Getriebemotorenhersteller in England gegr\u00fcndet. Seit dieser Zeit steht Qualit\u00e4t bei parvalux an erster Stelle. parvalux Motoren kommen in mehr als 50 L\u00e4ndern zum Einsatz.parvalux bietet Ihnen die M\u00f6glichkeit, Motoren und Getriebemotoren nach Ihren spezifischen W\u00fcnschen und [&hellip;]<\/p>\n","protected":false},"author":1,"featured_media":0,"parent":0,"menu_order":0,"comment_status":"closed","ping_status":"closed","template":"","meta":{"footnotes":""},"class_list":["post-2991","page","type-page","status-publish","hentry"],"yoast_head":"<!-- This site is optimized with the Yoast SEO Premium plugin v27.4 (Yoast SEO v27.4) - https:\/\/yoast.com\/product\/yoast-seo-premium-wordpress\/ -->\n<title>parvalux - maxon | Kwapil<\/title>\n<meta name=\"robots\" content=\"index, follow, max-snippet:-1, max-image-preview:large, max-video-preview:-1\" \/>\n<link rel=\"canonical\" href=\"https:\/\/kwapil.at\/hu\/parvalux\/\" \/>\n<meta property=\"og:locale\" content=\"hu_HU\" \/>\n<meta property=\"og:type\" content=\"article\" \/>\n<meta property=\"og:title\" content=\"parvalux\" \/>\n<meta property=\"og:description\" content=\"Sie sind hier: Produkte &gt; parvalux Produk\u00fcbersicht Anwendungen Produk\u00fcbersicht | Anwendungen Die Firma parvalux\u00a0wurde 1947 als einer der ersten Getriebemotorenhersteller in England gegr\u00fcndet. Seit dieser Zeit steht Qualit\u00e4t bei parvalux an erster Stelle. parvalux Motoren kommen in mehr als 50 L\u00e4ndern zum Einsatz.parvalux bietet Ihnen die M\u00f6glichkeit, Motoren und Getriebemotoren nach Ihren spezifischen W\u00fcnschen und [&hellip;]\" \/>\n<meta property=\"og:url\" content=\"https:\/\/kwapil.at\/hu\/parvalux\/\" \/>\n<meta property=\"og:site_name\" content=\"maxon | Kwapil\" \/>\n<meta property=\"article:modified_time\" content=\"2026-03-20T10:39:56+00:00\" \/>\n<meta property=\"og:image\" content=\"https:\/\/kwapil.at\/wp-content\/uploads\/2023\/09\/Parvalux_logo.jpg\" \/>\n\t<meta property=\"og:image:width\" content=\"163\" \/>\n\t<meta property=\"og:image:height\" content=\"56\" \/>\n\t<meta property=\"og:image:type\" content=\"image\/jpeg\" \/>\n<meta name=\"twitter:card\" content=\"summary_large_image\" \/>\n<meta name=\"twitter:label1\" content=\"Becs\u00fclt olvas\u00e1si id\u0151\" \/>\n\t<meta name=\"twitter:data1\" content=\"1 perc\" \/>\n<script type=\"application\/ld+json\" class=\"yoast-schema-graph\">{\"@context\":\"https:\\\/\\\/schema.org\",\"@graph\":[{\"@type\":\"WebPage\",\"@id\":\"https:\\\/\\\/kwapil.at\\\/de\\\/parvalux\\\/\",\"url\":\"https:\\\/\\\/kwapil.at\\\/de\\\/parvalux\\\/\",\"name\":\"parvalux - maxon | Kwapil\",\"isPartOf\":{\"@id\":\"https:\\\/\\\/kwapil.at\\\/#website\"},\"primaryImageOfPage\":{\"@id\":\"https:\\\/\\\/kwapil.at\\\/de\\\/parvalux\\\/#primaryimage\"},\"image\":{\"@id\":\"https:\\\/\\\/kwapil.at\\\/de\\\/parvalux\\\/#primaryimage\"},\"thumbnailUrl\":\"https:\\\/\\\/kwapil.at\\\/wp-content\\\/uploads\\\/2023\\\/09\\\/Parvalux_logo.jpg\",\"datePublished\":\"2023-09-28T09:59:34+00:00\",\"dateModified\":\"2026-03-20T10:39:56+00:00\",\"breadcrumb\":{\"@id\":\"https:\\\/\\\/kwapil.at\\\/de\\\/parvalux\\\/#breadcrumb\"},\"inLanguage\":\"hu\",\"potentialAction\":[{\"@type\":\"ReadAction\",\"target\":[\"https:\\\/\\\/kwapil.at\\\/de\\\/parvalux\\\/\"]}]},{\"@type\":\"ImageObject\",\"inLanguage\":\"hu\",\"@id\":\"https:\\\/\\\/kwapil.at\\\/de\\\/parvalux\\\/#primaryimage\",\"url\":\"https:\\\/\\\/kwapil.at\\\/wp-content\\\/uploads\\\/2023\\\/09\\\/Parvalux_logo.jpg\",\"contentUrl\":\"https:\\\/\\\/kwapil.at\\\/wp-content\\\/uploads\\\/2023\\\/09\\\/Parvalux_logo.jpg\"},{\"@type\":\"BreadcrumbList\",\"@id\":\"https:\\\/\\\/kwapil.at\\\/de\\\/parvalux\\\/#breadcrumb\",\"itemListElement\":[{\"@type\":\"ListItem\",\"position\":1,\"name\":\"Unternehmen\",\"item\":\"https:\\\/\\\/kwapil.at\\\/de\\\/\"},{\"@type\":\"ListItem\",\"position\":2,\"name\":\"parvalux\"}]},{\"@type\":\"WebSite\",\"@id\":\"https:\\\/\\\/kwapil.at\\\/#website\",\"url\":\"https:\\\/\\\/kwapil.at\\\/\",\"name\":\"Kwapil.com\",\"description\":\"Antriebstechnik und Elektronik\",\"publisher\":{\"@id\":\"https:\\\/\\\/kwapil.at\\\/#organization\"},\"alternateName\":\"maxongroup.at\",\"potentialAction\":[{\"@type\":\"SearchAction\",\"target\":{\"@type\":\"EntryPoint\",\"urlTemplate\":\"https:\\\/\\\/kwapil.at\\\/?s={search_term_string}\"},\"query-input\":{\"@type\":\"PropertyValueSpecification\",\"valueRequired\":true,\"valueName\":\"search_term_string\"}}],\"inLanguage\":\"hu\"},{\"@type\":\"Organization\",\"@id\":\"https:\\\/\\\/kwapil.at\\\/#organization\",\"name\":\"Kwapil & Co GmbH\",\"alternateName\":\"Maxon | Kwapil\",\"url\":\"https:\\\/\\\/kwapil.at\\\/\",\"logo\":{\"@type\":\"ImageObject\",\"inLanguage\":\"hu\",\"@id\":\"https:\\\/\\\/kwapil.at\\\/#\\\/schema\\\/logo\\\/image\\\/\",\"url\":\"https:\\\/\\\/kwapil.at\\\/wp-content\\\/uploads\\\/2023\\\/09\\\/cropped-kwapil_maxon_logo_standard_rgb.png\",\"contentUrl\":\"https:\\\/\\\/kwapil.at\\\/wp-content\\\/uploads\\\/2023\\\/09\\\/cropped-kwapil_maxon_logo_standard_rgb.png\",\"width\":200,\"height\":28,\"caption\":\"Kwapil & Co GmbH\"},\"image\":{\"@id\":\"https:\\\/\\\/kwapil.at\\\/#\\\/schema\\\/logo\\\/image\\\/\"},\"sameAs\":[\"https:\\\/\\\/www.linkedin.com\\\/company\\\/2505461\\\/\"],\"description\":\"\u00dcber 40 Jahre vertreibt Kwapil & Co Produkte von weltweit f\u00fchrenden Anbietern der Antriebstechnik und Elektronik an. Das Angebot reicht von Motoren \u00fcber Multiachsencontroller bis hin zu kompletten, mechatronischen Antriebssystemen. Seit 2012 ist Kwapil & Co ein Unternehmen der Schweizer maxon Gruppe.\",\"email\":\"verkauf.at@maxongroup.com\",\"telephone\":\"+43 1 278 85 85\",\"legalName\":\"Kwapil & Co GmbH\",\"foundingDate\":\"1975-05-01\",\"numberOfEmployees\":{\"@type\":\"QuantitativeValue\",\"minValue\":\"11\",\"maxValue\":\"50\"},\"ownershipFundingInfo\":\"https:\\\/\\\/kwapil.at\\\/de\\\/impressum\\\/\",\"ethicsPolicy\":\"https:\\\/\\\/kwapil.at\\\/de\\\/verhaltensrichtlinien\\\/\"}]}<\/script>\n<!-- \/ Yoast SEO Premium plugin. -->","yoast_head_json":{"title":"parvalux - maxon | Kwapil","robots":{"index":"index","follow":"follow","max-snippet":"max-snippet:-1","max-image-preview":"max-image-preview:large","max-video-preview":"max-video-preview:-1"},"canonical":"https:\/\/kwapil.at\/hu\/parvalux\/","og_locale":"hu_HU","og_type":"article","og_title":"parvalux","og_description":"Sie sind hier: Produkte &gt; parvalux Produk\u00fcbersicht Anwendungen Produk\u00fcbersicht | Anwendungen Die Firma parvalux\u00a0wurde 1947 als einer der ersten Getriebemotorenhersteller in England gegr\u00fcndet. Seit dieser Zeit steht Qualit\u00e4t bei parvalux an erster Stelle. parvalux Motoren kommen in mehr als 50 L\u00e4ndern zum Einsatz.parvalux bietet Ihnen die M\u00f6glichkeit, Motoren und Getriebemotoren nach Ihren spezifischen W\u00fcnschen und [&hellip;]","og_url":"https:\/\/kwapil.at\/hu\/parvalux\/","og_site_name":"maxon | Kwapil","article_modified_time":"2026-03-20T10:39:56+00:00","og_image":[{"width":163,"height":56,"url":"https:\/\/kwapil.at\/wp-content\/uploads\/2023\/09\/Parvalux_logo.jpg","type":"image\/jpeg"}],"twitter_card":"summary_large_image","twitter_misc":{"Becs\u00fclt olvas\u00e1si id\u0151":"1 perc"},"schema":{"@context":"https:\/\/schema.org","@graph":[{"@type":"WebPage","@id":"https:\/\/kwapil.at\/de\/parvalux\/","url":"https:\/\/kwapil.at\/de\/parvalux\/","name":"parvalux - maxon | Kwapil","isPartOf":{"@id":"https:\/\/kwapil.at\/#website"},"primaryImageOfPage":{"@id":"https:\/\/kwapil.at\/de\/parvalux\/#primaryimage"},"image":{"@id":"https:\/\/kwapil.at\/de\/parvalux\/#primaryimage"},"thumbnailUrl":"https:\/\/kwapil.at\/wp-content\/uploads\/2023\/09\/Parvalux_logo.jpg","datePublished":"2023-09-28T09:59:34+00:00","dateModified":"2026-03-20T10:39:56+00:00","breadcrumb":{"@id":"https:\/\/kwapil.at\/de\/parvalux\/#breadcrumb"},"inLanguage":"hu","potentialAction":[{"@type":"ReadAction","target":["https:\/\/kwapil.at\/de\/parvalux\/"]}]},{"@type":"ImageObject","inLanguage":"hu","@id":"https:\/\/kwapil.at\/de\/parvalux\/#primaryimage","url":"https:\/\/kwapil.at\/wp-content\/uploads\/2023\/09\/Parvalux_logo.jpg","contentUrl":"https:\/\/kwapil.at\/wp-content\/uploads\/2023\/09\/Parvalux_logo.jpg"},{"@type":"BreadcrumbList","@id":"https:\/\/kwapil.at\/de\/parvalux\/#breadcrumb","itemListElement":[{"@type":"ListItem","position":1,"name":"Unternehmen","item":"https:\/\/kwapil.at\/de\/"},{"@type":"ListItem","position":2,"name":"parvalux"}]},{"@type":"WebSite","@id":"https:\/\/kwapil.at\/#website","url":"https:\/\/kwapil.at\/","name":"Kwapil.com","description":"Hajt\u00e1stechnika \u00e9s elektronika","publisher":{"@id":"https:\/\/kwapil.at\/#organization"},"alternateName":"maxongroup.at","potentialAction":[{"@type":"SearchAction","target":{"@type":"EntryPoint","urlTemplate":"https:\/\/kwapil.at\/?s={search_term_string}"},"query-input":{"@type":"PropertyValueSpecification","valueRequired":true,"valueName":"search_term_string"}}],"inLanguage":"hu"},{"@type":"Organization","@id":"https:\/\/kwapil.at\/#organization","name":"Kwapil &amp; Co GmbH","alternateName":"Maxon | Kwapil","url":"https:\/\/kwapil.at\/","logo":{"@type":"ImageObject","inLanguage":"hu","@id":"https:\/\/kwapil.at\/#\/schema\/logo\/image\/","url":"https:\/\/kwapil.at\/wp-content\/uploads\/2023\/09\/cropped-kwapil_maxon_logo_standard_rgb.png","contentUrl":"https:\/\/kwapil.at\/wp-content\/uploads\/2023\/09\/cropped-kwapil_maxon_logo_standard_rgb.png","width":200,"height":28,"caption":"Kwapil & Co GmbH"},"image":{"@id":"https:\/\/kwapil.at\/#\/schema\/logo\/image\/"},"sameAs":["https:\/\/www.linkedin.com\/company\/2505461\/"],"description":"A Kwapil &amp; Co t\u00f6bb mint 40 \u00e9ve forgalmazza a vil\u00e1g vezet\u0151 hajt\u00e1stechnikai \u00e9s elektronikai besz\u00e1ll\u00edt\u00f3inak term\u00e9keit. A term\u00e9kpaletta a motorokt\u00f3l \u00e9s a t\u00f6bbtengelyes vez\u00e9rl\u0151t\u0151l a komplett mechatronikai hajt\u00e1srendszerekig terjed. A Kwapil &amp; Co 2012 \u00f3ta a sv\u00e1jci maxon csoport r\u00e9sze.","email":"verkauf.at@maxongroup.com","telephone":"+43 1 278 85 85","legalName":"Kwapil & Co GmbH","foundingDate":"1975-05-01","numberOfEmployees":{"@type":"QuantitativeValue","minValue":"11","maxValue":"50"},"ownershipFundingInfo":"https:\/\/kwapil.at\/de\/impressum\/","ethicsPolicy":"https:\/\/kwapil.at\/de\/verhaltensrichtlinien\/"}]}},"_links":{"self":[{"href":"https:\/\/kwapil.at\/hu\/wp-json\/wp\/v2\/pages\/2991","targetHints":{"allow":["GET"]}}],"collection":[{"href":"https:\/\/kwapil.at\/hu\/wp-json\/wp\/v2\/pages"}],"about":[{"href":"https:\/\/kwapil.at\/hu\/wp-json\/wp\/v2\/types\/page"}],"author":[{"embeddable":true,"href":"https:\/\/kwapil.at\/hu\/wp-json\/wp\/v2\/users\/1"}],"replies":[{"embeddable":true,"href":"https:\/\/kwapil.at\/hu\/wp-json\/wp\/v2\/comments?post=2991"}],"version-history":[{"count":9,"href":"https:\/\/kwapil.at\/hu\/wp-json\/wp\/v2\/pages\/2991\/revisions"}],"predecessor-version":[{"id":14370,"href":"https:\/\/kwapil.at\/hu\/wp-json\/wp\/v2\/pages\/2991\/revisions\/14370"}],"wp:attachment":[{"href":"https:\/\/kwapil.at\/hu\/wp-json\/wp\/v2\/media?parent=2991"}],"curies":[{"name":"wp","href":"https:\/\/api.w.org\/{rel}","templated":true}]}}