{"id":13301,"date":"2025-06-18T11:27:08","date_gmt":"2025-06-18T09:27:08","guid":{"rendered":"https:\/\/kwapil.at\/?page_id=13301"},"modified":"2026-02-02T14:27:42","modified_gmt":"2026-02-02T13:27:42","slug":"yep-2","status":"publish","type":"page","link":"https:\/\/kwapil.at\/pl\/yep-2\/","title":{"rendered":"YEP"},"content":{"rendered":"<div data-elementor-type=\"wp-page\" data-elementor-id=\"13301\" class=\"elementor elementor-13301\" data-elementor-post-type=\"page\">\n\t\t\t\t<div class=\"elementor-element elementor-element-904551f e-flex e-con-boxed e-con e-parent\" data-id=\"904551f\" data-element_type=\"container\" data-e-type=\"container\">\n\t\t\t\t\t<div class=\"e-con-inner\">\n\t\t<div class=\"elementor-element elementor-element-2eb0777 e-con-full e-flex e-con e-child\" data-id=\"2eb0777\" data-element_type=\"container\" data-e-type=\"container\">\n\t\t\t\t<div class=\"elementor-element elementor-element-2a4eafe elementor-widget elementor-widget-text-editor\" data-id=\"2a4eafe\" data-element_type=\"widget\" data-e-type=\"widget\" data-widget_type=\"text-editor.default\">\n\t\t\t\t\t\t\t\t\t<p>Jeste\u015b tutaj: <b>YEP<\/b>.<\/p>\t\t\t\t\t\t\t\t<\/div>\n\t\t\t\t<\/div>\n\t\t<div class=\"elementor-element elementor-element-7463c59 e-con-full e-flex e-con e-child\" data-id=\"7463c59\" data-element_type=\"container\" data-e-type=\"container\">\n\t\t\t\t<div class=\"elementor-element elementor-element-f35b7c9 elementor-widget elementor-widget-heading\" data-id=\"f35b7c9\" data-element_type=\"widget\" data-e-type=\"widget\" data-widget_type=\"heading.default\">\n\t\t\t\t\t<h2 class=\"elementor-heading-title elementor-size-default\">YEP<\/h2>\t\t\t\t<\/div>\n\t\t\t\t<\/div>\n\t\t<div class=\"elementor-element elementor-element-3b5780c e-con-full e-flex e-con e-child\" data-id=\"3b5780c\" data-element_type=\"container\" data-e-type=\"container\">\n\t\t\t\t<div class=\"elementor-element elementor-element-9e9e175 elementor-widget elementor-widget-heading\" data-id=\"9e9e175\" data-element_type=\"widget\" data-e-type=\"widget\" data-widget_type=\"heading.default\">\n\t\t\t\t\t<h2 class=\"elementor-heading-title elementor-size-default\"><p style=\"font-size: 22px;font-weight: 600\">Program dla m\u0142odych in\u017cynier\u00f3w firmy maxon<\/span><\/p><\/h2>\t\t\t\t<\/div>\n\t\t\t\t<\/div>\n\t\t\t\t\t<\/div>\n\t\t\t\t<\/div>\n\t\t<div class=\"elementor-element elementor-element-fb28e74 e-flex e-con-boxed e-con e-parent\" data-id=\"fb28e74\" data-element_type=\"container\" data-e-type=\"container\">\n\t\t\t\t\t<div class=\"e-con-inner\">\n\t\t<div class=\"elementor-element elementor-element-41cb9dc e-con-full e-flex e-con e-child\" data-id=\"41cb9dc\" data-element_type=\"container\" data-e-type=\"container\">\n\t\t\t\t<div class=\"elementor-element elementor-element-184e448 elementor-widget elementor-widget-image\" data-id=\"184e448\" data-element_type=\"widget\" data-e-type=\"widget\" data-widget_type=\"image.default\">\n\t\t\t\t\t\t\t\t\t\t\t\t\t\t\t<img fetchpriority=\"high\" decoding=\"async\" width=\"800\" height=\"534\" src=\"https:\/\/kwapil.at\/wp-content\/uploads\/2024\/01\/dsc00075_2-3dd34652-1024x683.jpg\" class=\"attachment-large size-large wp-image-8441\" alt=\"\" srcset=\"https:\/\/kwapil.at\/wp-content\/uploads\/2024\/01\/dsc00075_2-3dd34652-1024x683.jpg 1024w, https:\/\/kwapil.at\/wp-content\/uploads\/2024\/01\/dsc00075_2-3dd34652-300x200.jpg 300w, https:\/\/kwapil.at\/wp-content\/uploads\/2024\/01\/dsc00075_2-3dd34652-768x512.jpg 768w, https:\/\/kwapil.at\/wp-content\/uploads\/2024\/01\/dsc00075_2-3dd34652-18x12.jpg 18w, https:\/\/kwapil.at\/wp-content\/uploads\/2024\/01\/dsc00075_2-3dd34652.jpg 1500w\" sizes=\"(max-width: 800px) 100vw, 800px\" \/>\t\t\t\t\t\t\t\t\t\t\t\t\t\t\t<\/div>\n\t\t\t\t<div class=\"elementor-element elementor-element-f86175e elementor-widget elementor-widget-text-editor\" data-id=\"f86175e\" data-element_type=\"widget\" data-e-type=\"widget\" data-widget_type=\"text-editor.default\">\n\t\t\t\t\t\t\t\t\t<p><b>maxon wspiera m\u0142odych in\u017cynier\u00f3w i start-upy.<br><\/b><b style=\"color: var( --e-global-color-text ); font-family: var( --e-global-typography-text-font-family ), Sans-serif; font-size: var( --e-global-typography-text-font-size ); text-align: var(--text-align);\"><br>Zalety<\/b><\/p>\n<ul>\n<li><b><\/b> Silniki, przek\u0142adnie i sterowniki w obni\u017conych cenach lub nawet bezp\u0142atnie.<\/li>\n<li>Wsparcie techniczne od naszych ekspert\u00f3w.<\/li>\n<li>Promocja i reklama projektu na kana\u0142ach komunikacyjnych maxon (z wyj\u0105tkiem projekt\u00f3w poufnych).<br><br><\/li>\n<\/ul>\n<p><b> Jak wzi\u0105\u0107 udzia\u0142<\/b><\/p>\n<p>Wype\u0142nij formularz online. Nasz zesp\u00f3\u0142 ekspert\u00f3w sprawdzi Twoje zg\u0142oszenie i poinformuje Ci\u0119 czy i w jakiej formie Tw\u00f3j projekt zostanie sfinansowany.<\/p>\n<p><b>Dla organizator\u00f3w wydarze\u0144<br><\/b><\/p>\n<p style=\"margin: 0px 0px 20px; padding: 0px 40px 0px 0px; line-height: 1.7;\">Je\u015bli planujesz wydarzenie, r\u00f3wnie\u017c mo\u017cesz wzi\u0105\u0107 udzia\u0142 w naszym programie. Wystarczy wype\u0142ni\u0107 formularz, a my skontaktujemy si\u0119 z Tob\u0105. Mo\u017cesz skorzysta\u0107 z tego, \u017ce Twoje wydarzenie b\u0119dzie reklamowane w naszych kana\u0142ach komunikacji. Twoje wydarzenie mo\u017ce r\u00f3wnie\u017c zosta\u0107 w\u0142\u0105czone do naszego programu sponsorskiego.<\/p>\n<p>Zg\u0142o\u015b si\u0119 ju\u017c teraz do programu Young Engineers:<br>do&nbsp;<a href=\"https:\/\/drive.tech\/en\/young-engineers-program\/yep-apply\">Formularz online YEP<\/a><\/p>\t\t\t\t\t\t\t\t<\/div>\n\t\t\t\t<\/div>\n\t\t<div class=\"elementor-element elementor-element-cecb2ce e-con-full e-flex e-con e-child\" data-id=\"cecb2ce\" data-element_type=\"container\" data-e-type=\"container\">\n\t\t<div class=\"elementor-element elementor-element-30fb726 e-con-full e-flex e-con e-child\" data-id=\"30fb726\" data-element_type=\"container\" data-e-type=\"container\">\n\t\t\t\t<div class=\"elementor-element elementor-element-68c55d3 elementor-widget elementor-widget-text-editor\" data-id=\"68c55d3\" data-element_type=\"widget\" data-e-type=\"widget\" data-widget_type=\"text-editor.default\">\n\t\t\t\t\t\t\t\t\t<p style=\"color: #000000;\">Nowo\u015bci produktowe 2025<\/p>\t\t\t\t\t\t\t\t<\/div>\n\t\t\t\t<div class=\"elementor-element elementor-element-33c168d elementor-widget elementor-widget-image\" data-id=\"33c168d\" data-element_type=\"widget\" data-e-type=\"widget\" data-widget_type=\"image.default\">\n\t\t\t\t\t\t\t\t\t\t\t\t\t\t\t\t<a href=\"https:\/\/kwapil.at\/wp-content\/uploads\/2025\/11\/Product-News-Movie.jpg\" data-elementor-open-lightbox=\"yes\" data-e-action-hash=\"#elementor-action%3Aaction%3Dlightbox%26settings%3DeyJpZCI6MTM3NjMsInVybCI6Imh0dHBzOlwvXC9rd2FwaWwuYXRcL3dwLWNvbnRlbnRcL3VwbG9hZHNcLzIwMjVcLzExXC9Qcm9kdWN0LU5ld3MtTW92aWUuanBnIn0%3D\">\n\t\t\t\t\t\t\t<img decoding=\"async\" width=\"600\" height=\"500\" src=\"https:\/\/kwapil.at\/wp-content\/uploads\/2025\/11\/Product-News-Movie.jpg\" class=\"attachment-large size-large wp-image-13763\" alt=\"\" srcset=\"https:\/\/kwapil.at\/wp-content\/uploads\/2025\/11\/Product-News-Movie.jpg 600w, https:\/\/kwapil.at\/wp-content\/uploads\/2025\/11\/Product-News-Movie-300x250.jpg 300w, https:\/\/kwapil.at\/wp-content\/uploads\/2025\/11\/Product-News-Movie-14x12.jpg 14w\" sizes=\"(max-width: 600px) 100vw, 600px\" \/>\t\t\t\t\t\t\t\t<\/a>\n\t\t\t\t\t\t\t\t\t\t\t\t\t\t\t<\/div>\n\t\t\t\t<div class=\"elementor-element elementor-element-08e860a elementor-widget elementor-widget-text-editor\" data-id=\"08e860a\" data-element_type=\"widget\" data-e-type=\"widget\" data-widget_type=\"text-editor.default\">\n\t\t\t\t\t\t\t\t\t<p class=\"Text_text__6vd08 Text_h4__aGFvo RichText_heading3__rbmlB\"><strong>Podczas targ\u00f3w SPS w listopadzie firma maxon zaprezentowa\u0142a ca\u0142\u0105 gam\u0119 nowych produkt\u00f3w, takich jak wysoce zintegrowane si\u0142owniki robotyczne, wydajne serwonap\u0119dy i wiele innych.<\/strong><\/p><p>Jednym z g\u0142\u00f3wnych temat\u00f3w by\u0142y wysokowydajne przeguby robotyczne (HEJ). Te kompaktowe, wysoce zintegrowane si\u0142owniki z nap\u0119dem quasi-bezpo\u015brednim (QDD) \u0142\u0105cz\u0105 silnik, przek\u0142adni\u0119, czujniki i elektronik\u0119 w jednej, solidnej obudowie. Po udanej premierze HEJ 90 (140 Nm) pojawi\u0142 si\u0119 teraz HEJ 70 o momencie obrotowym 62 Nm \u2013 idealny do mniejszych robot\u00f3w. W naszym filmie przedstawiamy wszystkie nowo\u015bci produktowe tego roku.<\/p><p><a href=\"https:\/\/global.maxongroup.com\/de-ch\/neue-produkt2025\" target=\"_blank\" rel=\"noopener\"><span style=\"color: #dc0000;\"><span style=\"font-size: 13.3333px;\"><span style=\"font-weight: normal;\">Obejrzyj wideo<\/span><\/span><\/span><\/a><\/p>\t\t\t\t\t\t\t\t<\/div>\n\t\t\t\t<\/div>\n\t\t\t\t<\/div>\n\t\t\t\t\t<\/div>\n\t\t\t\t<\/div>\n\t\t<div class=\"elementor-element elementor-element-aae3c65 e-flex e-con-boxed e-con e-parent\" data-id=\"aae3c65\" data-element_type=\"container\" data-e-type=\"container\">\n\t\t\t\t\t<div class=\"e-con-inner\">\n\t\t\t\t<div class=\"elementor-element elementor-element-ca933ca elementor-widget elementor-widget-spacer\" data-id=\"ca933ca\" data-element_type=\"widget\" data-e-type=\"widget\" data-widget_type=\"spacer.default\">\n\t\t\t\t\t\t\t<div class=\"elementor-spacer\">\n\t\t\t<div class=\"elementor-spacer-inner\"><\/div>\n\t\t<\/div>\n\t\t\t\t\t\t<\/div>\n\t\t\t\t\t<\/div>\n\t\t\t\t<\/div>\n\t\t\t\t<\/div>","protected":false},"excerpt":{"rendered":"<p>Sie sind hier: YEP. YEP Das Young Engineers Program von maxon maxon unterst\u00fctzt junge Ingenieure und Start-ups.Die Vorteile Motoren, Getriebe und Steuerungen zu erm\u00e4\u00dfigten Preisen oder sogar kostenlos. Technische Unterst\u00fctzung durch unsere Experten. Promotion und Kommunikation Ihres Projekts auf maxon Kan\u00e4len (sofern das Projekt nicht vertraulich ist). Wie Sie teilnehmen k\u00f6nnen F\u00fcllen Sie das Online-Formular [&hellip;]<\/p>\n","protected":false},"author":1,"featured_media":0,"parent":0,"menu_order":0,"comment_status":"closed","ping_status":"closed","template":"","meta":{"footnotes":""},"class_list":["post-13301","page","type-page","status-publish","hentry"],"yoast_head":"<!-- This site is optimized with the Yoast SEO Premium plugin v27.2 (Yoast SEO v27.4) - https:\/\/yoast.com\/product\/yoast-seo-premium-wordpress\/ -->\n<title>YEP - maxon | Kwapil<\/title>\n<meta name=\"robots\" content=\"index, follow, max-snippet:-1, max-image-preview:large, max-video-preview:-1\" \/>\n<link rel=\"canonical\" href=\"https:\/\/kwapil.at\/pl\/yep-2\/\" \/>\n<meta property=\"og:locale\" content=\"pl_PL\" \/>\n<meta property=\"og:type\" content=\"article\" \/>\n<meta property=\"og:title\" content=\"YEP\" \/>\n<meta property=\"og:description\" content=\"Sie sind hier: YEP. YEP Das Young Engineers Program von maxon maxon unterst\u00fctzt junge Ingenieure und Start-ups.Die Vorteile Motoren, Getriebe und Steuerungen zu erm\u00e4\u00dfigten Preisen oder sogar kostenlos. Technische Unterst\u00fctzung durch unsere Experten. Promotion und Kommunikation Ihres Projekts auf maxon Kan\u00e4len (sofern das Projekt nicht vertraulich ist). Wie Sie teilnehmen k\u00f6nnen F\u00fcllen Sie das Online-Formular [&hellip;]\" \/>\n<meta property=\"og:url\" content=\"https:\/\/kwapil.at\/pl\/yep-2\/\" \/>\n<meta property=\"og:site_name\" content=\"maxon | Kwapil\" \/>\n<meta property=\"article:modified_time\" content=\"2026-02-02T13:27:42+00:00\" \/>\n<meta property=\"og:image\" content=\"https:\/\/kwapil.at\/wp-content\/uploads\/2024\/01\/dsc00075_2-3dd34652.jpg\" \/>\n\t<meta property=\"og:image:width\" content=\"1500\" \/>\n\t<meta property=\"og:image:height\" content=\"1000\" \/>\n\t<meta property=\"og:image:type\" content=\"image\/jpeg\" \/>\n<meta name=\"twitter:card\" content=\"summary_large_image\" \/>\n<meta name=\"twitter:label1\" content=\"Szacowany czas czytania\" \/>\n\t<meta name=\"twitter:data1\" content=\"2 minuty\" \/>\n<script type=\"application\/ld+json\" class=\"yoast-schema-graph\">{\"@context\":\"https:\\\/\\\/schema.org\",\"@graph\":[{\"@type\":\"WebPage\",\"@id\":\"https:\\\/\\\/kwapil.at\\\/de\\\/yep-2\\\/\",\"url\":\"https:\\\/\\\/kwapil.at\\\/de\\\/yep-2\\\/\",\"name\":\"YEP - maxon | Kwapil\",\"isPartOf\":{\"@id\":\"https:\\\/\\\/kwapil.at\\\/#website\"},\"primaryImageOfPage\":{\"@id\":\"https:\\\/\\\/kwapil.at\\\/de\\\/yep-2\\\/#primaryimage\"},\"image\":{\"@id\":\"https:\\\/\\\/kwapil.at\\\/de\\\/yep-2\\\/#primaryimage\"},\"thumbnailUrl\":\"https:\\\/\\\/kwapil.at\\\/wp-content\\\/uploads\\\/2024\\\/01\\\/dsc00075_2-3dd34652-1024x683.jpg\",\"datePublished\":\"2025-06-18T09:27:08+00:00\",\"dateModified\":\"2026-02-02T13:27:42+00:00\",\"breadcrumb\":{\"@id\":\"https:\\\/\\\/kwapil.at\\\/de\\\/yep-2\\\/#breadcrumb\"},\"inLanguage\":\"pl-PL\",\"potentialAction\":[{\"@type\":\"ReadAction\",\"target\":[\"https:\\\/\\\/kwapil.at\\\/de\\\/yep-2\\\/\"]}]},{\"@type\":\"ImageObject\",\"inLanguage\":\"pl-PL\",\"@id\":\"https:\\\/\\\/kwapil.at\\\/de\\\/yep-2\\\/#primaryimage\",\"url\":\"https:\\\/\\\/kwapil.at\\\/wp-content\\\/uploads\\\/2024\\\/01\\\/dsc00075_2-3dd34652-1024x683.jpg\",\"contentUrl\":\"https:\\\/\\\/kwapil.at\\\/wp-content\\\/uploads\\\/2024\\\/01\\\/dsc00075_2-3dd34652-1024x683.jpg\"},{\"@type\":\"BreadcrumbList\",\"@id\":\"https:\\\/\\\/kwapil.at\\\/de\\\/yep-2\\\/#breadcrumb\",\"itemListElement\":[{\"@type\":\"ListItem\",\"position\":1,\"name\":\"Unternehmen\",\"item\":\"https:\\\/\\\/kwapil.at\\\/de\\\/\"},{\"@type\":\"ListItem\",\"position\":2,\"name\":\"YEP\"}]},{\"@type\":\"WebSite\",\"@id\":\"https:\\\/\\\/kwapil.at\\\/#website\",\"url\":\"https:\\\/\\\/kwapil.at\\\/\",\"name\":\"Kwapil.com\",\"description\":\"Antriebstechnik und Elektronik\",\"publisher\":{\"@id\":\"https:\\\/\\\/kwapil.at\\\/#organization\"},\"alternateName\":\"maxongroup.at\",\"potentialAction\":[{\"@type\":\"SearchAction\",\"target\":{\"@type\":\"EntryPoint\",\"urlTemplate\":\"https:\\\/\\\/kwapil.at\\\/?s={search_term_string}\"},\"query-input\":{\"@type\":\"PropertyValueSpecification\",\"valueRequired\":true,\"valueName\":\"search_term_string\"}}],\"inLanguage\":\"pl-PL\"},{\"@type\":\"Organization\",\"@id\":\"https:\\\/\\\/kwapil.at\\\/#organization\",\"name\":\"Kwapil & Co GmbH\",\"alternateName\":\"Maxon | Kwapil\",\"url\":\"https:\\\/\\\/kwapil.at\\\/\",\"logo\":{\"@type\":\"ImageObject\",\"inLanguage\":\"pl-PL\",\"@id\":\"https:\\\/\\\/kwapil.at\\\/#\\\/schema\\\/logo\\\/image\\\/\",\"url\":\"https:\\\/\\\/kwapil.at\\\/wp-content\\\/uploads\\\/2023\\\/09\\\/cropped-kwapil_maxon_logo_standard_rgb.png\",\"contentUrl\":\"https:\\\/\\\/kwapil.at\\\/wp-content\\\/uploads\\\/2023\\\/09\\\/cropped-kwapil_maxon_logo_standard_rgb.png\",\"width\":200,\"height\":28,\"caption\":\"Kwapil & Co GmbH\"},\"image\":{\"@id\":\"https:\\\/\\\/kwapil.at\\\/#\\\/schema\\\/logo\\\/image\\\/\"},\"sameAs\":[\"https:\\\/\\\/www.linkedin.com\\\/company\\\/2505461\\\/\"],\"description\":\"\u00dcber 40 Jahre vertreibt Kwapil & Co Produkte von weltweit f\u00fchrenden Anbietern der Antriebstechnik und Elektronik an. Das Angebot reicht von Motoren \u00fcber Multiachsencontroller bis hin zu kompletten, mechatronischen Antriebssystemen. Seit 2012 ist Kwapil & Co ein Unternehmen der Schweizer maxon Gruppe.\",\"email\":\"verkauf.at@maxongroup.com\",\"telephone\":\"+43 1 278 85 85\",\"legalName\":\"Kwapil & Co GmbH\",\"foundingDate\":\"1975-05-01\",\"numberOfEmployees\":{\"@type\":\"QuantitativeValue\",\"minValue\":\"11\",\"maxValue\":\"50\"},\"ownershipFundingInfo\":\"https:\\\/\\\/kwapil.at\\\/de\\\/impressum\\\/\",\"ethicsPolicy\":\"https:\\\/\\\/kwapil.at\\\/de\\\/verhaltensrichtlinien\\\/\"}]}<\/script>\n<!-- \/ Yoast SEO Premium plugin. -->","yoast_head_json":{"title":"YEP - maxon | Kwapil","robots":{"index":"index","follow":"follow","max-snippet":"max-snippet:-1","max-image-preview":"max-image-preview:large","max-video-preview":"max-video-preview:-1"},"canonical":"https:\/\/kwapil.at\/pl\/yep-2\/","og_locale":"pl_PL","og_type":"article","og_title":"YEP","og_description":"Sie sind hier: YEP. YEP Das Young Engineers Program von maxon maxon unterst\u00fctzt junge Ingenieure und Start-ups.Die Vorteile Motoren, Getriebe und Steuerungen zu erm\u00e4\u00dfigten Preisen oder sogar kostenlos. Technische Unterst\u00fctzung durch unsere Experten. Promotion und Kommunikation Ihres Projekts auf maxon Kan\u00e4len (sofern das Projekt nicht vertraulich ist). Wie Sie teilnehmen k\u00f6nnen F\u00fcllen Sie das Online-Formular [&hellip;]","og_url":"https:\/\/kwapil.at\/pl\/yep-2\/","og_site_name":"maxon | Kwapil","article_modified_time":"2026-02-02T13:27:42+00:00","og_image":[{"width":1500,"height":1000,"url":"https:\/\/kwapil.at\/wp-content\/uploads\/2024\/01\/dsc00075_2-3dd34652.jpg","type":"image\/jpeg"}],"twitter_card":"summary_large_image","twitter_misc":{"Szacowany czas czytania":"2 minuty"},"schema":{"@context":"https:\/\/schema.org","@graph":[{"@type":"WebPage","@id":"https:\/\/kwapil.at\/de\/yep-2\/","url":"https:\/\/kwapil.at\/de\/yep-2\/","name":"YEP - maxon | Kwapil","isPartOf":{"@id":"https:\/\/kwapil.at\/#website"},"primaryImageOfPage":{"@id":"https:\/\/kwapil.at\/de\/yep-2\/#primaryimage"},"image":{"@id":"https:\/\/kwapil.at\/de\/yep-2\/#primaryimage"},"thumbnailUrl":"https:\/\/kwapil.at\/wp-content\/uploads\/2024\/01\/dsc00075_2-3dd34652-1024x683.jpg","datePublished":"2025-06-18T09:27:08+00:00","dateModified":"2026-02-02T13:27:42+00:00","breadcrumb":{"@id":"https:\/\/kwapil.at\/de\/yep-2\/#breadcrumb"},"inLanguage":"pl-PL","potentialAction":[{"@type":"ReadAction","target":["https:\/\/kwapil.at\/de\/yep-2\/"]}]},{"@type":"ImageObject","inLanguage":"pl-PL","@id":"https:\/\/kwapil.at\/de\/yep-2\/#primaryimage","url":"https:\/\/kwapil.at\/wp-content\/uploads\/2024\/01\/dsc00075_2-3dd34652-1024x683.jpg","contentUrl":"https:\/\/kwapil.at\/wp-content\/uploads\/2024\/01\/dsc00075_2-3dd34652-1024x683.jpg"},{"@type":"BreadcrumbList","@id":"https:\/\/kwapil.at\/de\/yep-2\/#breadcrumb","itemListElement":[{"@type":"ListItem","position":1,"name":"Unternehmen","item":"https:\/\/kwapil.at\/de\/"},{"@type":"ListItem","position":2,"name":"YEP"}]},{"@type":"WebSite","@id":"https:\/\/kwapil.at\/#website","url":"https:\/\/kwapil.at\/","name":"Kwapil.com","description":"Technologia nap\u0119d\u00f3w i elektronika","publisher":{"@id":"https:\/\/kwapil.at\/#organization"},"alternateName":"maxongroup.at","potentialAction":[{"@type":"SearchAction","target":{"@type":"EntryPoint","urlTemplate":"https:\/\/kwapil.at\/?s={search_term_string}"},"query-input":{"@type":"PropertyValueSpecification","valueRequired":true,"valueName":"search_term_string"}}],"inLanguage":"pl-PL"},{"@type":"Organization","@id":"https:\/\/kwapil.at\/#organization","name":"Kwapil &amp; Co GmbH","alternateName":"Maxon | Kwapil","url":"https:\/\/kwapil.at\/","logo":{"@type":"ImageObject","inLanguage":"pl-PL","@id":"https:\/\/kwapil.at\/#\/schema\/logo\/image\/","url":"https:\/\/kwapil.at\/wp-content\/uploads\/2023\/09\/cropped-kwapil_maxon_logo_standard_rgb.png","contentUrl":"https:\/\/kwapil.at\/wp-content\/uploads\/2023\/09\/cropped-kwapil_maxon_logo_standard_rgb.png","width":200,"height":28,"caption":"Kwapil & Co GmbH"},"image":{"@id":"https:\/\/kwapil.at\/#\/schema\/logo\/image\/"},"sameAs":["https:\/\/www.linkedin.com\/company\/2505461\/"],"description":"Od ponad 40 lat Kwapil &amp; Co sprzedaje produkty wiod\u0105cych \u015bwiatowych dostawc\u00f3w technologii nap\u0119dowej i elektroniki. Gama produkt\u00f3w rozci\u0105ga si\u0119 od silnik\u00f3w i sterownik\u00f3w wieloosiowych po kompletne mechatroniczne systemy nap\u0119dowe. Kwapil &amp; Co jest cz\u0119\u015bci\u0105 szwajcarskiej grupy maxon od 2012 roku.","email":"verkauf.at@maxongroup.com","telephone":"+43 1 278 85 85","legalName":"Kwapil & Co GmbH","foundingDate":"1975-05-01","numberOfEmployees":{"@type":"QuantitativeValue","minValue":"11","maxValue":"50"},"ownershipFundingInfo":"https:\/\/kwapil.at\/de\/impressum\/","ethicsPolicy":"https:\/\/kwapil.at\/de\/verhaltensrichtlinien\/"}]}},"_links":{"self":[{"href":"https:\/\/kwapil.at\/pl\/wp-json\/wp\/v2\/pages\/13301","targetHints":{"allow":["GET"]}}],"collection":[{"href":"https:\/\/kwapil.at\/pl\/wp-json\/wp\/v2\/pages"}],"about":[{"href":"https:\/\/kwapil.at\/pl\/wp-json\/wp\/v2\/types\/page"}],"author":[{"embeddable":true,"href":"https:\/\/kwapil.at\/pl\/wp-json\/wp\/v2\/users\/1"}],"replies":[{"embeddable":true,"href":"https:\/\/kwapil.at\/pl\/wp-json\/wp\/v2\/comments?post=13301"}],"version-history":[{"count":78,"href":"https:\/\/kwapil.at\/pl\/wp-json\/wp\/v2\/pages\/13301\/revisions"}],"predecessor-version":[{"id":14113,"href":"https:\/\/kwapil.at\/pl\/wp-json\/wp\/v2\/pages\/13301\/revisions\/14113"}],"wp:attachment":[{"href":"https:\/\/kwapil.at\/pl\/wp-json\/wp\/v2\/media?parent=13301"}],"curies":[{"name":"wp","href":"https:\/\/api.w.org\/{rel}","templated":true}]}}