{"id":4013,"date":"2023-10-09T13:12:59","date_gmt":"2023-10-09T11:12:59","guid":{"rendered":"https:\/\/kwapil.austroplace.at\/?page_id=4013"},"modified":"2025-09-10T10:34:20","modified_gmt":"2025-09-10T08:34:20","slug":"oriental_motor","status":"publish","type":"page","link":"https:\/\/kwapil.at\/pl\/oriental_motor\/","title":{"rendered":"Oriental Motor"},"content":{"rendered":"<div data-elementor-type=\"wp-page\" data-elementor-id=\"4013\" class=\"elementor elementor-4013\" data-elementor-post-type=\"page\">\n\t\t\t\t<div class=\"elementor-element elementor-element-d019c98 e-con-full e-flex e-con e-parent\" data-id=\"d019c98\" data-element_type=\"container\" data-e-type=\"container\">\n\t\t\t\t<div class=\"elementor-element elementor-element-593b699 elementor--h-position-center elementor--v-position-middle elementor-arrows-position-inside elementor-pagination-position-inside elementor-widget elementor-widget-slides\" data-id=\"593b699\" data-element_type=\"widget\" data-e-type=\"widget\" data-settings=\"{&quot;navigation&quot;:&quot;both&quot;,&quot;autoplay&quot;:&quot;yes&quot;,&quot;pause_on_hover&quot;:&quot;yes&quot;,&quot;pause_on_interaction&quot;:&quot;yes&quot;,&quot;autoplay_speed&quot;:5000,&quot;infinite&quot;:&quot;yes&quot;,&quot;transition&quot;:&quot;slide&quot;,&quot;transition_speed&quot;:500}\" data-widget_type=\"slides.default\">\n\t\t\t\t\t\t\t\t\t\t<div class=\"elementor-slides-wrapper elementor-main-swiper swiper\" role=\"region\" aria-roledescription=\"carousel\" aria-label=\"Suwak\" dir=\"ltr\" data-animation=\"fadeInUp\">\n\t\t\t\t<div class=\"swiper-wrapper elementor-slides\">\n\t\t\t\t\t\t\t\t\t\t<div class=\"elementor-repeater-item-7f62e4c swiper-slide\" role=\"group\" aria-roledescription=\"slide\"><div class=\"swiper-slide-bg elementor-ken-burns elementor-ken-burns--in\" role=\"img\" aria-label=\"maxon1132_DL-cropped\"><\/div><div class=\"swiper-slide-inner\" ><div class=\"swiper-slide-contents\"><\/div><\/div><\/div><div class=\"elementor-repeater-item-10bbdd4 swiper-slide\" role=\"group\" aria-roledescription=\"slide\"><div class=\"swiper-slide-bg elementor-ken-burns elementor-ken-burns--in\" role=\"img\" aria-label=\"maxon1049_DL-cropped\"><\/div><div class=\"swiper-slide-inner\" ><div class=\"swiper-slide-contents\"><\/div><\/div><\/div><div class=\"elementor-repeater-item-8b823fc swiper-slide\" role=\"group\" aria-roledescription=\"slide\"><div class=\"swiper-slide-bg elementor-ken-burns elementor-ken-burns--in\" role=\"img\" aria-label=\"Header_Robotics&amp;E-Mobility\"><\/div><div class=\"swiper-slide-inner\" ><div class=\"swiper-slide-contents\"><\/div><\/div><\/div><div class=\"elementor-repeater-item-8f3989d swiper-slide\" role=\"group\" aria-roledescription=\"slide\"><div class=\"swiper-slide-bg elementor-ken-burns elementor-ken-burns--in\" role=\"img\" aria-label=\"Header_Medical-Technology\"><\/div><div class=\"swiper-slide-inner\" ><div class=\"swiper-slide-contents\"><\/div><\/div><\/div><div class=\"elementor-repeater-item-00b48ac swiper-slide\" role=\"group\" aria-roledescription=\"slide\"><div class=\"swiper-slide-bg elementor-ken-burns elementor-ken-burns--in\" role=\"img\" aria-label=\"Header_Industrial-Automation\"><\/div><div class=\"swiper-slide-inner\" ><div class=\"swiper-slide-contents\"><\/div><\/div><\/div><div class=\"elementor-repeater-item-e4f1072 swiper-slide\" role=\"group\" aria-roledescription=\"slide\"><div class=\"swiper-slide-bg elementor-ken-burns elementor-ken-burns--in\" role=\"img\" aria-label=\"Header_Aerospace\"><\/div><div class=\"swiper-slide-inner\" ><div class=\"swiper-slide-contents\"><\/div><\/div><\/div>\t\t\t\t<\/div>\n\t\t\t\t\t\t\t\t\t\t\t\t\t\t\t<div class=\"elementor-swiper-button elementor-swiper-button-prev\" role=\"button\" tabindex=\"0\" aria-label=\"El\u0151z\u0151 dia\" data-no-translation-aria-label=\"\">\n\t\t\t\t\t\t\t<svg aria-hidden=\"true\" class=\"e-font-icon-svg e-eicon-chevron-left\" viewbox=\"0 0 1000 1000\" xmlns=\"http:\/\/www.w3.org\/2000\/svg\"><path d=\"M646 125C629 125 613 133 604 142L308 442C296 454 292 471 292 487 292 504 296 521 308 533L604 854C617 867 629 875 646 875 663 875 679 871 692 858 704 846 713 829 713 812 713 796 708 779 692 767L438 487 692 225C700 217 708 204 708 187 708 171 704 154 692 142 675 129 663 125 646 125Z\"><\/path><\/svg>\t\t\t\t\t\t<\/div>\n\t\t\t\t\t\t<div class=\"elementor-swiper-button elementor-swiper-button-next\" role=\"button\" tabindex=\"0\" aria-label=\"K\u00f6vetkez\u0151 dia\" data-no-translation-aria-label=\"\">\n\t\t\t\t\t\t\t<svg aria-hidden=\"true\" class=\"e-font-icon-svg e-eicon-chevron-right\" viewbox=\"0 0 1000 1000\" xmlns=\"http:\/\/www.w3.org\/2000\/svg\"><path d=\"M696 533C708 521 713 504 713 487 713 471 708 454 696 446L400 146C388 133 375 125 354 125 338 125 325 129 313 142 300 154 292 171 292 187 292 204 296 221 308 233L563 492 304 771C292 783 288 800 288 817 288 833 296 850 308 863 321 871 338 875 354 875 371 875 388 867 400 854L696 533Z\"><\/path><\/svg>\t\t\t\t\t\t<\/div>\n\t\t\t\t\t\t\t\t\t\t\t\t\t\t\t\t<div class=\"swiper-pagination\"><\/div>\n\t\t\t\t\t\t\t\t\t\t\t\t<\/div>\n\t\t\t\t\t\t\t\t<\/div>\n\t\t\t\t<\/div>\n\t\t<div class=\"elementor-element elementor-element-14b673a e-flex e-con-boxed e-con e-parent\" data-id=\"14b673a\" data-element_type=\"container\" data-e-type=\"container\">\n\t\t\t\t\t<div class=\"e-con-inner\">\n\t\t<div class=\"elementor-element elementor-element-d535737 e-con-full e-flex e-con e-child\" data-id=\"d535737\" data-element_type=\"container\" data-e-type=\"container\">\n\t\t\t\t<div class=\"elementor-element elementor-element-9b5a811 elementor-widget elementor-widget-text-editor\" data-id=\"9b5a811\" data-element_type=\"widget\" data-e-type=\"widget\" data-widget_type=\"text-editor.default\">\n\t\t\t\t\t\t\t\t\t<p>Jeste\u015b tutaj: <b><a href=\"https:\/\/kwapil.at\/pl\/produkte\/\">Produkty<\/a><\/b> &gt; Oriental Motor\u00a0<\/p>\t\t\t\t\t\t\t\t<\/div>\n\t\t\t\t<\/div>\n\t\t\t\t\t<\/div>\n\t\t\t\t<\/div>\n\t\t<div class=\"elementor-element elementor-element-8639c2b e-flex e-con-boxed e-con e-parent\" data-id=\"8639c2b\" data-element_type=\"container\" data-e-type=\"container\">\n\t\t\t\t\t<div class=\"e-con-inner\">\n\t\t<div class=\"elementor-element elementor-element-f65084c e-con-full e-flex e-con e-child\" data-id=\"f65084c\" data-element_type=\"container\" data-e-type=\"container\">\n\t\t\t\t<div class=\"elementor-element elementor-element-35cf59f elementor-widget elementor-widget-image\" data-id=\"35cf59f\" data-element_type=\"widget\" data-e-type=\"widget\" data-widget_type=\"image.default\">\n\t\t\t\t\t\t\t\t\t\t\t\t\t\t\t<img decoding=\"async\" width=\"190\" height=\"25\" src=\"https:\/\/kwapil.at\/wp-content\/uploads\/2023\/09\/oriental-motor_web.gif\" class=\"attachment-large size-large wp-image-751\" alt=\"\" \/>\t\t\t\t\t\t\t\t\t\t\t\t\t\t\t<\/div>\n\t\t\t\t<\/div>\n\t\t<div class=\"elementor-element elementor-element-f53a575 e-flex e-con-boxed e-con e-child\" data-id=\"f53a575\" data-element_type=\"container\" data-e-type=\"container\">\n\t\t\t\t\t<div class=\"e-con-inner\">\n\t\t\t\t<div class=\"elementor-element elementor-element-cd46052 elementor-hidden-mobile elementor-widget elementor-widget-text-editor\" data-id=\"cd46052\" data-element_type=\"widget\" data-e-type=\"widget\" data-widget_type=\"text-editor.default\">\n\t\t\t\t\t\t\t\t\t<p><a href=\"https:\/\/kwapil.at\/pl\/orientalmotor_produkte\/\">Przegl\u0105d produkt\u00f3w<\/a><\/p><p><a href=\"https:\/\/kwapil.at\/pl\/oriental-motor-fachberichte\/\">Aktualno\u015bci techniczne<\/a><\/p>\t\t\t\t\t\t\t\t<\/div>\n\t\t\t\t\t<\/div>\n\t\t\t\t<\/div>\n\t\t\t\t\t<\/div>\n\t\t\t\t<\/div>\n\t\t<div class=\"elementor-element elementor-element-2980a32 elementor-hidden-desktop elementor-hidden-tablet e-flex e-con-boxed e-con e-parent\" data-id=\"2980a32\" data-element_type=\"container\" data-e-type=\"container\">\n\t\t\t\t\t<div class=\"e-con-inner\">\n\t\t\t\t<div class=\"elementor-element elementor-element-040bf93 elementor-widget elementor-widget-text-editor\" data-id=\"040bf93\" data-element_type=\"widget\" data-e-type=\"widget\" data-widget_type=\"text-editor.default\">\n\t\t\t\t\t\t\t\t\t<p><a href=\"https:\/\/kwapil.at\/pl\/orientalmotor_produkte\/\">Przegl\u0105d produkt\u00f3w<\/a><\/p>\t\t\t\t\t\t\t\t<\/div>\n\t\t\t\t\t<\/div>\n\t\t\t\t<\/div>\n\t\t<div class=\"elementor-element elementor-element-d2686cc e-flex e-con-boxed e-con e-parent\" data-id=\"d2686cc\" data-element_type=\"container\" data-e-type=\"container\">\n\t\t\t\t\t<div class=\"e-con-inner\">\n\t\t<div class=\"elementor-element elementor-element-919cf3a e-con-full e-flex e-con e-child\" data-id=\"919cf3a\" data-element_type=\"container\" data-e-type=\"container\">\n\t\t<div class=\"elementor-element elementor-element-a3aab9c e-flex e-con-boxed e-con e-child\" data-id=\"a3aab9c\" data-element_type=\"container\" data-e-type=\"container\">\n\t\t\t\t\t<div class=\"e-con-inner\">\n\t\t\t\t<div class=\"elementor-element elementor-element-566c80c elementor-widget elementor-widget-text-editor\" data-id=\"566c80c\" data-element_type=\"widget\" data-e-type=\"widget\" data-widget_type=\"text-editor.default\">\n\t\t\t\t\t\t\t\t\t<div style=\"max-width: 1024px; font-family: Arial, Helvetica, sans-serif;\">\n<p style=\"font-family: Arial, sans-serif;\">Firma Oriental Motor opracowuje i produkuje wysokiej jako\u015bci<\/p>\n\n<ul style=\"font-size: 15px; background-color: #ffffff; font-family: Arial, sans-serif;\">\n \t<li style=\"font-size: 15px;\">Kompaktowe silniki AC<\/li>\n \t<li style=\"font-size: 15px;\">Silniki BLDC<\/li>\n \t<li style=\"font-size: 15px;\">Silniki krokowe i systemy z zastosowaniem silnik\u00f3w krokowych<\/li>\n \t<li style=\"font-size: 15px;\">Serwonapedy<\/li>\n \t<li style=\"font-size: 15px;\">Ruchy liniowe \/ aktuatory<\/li>\n \t<li style=\"font-size: 15px;\">Wentylatory<\/li>\n<\/ul><p>\n<p style=\"font-family: Arial, sans-serif;\">Firma Oriental Motor zosta\u0142a za\u0142o\u017cona w 1885 roku i obecnie zaopatruje producent\u00f3w w sektorach przemys\u0142owych, takich jak robotyka, maszyny pomiarowe, przemys\u0142 p\u00f3\u0142przewodnikowy i technologia medyczna.\nInnowacyjno\u015b\u0107 jest si\u0142\u0105 nap\u0119dow\u0105 i zobowi\u0105zaniem Oriental Motor. Od producenta pierwszego w Japonii standardowego silnika kompaktowego, firma rozwin\u0119\u0142a si\u0119 w dostawc\u0119 silnik\u00f3w o zmiennej pr\u0119dko\u015bci.<\/p>\n\n<\/div>\n<div style=\"max-width: 1024px; font-family: Arial, Helvetica, sans-serif;\"><\/div>\t\t\t\t\t\t\t\t<\/div>\n\t\t<div class=\"elementor-element elementor-element-1e68119 e-flex e-con-boxed e-con e-child\" data-id=\"1e68119\" data-element_type=\"container\" data-e-type=\"container\">\n\t\t\t\t\t<div class=\"e-con-inner\">\n\t\t\t\t<div class=\"elementor-element elementor-element-3c19871 elementor-widget elementor-widget-image\" data-id=\"3c19871\" data-element_type=\"widget\" data-e-type=\"widget\" data-widget_type=\"image.default\">\n\t\t\t\t\t\t\t\t\t\t\t\t\t\t\t\t<a href=\"https:\/\/kwapil.at\/wp-content\/uploads\/2023\/10\/header-ori-1.jpg\" data-elementor-open-lightbox=\"yes\" data-e-action-hash=\"#elementor-action%3Aaction%3Dlightbox%26settings%3DeyJpZCI6NDAxNiwidXJsIjoiaHR0cHM6XC9cL2t3YXBpbC5hdFwvd3AtY29udGVudFwvdXBsb2Fkc1wvMjAyM1wvMTBcL2hlYWRlci1vcmktMS5qcGcifQ%3D%3D\">\n\t\t\t\t\t\t\t<img fetchpriority=\"high\" decoding=\"async\" width=\"800\" height=\"177\" src=\"https:\/\/kwapil.at\/wp-content\/uploads\/2023\/10\/header-ori-1.jpg\" class=\"attachment-large size-large wp-image-4016\" alt=\"\" srcset=\"https:\/\/kwapil.at\/wp-content\/uploads\/2023\/10\/header-ori-1.jpg 1024w, https:\/\/kwapil.at\/wp-content\/uploads\/2023\/10\/header-ori-1-300x66.jpg 300w, https:\/\/kwapil.at\/wp-content\/uploads\/2023\/10\/header-ori-1-768x170.jpg 768w, https:\/\/kwapil.at\/wp-content\/uploads\/2023\/10\/header-ori-1-18x4.jpg 18w\" sizes=\"(max-width: 800px) 100vw, 800px\" \/>\t\t\t\t\t\t\t\t<\/a>\n\t\t\t\t\t\t\t\t\t\t\t\t\t\t\t<\/div>\n\t\t\t\t\t<\/div>\n\t\t\t\t<\/div>\n\t\t\t\t\t<\/div>\n\t\t\t\t<\/div>\n\t\t\t\t<\/div>\n\t\t<div class=\"elementor-element elementor-element-a487b8a e-con-full e-flex e-con e-child\" data-id=\"a487b8a\" data-element_type=\"container\" data-e-type=\"container\">\n\t\t<div class=\"elementor-element elementor-element-e1a1302 e-flex e-con-boxed e-con e-child\" data-id=\"e1a1302\" data-element_type=\"container\" data-e-type=\"container\">\n\t\t\t\t\t<div class=\"e-con-inner\">\n\t\t\t\t<div class=\"elementor-element elementor-element-d3633c7 elementor-widget__width-initial elementor-widget elementor-widget-image\" data-id=\"d3633c7\" data-element_type=\"widget\" data-e-type=\"widget\" data-widget_type=\"image.default\">\n\t\t\t\t\t\t\t\t\t\t\t\t\t\t\t\t<a href=\"https:\/\/kwapil.at\/wp-content\/uploads\/2024\/01\/orientalmotor-product-guide-en.pdf\" target=\"_blank\" rel=\"nofollow\">\n\t\t\t\t\t\t\t<img decoding=\"async\" width=\"633\" height=\"898\" src=\"https:\/\/kwapil.at\/wp-content\/uploads\/2024\/01\/Oriental_Motor_2024.jpg\" class=\"attachment-large size-large wp-image-8690\" alt=\"\" srcset=\"https:\/\/kwapil.at\/wp-content\/uploads\/2024\/01\/Oriental_Motor_2024.jpg 633w, https:\/\/kwapil.at\/wp-content\/uploads\/2024\/01\/Oriental_Motor_2024-211x300.jpg 211w, https:\/\/kwapil.at\/wp-content\/uploads\/2024\/01\/Oriental_Motor_2024-8x12.jpg 8w\" sizes=\"(max-width: 633px) 100vw, 633px\" \/>\t\t\t\t\t\t\t\t<\/a>\n\t\t\t\t\t\t\t\t\t\t\t\t\t\t\t<\/div>\n\t\t\t\t\t<\/div>\n\t\t\t\t<\/div>\n\t\t<div class=\"elementor-element elementor-element-ad2dab8 e-con-full e-flex e-con e-child\" data-id=\"ad2dab8\" data-element_type=\"container\" data-e-type=\"container\">\n\t\t\t\t<div class=\"elementor-element elementor-element-d3fe21e elementor-widget__width-initial elementor-widget elementor-widget-text-editor\" data-id=\"d3fe21e\" data-element_type=\"widget\" data-e-type=\"widget\" data-widget_type=\"text-editor.default\">\n\t\t\t\t\t\t\t\t\t<p><b>Przegl\u0105d produkt\u00f3w Pobierz\u00a0<\/b><a style=\"font-family: var( --e-global-typography-text-font-family ), Sans-serif; font-size: var( --e-global-typography-text-font-size ); text-align: var(--text-align); background-color: #ffffff;\" href=\"https:\/\/kwapil.at\/pl\/orientalmotor-product-guide-en-2\/\" target=\"_blank\" rel=\"noopener\">EN<\/a><\/p><p>Przegl\u0105d produkt\u00f3w zawiera przegl\u0105d wszystkich kategorii produkt\u00f3w wraz z najwa\u017cniejszymi seriami.<\/p>\t\t\t\t\t\t\t\t<\/div>\n\t\t\t\t<\/div>\n\t\t\t\t<\/div>\n\t\t\t\t\t<\/div>\n\t\t\t\t<\/div>\n\t\t<div class=\"elementor-element elementor-element-0350dc0 e-flex e-con-boxed e-con e-parent\" data-id=\"0350dc0\" data-element_type=\"container\" data-e-type=\"container\">\n\t\t\t\t\t<div class=\"e-con-inner\">\n\t\t\t\t<div class=\"elementor-element elementor-element-013a6c0 elementor-widget elementor-widget-spacer\" data-id=\"013a6c0\" data-element_type=\"widget\" data-e-type=\"widget\" data-widget_type=\"spacer.default\">\n\t\t\t\t\t\t\t<div class=\"elementor-spacer\">\n\t\t\t<div class=\"elementor-spacer-inner\"><\/div>\n\t\t<\/div>\n\t\t\t\t\t\t<\/div>\n\t\t\t\t\t<\/div>\n\t\t\t\t<\/div>\n\t\t\t\t<\/div>","protected":false},"excerpt":{"rendered":"<p>Sie sind hier: Produkte &gt; Oriental Motor\u00a0 Produk\u00fcbersicht Fachberichte Produk\u00fcbersicht Die Firma Oriental Motor entwickelt und produziert hochqualitative kompakte AC-Motoren BLDC-Motoren Schrittmotoren und Schrittmotorsysteme Servomotoren Linear- und Rotativaktuatoren L\u00fcfter Oriental Motor wurde 1885 gegr\u00fcndet und beliefert heute Hersteller in Industriebereichen wie Robotics, Messmaschinen, Halbleiterindustrie und Medizintechnik. Innovation ist Motor und Verpflichtung f\u00fcr Oriental Motor. Vom [&hellip;]<\/p>\n","protected":false},"author":1,"featured_media":0,"parent":0,"menu_order":0,"comment_status":"closed","ping_status":"closed","template":"","meta":{"footnotes":""},"class_list":["post-4013","page","type-page","status-publish","hentry"],"yoast_head":"<!-- This site is optimized with the Yoast SEO Premium plugin v27.4 (Yoast SEO v27.4) - https:\/\/yoast.com\/product\/yoast-seo-premium-wordpress\/ -->\n<title>Oriental Motor - maxon | Kwapil<\/title>\n<meta name=\"robots\" content=\"index, follow, max-snippet:-1, max-image-preview:large, max-video-preview:-1\" \/>\n<link rel=\"canonical\" href=\"https:\/\/kwapil.at\/pl\/oriental_motor\/\" \/>\n<meta property=\"og:locale\" content=\"pl_PL\" \/>\n<meta property=\"og:type\" content=\"article\" \/>\n<meta property=\"og:title\" content=\"Oriental Motor\" \/>\n<meta property=\"og:description\" content=\"Sie sind hier: Produkte &gt; Oriental Motor\u00a0 Produk\u00fcbersicht Fachberichte Produk\u00fcbersicht Die Firma Oriental Motor entwickelt und produziert hochqualitative kompakte AC-Motoren BLDC-Motoren Schrittmotoren und Schrittmotorsysteme Servomotoren Linear- und Rotativaktuatoren L\u00fcfter Oriental Motor wurde 1885 gegr\u00fcndet und beliefert heute Hersteller in Industriebereichen wie Robotics, Messmaschinen, Halbleiterindustrie und Medizintechnik. Innovation ist Motor und Verpflichtung f\u00fcr Oriental Motor. Vom [&hellip;]\" \/>\n<meta property=\"og:url\" content=\"https:\/\/kwapil.at\/pl\/oriental_motor\/\" \/>\n<meta property=\"og:site_name\" content=\"maxon | Kwapil\" \/>\n<meta property=\"article:modified_time\" content=\"2025-09-10T08:34:20+00:00\" \/>\n<meta property=\"og:image\" content=\"https:\/\/kwapil.at\/wp-content\/uploads\/2023\/09\/oriental-motor_web.gif\" \/>\n\t<meta property=\"og:image:width\" content=\"190\" \/>\n\t<meta property=\"og:image:height\" content=\"25\" \/>\n\t<meta property=\"og:image:type\" content=\"image\/gif\" \/>\n<meta name=\"twitter:card\" content=\"summary_large_image\" \/>\n<meta name=\"twitter:label1\" content=\"Szacowany czas czytania\" \/>\n\t<meta name=\"twitter:data1\" content=\"2 minuty\" \/>\n<script type=\"application\/ld+json\" class=\"yoast-schema-graph\">{\"@context\":\"https:\\\/\\\/schema.org\",\"@graph\":[{\"@type\":\"WebPage\",\"@id\":\"https:\\\/\\\/kwapil.at\\\/de\\\/oriental_motor\\\/\",\"url\":\"https:\\\/\\\/kwapil.at\\\/de\\\/oriental_motor\\\/\",\"name\":\"Oriental Motor - maxon | Kwapil\",\"isPartOf\":{\"@id\":\"https:\\\/\\\/kwapil.at\\\/#website\"},\"primaryImageOfPage\":{\"@id\":\"https:\\\/\\\/kwapil.at\\\/de\\\/oriental_motor\\\/#primaryimage\"},\"image\":{\"@id\":\"https:\\\/\\\/kwapil.at\\\/de\\\/oriental_motor\\\/#primaryimage\"},\"thumbnailUrl\":\"https:\\\/\\\/kwapil.at\\\/wp-content\\\/uploads\\\/2023\\\/09\\\/oriental-motor_web.gif\",\"datePublished\":\"2023-10-09T11:12:59+00:00\",\"dateModified\":\"2025-09-10T08:34:20+00:00\",\"breadcrumb\":{\"@id\":\"https:\\\/\\\/kwapil.at\\\/de\\\/oriental_motor\\\/#breadcrumb\"},\"inLanguage\":\"pl-PL\",\"potentialAction\":[{\"@type\":\"ReadAction\",\"target\":[\"https:\\\/\\\/kwapil.at\\\/de\\\/oriental_motor\\\/\"]}]},{\"@type\":\"ImageObject\",\"inLanguage\":\"pl-PL\",\"@id\":\"https:\\\/\\\/kwapil.at\\\/de\\\/oriental_motor\\\/#primaryimage\",\"url\":\"https:\\\/\\\/kwapil.at\\\/wp-content\\\/uploads\\\/2023\\\/09\\\/oriental-motor_web.gif\",\"contentUrl\":\"https:\\\/\\\/kwapil.at\\\/wp-content\\\/uploads\\\/2023\\\/09\\\/oriental-motor_web.gif\"},{\"@type\":\"BreadcrumbList\",\"@id\":\"https:\\\/\\\/kwapil.at\\\/de\\\/oriental_motor\\\/#breadcrumb\",\"itemListElement\":[{\"@type\":\"ListItem\",\"position\":1,\"name\":\"Unternehmen\",\"item\":\"https:\\\/\\\/kwapil.at\\\/de\\\/\"},{\"@type\":\"ListItem\",\"position\":2,\"name\":\"Oriental Motor\"}]},{\"@type\":\"WebSite\",\"@id\":\"https:\\\/\\\/kwapil.at\\\/#website\",\"url\":\"https:\\\/\\\/kwapil.at\\\/\",\"name\":\"Kwapil.com\",\"description\":\"Antriebstechnik und Elektronik\",\"publisher\":{\"@id\":\"https:\\\/\\\/kwapil.at\\\/#organization\"},\"alternateName\":\"maxongroup.at\",\"potentialAction\":[{\"@type\":\"SearchAction\",\"target\":{\"@type\":\"EntryPoint\",\"urlTemplate\":\"https:\\\/\\\/kwapil.at\\\/?s={search_term_string}\"},\"query-input\":{\"@type\":\"PropertyValueSpecification\",\"valueRequired\":true,\"valueName\":\"search_term_string\"}}],\"inLanguage\":\"pl-PL\"},{\"@type\":\"Organization\",\"@id\":\"https:\\\/\\\/kwapil.at\\\/#organization\",\"name\":\"Kwapil & Co GmbH\",\"alternateName\":\"Maxon | Kwapil\",\"url\":\"https:\\\/\\\/kwapil.at\\\/\",\"logo\":{\"@type\":\"ImageObject\",\"inLanguage\":\"pl-PL\",\"@id\":\"https:\\\/\\\/kwapil.at\\\/#\\\/schema\\\/logo\\\/image\\\/\",\"url\":\"https:\\\/\\\/kwapil.at\\\/wp-content\\\/uploads\\\/2023\\\/09\\\/cropped-kwapil_maxon_logo_standard_rgb.png\",\"contentUrl\":\"https:\\\/\\\/kwapil.at\\\/wp-content\\\/uploads\\\/2023\\\/09\\\/cropped-kwapil_maxon_logo_standard_rgb.png\",\"width\":200,\"height\":28,\"caption\":\"Kwapil & Co GmbH\"},\"image\":{\"@id\":\"https:\\\/\\\/kwapil.at\\\/#\\\/schema\\\/logo\\\/image\\\/\"},\"sameAs\":[\"https:\\\/\\\/www.linkedin.com\\\/company\\\/2505461\\\/\"],\"description\":\"\u00dcber 40 Jahre vertreibt Kwapil & Co Produkte von weltweit f\u00fchrenden Anbietern der Antriebstechnik und Elektronik an. Das Angebot reicht von Motoren \u00fcber Multiachsencontroller bis hin zu kompletten, mechatronischen Antriebssystemen. Seit 2012 ist Kwapil & Co ein Unternehmen der Schweizer maxon Gruppe.\",\"email\":\"verkauf.at@maxongroup.com\",\"telephone\":\"+43 1 278 85 85\",\"legalName\":\"Kwapil & Co GmbH\",\"foundingDate\":\"1975-05-01\",\"numberOfEmployees\":{\"@type\":\"QuantitativeValue\",\"minValue\":\"11\",\"maxValue\":\"50\"},\"ownershipFundingInfo\":\"https:\\\/\\\/kwapil.at\\\/de\\\/impressum\\\/\",\"ethicsPolicy\":\"https:\\\/\\\/kwapil.at\\\/de\\\/verhaltensrichtlinien\\\/\"}]}<\/script>\n<!-- \/ Yoast SEO Premium plugin. -->","yoast_head_json":{"title":"Oriental Motor - maxon | Kwapil","robots":{"index":"index","follow":"follow","max-snippet":"max-snippet:-1","max-image-preview":"max-image-preview:large","max-video-preview":"max-video-preview:-1"},"canonical":"https:\/\/kwapil.at\/pl\/oriental_motor\/","og_locale":"pl_PL","og_type":"article","og_title":"Oriental Motor","og_description":"Sie sind hier: Produkte &gt; Oriental Motor\u00a0 Produk\u00fcbersicht Fachberichte Produk\u00fcbersicht Die Firma Oriental Motor entwickelt und produziert hochqualitative kompakte AC-Motoren BLDC-Motoren Schrittmotoren und Schrittmotorsysteme Servomotoren Linear- und Rotativaktuatoren L\u00fcfter Oriental Motor wurde 1885 gegr\u00fcndet und beliefert heute Hersteller in Industriebereichen wie Robotics, Messmaschinen, Halbleiterindustrie und Medizintechnik. Innovation ist Motor und Verpflichtung f\u00fcr Oriental Motor. Vom [&hellip;]","og_url":"https:\/\/kwapil.at\/pl\/oriental_motor\/","og_site_name":"maxon | Kwapil","article_modified_time":"2025-09-10T08:34:20+00:00","og_image":[{"width":190,"height":25,"url":"https:\/\/kwapil.at\/wp-content\/uploads\/2023\/09\/oriental-motor_web.gif","type":"image\/gif"}],"twitter_card":"summary_large_image","twitter_misc":{"Szacowany czas czytania":"2 minuty"},"schema":{"@context":"https:\/\/schema.org","@graph":[{"@type":"WebPage","@id":"https:\/\/kwapil.at\/de\/oriental_motor\/","url":"https:\/\/kwapil.at\/de\/oriental_motor\/","name":"Oriental Motor - maxon | Kwapil","isPartOf":{"@id":"https:\/\/kwapil.at\/#website"},"primaryImageOfPage":{"@id":"https:\/\/kwapil.at\/de\/oriental_motor\/#primaryimage"},"image":{"@id":"https:\/\/kwapil.at\/de\/oriental_motor\/#primaryimage"},"thumbnailUrl":"https:\/\/kwapil.at\/wp-content\/uploads\/2023\/09\/oriental-motor_web.gif","datePublished":"2023-10-09T11:12:59+00:00","dateModified":"2025-09-10T08:34:20+00:00","breadcrumb":{"@id":"https:\/\/kwapil.at\/de\/oriental_motor\/#breadcrumb"},"inLanguage":"pl-PL","potentialAction":[{"@type":"ReadAction","target":["https:\/\/kwapil.at\/de\/oriental_motor\/"]}]},{"@type":"ImageObject","inLanguage":"pl-PL","@id":"https:\/\/kwapil.at\/de\/oriental_motor\/#primaryimage","url":"https:\/\/kwapil.at\/wp-content\/uploads\/2023\/09\/oriental-motor_web.gif","contentUrl":"https:\/\/kwapil.at\/wp-content\/uploads\/2023\/09\/oriental-motor_web.gif"},{"@type":"BreadcrumbList","@id":"https:\/\/kwapil.at\/de\/oriental_motor\/#breadcrumb","itemListElement":[{"@type":"ListItem","position":1,"name":"Unternehmen","item":"https:\/\/kwapil.at\/de\/"},{"@type":"ListItem","position":2,"name":"Oriental Motor"}]},{"@type":"WebSite","@id":"https:\/\/kwapil.at\/#website","url":"https:\/\/kwapil.at\/","name":"Kwapil.com","description":"Technologia nap\u0119d\u00f3w i elektronika","publisher":{"@id":"https:\/\/kwapil.at\/#organization"},"alternateName":"maxongroup.at","potentialAction":[{"@type":"SearchAction","target":{"@type":"EntryPoint","urlTemplate":"https:\/\/kwapil.at\/?s={search_term_string}"},"query-input":{"@type":"PropertyValueSpecification","valueRequired":true,"valueName":"search_term_string"}}],"inLanguage":"pl-PL"},{"@type":"Organization","@id":"https:\/\/kwapil.at\/#organization","name":"Kwapil &amp; Co GmbH","alternateName":"Maxon | Kwapil","url":"https:\/\/kwapil.at\/","logo":{"@type":"ImageObject","inLanguage":"pl-PL","@id":"https:\/\/kwapil.at\/#\/schema\/logo\/image\/","url":"https:\/\/kwapil.at\/wp-content\/uploads\/2023\/09\/cropped-kwapil_maxon_logo_standard_rgb.png","contentUrl":"https:\/\/kwapil.at\/wp-content\/uploads\/2023\/09\/cropped-kwapil_maxon_logo_standard_rgb.png","width":200,"height":28,"caption":"Kwapil & Co GmbH"},"image":{"@id":"https:\/\/kwapil.at\/#\/schema\/logo\/image\/"},"sameAs":["https:\/\/www.linkedin.com\/company\/2505461\/"],"description":"Od ponad 40 lat Kwapil &amp; Co sprzedaje produkty wiod\u0105cych \u015bwiatowych dostawc\u00f3w technologii nap\u0119dowej i elektroniki. Gama produkt\u00f3w rozci\u0105ga si\u0119 od silnik\u00f3w i sterownik\u00f3w wieloosiowych po kompletne mechatroniczne systemy nap\u0119dowe. Kwapil &amp; Co jest cz\u0119\u015bci\u0105 szwajcarskiej grupy maxon od 2012 roku.","email":"verkauf.at@maxongroup.com","telephone":"+43 1 278 85 85","legalName":"Kwapil & Co GmbH","foundingDate":"1975-05-01","numberOfEmployees":{"@type":"QuantitativeValue","minValue":"11","maxValue":"50"},"ownershipFundingInfo":"https:\/\/kwapil.at\/de\/impressum\/","ethicsPolicy":"https:\/\/kwapil.at\/de\/verhaltensrichtlinien\/"}]}},"_links":{"self":[{"href":"https:\/\/kwapil.at\/pl\/wp-json\/wp\/v2\/pages\/4013","targetHints":{"allow":["GET"]}}],"collection":[{"href":"https:\/\/kwapil.at\/pl\/wp-json\/wp\/v2\/pages"}],"about":[{"href":"https:\/\/kwapil.at\/pl\/wp-json\/wp\/v2\/types\/page"}],"author":[{"embeddable":true,"href":"https:\/\/kwapil.at\/pl\/wp-json\/wp\/v2\/users\/1"}],"replies":[{"embeddable":true,"href":"https:\/\/kwapil.at\/pl\/wp-json\/wp\/v2\/comments?post=4013"}],"version-history":[{"count":3,"href":"https:\/\/kwapil.at\/pl\/wp-json\/wp\/v2\/pages\/4013\/revisions"}],"predecessor-version":[{"id":13683,"href":"https:\/\/kwapil.at\/pl\/wp-json\/wp\/v2\/pages\/4013\/revisions\/13683"}],"wp:attachment":[{"href":"https:\/\/kwapil.at\/pl\/wp-json\/wp\/v2\/media?parent=4013"}],"curies":[{"name":"wp","href":"https:\/\/api.w.org\/{rel}","templated":true}]}}