{"id":4459,"date":"2023-10-11T11:40:56","date_gmt":"2023-10-11T09:40:56","guid":{"rendered":"https:\/\/kwapil.austroplace.at\/?page_id=4459"},"modified":"2024-08-29T12:52:42","modified_gmt":"2024-08-29T10:52:42","slug":"electromen","status":"publish","type":"page","link":"https:\/\/kwapil.at\/pl\/electromen\/","title":{"rendered":"-"},"content":{"rendered":"<div data-elementor-type=\"wp-page\" data-elementor-id=\"4459\" class=\"elementor elementor-4459\" data-elementor-post-type=\"page\">\n\t\t\t\t<div class=\"elementor-element elementor-element-d019c98 e-con-full e-flex e-con e-parent\" data-id=\"d019c98\" data-element_type=\"container\" data-e-type=\"container\">\n\t\t\t\t<div class=\"elementor-element elementor-element-593b699 elementor--h-position-center elementor--v-position-middle elementor-arrows-position-inside elementor-pagination-position-inside elementor-widget elementor-widget-slides\" data-id=\"593b699\" data-element_type=\"widget\" data-e-type=\"widget\" data-settings=\"{&quot;navigation&quot;:&quot;both&quot;,&quot;autoplay&quot;:&quot;yes&quot;,&quot;pause_on_hover&quot;:&quot;yes&quot;,&quot;pause_on_interaction&quot;:&quot;yes&quot;,&quot;autoplay_speed&quot;:5000,&quot;infinite&quot;:&quot;yes&quot;,&quot;transition&quot;:&quot;slide&quot;,&quot;transition_speed&quot;:500}\" data-widget_type=\"slides.default\">\n\t\t\t\t\t\t\t\t\t\t<div class=\"elementor-slides-wrapper elementor-main-swiper swiper\" role=\"region\" aria-roledescription=\"carousel\" aria-label=\"Suwak\" dir=\"ltr\" data-animation=\"fadeInUp\">\n\t\t\t\t<div class=\"swiper-wrapper elementor-slides\">\n\t\t\t\t\t\t\t\t\t\t<div class=\"elementor-repeater-item-7f62e4c swiper-slide\" role=\"group\" aria-roledescription=\"slide\"><div class=\"swiper-slide-bg elementor-ken-burns elementor-ken-burns--in\" role=\"img\" aria-label=\"maxon1132_DL-cropped\"><\/div><div class=\"swiper-slide-inner\" ><div class=\"swiper-slide-contents\"><\/div><\/div><\/div><div class=\"elementor-repeater-item-10bbdd4 swiper-slide\" role=\"group\" aria-roledescription=\"slide\"><div class=\"swiper-slide-bg elementor-ken-burns elementor-ken-burns--in\" role=\"img\" aria-label=\"maxon1049_DL-cropped\"><\/div><div class=\"swiper-slide-inner\" ><div class=\"swiper-slide-contents\"><\/div><\/div><\/div><div class=\"elementor-repeater-item-8b823fc swiper-slide\" role=\"group\" aria-roledescription=\"slide\"><div class=\"swiper-slide-bg elementor-ken-burns elementor-ken-burns--in\" role=\"img\" aria-label=\"Header_Robotics&amp;E-Mobility\"><\/div><div class=\"swiper-slide-inner\" ><div class=\"swiper-slide-contents\"><\/div><\/div><\/div><div class=\"elementor-repeater-item-8f3989d swiper-slide\" role=\"group\" aria-roledescription=\"slide\"><div class=\"swiper-slide-bg elementor-ken-burns elementor-ken-burns--in\" role=\"img\" aria-label=\"Header_Medical-Technology\"><\/div><div class=\"swiper-slide-inner\" ><div class=\"swiper-slide-contents\"><\/div><\/div><\/div><div class=\"elementor-repeater-item-00b48ac swiper-slide\" role=\"group\" aria-roledescription=\"slide\"><div class=\"swiper-slide-bg elementor-ken-burns elementor-ken-burns--in\" role=\"img\" aria-label=\"Header_Industrial-Automation\"><\/div><div class=\"swiper-slide-inner\" ><div class=\"swiper-slide-contents\"><\/div><\/div><\/div><div class=\"elementor-repeater-item-e4f1072 swiper-slide\" role=\"group\" aria-roledescription=\"slide\"><div class=\"swiper-slide-bg elementor-ken-burns elementor-ken-burns--in\" role=\"img\" aria-label=\"Header_Aerospace\"><\/div><div class=\"swiper-slide-inner\" ><div class=\"swiper-slide-contents\"><\/div><\/div><\/div>\t\t\t\t<\/div>\n\t\t\t\t\t\t\t\t\t\t\t\t\t\t\t<div class=\"elementor-swiper-button elementor-swiper-button-prev\" role=\"button\" tabindex=\"0\" aria-label=\"Poprzedni slajd\">\n\t\t\t\t\t\t\t<svg aria-hidden=\"true\" class=\"e-font-icon-svg e-eicon-chevron-left\" viewbox=\"0 0 1000 1000\" xmlns=\"http:\/\/www.w3.org\/2000\/svg\"><path d=\"M646 125C629 125 613 133 604 142L308 442C296 454 292 471 292 487 292 504 296 521 308 533L604 854C617 867 629 875 646 875 663 875 679 871 692 858 704 846 713 829 713 812 713 796 708 779 692 767L438 487 692 225C700 217 708 204 708 187 708 171 704 154 692 142 675 129 663 125 646 125Z\"><\/path><\/svg>\t\t\t\t\t\t<\/div>\n\t\t\t\t\t\t<div class=\"elementor-swiper-button elementor-swiper-button-next\" role=\"button\" tabindex=\"0\" aria-label=\"Nast\u0119pny slajd\">\n\t\t\t\t\t\t\t<svg aria-hidden=\"true\" class=\"e-font-icon-svg e-eicon-chevron-right\" viewbox=\"0 0 1000 1000\" xmlns=\"http:\/\/www.w3.org\/2000\/svg\"><path d=\"M696 533C708 521 713 504 713 487 713 471 708 454 696 446L400 146C388 133 375 125 354 125 338 125 325 129 313 142 300 154 292 171 292 187 292 204 296 221 308 233L563 492 304 771C292 783 288 800 288 817 288 833 296 850 308 863 321 871 338 875 354 875 371 875 388 867 400 854L696 533Z\"><\/path><\/svg>\t\t\t\t\t\t<\/div>\n\t\t\t\t\t\t\t\t\t\t\t\t\t\t\t\t<div class=\"swiper-pagination\"><\/div>\n\t\t\t\t\t\t\t\t\t\t\t\t<\/div>\n\t\t\t\t\t\t\t\t<\/div>\n\t\t\t\t<\/div>\n\t\t<div class=\"elementor-element elementor-element-14b673a e-flex e-con-boxed e-con e-parent\" data-id=\"14b673a\" data-element_type=\"container\" data-e-type=\"container\">\n\t\t\t\t\t<div class=\"e-con-inner\">\n\t\t<div class=\"elementor-element elementor-element-d535737 e-con-full e-flex e-con e-child\" data-id=\"d535737\" data-element_type=\"container\" data-e-type=\"container\">\n\t\t\t\t<div class=\"elementor-element elementor-element-327ebed elementor-widget elementor-widget-text-editor\" data-id=\"327ebed\" data-element_type=\"widget\" data-e-type=\"widget\" data-widget_type=\"text-editor.default\">\n\t\t\t\t\t\t\t\t\t<p>Jeste\u015b tutaj: <a href=\"https:\/\/kwapil.at\/pl\/produkte\/\">Produkty<\/a> &gt; Electromen<\/p>\t\t\t\t\t\t\t\t<\/div>\n\t\t\t\t<\/div>\n\t\t\t\t\t<\/div>\n\t\t\t\t<\/div>\n\t\t<div class=\"elementor-element elementor-element-d7c77fe e-flex e-con-boxed e-con e-parent\" data-id=\"d7c77fe\" data-element_type=\"container\" data-e-type=\"container\">\n\t\t\t\t\t<div class=\"e-con-inner\">\n\t\t<div class=\"elementor-element elementor-element-99101c8 e-con-full e-flex e-con e-child\" data-id=\"99101c8\" data-element_type=\"container\" data-e-type=\"container\">\n\t\t\t\t<div class=\"elementor-element elementor-element-efca2ae elementor-widget__width-initial elementor-widget elementor-widget-image\" data-id=\"efca2ae\" data-element_type=\"widget\" data-e-type=\"widget\" data-widget_type=\"image.default\">\n\t\t\t\t\t\t\t\t\t\t\t\t\t\t\t<img decoding=\"async\" width=\"190\" height=\"48\" src=\"https:\/\/kwapil.at\/wp-content\/uploads\/2023\/09\/iii_electromen-kopie.jpg\" class=\"attachment-large size-large wp-image-753\" alt=\"\" \/>\t\t\t\t\t\t\t\t\t\t\t\t\t\t\t<\/div>\n\t\t\t\t<\/div>\n\t\t\t\t\t<\/div>\n\t\t\t\t<\/div>\n\t\t<div class=\"elementor-element elementor-element-72af8e4 e-flex e-con-boxed e-con e-parent\" data-id=\"72af8e4\" data-element_type=\"container\" data-e-type=\"container\">\n\t\t\t\t\t<div class=\"e-con-inner\">\n\t\t<div class=\"elementor-element elementor-element-b5c8789 e-con-full e-flex e-con e-child\" data-id=\"b5c8789\" data-element_type=\"container\" data-e-type=\"container\">\n\t\t<div class=\"elementor-element elementor-element-e5fb216 e-flex e-con-boxed e-con e-child\" data-id=\"e5fb216\" data-element_type=\"container\" data-e-type=\"container\">\n\t\t\t\t\t<div class=\"e-con-inner\">\n\t\t\t\t<div class=\"elementor-element elementor-element-18a9e4e elementor-widget elementor-widget-text-editor\" data-id=\"18a9e4e\" data-element_type=\"widget\" data-e-type=\"widget\" data-widget_type=\"text-editor.default\">\n\t\t\t\t\t\t\t\t\t<p>Electromen Oy Ltd opracowuje i produkuje jednostki steruj\u0105ce silnikami i sterowniki obci\u0105\u017cenia w wersjach standardowych lub dostosowanych do potrzeb klienta od 1988 roku. Te niezwykle kompaktowe urz\u0105dzenia z ich\u00a0<b>Wyj\u0105tkowy stosunek ceny do wydajno\u015bci\u00a0<\/b>Doskona\u0142e i niedrogie rozwi\u0105zanie spe\u0142niaj\u0105ce wiele wymaga\u0144.<\/p><p><b>Specyfikacja<\/b><\/p><ul><li>Dzia\u0142anie w 1Q i 4Q<\/li><li>Napi\u0119cie znamionowe: 12-80 VDC, 230 VAC<\/li><li>Pr\u0105d wyj\u015bciowy: 3 - 25 ADC, 3 AAC<\/li><li>Wysoki pr\u0105d szczytowy<\/li><li>Regulowane rampy, limity pr\u0105du, kompensacja obci\u0105\u017cenia itp.<\/li><li>Prosty system sprz\u0119\u017cenia zwrotnego analogowy lub z impulsami<\/li><li>Sterownik silnika krokowego z wewn\u0119trznym oscylatorem i mikrokrokiem<\/li><li>dla silnik\u00f3w DC i BL<\/li><li>Si\u0142owniki obci\u0105\u017cenia, analogowe sterowanie pozycjonowaniem, sterowanie bramami<\/li><li>Indywidualny projekt zgodnie ze specyfikacj\u0105<\/li><\/ul>\t\t\t\t\t\t\t\t<\/div>\n\t\t\t\t\t<\/div>\n\t\t\t\t<\/div>\n\t\t\t\t<\/div>\n\t\t<div class=\"elementor-element elementor-element-01a98e7 e-con-full e-flex e-con e-child\" data-id=\"01a98e7\" data-element_type=\"container\" data-e-type=\"container\">\n\t\t<div class=\"elementor-element elementor-element-1fd3da7 e-flex e-con-boxed e-con e-child\" data-id=\"1fd3da7\" data-element_type=\"container\" data-e-type=\"container\">\n\t\t\t\t\t<div class=\"e-con-inner\">\n\t\t\t\t<div class=\"elementor-element elementor-element-f817cd3 elementor-widget__width-initial elementor-widget elementor-widget-image\" data-id=\"f817cd3\" data-element_type=\"widget\" data-e-type=\"widget\" data-widget_type=\"image.default\">\n\t\t\t\t\t\t\t\t\t\t\t\t\t\t\t\t<a href=\"https:\/\/kwapil.at\/wp-content\/uploads\/2023\/10\/Overview_Electromen-V1.png\" data-elementor-open-lightbox=\"yes\" data-e-action-hash=\"#elementor-action%3Aaction%3Dlightbox%26settings%3DeyJpZCI6NDQ2NCwidXJsIjoiaHR0cHM6XC9cL2t3YXBpbC5hdFwvd3AtY29udGVudFwvdXBsb2Fkc1wvMjAyM1wvMTBcL092ZXJ2aWV3X0VsZWN0cm9tZW4tVjEucG5nIn0%3D\">\n\t\t\t\t\t\t\t<img fetchpriority=\"high\" decoding=\"async\" width=\"768\" height=\"562\" src=\"https:\/\/kwapil.at\/wp-content\/uploads\/2023\/10\/Overview_Electromen-V1.png\" class=\"attachment-large size-large wp-image-4464\" alt=\"\" srcset=\"https:\/\/kwapil.at\/wp-content\/uploads\/2023\/10\/Overview_Electromen-V1.png 768w, https:\/\/kwapil.at\/wp-content\/uploads\/2023\/10\/Overview_Electromen-V1-300x220.png 300w, https:\/\/kwapil.at\/wp-content\/uploads\/2023\/10\/Overview_Electromen-V1-16x12.png 16w\" sizes=\"(max-width: 768px) 100vw, 768px\" \/>\t\t\t\t\t\t\t\t<\/a>\n\t\t\t\t\t\t\t\t\t\t\t\t\t\t\t<\/div>\n\t\t\t\t\t<\/div>\n\t\t\t\t<\/div>\n\t\t\t\t<\/div>\n\t\t\t\t\t<\/div>\n\t\t\t\t<\/div>\n\t\t<div class=\"elementor-element elementor-element-0350dc0 e-flex e-con-boxed e-con e-parent\" data-id=\"0350dc0\" data-element_type=\"container\" data-e-type=\"container\">\n\t\t\t\t\t<div class=\"e-con-inner\">\n\t\t\t\t<div class=\"elementor-element elementor-element-013a6c0 elementor-widget elementor-widget-spacer\" data-id=\"013a6c0\" data-element_type=\"widget\" data-e-type=\"widget\" data-widget_type=\"spacer.default\">\n\t\t\t\t\t\t\t<div class=\"elementor-spacer\">\n\t\t\t<div class=\"elementor-spacer-inner\"><\/div>\n\t\t<\/div>\n\t\t\t\t\t\t<\/div>\n\t\t\t\t\t<\/div>\n\t\t\t\t<\/div>\n\t\t\t\t<\/div>","protected":false},"excerpt":{"rendered":"<p>Vorheriges Dia N\u00e4chstes Dia Sie sind hier: Produkte &gt; Electromen Die\u00a0Electromen Oy Ltd entwickelt und produziert seit 1988 Motorsteuerger\u00e4te und Laststeller in Standard- oder Kundenausf\u00fchrung. Diese \u00e4u\u00dferst kompakten Ger\u00e4te bieten mit ihrem\u00a0einzigartigen Preis-\/Leistungsverh\u00e4ltnis\u00a0eine hervorragende und preiswerte L\u00f6sung f\u00fcr viele Anforderungen. Technische Daten 1Q- und 4Q-Betrieb Nennspannung: 12 &#8211; 80\u00a0VDC, 230\u00a0VAC Ausgangsstrom: 3 &#8211; 25\u00a0ADC, 3\u00a0AAC [&hellip;]<\/p>\n","protected":false},"author":1,"featured_media":0,"parent":0,"menu_order":0,"comment_status":"closed","ping_status":"closed","template":"","meta":{"footnotes":""},"class_list":["post-4459","page","type-page","status-publish","hentry"],"yoast_head":"<!-- This site is optimized with the Yoast SEO Premium plugin v27.4 (Yoast SEO v27.4) - https:\/\/yoast.com\/product\/yoast-seo-premium-wordpress\/ -->\n<title>Electromen - maxon | Kwapil<\/title>\n<meta name=\"robots\" content=\"index, follow, max-snippet:-1, max-image-preview:large, max-video-preview:-1\" \/>\n<link rel=\"canonical\" href=\"https:\/\/kwapil.at\/pl\/electromen\/\" \/>\n<meta property=\"og:locale\" content=\"pl_PL\" \/>\n<meta property=\"og:type\" content=\"article\" \/>\n<meta property=\"og:title\" content=\"Electromen\" \/>\n<meta property=\"og:description\" content=\"Vorheriges Dia N\u00e4chstes Dia Sie sind hier: Produkte &gt; Electromen Die\u00a0Electromen Oy Ltd entwickelt und produziert seit 1988 Motorsteuerger\u00e4te und Laststeller in Standard- oder Kundenausf\u00fchrung. Diese \u00e4u\u00dferst kompakten Ger\u00e4te bieten mit ihrem\u00a0einzigartigen Preis-\/Leistungsverh\u00e4ltnis\u00a0eine hervorragende und preiswerte L\u00f6sung f\u00fcr viele Anforderungen. Technische Daten 1Q- und 4Q-Betrieb Nennspannung: 12 &#8211; 80\u00a0VDC, 230\u00a0VAC Ausgangsstrom: 3 &#8211; 25\u00a0ADC, 3\u00a0AAC [&hellip;]\" \/>\n<meta property=\"og:url\" content=\"https:\/\/kwapil.at\/pl\/electromen\/\" \/>\n<meta property=\"og:site_name\" content=\"maxon | Kwapil\" \/>\n<meta property=\"article:modified_time\" content=\"2024-08-29T10:52:42+00:00\" \/>\n<meta property=\"og:image\" content=\"https:\/\/kwapil.at\/wp-content\/uploads\/2023\/09\/iii_electromen-kopie.jpg\" \/>\n<meta name=\"twitter:card\" content=\"summary_large_image\" \/>\n<meta name=\"twitter:label1\" content=\"Szacowany czas czytania\" \/>\n\t<meta name=\"twitter:data1\" content=\"1 minuta\" \/>\n<script type=\"application\/ld+json\" class=\"yoast-schema-graph\">{\"@context\":\"https:\\\/\\\/schema.org\",\"@graph\":[{\"@type\":\"WebPage\",\"@id\":\"https:\\\/\\\/kwapil.at\\\/de\\\/electromen\\\/\",\"url\":\"https:\\\/\\\/kwapil.at\\\/de\\\/electromen\\\/\",\"name\":\"Electromen - maxon | Kwapil\",\"isPartOf\":{\"@id\":\"https:\\\/\\\/kwapil.at\\\/#website\"},\"primaryImageOfPage\":{\"@id\":\"https:\\\/\\\/kwapil.at\\\/de\\\/electromen\\\/#primaryimage\"},\"image\":{\"@id\":\"https:\\\/\\\/kwapil.at\\\/de\\\/electromen\\\/#primaryimage\"},\"thumbnailUrl\":\"https:\\\/\\\/kwapil.at\\\/wp-content\\\/uploads\\\/2023\\\/09\\\/iii_electromen-kopie.jpg\",\"datePublished\":\"2023-10-11T09:40:56+00:00\",\"dateModified\":\"2024-08-29T10:52:42+00:00\",\"breadcrumb\":{\"@id\":\"https:\\\/\\\/kwapil.at\\\/de\\\/electromen\\\/#breadcrumb\"},\"inLanguage\":\"pl-PL\",\"potentialAction\":[{\"@type\":\"ReadAction\",\"target\":[\"https:\\\/\\\/kwapil.at\\\/de\\\/electromen\\\/\"]}]},{\"@type\":\"ImageObject\",\"inLanguage\":\"pl-PL\",\"@id\":\"https:\\\/\\\/kwapil.at\\\/de\\\/electromen\\\/#primaryimage\",\"url\":\"https:\\\/\\\/kwapil.at\\\/wp-content\\\/uploads\\\/2023\\\/09\\\/iii_electromen-kopie.jpg\",\"contentUrl\":\"https:\\\/\\\/kwapil.at\\\/wp-content\\\/uploads\\\/2023\\\/09\\\/iii_electromen-kopie.jpg\"},{\"@type\":\"BreadcrumbList\",\"@id\":\"https:\\\/\\\/kwapil.at\\\/de\\\/electromen\\\/#breadcrumb\",\"itemListElement\":[{\"@type\":\"ListItem\",\"position\":1,\"name\":\"Unternehmen\",\"item\":\"https:\\\/\\\/kwapil.at\\\/de\\\/\"},{\"@type\":\"ListItem\",\"position\":2,\"name\":\"Electromen\"}]},{\"@type\":\"WebSite\",\"@id\":\"https:\\\/\\\/kwapil.at\\\/#website\",\"url\":\"https:\\\/\\\/kwapil.at\\\/\",\"name\":\"Kwapil.com\",\"description\":\"Antriebstechnik und Elektronik\",\"publisher\":{\"@id\":\"https:\\\/\\\/kwapil.at\\\/#organization\"},\"alternateName\":\"maxongroup.at\",\"potentialAction\":[{\"@type\":\"SearchAction\",\"target\":{\"@type\":\"EntryPoint\",\"urlTemplate\":\"https:\\\/\\\/kwapil.at\\\/?s={search_term_string}\"},\"query-input\":{\"@type\":\"PropertyValueSpecification\",\"valueRequired\":true,\"valueName\":\"search_term_string\"}}],\"inLanguage\":\"pl-PL\"},{\"@type\":\"Organization\",\"@id\":\"https:\\\/\\\/kwapil.at\\\/#organization\",\"name\":\"Kwapil & Co GmbH\",\"alternateName\":\"Maxon | Kwapil\",\"url\":\"https:\\\/\\\/kwapil.at\\\/\",\"logo\":{\"@type\":\"ImageObject\",\"inLanguage\":\"pl-PL\",\"@id\":\"https:\\\/\\\/kwapil.at\\\/#\\\/schema\\\/logo\\\/image\\\/\",\"url\":\"https:\\\/\\\/kwapil.at\\\/wp-content\\\/uploads\\\/2023\\\/09\\\/cropped-kwapil_maxon_logo_standard_rgb.png\",\"contentUrl\":\"https:\\\/\\\/kwapil.at\\\/wp-content\\\/uploads\\\/2023\\\/09\\\/cropped-kwapil_maxon_logo_standard_rgb.png\",\"width\":200,\"height\":28,\"caption\":\"Kwapil & Co GmbH\"},\"image\":{\"@id\":\"https:\\\/\\\/kwapil.at\\\/#\\\/schema\\\/logo\\\/image\\\/\"},\"sameAs\":[\"https:\\\/\\\/www.linkedin.com\\\/company\\\/2505461\\\/\"],\"description\":\"\u00dcber 40 Jahre vertreibt Kwapil & Co Produkte von weltweit f\u00fchrenden Anbietern der Antriebstechnik und Elektronik an. Das Angebot reicht von Motoren \u00fcber Multiachsencontroller bis hin zu kompletten, mechatronischen Antriebssystemen. Seit 2012 ist Kwapil & Co ein Unternehmen der Schweizer maxon Gruppe.\",\"email\":\"verkauf.at@maxongroup.com\",\"telephone\":\"+43 1 278 85 85\",\"legalName\":\"Kwapil & Co GmbH\",\"foundingDate\":\"1975-05-01\",\"numberOfEmployees\":{\"@type\":\"QuantitativeValue\",\"minValue\":\"11\",\"maxValue\":\"50\"},\"ownershipFundingInfo\":\"https:\\\/\\\/kwapil.at\\\/de\\\/impressum\\\/\",\"ethicsPolicy\":\"https:\\\/\\\/kwapil.at\\\/de\\\/verhaltensrichtlinien\\\/\"}]}<\/script>\n<!-- \/ Yoast SEO Premium plugin. -->","yoast_head_json":{"title":"Electromen - maxon | Kwapil","robots":{"index":"index","follow":"follow","max-snippet":"max-snippet:-1","max-image-preview":"max-image-preview:large","max-video-preview":"max-video-preview:-1"},"canonical":"https:\/\/kwapil.at\/pl\/electromen\/","og_locale":"pl_PL","og_type":"article","og_title":"Electromen","og_description":"Vorheriges Dia N\u00e4chstes Dia Sie sind hier: Produkte &gt; Electromen Die\u00a0Electromen Oy Ltd entwickelt und produziert seit 1988 Motorsteuerger\u00e4te und Laststeller in Standard- oder Kundenausf\u00fchrung. Diese \u00e4u\u00dferst kompakten Ger\u00e4te bieten mit ihrem\u00a0einzigartigen Preis-\/Leistungsverh\u00e4ltnis\u00a0eine hervorragende und preiswerte L\u00f6sung f\u00fcr viele Anforderungen. Technische Daten 1Q- und 4Q-Betrieb Nennspannung: 12 &#8211; 80\u00a0VDC, 230\u00a0VAC Ausgangsstrom: 3 &#8211; 25\u00a0ADC, 3\u00a0AAC [&hellip;]","og_url":"https:\/\/kwapil.at\/pl\/electromen\/","og_site_name":"maxon | Kwapil","article_modified_time":"2024-08-29T10:52:42+00:00","og_image":[{"url":"https:\/\/kwapil.at\/wp-content\/uploads\/2023\/09\/iii_electromen-kopie.jpg","type":"","width":"","height":""}],"twitter_card":"summary_large_image","twitter_misc":{"Szacowany czas czytania":"1 minuta"},"schema":{"@context":"https:\/\/schema.org","@graph":[{"@type":"WebPage","@id":"https:\/\/kwapil.at\/de\/electromen\/","url":"https:\/\/kwapil.at\/de\/electromen\/","name":"Electromen - maxon | Kwapil","isPartOf":{"@id":"https:\/\/kwapil.at\/#website"},"primaryImageOfPage":{"@id":"https:\/\/kwapil.at\/de\/electromen\/#primaryimage"},"image":{"@id":"https:\/\/kwapil.at\/de\/electromen\/#primaryimage"},"thumbnailUrl":"https:\/\/kwapil.at\/wp-content\/uploads\/2023\/09\/iii_electromen-kopie.jpg","datePublished":"2023-10-11T09:40:56+00:00","dateModified":"2024-08-29T10:52:42+00:00","breadcrumb":{"@id":"https:\/\/kwapil.at\/de\/electromen\/#breadcrumb"},"inLanguage":"pl-PL","potentialAction":[{"@type":"ReadAction","target":["https:\/\/kwapil.at\/de\/electromen\/"]}]},{"@type":"ImageObject","inLanguage":"pl-PL","@id":"https:\/\/kwapil.at\/de\/electromen\/#primaryimage","url":"https:\/\/kwapil.at\/wp-content\/uploads\/2023\/09\/iii_electromen-kopie.jpg","contentUrl":"https:\/\/kwapil.at\/wp-content\/uploads\/2023\/09\/iii_electromen-kopie.jpg"},{"@type":"BreadcrumbList","@id":"https:\/\/kwapil.at\/de\/electromen\/#breadcrumb","itemListElement":[{"@type":"ListItem","position":1,"name":"Unternehmen","item":"https:\/\/kwapil.at\/de\/"},{"@type":"ListItem","position":2,"name":"Electromen"}]},{"@type":"WebSite","@id":"https:\/\/kwapil.at\/#website","url":"https:\/\/kwapil.at\/","name":"Kwapil.com","description":"Technologia nap\u0119d\u00f3w i elektronika","publisher":{"@id":"https:\/\/kwapil.at\/#organization"},"alternateName":"maxongroup.at","potentialAction":[{"@type":"SearchAction","target":{"@type":"EntryPoint","urlTemplate":"https:\/\/kwapil.at\/?s={search_term_string}"},"query-input":{"@type":"PropertyValueSpecification","valueRequired":true,"valueName":"search_term_string"}}],"inLanguage":"pl-PL"},{"@type":"Organization","@id":"https:\/\/kwapil.at\/#organization","name":"Kwapil &amp; Co GmbH","alternateName":"Maxon | Kwapil","url":"https:\/\/kwapil.at\/","logo":{"@type":"ImageObject","inLanguage":"pl-PL","@id":"https:\/\/kwapil.at\/#\/schema\/logo\/image\/","url":"https:\/\/kwapil.at\/wp-content\/uploads\/2023\/09\/cropped-kwapil_maxon_logo_standard_rgb.png","contentUrl":"https:\/\/kwapil.at\/wp-content\/uploads\/2023\/09\/cropped-kwapil_maxon_logo_standard_rgb.png","width":200,"height":28,"caption":"Kwapil & Co GmbH"},"image":{"@id":"https:\/\/kwapil.at\/#\/schema\/logo\/image\/"},"sameAs":["https:\/\/www.linkedin.com\/company\/2505461\/"],"description":"Od ponad 40 lat Kwapil &amp; Co sprzedaje produkty wiod\u0105cych \u015bwiatowych dostawc\u00f3w technologii nap\u0119dowej i elektroniki. Gama produkt\u00f3w rozci\u0105ga si\u0119 od silnik\u00f3w i sterownik\u00f3w wieloosiowych po kompletne mechatroniczne systemy nap\u0119dowe. Kwapil &amp; Co jest cz\u0119\u015bci\u0105 szwajcarskiej grupy maxon od 2012 roku.","email":"verkauf.at@maxongroup.com","telephone":"+43 1 278 85 85","legalName":"Kwapil & Co GmbH","foundingDate":"1975-05-01","numberOfEmployees":{"@type":"QuantitativeValue","minValue":"11","maxValue":"50"},"ownershipFundingInfo":"https:\/\/kwapil.at\/de\/impressum\/","ethicsPolicy":"https:\/\/kwapil.at\/de\/verhaltensrichtlinien\/"}]}},"_links":{"self":[{"href":"https:\/\/kwapil.at\/pl\/wp-json\/wp\/v2\/pages\/4459","targetHints":{"allow":["GET"]}}],"collection":[{"href":"https:\/\/kwapil.at\/pl\/wp-json\/wp\/v2\/pages"}],"about":[{"href":"https:\/\/kwapil.at\/pl\/wp-json\/wp\/v2\/types\/page"}],"author":[{"embeddable":true,"href":"https:\/\/kwapil.at\/pl\/wp-json\/wp\/v2\/users\/1"}],"replies":[{"embeddable":true,"href":"https:\/\/kwapil.at\/pl\/wp-json\/wp\/v2\/comments?post=4459"}],"version-history":[{"count":3,"href":"https:\/\/kwapil.at\/pl\/wp-json\/wp\/v2\/pages\/4459\/revisions"}],"predecessor-version":[{"id":12391,"href":"https:\/\/kwapil.at\/pl\/wp-json\/wp\/v2\/pages\/4459\/revisions\/12391"}],"wp:attachment":[{"href":"https:\/\/kwapil.at\/pl\/wp-json\/wp\/v2\/media?parent=4459"}],"curies":[{"name":"wp","href":"https:\/\/api.w.org\/{rel}","templated":true}]}}